{"id":90350,"date":"2021-04-05T14:56:22","date_gmt":"2021-04-05T12:56:22","guid":{"rendered":"http:\/\/nukaseeds.cz\/info\/"},"modified":"2025-09-01T11:21:22","modified_gmt":"2025-09-01T09:21:22","slug":"info","status":"publish","type":"page","link":"https:\/\/nukaseeds.cz\/de\/info\/","title":{"rendered":"Info"},"content":{"rendered":"<div id=\"cs-content\" class=\"cs-content\"><div class=\"x-section e90350-e1 m1xpq-0 m1xpq-1 m1xpq-2\"><div class=\"x-bg\" aria-hidden=\"true\"><div class=\"x-bg-layer-lower-image\"><\/div><\/div><div class=\"x-row e90350-e2 m1xpq-7 m1xpq-8 m1xpq-9\"><div class=\"x-row-inner\"><div class=\"x-col e90350-e3 m1xpq-i\"><div class=\"x-text x-text-headline e90350-e4 m1xpq-k m1xpq-l m1xpq-m m1xpq-n m1xpq-6\"><div class=\"x-text-content\"><div class=\"x-text-content-text\"><h1 class=\"x-text-content-text-primary\">Cannabissamen direkt von der Samenbank<\/h1>\n<\/div><\/div><\/div><a href=\"\/\" class=\"x-text x-text-headline e90350-e5 m1xpq-l m1xpq-m m1xpq-o m1xpq-p m1xpq-6 shine-red\"><div class=\"x-text-content\"><div class=\"x-text-content-text\"><p class=\"x-text-content-text-primary\">Nuka-Samen<\/p>\n<\/div><\/div><\/a><\/div><\/div><\/div><\/div><div class=\"x-section e90350-e6 m1xpq-2 m1xpq-3 m1xpq-4\"><div class=\"x-row x-container max width e90350-e7 m1xpq-7 m1xpq-8 m1xpq-a\"><div class=\"x-row-inner\"><div class=\"x-col e90350-e8 m1xpq-i\"><div class=\"x-text x-text-headline e90350-e9 m1xpq-m m1xpq-p m1xpq-q m1xpq-6\"><div class=\"x-text-content\"><div class=\"x-text-content-text\">\n<h2 class=\"x-text-content-text-primary\"><a class=\"wp-block-button__link has-white-color has-text-color has-background\" href=\"http:\/\/nukaseeds.cz\/semena-konopi\/\" style=\"border-radius: 100px; background-color: #ff0042;\">W\u00e4hle deine Sorte<\/a><\/h2><\/div><\/div><\/div><\/div><\/div><\/div><\/div><div class=\"x-section e90350-e10 m1xpq-1 m1xpq-2 m1xpq-4 m1xpq-5\"><div class=\"x-row e90350-e11 m1xpq-7 m1xpq-8 m1xpq-b\"><div class=\"x-row-inner\"><div class=\"x-col e90350-e12 m1xpq-i m1xpq-j\"><div class=\"x-text x-text-headline e90350-e13 m1xpq-k m1xpq-l m1xpq-m m1xpq-p m1xpq-r m1xpq-6 shine-red\"><div class=\"x-text-content\"><div class=\"x-text-content-text\"><h2 class=\"x-text-content-text-primary\"><a href=\"http:\/\/nukaseeds.cz\/info\/recenze-a-reference\/\">Erlebe<\/a><\/h2>\n<\/div><\/div><\/div><\/div><\/div><\/div><\/div><div class=\"x-section e90350-e14 m1xpq-1 m1xpq-2 m1xpq-4 m1xpq-5\"><div class=\"x-row e90350-e15 m1xpq-7 m1xpq-8 m1xpq-c\"><div class=\"x-row-inner\"><div class=\"x-col e90350-e16 m1xpq-i m1xpq-j\"><div class=\"x-text x-text-headline e90350-e17 m1xpq-k m1xpq-l m1xpq-m m1xpq-p m1xpq-r m1xpq-6 shine-red\"><div class=\"x-text-content\"><div class=\"x-text-content-text\"><h2 class=\"x-text-content-text-primary\"><a href=\"http:\/\/nukaseeds.cz\/info\/preprava\/\">Transport<\/a><\/h2>\n<\/div><\/div><\/div><\/div><\/div><\/div><\/div><div class=\"x-section e90350-e18 m1xpq-1 m1xpq-2 m1xpq-4 m1xpq-5\"><div class=\"x-row e90350-e19 m1xpq-7 m1xpq-8 m1xpq-d\"><div class=\"x-row-inner\"><div class=\"x-col e90350-e20 m1xpq-i m1xpq-j\"><div class=\"x-text x-text-headline e90350-e21 m1xpq-k m1xpq-l m1xpq-m m1xpq-p m1xpq-r m1xpq-6 shine-red\"><div class=\"x-text-content\"><div class=\"x-text-content-text\"><h2 class=\"x-text-content-text-primary\"><a href=\"http:\/\/nukaseeds.cz\/info\/casto-kladene-otazky\/\">H\u00c4UFIG GESTELLTE FRAGEN<\/a><\/h2>\n<\/div><\/div><\/div><\/div><\/div><\/div><\/div><div class=\"x-section e90350-e22 m1xpq-1 m1xpq-2 m1xpq-4 m1xpq-5\"><div class=\"x-row e90350-e23 m1xpq-7 m1xpq-8 m1xpq-e\"><div class=\"x-row-inner\"><div class=\"x-col e90350-e24 m1xpq-i m1xpq-j\"><div class=\"x-text x-text-headline e90350-e25 m1xpq-k m1xpq-l m1xpq-m m1xpq-p m1xpq-r m1xpq-6 shine-red\"><div class=\"x-text-content\"><div class=\"x-text-content-text\"><h2 class=\"x-text-content-text-primary\"><a href=\"http:\/\/nukaseeds.cz\/info\/zasady-ochrany-osobnich-udaju\/\">Schutz pers\u00f6nlicher Daten<\/a><\/h2>\n<\/div><\/div><\/div><\/div><\/div><\/div><\/div><div class=\"x-section e90350-e26 m1xpq-1 m1xpq-2 m1xpq-4 m1xpq-5\"><div class=\"x-row e90350-e27 m1xpq-7 m1xpq-8 m1xpq-f\"><div class=\"x-row-inner\"><div class=\"x-col e90350-e28 m1xpq-i m1xpq-j\"><div class=\"x-text x-text-headline e90350-e29 m1xpq-k m1xpq-l m1xpq-m m1xpq-p m1xpq-r m1xpq-6 shine-red\"><div class=\"x-text-content\"><div class=\"x-text-content-text\"><h2 class=\"x-text-content-text-primary\"><a href=\"http:\/\/nukaseeds.cz\/info\/zasady-vraceni-penez\/\">Erstattungen<\/a><\/h2>\n<\/div><\/div><\/div><\/div><\/div><\/div><\/div><div class=\"x-section e90350-e30 m1xpq-1 m1xpq-2 m1xpq-4 m1xpq-5\"><div class=\"x-row e90350-e31 m1xpq-7 m1xpq-8 m1xpq-g\"><div class=\"x-row-inner\"><div class=\"x-col e90350-e32 m1xpq-i m1xpq-j\"><div class=\"x-text x-text-headline e90350-e33 m1xpq-k m1xpq-l m1xpq-m m1xpq-p m1xpq-r m1xpq-6 shine-red\"><div class=\"x-text-content\"><div class=\"x-text-content-text\"><h2 class=\"x-text-content-text-primary\"><a href=\"http:\/\/nukaseeds.cz\/info\/podminky-a-pravidla\/\">Bedingungen und Konditionen<\/a><\/h2>\n<\/div><\/div><\/div><\/div><\/div><\/div><\/div><div class=\"x-section e90350-e34 m1xpq-1 m1xpq-2 m1xpq-4 m1xpq-5\"><div class=\"x-row e90350-e35 m1xpq-7 m1xpq-8 m1xpq-h\"><div class=\"x-row-inner\"><div class=\"x-col e90350-e36 m1xpq-i m1xpq-j\"><div class=\"x-text x-text-headline e90350-e37 m1xpq-k m1xpq-l m1xpq-m m1xpq-p m1xpq-r m1xpq-6 shine-red\"><div class=\"x-text-content\"><div class=\"x-text-content-text\"><h2 class=\"x-text-content-text-primary\"><a href=\"http:\/\/nukaseeds.cz\/semena-konopi\/\">Schreiben Sie uns<\/a><\/h2>\n<\/div><\/div><\/div><\/div><\/div><\/div><\/div><\/div>","protected":false},"excerpt":{"rendered":"<p>Cannabissamen direkt von der Samenbank Nuka-Samen W\u00e4hle deine SorteErlebe Transport H\u00c4UFIG GESTELLTE FRAGEN Schutz pers\u00f6nlicher Daten Erstattungen Bedingungen und Konditionen Schreiben Sie uns<\/p>\n","protected":false},"author":1,"featured_media":11380,"parent":0,"menu_order":0,"comment_status":"closed","ping_status":"closed","template":"template-blank-1.php","meta":{"footnotes":""},"class_list":["post-90350","page","type-page","status-publish","has-post-thumbnail","hentry"],"yoast_head":"<!-- This site is optimized with the Yoast SEO plugin v26.6 - https:\/\/yoast.com\/wordpress\/plugins\/seo\/ -->\n<title>Cannabissamen direkt von der Samenbank<\/title>\n<meta name=\"description\" content=\"Geschenkpaket mit 10 und 15 P\u00e4ckchen Hanfsamen mit 50% Rabatt whooa! Nuka Seeds. Growshop und Seedshop\" \/>\n<meta name=\"robots\" content=\"index, follow, max-snippet:-1, max-image-preview:large, max-video-preview:-1\" \/>\n<link rel=\"canonical\" href=\"https:\/\/nukaseeds.cz\/de\/info\/\" \/>\n<meta property=\"og:locale\" content=\"de_DE\" \/>\n<meta property=\"og:type\" content=\"article\" \/>\n<meta property=\"og:title\" content=\"Cannabissamen direkt von der Samenbank\" \/>\n<meta property=\"og:description\" content=\"Geschenkpaket mit 10 und 15 P\u00e4ckchen Hanfsamen mit 50% Rabatt whooa! Nuka Seeds. Growshop und Seedshop\" \/>\n<meta property=\"og:url\" content=\"https:\/\/nukaseeds.cz\/de\/info\/\" \/>\n<meta property=\"og:site_name\" content=\"Nuka Cannabis-Samen\" \/>\n<meta property=\"article:publisher\" content=\"https:\/\/www.facebook.com\/Nukaseeds\/\" \/>\n<meta property=\"article:modified_time\" content=\"2025-09-01T09:21:22+00:00\" \/>\n<meta property=\"og:image\" content=\"https:\/\/nukaseeds.cz\/wp-content\/uploads\/2021\/11\/nuka-seeds-logo-vector-neon-8-production.png\" \/>\n\t<meta property=\"og:image:width\" content=\"2142\" \/>\n\t<meta property=\"og:image:height\" content=\"1457\" \/>\n\t<meta property=\"og:image:type\" content=\"image\/png\" \/>\n<meta name=\"twitter:card\" content=\"summary_large_image\" \/>\n<meta name=\"twitter:site\" content=\"@seeds_nuka\" \/>\n<script type=\"application\/ld+json\" class=\"yoast-schema-graph\">{\"@context\":\"https:\/\/schema.org\",\"@graph\":[{\"@type\":\"WebPage\",\"@id\":\"https:\/\/nukaseeds.cz\/de\/info\/\",\"url\":\"https:\/\/nukaseeds.cz\/de\/info\/\",\"name\":\"Cannabissamen direkt von der Samenbank\",\"isPartOf\":{\"@id\":\"https:\/\/nukaseeds.cz\/de\/#website\"},\"primaryImageOfPage\":{\"@id\":\"https:\/\/nukaseeds.cz\/de\/info\/#primaryimage\"},\"image\":{\"@id\":\"https:\/\/nukaseeds.cz\/de\/info\/#primaryimage\"},\"thumbnailUrl\":\"https:\/\/nukaseeds.cz\/wp-content\/uploads\/2021\/11\/nuka-seeds-logo-vector-neon-8-production.png\",\"datePublished\":\"2021-04-05T12:56:22+00:00\",\"dateModified\":\"2025-09-01T09:21:22+00:00\",\"description\":\"Geschenkpaket mit 10 und 15 P\u00e4ckchen Hanfsamen mit 50% Rabatt whooa! Nuka Seeds. Growshop und Seedshop\",\"breadcrumb\":{\"@id\":\"https:\/\/nukaseeds.cz\/de\/info\/#breadcrumb\"},\"inLanguage\":\"de\",\"potentialAction\":[{\"@type\":\"ReadAction\",\"target\":[\"https:\/\/nukaseeds.cz\/de\/info\/\"]}]},{\"@type\":\"ImageObject\",\"inLanguage\":\"de\",\"@id\":\"https:\/\/nukaseeds.cz\/de\/info\/#primaryimage\",\"url\":\"https:\/\/nukaseeds.cz\/wp-content\/uploads\/2021\/11\/nuka-seeds-logo-vector-neon-8-production.png\",\"contentUrl\":\"https:\/\/nukaseeds.cz\/wp-content\/uploads\/2021\/11\/nuka-seeds-logo-vector-neon-8-production.png\",\"width\":2142,\"height\":1457,\"caption\":\"Nuka Seeds Logo\"},{\"@type\":\"BreadcrumbList\",\"@id\":\"https:\/\/nukaseeds.cz\/de\/info\/#breadcrumb\",\"itemListElement\":[{\"@type\":\"ListItem\",\"position\":1,\"name\":\"Home\",\"item\":\"https:\/\/nukaseeds.cz\/de\/\"},{\"@type\":\"ListItem\",\"position\":2,\"name\":\"Info\"}]},{\"@type\":\"WebSite\",\"@id\":\"https:\/\/nukaseeds.cz\/de\/#website\",\"url\":\"https:\/\/nukaseeds.cz\/de\/\",\"name\":\"Nuka Seeds Bank\",\"description\":\"Cannabis-Samen kaufen, Marihuana-Samen kaufen\",\"publisher\":{\"@id\":\"https:\/\/nukaseeds.cz\/de\/#organization\"},\"alternateName\":\"NukaSeeds cannabis seed bank\",\"potentialAction\":[{\"@type\":\"SearchAction\",\"target\":{\"@type\":\"EntryPoint\",\"urlTemplate\":\"https:\/\/nukaseeds.cz\/de\/?s={search_term_string}\"},\"query-input\":{\"@type\":\"PropertyValueSpecification\",\"valueRequired\":true,\"valueName\":\"search_term_string\"}}],\"inLanguage\":\"de\"},{\"@type\":\"Organization\",\"@id\":\"https:\/\/nukaseeds.cz\/de\/#organization\",\"name\":\"Nuka Trade s.r.o.\",\"url\":\"https:\/\/nukaseeds.cz\/de\/\",\"logo\":{\"@type\":\"ImageObject\",\"inLanguage\":\"de\",\"@id\":\"https:\/\/nukaseeds.cz\/de\/#\/schema\/logo\/image\/\",\"url\":\"https:\/\/i0.wp.com\/nukaseeds.cz\/wp-content\/uploads\/2021\/11\/nuka-seeds-logo-vector-neon-8-production.png?fit=2142%2C1457&quality=70&ssl=1\",\"contentUrl\":\"https:\/\/i0.wp.com\/nukaseeds.cz\/wp-content\/uploads\/2021\/11\/nuka-seeds-logo-vector-neon-8-production.png?fit=2142%2C1457&quality=70&ssl=1\",\"width\":2142,\"height\":1457,\"caption\":\"Nuka Trade s.r.o.\"},\"image\":{\"@id\":\"https:\/\/nukaseeds.cz\/de\/#\/schema\/logo\/image\/\"},\"sameAs\":[\"https:\/\/www.facebook.com\/Nukaseeds\/\",\"https:\/\/x.com\/seeds_nuka\",\"https:\/\/www.instagram.com\/nukaseeds\/\",\"https:\/\/www.youtube.com\/@nukaseeds1167\",\"https:\/\/www.tumblr.com\/nukaseeds\",\"https:\/\/www.linkedin.com\/company\/nukaseeds-ltd\/\",\"https:\/\/cz.pinterest.com\/Nukaseeds\/\"]}]}<\/script>\n<!-- \/ Yoast SEO plugin. -->","yoast_head_json":{"title":"Cannabissamen direkt von der Samenbank","description":"Geschenkpaket mit 10 und 15 P\u00e4ckchen Hanfsamen mit 50% Rabatt whooa! Nuka Seeds. Growshop und Seedshop","robots":{"index":"index","follow":"follow","max-snippet":"max-snippet:-1","max-image-preview":"max-image-preview:large","max-video-preview":"max-video-preview:-1"},"canonical":"https:\/\/nukaseeds.cz\/de\/info\/","og_locale":"de_DE","og_type":"article","og_title":"Cannabissamen direkt von der Samenbank","og_description":"Geschenkpaket mit 10 und 15 P\u00e4ckchen Hanfsamen mit 50% Rabatt whooa! Nuka Seeds. Growshop und Seedshop","og_url":"https:\/\/nukaseeds.cz\/de\/info\/","og_site_name":"Nuka Cannabis-Samen","article_publisher":"https:\/\/www.facebook.com\/Nukaseeds\/","article_modified_time":"2025-09-01T09:21:22+00:00","og_image":[{"width":2142,"height":1457,"url":"https:\/\/nukaseeds.cz\/wp-content\/uploads\/2021\/11\/nuka-seeds-logo-vector-neon-8-production.png","type":"image\/png"}],"twitter_card":"summary_large_image","twitter_site":"@seeds_nuka","schema":{"@context":"https:\/\/schema.org","@graph":[{"@type":"WebPage","@id":"https:\/\/nukaseeds.cz\/de\/info\/","url":"https:\/\/nukaseeds.cz\/de\/info\/","name":"Cannabissamen direkt von der Samenbank","isPartOf":{"@id":"https:\/\/nukaseeds.cz\/de\/#website"},"primaryImageOfPage":{"@id":"https:\/\/nukaseeds.cz\/de\/info\/#primaryimage"},"image":{"@id":"https:\/\/nukaseeds.cz\/de\/info\/#primaryimage"},"thumbnailUrl":"https:\/\/nukaseeds.cz\/wp-content\/uploads\/2021\/11\/nuka-seeds-logo-vector-neon-8-production.png","datePublished":"2021-04-05T12:56:22+00:00","dateModified":"2025-09-01T09:21:22+00:00","description":"Geschenkpaket mit 10 und 15 P\u00e4ckchen Hanfsamen mit 50% Rabatt whooa! Nuka Seeds. Growshop und Seedshop","breadcrumb":{"@id":"https:\/\/nukaseeds.cz\/de\/info\/#breadcrumb"},"inLanguage":"de","potentialAction":[{"@type":"ReadAction","target":["https:\/\/nukaseeds.cz\/de\/info\/"]}]},{"@type":"ImageObject","inLanguage":"de","@id":"https:\/\/nukaseeds.cz\/de\/info\/#primaryimage","url":"https:\/\/nukaseeds.cz\/wp-content\/uploads\/2021\/11\/nuka-seeds-logo-vector-neon-8-production.png","contentUrl":"https:\/\/nukaseeds.cz\/wp-content\/uploads\/2021\/11\/nuka-seeds-logo-vector-neon-8-production.png","width":2142,"height":1457,"caption":"Nuka Seeds Logo"},{"@type":"BreadcrumbList","@id":"https:\/\/nukaseeds.cz\/de\/info\/#breadcrumb","itemListElement":[{"@type":"ListItem","position":1,"name":"Home","item":"https:\/\/nukaseeds.cz\/de\/"},{"@type":"ListItem","position":2,"name":"Info"}]},{"@type":"WebSite","@id":"https:\/\/nukaseeds.cz\/de\/#website","url":"https:\/\/nukaseeds.cz\/de\/","name":"Nuka Seeds Bank","description":"Cannabis-Samen kaufen, Marihuana-Samen kaufen","publisher":{"@id":"https:\/\/nukaseeds.cz\/de\/#organization"},"alternateName":"NukaSeeds cannabis seed bank","potentialAction":[{"@type":"SearchAction","target":{"@type":"EntryPoint","urlTemplate":"https:\/\/nukaseeds.cz\/de\/?s={search_term_string}"},"query-input":{"@type":"PropertyValueSpecification","valueRequired":true,"valueName":"search_term_string"}}],"inLanguage":"de"},{"@type":"Organization","@id":"https:\/\/nukaseeds.cz\/de\/#organization","name":"Nuka Trade s.r.o.","url":"https:\/\/nukaseeds.cz\/de\/","logo":{"@type":"ImageObject","inLanguage":"de","@id":"https:\/\/nukaseeds.cz\/de\/#\/schema\/logo\/image\/","url":"https:\/\/i0.wp.com\/nukaseeds.cz\/wp-content\/uploads\/2021\/11\/nuka-seeds-logo-vector-neon-8-production.png?fit=2142%2C1457&quality=70&ssl=1","contentUrl":"https:\/\/i0.wp.com\/nukaseeds.cz\/wp-content\/uploads\/2021\/11\/nuka-seeds-logo-vector-neon-8-production.png?fit=2142%2C1457&quality=70&ssl=1","width":2142,"height":1457,"caption":"Nuka Trade s.r.o."},"image":{"@id":"https:\/\/nukaseeds.cz\/de\/#\/schema\/logo\/image\/"},"sameAs":["https:\/\/www.facebook.com\/Nukaseeds\/","https:\/\/x.com\/seeds_nuka","https:\/\/www.instagram.com\/nukaseeds\/","https:\/\/www.youtube.com\/@nukaseeds1167","https:\/\/www.tumblr.com\/nukaseeds","https:\/\/www.linkedin.com\/company\/nukaseeds-ltd\/","https:\/\/cz.pinterest.com\/Nukaseeds\/"]}]}},"_links":{"self":[{"href":"https:\/\/nukaseeds.cz\/de\/wp-json\/wp\/v2\/pages\/90350","targetHints":{"allow":["GET"]}}],"collection":[{"href":"https:\/\/nukaseeds.cz\/de\/wp-json\/wp\/v2\/pages"}],"about":[{"href":"https:\/\/nukaseeds.cz\/de\/wp-json\/wp\/v2\/types\/page"}],"author":[{"embeddable":true,"href":"https:\/\/nukaseeds.cz\/de\/wp-json\/wp\/v2\/users\/1"}],"replies":[{"embeddable":true,"href":"https:\/\/nukaseeds.cz\/de\/wp-json\/wp\/v2\/comments?post=90350"}],"version-history":[{"count":1,"href":"https:\/\/nukaseeds.cz\/de\/wp-json\/wp\/v2\/pages\/90350\/revisions"}],"predecessor-version":[{"id":90351,"href":"https:\/\/nukaseeds.cz\/de\/wp-json\/wp\/v2\/pages\/90350\/revisions\/90351"}],"wp:featuredmedia":[{"embeddable":true,"href":"https:\/\/nukaseeds.cz\/de\/wp-json\/wp\/v2\/media\/11380"}],"wp:attachment":[{"href":"https:\/\/nukaseeds.cz\/de\/wp-json\/wp\/v2\/media?parent=90350"}],"curies":[{"name":"wp","href":"https:\/\/api.w.org\/{rel}","templated":true}]}}