{"id":90360,"date":"2024-02-16T04:20:30","date_gmt":"2024-02-16T03:20:30","guid":{"rendered":"http:\/\/nukaseeds.cz\/info\/status-der-bestellung\/"},"modified":"2025-09-01T11:26:37","modified_gmt":"2025-09-01T09:26:37","slug":"status-der-bestellung","status":"publish","type":"page","link":"https:\/\/nukaseeds.cz\/de\/info\/status-der-bestellung\/","title":{"rendered":"Status der Bestellung"},"content":{"rendered":"<div id=\"cs-content\" class=\"cs-content\"><div class=\"x-section e90360-e1 m1xq0-0\"><div class=\"x-row x-container max width e90360-e2 m1xq0-1 m1xq0-2\"><div class=\"x-row-inner\"><div class=\"x-col e90360-e3 m1xq0-3\"><div class=\"x-text x-text-headline has-graphic e90360-e4 m1xq0-4\"><div class=\"x-text-content\"><span class=\"x-graphic\" aria-hidden=\"true\"><span class=\"x-image x-graphic-child x-graphic-image x-graphic-primary\"><img decoding=\"async\" src=\"https:\/\/nukaseeds.cz\/wp-content\/uploads\/2024\/02\/nukaseeds-delivery-3-300x300.webp\" width=\"300\" height=\"300\" alt=\"Status der Bestellung\" loading=\"lazy\"><\/span><\/span><div class=\"x-text-content-text\"><h1 class=\"x-text-content-text-primary\">Bestellstatus ohne Registrierung pr\u00fcfen<\/h1>\n<\/div><\/div><\/div><hr class=\"x-line e90360-e5 m1xq0-5\"\/><div class=\"x-text x-content e90360-e6 m1xq0-6\"><div class=\"woocommerce\">\n<form action=\"https:\/\/nukaseeds.cz\/de\/info\/status-der-bestellung\/\" method=\"post\" class=\"woocommerce-form woocommerce-form-track-order track_order\">\n\n\t\n\t<p>Um den Status deiner Bestellung zu verfolgen, gib bitte deine Bestellnummer ein und klicke auf \u201eNachverfolgen\u201c. Die Bestellnummer steht auf dem Bestellbeleg oder in der Best\u00e4tigungsmail, die du erhalten haben solltest.<\/p>\n\n\t<p class=\"form-row form-row-first\"><label for=\"orderid\">Bestellnummer<\/label> <input class=\"input-text\" type=\"text\" name=\"orderid\" id=\"orderid\" value=\"\" placeholder=\"Diese findest du in der Bestellbest\u00e4tigungs-E-Mail.\" \/><\/p>\t<p class=\"form-row form-row-last\"><label for=\"order_email\">Rechnungs-E-Mail<\/label> <input class=\"input-text\" type=\"text\" name=\"order_email\" id=\"order_email\" value=\"\" placeholder=\"Die E-Mail, die du bei der Bestellung verwendet hast.\" \/><\/p>\t<div class=\"clear\"><\/div>\n\n\t\n\t<p class=\"form-row\"><button type=\"submit\" class=\"button\" name=\"track\" value=\"Nachverfolgen\">Nachverfolgen<\/button><\/p>\n\t<input type=\"hidden\" id=\"woocommerce-order-tracking-nonce\" name=\"woocommerce-order-tracking-nonce\" value=\"03c096f8d6\" \/><input type=\"hidden\" name=\"_wp_http_referer\" value=\"\/de\/wp-json\/wp\/v2\/pages\/90360\" \/>\n\t\n<\/form>\n<\/div><\/div><a class=\"x-anchor x-anchor-button has-graphic has-int-content e90360-e7 m1xq0-7\" tabindex=\"0\" href=\"\/kontakt\/\"><div class=\"x-anchor-content x-anchor-content-out-slide-top-in-scale-up\"><span class=\"x-graphic\" aria-hidden=\"true\"><i class=\"x-icon x-graphic-child x-graphic-icon x-graphic-primary\" aria-hidden=\"true\" data-x-icon-s=\"&#xf059;\"><\/i><\/span><div class=\"x-anchor-text\"><span class=\"x-anchor-text-primary\">M\u00e1\u0161 jak\u00fdkoliv dotaz<\/span><\/div><\/div><div class=\"x-anchor-content x-anchor-content-out-slide-top-in-scale-up is-int\"><span class=\"x-graphic\" aria-hidden=\"true\"><i class=\"x-icon x-graphic-child x-graphic-icon x-graphic-primary\" aria-hidden=\"true\" data-x-icon-s=\"&#xf2a0;\"><\/i><\/span><div class=\"x-anchor-text\"><div class=\"x-anchor-text-primary\">Kontaktuj n\u00e1s<\/div><div class=\"x-anchor-text-secondary\">R\u00e1di pom\u016f\u017eeme<\/div><\/div><\/div><\/a><\/div><\/div><\/div><\/div><\/div>","protected":false},"excerpt":{"rendered":"<p>Bestellstatus ohne Registrierung pr\u00fcfen Um den Status deiner Bestellung zu verfolgen, gib bitte deine Bestellnummer ein und klicke auf \u201eNachverfolgen\u201c. Die Bestellnummer steht auf dem Bestellbeleg oder in der Best\u00e4tigungsmail, die du erhalten haben solltest. Bestellnummer Rechnungs-E-Mail Nachverfolgen M\u00e1\u0161 jak\u00fdkoliv dotazKontaktuj n\u00e1sR\u00e1di pom\u016f\u017eeme<\/p>\n","protected":false},"author":8,"featured_media":43103,"parent":90350,"menu_order":0,"comment_status":"closed","ping_status":"closed","template":"template-blank-1.php","meta":{"footnotes":""},"class_list":["post-90360","page","type-page","status-publish","has-post-thumbnail","hentry"],"yoast_head":"<!-- This site is optimized with the Yoast SEO plugin v26.6 - https:\/\/yoast.com\/wordpress\/plugins\/seo\/ -->\n<title>Status der Bestellung - Nuka Cannabis-Samen<\/title>\n<meta name=\"description\" content=\"\u00dcberpr\u00fcfe den Status deiner Bestellung im Nukaseeds Growshop. Cannabissamen zu den besten Preisen.\" \/>\n<meta name=\"robots\" content=\"index, follow, max-snippet:-1, max-image-preview:large, max-video-preview:-1\" \/>\n<link rel=\"canonical\" href=\"https:\/\/nukaseeds.cz\/de\/info\/status-der-bestellung\/\" \/>\n<meta property=\"og:locale\" content=\"de_DE\" \/>\n<meta property=\"og:type\" content=\"article\" \/>\n<meta property=\"og:title\" content=\"Status der Bestellung - Nuka Cannabis-Samen\" \/>\n<meta property=\"og:description\" content=\"\u00dcberpr\u00fcfe den Status deiner Bestellung im Nukaseeds Growshop. Cannabissamen zu den besten Preisen.\" \/>\n<meta property=\"og:url\" content=\"https:\/\/nukaseeds.cz\/de\/info\/status-der-bestellung\/\" \/>\n<meta property=\"og:site_name\" content=\"Nuka Cannabis-Samen\" \/>\n<meta property=\"article:publisher\" content=\"https:\/\/www.facebook.com\/Nukaseeds\/\" \/>\n<meta property=\"article:modified_time\" content=\"2025-09-01T09:26:37+00:00\" \/>\n<meta property=\"og:image\" content=\"https:\/\/nukaseeds.cz\/wp-content\/uploads\/2022\/08\/nuka-girl-5.webp\" \/>\n\t<meta property=\"og:image:width\" content=\"1680\" \/>\n\t<meta property=\"og:image:height\" content=\"720\" \/>\n\t<meta property=\"og:image:type\" content=\"image\/webp\" \/>\n<meta name=\"twitter:card\" content=\"summary_large_image\" \/>\n<meta name=\"twitter:site\" content=\"@seeds_nuka\" \/>\n<script type=\"application\/ld+json\" class=\"yoast-schema-graph\">{\"@context\":\"https:\/\/schema.org\",\"@graph\":[{\"@type\":\"WebPage\",\"@id\":\"https:\/\/nukaseeds.cz\/de\/info\/status-der-bestellung\/\",\"url\":\"https:\/\/nukaseeds.cz\/de\/info\/status-der-bestellung\/\",\"name\":\"Status der Bestellung - Nuka Cannabis-Samen\",\"isPartOf\":{\"@id\":\"https:\/\/nukaseeds.cz\/de\/#website\"},\"primaryImageOfPage\":{\"@id\":\"https:\/\/nukaseeds.cz\/de\/info\/status-der-bestellung\/#primaryimage\"},\"image\":{\"@id\":\"https:\/\/nukaseeds.cz\/de\/info\/status-der-bestellung\/#primaryimage\"},\"thumbnailUrl\":\"https:\/\/nukaseeds.cz\/wp-content\/uploads\/2022\/08\/nuka-girl-5.webp\",\"datePublished\":\"2024-02-16T03:20:30+00:00\",\"dateModified\":\"2025-09-01T09:26:37+00:00\",\"description\":\"\u00dcberpr\u00fcfe den Status deiner Bestellung im Nukaseeds Growshop. Cannabissamen zu den besten Preisen.\",\"breadcrumb\":{\"@id\":\"https:\/\/nukaseeds.cz\/de\/info\/status-der-bestellung\/#breadcrumb\"},\"inLanguage\":\"de\",\"potentialAction\":[{\"@type\":\"ReadAction\",\"target\":[\"https:\/\/nukaseeds.cz\/de\/info\/status-der-bestellung\/\"]}]},{\"@type\":\"ImageObject\",\"inLanguage\":\"de\",\"@id\":\"https:\/\/nukaseeds.cz\/de\/info\/status-der-bestellung\/#primaryimage\",\"url\":\"https:\/\/nukaseeds.cz\/wp-content\/uploads\/2022\/08\/nuka-girl-5.webp\",\"contentUrl\":\"https:\/\/nukaseeds.cz\/wp-content\/uploads\/2022\/08\/nuka-girl-5.webp\",\"width\":1680,\"height\":720,\"caption\":\"Nuka Seeds girl\"},{\"@type\":\"BreadcrumbList\",\"@id\":\"https:\/\/nukaseeds.cz\/de\/info\/status-der-bestellung\/#breadcrumb\",\"itemListElement\":[{\"@type\":\"ListItem\",\"position\":1,\"name\":\"Home\",\"item\":\"https:\/\/nukaseeds.cz\/de\/growshop-nukaseeds-cz-hanfsamen\/\"},{\"@type\":\"ListItem\",\"position\":2,\"name\":\"Info\",\"item\":\"https:\/\/nukaseeds.cz\/de\/info\/\"},{\"@type\":\"ListItem\",\"position\":3,\"name\":\"Status der Bestellung\"}]},{\"@type\":\"WebSite\",\"@id\":\"https:\/\/nukaseeds.cz\/de\/#website\",\"url\":\"https:\/\/nukaseeds.cz\/de\/\",\"name\":\"Nuka Seeds Bank\",\"description\":\"Cannabis-Samen kaufen, Marihuana-Samen kaufen\",\"publisher\":{\"@id\":\"https:\/\/nukaseeds.cz\/de\/#organization\"},\"alternateName\":\"NukaSeeds cannabis seed bank\",\"potentialAction\":[{\"@type\":\"SearchAction\",\"target\":{\"@type\":\"EntryPoint\",\"urlTemplate\":\"https:\/\/nukaseeds.cz\/de\/?s={search_term_string}\"},\"query-input\":{\"@type\":\"PropertyValueSpecification\",\"valueRequired\":true,\"valueName\":\"search_term_string\"}}],\"inLanguage\":\"de\"},{\"@type\":\"Organization\",\"@id\":\"https:\/\/nukaseeds.cz\/de\/#organization\",\"name\":\"Nuka Trade s.r.o.\",\"url\":\"https:\/\/nukaseeds.cz\/de\/\",\"logo\":{\"@type\":\"ImageObject\",\"inLanguage\":\"de\",\"@id\":\"https:\/\/nukaseeds.cz\/de\/#\/schema\/logo\/image\/\",\"url\":\"https:\/\/i0.wp.com\/nukaseeds.cz\/wp-content\/uploads\/2021\/11\/nuka-seeds-logo-vector-neon-8-production.png?fit=2142%2C1457&quality=70&ssl=1\",\"contentUrl\":\"https:\/\/i0.wp.com\/nukaseeds.cz\/wp-content\/uploads\/2021\/11\/nuka-seeds-logo-vector-neon-8-production.png?fit=2142%2C1457&quality=70&ssl=1\",\"width\":2142,\"height\":1457,\"caption\":\"Nuka Trade s.r.o.\"},\"image\":{\"@id\":\"https:\/\/nukaseeds.cz\/de\/#\/schema\/logo\/image\/\"},\"sameAs\":[\"https:\/\/www.facebook.com\/Nukaseeds\/\",\"https:\/\/x.com\/seeds_nuka\",\"https:\/\/www.instagram.com\/nukaseeds\/\",\"https:\/\/www.youtube.com\/@nukaseeds1167\",\"https:\/\/www.tumblr.com\/nukaseeds\",\"https:\/\/www.linkedin.com\/company\/nukaseeds-ltd\/\",\"https:\/\/cz.pinterest.com\/Nukaseeds\/\"]}]}<\/script>\n<!-- \/ Yoast SEO plugin. -->","yoast_head_json":{"title":"Status der Bestellung - Nuka Cannabis-Samen","description":"\u00dcberpr\u00fcfe den Status deiner Bestellung im Nukaseeds Growshop. Cannabissamen zu den besten Preisen.","robots":{"index":"index","follow":"follow","max-snippet":"max-snippet:-1","max-image-preview":"max-image-preview:large","max-video-preview":"max-video-preview:-1"},"canonical":"https:\/\/nukaseeds.cz\/de\/info\/status-der-bestellung\/","og_locale":"de_DE","og_type":"article","og_title":"Status der Bestellung - Nuka Cannabis-Samen","og_description":"\u00dcberpr\u00fcfe den Status deiner Bestellung im Nukaseeds Growshop. Cannabissamen zu den besten Preisen.","og_url":"https:\/\/nukaseeds.cz\/de\/info\/status-der-bestellung\/","og_site_name":"Nuka Cannabis-Samen","article_publisher":"https:\/\/www.facebook.com\/Nukaseeds\/","article_modified_time":"2025-09-01T09:26:37+00:00","og_image":[{"width":1680,"height":720,"url":"https:\/\/nukaseeds.cz\/wp-content\/uploads\/2022\/08\/nuka-girl-5.webp","type":"image\/webp"}],"twitter_card":"summary_large_image","twitter_site":"@seeds_nuka","schema":{"@context":"https:\/\/schema.org","@graph":[{"@type":"WebPage","@id":"https:\/\/nukaseeds.cz\/de\/info\/status-der-bestellung\/","url":"https:\/\/nukaseeds.cz\/de\/info\/status-der-bestellung\/","name":"Status der Bestellung - Nuka Cannabis-Samen","isPartOf":{"@id":"https:\/\/nukaseeds.cz\/de\/#website"},"primaryImageOfPage":{"@id":"https:\/\/nukaseeds.cz\/de\/info\/status-der-bestellung\/#primaryimage"},"image":{"@id":"https:\/\/nukaseeds.cz\/de\/info\/status-der-bestellung\/#primaryimage"},"thumbnailUrl":"https:\/\/nukaseeds.cz\/wp-content\/uploads\/2022\/08\/nuka-girl-5.webp","datePublished":"2024-02-16T03:20:30+00:00","dateModified":"2025-09-01T09:26:37+00:00","description":"\u00dcberpr\u00fcfe den Status deiner Bestellung im Nukaseeds Growshop. Cannabissamen zu den besten Preisen.","breadcrumb":{"@id":"https:\/\/nukaseeds.cz\/de\/info\/status-der-bestellung\/#breadcrumb"},"inLanguage":"de","potentialAction":[{"@type":"ReadAction","target":["https:\/\/nukaseeds.cz\/de\/info\/status-der-bestellung\/"]}]},{"@type":"ImageObject","inLanguage":"de","@id":"https:\/\/nukaseeds.cz\/de\/info\/status-der-bestellung\/#primaryimage","url":"https:\/\/nukaseeds.cz\/wp-content\/uploads\/2022\/08\/nuka-girl-5.webp","contentUrl":"https:\/\/nukaseeds.cz\/wp-content\/uploads\/2022\/08\/nuka-girl-5.webp","width":1680,"height":720,"caption":"Nuka Seeds girl"},{"@type":"BreadcrumbList","@id":"https:\/\/nukaseeds.cz\/de\/info\/status-der-bestellung\/#breadcrumb","itemListElement":[{"@type":"ListItem","position":1,"name":"Home","item":"https:\/\/nukaseeds.cz\/de\/growshop-nukaseeds-cz-hanfsamen\/"},{"@type":"ListItem","position":2,"name":"Info","item":"https:\/\/nukaseeds.cz\/de\/info\/"},{"@type":"ListItem","position":3,"name":"Status der Bestellung"}]},{"@type":"WebSite","@id":"https:\/\/nukaseeds.cz\/de\/#website","url":"https:\/\/nukaseeds.cz\/de\/","name":"Nuka Seeds Bank","description":"Cannabis-Samen kaufen, Marihuana-Samen kaufen","publisher":{"@id":"https:\/\/nukaseeds.cz\/de\/#organization"},"alternateName":"NukaSeeds cannabis seed bank","potentialAction":[{"@type":"SearchAction","target":{"@type":"EntryPoint","urlTemplate":"https:\/\/nukaseeds.cz\/de\/?s={search_term_string}"},"query-input":{"@type":"PropertyValueSpecification","valueRequired":true,"valueName":"search_term_string"}}],"inLanguage":"de"},{"@type":"Organization","@id":"https:\/\/nukaseeds.cz\/de\/#organization","name":"Nuka Trade s.r.o.","url":"https:\/\/nukaseeds.cz\/de\/","logo":{"@type":"ImageObject","inLanguage":"de","@id":"https:\/\/nukaseeds.cz\/de\/#\/schema\/logo\/image\/","url":"https:\/\/i0.wp.com\/nukaseeds.cz\/wp-content\/uploads\/2021\/11\/nuka-seeds-logo-vector-neon-8-production.png?fit=2142%2C1457&quality=70&ssl=1","contentUrl":"https:\/\/i0.wp.com\/nukaseeds.cz\/wp-content\/uploads\/2021\/11\/nuka-seeds-logo-vector-neon-8-production.png?fit=2142%2C1457&quality=70&ssl=1","width":2142,"height":1457,"caption":"Nuka Trade s.r.o."},"image":{"@id":"https:\/\/nukaseeds.cz\/de\/#\/schema\/logo\/image\/"},"sameAs":["https:\/\/www.facebook.com\/Nukaseeds\/","https:\/\/x.com\/seeds_nuka","https:\/\/www.instagram.com\/nukaseeds\/","https:\/\/www.youtube.com\/@nukaseeds1167","https:\/\/www.tumblr.com\/nukaseeds","https:\/\/www.linkedin.com\/company\/nukaseeds-ltd\/","https:\/\/cz.pinterest.com\/Nukaseeds\/"]}]}},"_links":{"self":[{"href":"https:\/\/nukaseeds.cz\/de\/wp-json\/wp\/v2\/pages\/90360","targetHints":{"allow":["GET"]}}],"collection":[{"href":"https:\/\/nukaseeds.cz\/de\/wp-json\/wp\/v2\/pages"}],"about":[{"href":"https:\/\/nukaseeds.cz\/de\/wp-json\/wp\/v2\/types\/page"}],"author":[{"embeddable":true,"href":"https:\/\/nukaseeds.cz\/de\/wp-json\/wp\/v2\/users\/8"}],"replies":[{"embeddable":true,"href":"https:\/\/nukaseeds.cz\/de\/wp-json\/wp\/v2\/comments?post=90360"}],"version-history":[{"count":1,"href":"https:\/\/nukaseeds.cz\/de\/wp-json\/wp\/v2\/pages\/90360\/revisions"}],"predecessor-version":[{"id":90361,"href":"https:\/\/nukaseeds.cz\/de\/wp-json\/wp\/v2\/pages\/90360\/revisions\/90361"}],"up":[{"embeddable":true,"href":"https:\/\/nukaseeds.cz\/de\/wp-json\/wp\/v2\/pages\/90350"}],"wp:featuredmedia":[{"embeddable":true,"href":"https:\/\/nukaseeds.cz\/de\/wp-json\/wp\/v2\/media\/43103"}],"wp:attachment":[{"href":"https:\/\/nukaseeds.cz\/de\/wp-json\/wp\/v2\/media?parent=90360"}],"curies":[{"name":"wp","href":"https:\/\/api.w.org\/{rel}","templated":true}]}}