{"id":90365,"date":"2021-04-05T14:59:31","date_gmt":"2021-04-05T12:59:31","guid":{"rendered":"http:\/\/nukaseeds.cz\/info\/datenschutzrichtlinie\/"},"modified":"2025-09-01T11:30:18","modified_gmt":"2025-09-01T09:30:18","slug":"datenschutzrichtlinie","status":"publish","type":"page","link":"https:\/\/nukaseeds.cz\/de\/info\/datenschutzrichtlinie\/","title":{"rendered":"Datenschutzrichtlinie"},"content":{"rendered":"<div id=\"cs-content\" class=\"cs-content\"><div class=\"x-section e90365-e1 m1xq5-0 m1xq5-1 m1xq5-2\"><div class=\"x-row e90365-e2 m1xq5-6 m1xq5-7 m1xq5-8 m1xq5-9 m1xq5-a m1xq5-g\"><div class=\"x-row-inner\"><div class=\"x-col e90365-e3 m1xq5-n m1xq5-o\">\t\t\t<!-- START Privacy Policy REVOLUTION SLIDER 6.7.40 --><p class=\"rs-p-wp-fix\"><\/p>\t\t\t<rs-module-wrap id=\"rev_slider_51_1_wrapper\" data-source=\"gallery\" style=\"visibility:hidden;background:transparent;padding:0;margin:0px auto;margin-top:0;margin-bottom:0;max-width:1440px;\">\t\t\t\t<rs-module id=\"rev_slider_51_1\" style=\"\" data-version=\"6.7.40\">\t\t\t\t\t<rs-slides style=\"overflow: hidden; position: absolute;\">\t\t\t\t\t\t<rs-slide style=\"position: absolute;\" data-key=\"rs-192\" data-title=\"Privacy Policy\" data-anim=\"adpr:false;ms:1500;\" data-in=\"o:-0.5;sx:1.6;sy:1.6;e:power0.inOut;\" data-out=\"o:0;sx:0.6;sy:0.6;\" data-mediafilter=\"aden\">\t\t\t\t\t\t\t<img decoding=\"async\" src=\"\/\/nukaseeds.cz\/wp-content\/plugins\/revslider\/sr6\/assets\/assets\/dummy.png\" alt=\"Nuka seeds privacy bg\" title=\"nuka-seeds-privacy-bg\" width=\"1250\" height=\"1250\" class=\"rev-slidebg tp-rs-img rs-lazyload\" data-lazyload=\"\/\/nukaseeds.cz\/wp-content\/plugins\/revslider\/sr6\/assets\/assets\/transparent.png\" data-bg=\"c:#ffffff;\" data-no-retina><!--\t\t\t\t\t\t\t--><h2\t\t\t\t\t\t\t\tid=\"slider-51-slide-192-layer-0\" \t\t\t\t\t\t\t\tclass=\"rs-layer\"\t\t\t\t\t\t\t\tdata-type=\"text\"\t\t\t\t\t\t\t\tdata-color=\"#fbb04d\"\t\t\t\t\t\t\t\tdata-tsh=\"h:5px;v:3px;\"\t\t\t\t\t\t\t\tdata-rsp_ch=\"on\"\t\t\t\t\t\t\t\tdata-xy=\"x:c;xo:-33px;y:c;yo:-43px;\"\t\t\t\t\t\t\t\tdata-text=\"w:normal;s:100;l:173;a:center;\"\t\t\t\t\t\t\t\tdata-dim=\"w:738px;h:233px;\"\t\t\t\t\t\t\t\tdata-actions='o:click;a:togglevideo;layer:slider-51-slide-192-layer-1;'\t\t\t\t\t\t\t\tdata-blendmode=\"hard-light\"\t\t\t\t\t\t\t\tdata-frame_0_words=\"d:5;\"\t\t\t\t\t\t\t\tdata-frame_0_mask=\"u:t;\"\t\t\t\t\t\t\t\tdata-frame_1=\"skY:5px;sp:1500;\"\t\t\t\t\t\t\t\tdata-frame_1_mask=\"u:t;y:50px;\"\t\t\t\t\t\t\t\tdata-frame_999=\"o:0;st:w;sR:7500;\"\t\t\t\t\t\t\t\tstyle=\"z-index:10;font-family:'Bangers';\"\t\t\t\t\t\t\t>Unglaublich strikt \t\t\t\t\t\t\t<\/h2><!--\t\t\t\t\t\t\t--><rs-layer\t\t\t\t\t\t\t\tid=\"slider-51-slide-192-layer-1\" \t\t\t\t\t\t\t\tclass=\"rs-fsv rs-layer-video intrinsic-ignore\"\t\t\t\t\t\t\t\tdata-type=\"video\"\t\t\t\t\t\t\t\tdata-rsp_ch=\"on\"\t\t\t\t\t\t\t\tdata-xy=\"x:0;y:0;\"\t\t\t\t\t\t\t\tdata-text=\"w:normal;\"\t\t\t\t\t\t\t\tdata-dim=\"w:100%;h:100%;\"\t\t\t\t\t\t\t\tdata-basealign=\"slide\"\t\t\t\t\t\t\t\tdata-video=\"twa:false;ap:false;v:100;vd:100;scop:t;fc:true;do:5;l:false;ptimer:false;nse:f;\"\t\t\t\t\t\t\t\tdata-poster=\"\/\/nukaseeds.cz\/wp-content\/uploads\/2023\/01\/nuka-turtle-ninja-background-1.webp\"\t\t\t\t\t\t\t\tdata-ytid=\"cTcwZ6gRXnQ\"\t\t\t\t\t\t\t\tdata-vatr=\"version=3&amp;enablejsapi=1&amp;html5=1&amp;volume=100&amp;hd=1&amp;wmode=opaque&amp;showinfo=0&amp;rel=0&amp;origin=https:\/\/nukaseeds.cz;\"\t\t\t\t\t\t\t\tdata-frame_1=\"e:none;\"\t\t\t\t\t\t\t\tdata-frame_999=\"o:0;st:w;\"\t\t\t\t\t\t\t\tstyle=\"z-index:8;\"\t\t\t\t\t\t\t>\t\t\t\t\t\t\t<\/rs-layer><!--\t\t\t\t\t\t\t--><h2\t\t\t\t\t\t\t\tid=\"slider-51-slide-192-layer-3\" \t\t\t\t\t\t\t\tclass=\"rs-layer\"\t\t\t\t\t\t\t\tdata-type=\"text\"\t\t\t\t\t\t\t\tdata-color=\"#fbb04d\"\t\t\t\t\t\t\t\tdata-tsh=\"h:5px;v:3px;\"\t\t\t\t\t\t\t\tdata-rsp_ch=\"on\"\t\t\t\t\t\t\t\tdata-xy=\"x:c;xo:49px;y:c;yo:63px;\"\t\t\t\t\t\t\t\tdata-text=\"w:normal;s:100;l:173;a:center;\"\t\t\t\t\t\t\t\tdata-dim=\"w:896px;h:228px;\"\t\t\t\t\t\t\t\tdata-actions='o:click;a:togglevideo;layer:slider-51-slide-192-layer-1;'\t\t\t\t\t\t\t\tdata-blendmode=\"hard-light\"\t\t\t\t\t\t\t\tdata-frame_0_words=\"d:5;\"\t\t\t\t\t\t\t\tdata-frame_0_mask=\"u:t;\"\t\t\t\t\t\t\t\tdata-frame_1=\"skY:5px;st:750;sp:1500;sR:750;\"\t\t\t\t\t\t\t\tdata-frame_1_mask=\"u:t;y:50px;\"\t\t\t\t\t\t\t\tdata-frame_999=\"o:0;st:w;sR:6750;\"\t\t\t\t\t\t\t\tstyle=\"z-index:9;font-family:'Bangers';\"\t\t\t\t\t\t\t>Datenschutzrichtlinie \t\t\t\t\t\t\t<\/h2><!---->\t\t\t\t\t<\/rs-slide>\t\t\t\t\t<\/rs-slides>\t\t\t\t<\/rs-module>\t\t\t\t<script>\t\t\t\t\tsetREVStartSize({c: 'rev_slider_51_1',rl:[1240,1024,778,480],el:[868],gw:[1440],gh:[868],type:'hero',justify:'',layout:'fullwidth',mh:\"0\"});if (window.RS_MODULES!==undefined && window.RS_MODULES.modules!==undefined && window.RS_MODULES.modules[\"revslider511\"]!==undefined) {window.RS_MODULES.modules[\"revslider511\"].once = false;window.revapi51 = undefined;if (window.RS_MODULES.checkMinimal!==undefined) window.RS_MODULES.checkMinimal()}\t\t\t\t<\/script>\t\t\t<\/rs-module-wrap>\t\t\t<!-- END REVOLUTION SLIDER --><\/div><\/div><\/div><\/div><section class=\"x-section e90365-e5 m1xq5-0 m1xq5-1 m1xq5-3\"><span class=\"x-separator-top-curve-out\" style=\"top: 0px; height: 30px; color: #cc6600;\" aria-hidden=\"true\"><svg class=\"curve-top-out\" style=\"fill: currentColor;\" xmlns=\"http:\/\/www.w3.org\/2000\/svg\" version=\"1.1\" viewBox=\"0 0 100 50\" preserveAspectRatio=\"none\"><path d=\"M0,50C0,50,22.4,0,50,0s50,50,50,50\"\/><\/svg><\/span><div class=\"x-row x-container max width e90365-e6 m1xq5-6 m1xq5-7 m1xq5-8 m1xq5-9 m1xq5-b m1xq5-c m1xq5-h m1xq5-i\"><div class=\"x-row-inner\"><div class=\"x-col e90365-e7 m1xq5-n m1xq5-o m1xq5-p\"><div class=\"x-text x-text-headline e90365-e8 m1xq5-s m1xq5-t\"><div class=\"x-text-content\"><div class=\"x-text-content-text\"><h1 class=\"x-text-content-text-primary\">Datenschutzrichtlinie<\/h1>\n<\/div><\/div><\/div><\/div><\/div><\/div><div class=\"x-row x-container max width e90365-e9 m1xq5-6 m1xq5-7 m1xq5-d m1xq5-e m1xq5-j\"><div class=\"x-row-inner\"><div class=\"x-col e90365-e10 m1xq5-n m1xq5-p m1xq5-q m1xq5-5\" data-x-effect=\"{&quot;durationBase&quot;:&quot;300ms&quot;}\"><div class=\"x-text x-content e90365-e11 m1xq5-v m1xq5-w m1xq5-x m1xq5-y obtazeni11\">Wir betrachten alle pers\u00f6nlichen Daten und Informationen \u00fcber die gekauften Waren und alle anderen dich betreffenden Informationen als absolut vertraulich und werden sie stets mit vollem Respekt sch\u00fctzen. Alle pers\u00f6nlichen Daten, die uns anvertraut werden, werden nur f\u00fcr die Bearbeitung deiner Bestellungen und die f\u00fcr den Betrieb notwendige Verarbeitung in unserem System verwendet. <\/div><\/div><\/div><\/div><div class=\"x-row x-container max width e90365-e12 m1xq5-6 m1xq5-7 m1xq5-8 m1xq5-9 m1xq5-b m1xq5-c m1xq5-h m1xq5-k\"><div class=\"x-row-inner\"><div class=\"x-col e90365-e13 m1xq5-n m1xq5-o m1xq5-p\"><div class=\"x-text x-text-headline e90365-e14 m1xq5-t m1xq5-u\"><div class=\"x-text-content\"><div class=\"x-text-content-text\"><h2 class=\"x-text-content-text-primary\">Wir sch\u00e4tzen deine Privatsph\u00e4re<\/h2>\n<\/div><\/div><\/div><\/div><\/div><\/div><span class=\"x-separator-bottom-curve-out\" style=\"bottom: 0px; height: 30px; color: #cc6600;\" aria-hidden=\"true\"><svg class=\"curve-bottom-out\" style=\"fill: currentColor;\" xmlns=\"http:\/\/www.w3.org\/2000\/svg\" version=\"1.1\" viewBox=\"0 0 100 50\" preserveAspectRatio=\"none\"><path d=\"M0,0c0,0,22.4,50,50,50s50-50,50-50\"\/><\/svg><\/span><\/section><div class=\"x-section e90365-e15 m1xq5-1 m1xq5-2 m1xq5-4\"><div class=\"x-row x-container max width e90365-e16 m1xq5-6 m1xq5-7 m1xq5-8 m1xq5-9 m1xq5-b m1xq5-c m1xq5-h m1xq5-l\"><div class=\"x-row-inner\"><div class=\"x-col e90365-e17 m1xq5-n m1xq5-o m1xq5-p m1xq5-r\"><span class=\"x-image e90365-e18 m1xq5-1a m1xq5-1b\"><img decoding=\"async\" src=\"https:\/\/nukaseeds.cz\/wp-content\/uploads\/2023\/01\/cannabis-anonymous-mask-1.webp\" width=\"300\" height=\"297\" alt=\"Cannabis anonymous mask\" loading=\"lazy\"><\/span><div class=\"x-text x-content e90365-e19 m1xq5-v m1xq5-w m1xq5-x m1xq5-z m1xq5-10\"><p>Die Ware ist gut verpackt, keine Anzeichen von Werbung. Wir wickeln den Karton gr\u00fcndlich mit blickdichtem Klebeband ein. Auf diese Weise sind auch Kartons mit bereits verpacktem Saatgut, die verschiedene Bilder und Etiketten haben, nicht sichtbar.  <\/p>\n<p>Keine pers\u00f6nlichen Daten werden jemals mit unserer Zustimmung an Dritte oder Personen weitergegeben und wir tun und werden immer alles tun, um sicherzustellen, dass diese Informationen nicht auf irgendeine Weise, auch nicht gegen unseren Willen, erlangt werden.<\/p><\/div><hr class=\"x-line e90365-e20 m1xq5-1d\"\/><div class=\"x-text x-content e90365-e21 m1xq5-v m1xq5-w m1xq5-x m1xq5-z\"><p><span>Nuka Seeds verpflichtet sich, deine Privatsph\u00e4re zu sch\u00fctzen und die Sicherheit aller pers\u00f6nlichen Daten, die es von dir erh\u00e4lt, zu wahren. Wir halten uns streng an die Anforderungen der Datenschutzgesetze. <\/span><\/p>\n<p><span>Wir verkaufen, vermieten oder tauschen deine pers\u00f6nlichen Daten nicht zu kommerziellen Zwecken mit Dritten aus, mit Ausnahme der notwendigen Anforderungen zur \u00dcberpr\u00fcfung der G\u00fcltigkeit deiner Kredit-\/Debitkarte zum Zeitpunkt des Kaufs.<\/span><br><span>Wenn ein Gast unseren Newsletter abonnieren m\u00f6chte, fragen wir nach Kontaktinformationen wie Name und E-Mail-Adresse. Diese Daten sowie alle anderen Informationen, die wir sammeln, werden nicht verkauft, weitergegeben oder vermietet, wenn dies gegen die in dieser Erkl\u00e4rung genannten Bedingungen verst\u00f6\u00dft. <\/span><\/p>\n<p><span>Diese Website enth\u00e4lt Links zu anderen Websites. Bitte beachte, dass Nukaseeds   <\/span><a href=\"http:\/\/nukaseeds.cz\/\" target=\"_blank\" rel=\"noopener\">nukaseeds<\/a><span>  ist nicht verantwortlich f\u00fcr die Datenschutzpraktiken anderer Websites. Wir empfehlen unseren Nutzern, beim Verlassen unserer Website vorsichtig zu sein und die Datenschutzerkl\u00e4rungen aller Websites zu lesen, die pers\u00f6nliche Daten sammeln.   <\/span><\/p>\n<p><span>Diese Datenschutzerkl\u00e4rung gilt ausschlie\u00dflich f\u00fcr die auf dieser Website gesammelten Informationen.<\/span><br><span>Bei der Speicherung und Weitergabe von Informationen, die du uns zur Verf\u00fcgung gestellt hast, wenden wir strenge Sicherheitsverfahren an, um unbefugten Zugriff gem\u00e4\u00df den Datenschutzgesetzen zu verhindern. Wir sammeln keine sensiblen Informationen \u00fcber dich, es sei denn, du stellst sie uns wissentlich zur Verf\u00fcgung. <\/span><\/p>\n<p><span>Wir zeichnen deine IP-Nummer (Internet Protocol) auf, w\u00e4hrend du auf unserer Website bist; wir speichern diese Informationen, um Betrug zu bek\u00e4mpfen.<\/span><\/p>\n<p><span>Wir ergreifen administrative, technische und physische Sicherheitsma\u00dfnahmen, um den unbefugten Zugriff, die Nutzung, \u00c4nderung und Offenlegung der von uns verwahrten und kontrollierten personenbezogenen Daten zu verhindern.<\/span><br><span>Wir verwenden Cookies, um das beste Nutzererlebnis auf unserer Website zu schaffen. Durch die Nutzung dieser Website erkl\u00e4rst du dich damit einverstanden, dass Cookies von dieser Website verwendet werden. Wenn du ein Konto in unserem Online-Shop anlegst, speichern wir deinen Namen, deine Adresse und deine Kontaktdaten sowie alle Informationen zu deinen Bestellungen aus folgenden Gr\u00fcnden: (wir m\u00fcssen deine pers\u00f6nlichen Daten verarbeiten, um deine Bestellung zu versenden) und zur Erf\u00fcllung gesetzlicher Verpflichtungen (Steuerzwecke \/ Umsatzsteuererkl\u00e4rung).  <\/span><\/p>\n<p><span>Wenn du eine Kopie deiner gespeicherten Daten erhalten m\u00f6chtest, oder wenn du m\u00f6chtest, dass wir deine Daten aktualisieren, oder wenn du deine Daten l\u00f6schen m\u00f6chtest, sende bitte eine E-Mail-Anfrage an: <\/span><a href=\"mailto:support@nukaseeds.com\">support@nukaseeds.com<\/a><span>. Wir k\u00f6nnen keine Daten l\u00f6schen, die wir aus administrativen, rechtlichen oder Sicherheitsgr\u00fcnden aufbewahren m\u00fcssen.<\/span><\/p>\n<p><span>Wir verf\u00fcgen \u00fcber folgende Datenschutzverfahren: regelm\u00e4\u00dfige Backups, Zugriffsbeschr\u00e4nkung, Verschl\u00fcsselung, Pseudonymisierung, Datenminimierung und regelm\u00e4\u00dfige Tests all dieser Techniken. Wenn es zu einem Datenschutzversto\u00df kommt, benachrichtigen wir die betroffenen Nutzer\/innen und die zust\u00e4ndige Aufsichtsbeh\u00f6rde innerhalb von 72 Stunden, nachdem wir von dem Versto\u00df erfahren haben. <\/span><\/p><\/div><div class=\"x-row e90365-e22 m1xq5-6 m1xq5-9 m1xq5-c m1xq5-d m1xq5-f m1xq5-h m1xq5-m\"><div class=\"x-row-inner\"><div class=\"x-col e90365-e23 m1xq5-n m1xq5-o\"><div class=\"x-text x-content e90365-e24 m1xq5-v m1xq5-w m1xq5-x m1xq5-11 m1xq5-12 m1xq5-13\">Wenn du irgendwelche Fragen hast, z\u00f6gere nicht, uns zu kontaktieren.<\/div><div class=\"x-text x-content e90365-e25 m1xq5-w m1xq5-14 m1xq5-15 m1xq5-16\"><a class=\"wp-block-button__link has-white-color has-text-color has-background\" href=\"http:\/\/nukaseeds.cz\/kontakt\/\" rel=\"nofollow\" style=\"border-radius: 100px; background-color: #19750b;\">Schreiben Sie uns<\/a><\/div><\/div><div class=\"x-col e90365-e26 m1xq5-n m1xq5-o\"><span class=\"x-image e90365-e27 m1xq5-1a m1xq5-1c index100\"><img decoding=\"async\" src=\"https:\/\/nukaseeds.cz\/wp-content\/uploads\/2024\/04\/nuka-seeds-assorted-mixy.webp\" width=\"1024\" height=\"1024\" alt=\"Mixy sem\u00ednek konop\u00ed\" loading=\"lazy\"><\/span><div class=\"x-text x-content e90365-e28 m1xq5-w m1xq5-13 m1xq5-15 m1xq5-16 m1xq5-17 m1xq5-18\"><a class=\"wp-block-button__link has-white-color has-text-color has-background\" href=\"http:\/\/nukaseeds.cz\/semena-konopi\/\" style=\"border-radius: 100px; background-color: #19750b;\">Cannabis-Samen<\/a><\/div><div class=\"x-text x-content e90365-e29 m1xq5-w m1xq5-x m1xq5-12 m1xq5-13 m1xq5-16 m1xq5-18 m1xq5-19 obtazeni7\">Hanfsamen Nuka kaufen, schau dir unser Angebot an<\/div><\/div><\/div><\/div><\/div><\/div><\/div><\/div><\/div>","protected":false},"excerpt":{"rendered":"<p>Unglaublich strikt Datenschutzrichtlinie Datenschutzrichtlinie Wir betrachten alle pers\u00f6nlichen Daten und Informationen \u00fcber die gekauften Waren und alle anderen dich betreffenden Informationen als absolut vertraulich und werden sie stets mit vollem Respekt sch\u00fctzen. Alle pers\u00f6nlichen Daten, die uns anvertraut werden, werden nur f\u00fcr die Bearbeitung deiner Bestellungen und die f\u00fcr den Betrieb notwendige Verarbeitung in unserem System verwendet. Wir sch\u00e4tzen deine &#8230; <\/p>\n<div><a href=\"https:\/\/nukaseeds.cz\/de\/info\/datenschutzrichtlinie\/\" class=\"more-link\">Read More<\/a><\/div>\n","protected":false},"author":1,"featured_media":7405,"parent":90350,"menu_order":0,"comment_status":"closed","ping_status":"closed","template":"template-blank-1.php","meta":{"footnotes":""},"class_list":["post-90365","page","type-page","status-publish","has-post-thumbnail","hentry"],"yoast_head":"<!-- This site is optimized with the Yoast SEO plugin v26.6 - https:\/\/yoast.com\/wordpress\/plugins\/seo\/ -->\n<title>Datenschutzrichtlinie - Nuka Cannabis-Samen<\/title>\n<meta name=\"robots\" content=\"index, follow, max-snippet:-1, max-image-preview:large, max-video-preview:-1\" \/>\n<link rel=\"canonical\" href=\"https:\/\/nukaseeds.cz\/de\/info\/datenschutzrichtlinie\/\" \/>\n<meta property=\"og:locale\" content=\"de_DE\" \/>\n<meta property=\"og:type\" content=\"article\" \/>\n<meta property=\"og:title\" content=\"Datenschutzrichtlinie - Nuka Cannabis-Samen\" \/>\n<meta property=\"og:description\" content=\"Unglaublich strikt Datenschutzrichtlinie Datenschutzrichtlinie Wir betrachten alle pers\u00f6nlichen Daten und Informationen \u00fcber die gekauften Waren und alle anderen dich betreffenden Informationen als absolut vertraulich und werden sie stets mit vollem Respekt sch\u00fctzen. Alle pers\u00f6nlichen Daten, die uns anvertraut werden, werden nur f\u00fcr die Bearbeitung deiner Bestellungen und die f\u00fcr den Betrieb notwendige Verarbeitung in unserem System verwendet. Wir sch\u00e4tzen deine ... Read More\" \/>\n<meta property=\"og:url\" content=\"https:\/\/nukaseeds.cz\/de\/info\/datenschutzrichtlinie\/\" \/>\n<meta property=\"og:site_name\" content=\"Nuka Cannabis-Samen\" \/>\n<meta property=\"article:publisher\" content=\"https:\/\/www.facebook.com\/Nukaseeds\/\" \/>\n<meta property=\"article:modified_time\" content=\"2025-09-01T09:30:18+00:00\" \/>\n<meta property=\"og:image\" content=\"https:\/\/nukaseeds.cz\/wp-content\/uploads\/2021\/04\/nuka-seeds-privacy-bg.jpg\" \/>\n\t<meta property=\"og:image:width\" content=\"1250\" \/>\n\t<meta property=\"og:image:height\" content=\"1250\" \/>\n\t<meta property=\"og:image:type\" content=\"image\/jpeg\" \/>\n<meta name=\"twitter:card\" content=\"summary_large_image\" \/>\n<meta name=\"twitter:site\" content=\"@seeds_nuka\" \/>\n<meta name=\"twitter:label1\" content=\"Gesch\u00e4tzte Lesezeit\" \/>\n\t<meta name=\"twitter:data1\" content=\"4\u00a0Minuten\" \/>\n<script type=\"application\/ld+json\" class=\"yoast-schema-graph\">{\"@context\":\"https:\/\/schema.org\",\"@graph\":[{\"@type\":\"WebPage\",\"@id\":\"https:\/\/nukaseeds.cz\/de\/info\/datenschutzrichtlinie\/\",\"url\":\"https:\/\/nukaseeds.cz\/de\/info\/datenschutzrichtlinie\/\",\"name\":\"Datenschutzrichtlinie - Nuka Cannabis-Samen\",\"isPartOf\":{\"@id\":\"https:\/\/nukaseeds.cz\/de\/#website\"},\"primaryImageOfPage\":{\"@id\":\"https:\/\/nukaseeds.cz\/de\/info\/datenschutzrichtlinie\/#primaryimage\"},\"image\":{\"@id\":\"https:\/\/nukaseeds.cz\/de\/info\/datenschutzrichtlinie\/#primaryimage\"},\"thumbnailUrl\":\"https:\/\/nukaseeds.cz\/wp-content\/uploads\/2021\/04\/nuka-seeds-privacy-bg.jpg\",\"datePublished\":\"2021-04-05T12:59:31+00:00\",\"dateModified\":\"2025-09-01T09:30:18+00:00\",\"breadcrumb\":{\"@id\":\"https:\/\/nukaseeds.cz\/de\/info\/datenschutzrichtlinie\/#breadcrumb\"},\"inLanguage\":\"de\",\"potentialAction\":[{\"@type\":\"ReadAction\",\"target\":[\"https:\/\/nukaseeds.cz\/de\/info\/datenschutzrichtlinie\/\"]}]},{\"@type\":\"ImageObject\",\"inLanguage\":\"de\",\"@id\":\"https:\/\/nukaseeds.cz\/de\/info\/datenschutzrichtlinie\/#primaryimage\",\"url\":\"https:\/\/nukaseeds.cz\/wp-content\/uploads\/2021\/04\/nuka-seeds-privacy-bg.jpg\",\"contentUrl\":\"https:\/\/nukaseeds.cz\/wp-content\/uploads\/2021\/04\/nuka-seeds-privacy-bg.jpg\",\"width\":1250,\"height\":1250,\"caption\":\"Nuka seeds privacy bg\"},{\"@type\":\"BreadcrumbList\",\"@id\":\"https:\/\/nukaseeds.cz\/de\/info\/datenschutzrichtlinie\/#breadcrumb\",\"itemListElement\":[{\"@type\":\"ListItem\",\"position\":1,\"name\":\"Home\",\"item\":\"https:\/\/nukaseeds.cz\/de\/growshop-nukaseeds-cz-hanfsamen\/\"},{\"@type\":\"ListItem\",\"position\":2,\"name\":\"Info\",\"item\":\"https:\/\/nukaseeds.cz\/de\/info\/\"},{\"@type\":\"ListItem\",\"position\":3,\"name\":\"Datenschutzrichtlinie\"}]},{\"@type\":\"WebSite\",\"@id\":\"https:\/\/nukaseeds.cz\/de\/#website\",\"url\":\"https:\/\/nukaseeds.cz\/de\/\",\"name\":\"Nuka Seeds Bank\",\"description\":\"Cannabis-Samen kaufen, Marihuana-Samen kaufen\",\"publisher\":{\"@id\":\"https:\/\/nukaseeds.cz\/de\/#organization\"},\"alternateName\":\"NukaSeeds cannabis seed bank\",\"potentialAction\":[{\"@type\":\"SearchAction\",\"target\":{\"@type\":\"EntryPoint\",\"urlTemplate\":\"https:\/\/nukaseeds.cz\/de\/?s={search_term_string}\"},\"query-input\":{\"@type\":\"PropertyValueSpecification\",\"valueRequired\":true,\"valueName\":\"search_term_string\"}}],\"inLanguage\":\"de\"},{\"@type\":\"Organization\",\"@id\":\"https:\/\/nukaseeds.cz\/de\/#organization\",\"name\":\"Nuka Trade s.r.o.\",\"url\":\"https:\/\/nukaseeds.cz\/de\/\",\"logo\":{\"@type\":\"ImageObject\",\"inLanguage\":\"de\",\"@id\":\"https:\/\/nukaseeds.cz\/de\/#\/schema\/logo\/image\/\",\"url\":\"https:\/\/i0.wp.com\/nukaseeds.cz\/wp-content\/uploads\/2021\/11\/nuka-seeds-logo-vector-neon-8-production.png?fit=2142%2C1457&quality=70&ssl=1\",\"contentUrl\":\"https:\/\/i0.wp.com\/nukaseeds.cz\/wp-content\/uploads\/2021\/11\/nuka-seeds-logo-vector-neon-8-production.png?fit=2142%2C1457&quality=70&ssl=1\",\"width\":2142,\"height\":1457,\"caption\":\"Nuka Trade s.r.o.\"},\"image\":{\"@id\":\"https:\/\/nukaseeds.cz\/de\/#\/schema\/logo\/image\/\"},\"sameAs\":[\"https:\/\/www.facebook.com\/Nukaseeds\/\",\"https:\/\/x.com\/seeds_nuka\",\"https:\/\/www.instagram.com\/nukaseeds\/\",\"https:\/\/www.youtube.com\/@nukaseeds1167\",\"https:\/\/www.tumblr.com\/nukaseeds\",\"https:\/\/www.linkedin.com\/company\/nukaseeds-ltd\/\",\"https:\/\/cz.pinterest.com\/Nukaseeds\/\"]}]}<\/script>\n<!-- \/ Yoast SEO plugin. -->","yoast_head_json":{"title":"Datenschutzrichtlinie - Nuka Cannabis-Samen","robots":{"index":"index","follow":"follow","max-snippet":"max-snippet:-1","max-image-preview":"max-image-preview:large","max-video-preview":"max-video-preview:-1"},"canonical":"https:\/\/nukaseeds.cz\/de\/info\/datenschutzrichtlinie\/","og_locale":"de_DE","og_type":"article","og_title":"Datenschutzrichtlinie - Nuka Cannabis-Samen","og_description":"Unglaublich strikt Datenschutzrichtlinie Datenschutzrichtlinie Wir betrachten alle pers\u00f6nlichen Daten und Informationen \u00fcber die gekauften Waren und alle anderen dich betreffenden Informationen als absolut vertraulich und werden sie stets mit vollem Respekt sch\u00fctzen. Alle pers\u00f6nlichen Daten, die uns anvertraut werden, werden nur f\u00fcr die Bearbeitung deiner Bestellungen und die f\u00fcr den Betrieb notwendige Verarbeitung in unserem System verwendet. Wir sch\u00e4tzen deine ... Read More","og_url":"https:\/\/nukaseeds.cz\/de\/info\/datenschutzrichtlinie\/","og_site_name":"Nuka Cannabis-Samen","article_publisher":"https:\/\/www.facebook.com\/Nukaseeds\/","article_modified_time":"2025-09-01T09:30:18+00:00","og_image":[{"width":1250,"height":1250,"url":"https:\/\/nukaseeds.cz\/wp-content\/uploads\/2021\/04\/nuka-seeds-privacy-bg.jpg","type":"image\/jpeg"}],"twitter_card":"summary_large_image","twitter_site":"@seeds_nuka","twitter_misc":{"Gesch\u00e4tzte Lesezeit":"4\u00a0Minuten"},"schema":{"@context":"https:\/\/schema.org","@graph":[{"@type":"WebPage","@id":"https:\/\/nukaseeds.cz\/de\/info\/datenschutzrichtlinie\/","url":"https:\/\/nukaseeds.cz\/de\/info\/datenschutzrichtlinie\/","name":"Datenschutzrichtlinie - Nuka Cannabis-Samen","isPartOf":{"@id":"https:\/\/nukaseeds.cz\/de\/#website"},"primaryImageOfPage":{"@id":"https:\/\/nukaseeds.cz\/de\/info\/datenschutzrichtlinie\/#primaryimage"},"image":{"@id":"https:\/\/nukaseeds.cz\/de\/info\/datenschutzrichtlinie\/#primaryimage"},"thumbnailUrl":"https:\/\/nukaseeds.cz\/wp-content\/uploads\/2021\/04\/nuka-seeds-privacy-bg.jpg","datePublished":"2021-04-05T12:59:31+00:00","dateModified":"2025-09-01T09:30:18+00:00","breadcrumb":{"@id":"https:\/\/nukaseeds.cz\/de\/info\/datenschutzrichtlinie\/#breadcrumb"},"inLanguage":"de","potentialAction":[{"@type":"ReadAction","target":["https:\/\/nukaseeds.cz\/de\/info\/datenschutzrichtlinie\/"]}]},{"@type":"ImageObject","inLanguage":"de","@id":"https:\/\/nukaseeds.cz\/de\/info\/datenschutzrichtlinie\/#primaryimage","url":"https:\/\/nukaseeds.cz\/wp-content\/uploads\/2021\/04\/nuka-seeds-privacy-bg.jpg","contentUrl":"https:\/\/nukaseeds.cz\/wp-content\/uploads\/2021\/04\/nuka-seeds-privacy-bg.jpg","width":1250,"height":1250,"caption":"Nuka seeds privacy bg"},{"@type":"BreadcrumbList","@id":"https:\/\/nukaseeds.cz\/de\/info\/datenschutzrichtlinie\/#breadcrumb","itemListElement":[{"@type":"ListItem","position":1,"name":"Home","item":"https:\/\/nukaseeds.cz\/de\/growshop-nukaseeds-cz-hanfsamen\/"},{"@type":"ListItem","position":2,"name":"Info","item":"https:\/\/nukaseeds.cz\/de\/info\/"},{"@type":"ListItem","position":3,"name":"Datenschutzrichtlinie"}]},{"@type":"WebSite","@id":"https:\/\/nukaseeds.cz\/de\/#website","url":"https:\/\/nukaseeds.cz\/de\/","name":"Nuka Seeds Bank","description":"Cannabis-Samen kaufen, Marihuana-Samen kaufen","publisher":{"@id":"https:\/\/nukaseeds.cz\/de\/#organization"},"alternateName":"NukaSeeds cannabis seed bank","potentialAction":[{"@type":"SearchAction","target":{"@type":"EntryPoint","urlTemplate":"https:\/\/nukaseeds.cz\/de\/?s={search_term_string}"},"query-input":{"@type":"PropertyValueSpecification","valueRequired":true,"valueName":"search_term_string"}}],"inLanguage":"de"},{"@type":"Organization","@id":"https:\/\/nukaseeds.cz\/de\/#organization","name":"Nuka Trade s.r.o.","url":"https:\/\/nukaseeds.cz\/de\/","logo":{"@type":"ImageObject","inLanguage":"de","@id":"https:\/\/nukaseeds.cz\/de\/#\/schema\/logo\/image\/","url":"https:\/\/i0.wp.com\/nukaseeds.cz\/wp-content\/uploads\/2021\/11\/nuka-seeds-logo-vector-neon-8-production.png?fit=2142%2C1457&quality=70&ssl=1","contentUrl":"https:\/\/i0.wp.com\/nukaseeds.cz\/wp-content\/uploads\/2021\/11\/nuka-seeds-logo-vector-neon-8-production.png?fit=2142%2C1457&quality=70&ssl=1","width":2142,"height":1457,"caption":"Nuka Trade s.r.o."},"image":{"@id":"https:\/\/nukaseeds.cz\/de\/#\/schema\/logo\/image\/"},"sameAs":["https:\/\/www.facebook.com\/Nukaseeds\/","https:\/\/x.com\/seeds_nuka","https:\/\/www.instagram.com\/nukaseeds\/","https:\/\/www.youtube.com\/@nukaseeds1167","https:\/\/www.tumblr.com\/nukaseeds","https:\/\/www.linkedin.com\/company\/nukaseeds-ltd\/","https:\/\/cz.pinterest.com\/Nukaseeds\/"]}]}},"_links":{"self":[{"href":"https:\/\/nukaseeds.cz\/de\/wp-json\/wp\/v2\/pages\/90365","targetHints":{"allow":["GET"]}}],"collection":[{"href":"https:\/\/nukaseeds.cz\/de\/wp-json\/wp\/v2\/pages"}],"about":[{"href":"https:\/\/nukaseeds.cz\/de\/wp-json\/wp\/v2\/types\/page"}],"author":[{"embeddable":true,"href":"https:\/\/nukaseeds.cz\/de\/wp-json\/wp\/v2\/users\/1"}],"replies":[{"embeddable":true,"href":"https:\/\/nukaseeds.cz\/de\/wp-json\/wp\/v2\/comments?post=90365"}],"version-history":[{"count":1,"href":"https:\/\/nukaseeds.cz\/de\/wp-json\/wp\/v2\/pages\/90365\/revisions"}],"predecessor-version":[{"id":90366,"href":"https:\/\/nukaseeds.cz\/de\/wp-json\/wp\/v2\/pages\/90365\/revisions\/90366"}],"up":[{"embeddable":true,"href":"https:\/\/nukaseeds.cz\/de\/wp-json\/wp\/v2\/pages\/90350"}],"wp:featuredmedia":[{"embeddable":true,"href":"https:\/\/nukaseeds.cz\/de\/wp-json\/wp\/v2\/media\/7405"}],"wp:attachment":[{"href":"https:\/\/nukaseeds.cz\/de\/wp-json\/wp\/v2\/media?parent=90365"}],"curies":[{"name":"wp","href":"https:\/\/api.w.org\/{rel}","templated":true}]}}