{"id":90369,"date":"2021-04-05T14:56:22","date_gmt":"2021-04-05T12:56:22","guid":{"rendered":"http:\/\/nukaseeds.cz\/info-2\/"},"modified":"2025-09-01T11:49:26","modified_gmt":"2025-09-01T09:49:26","slug":"info-2","status":"publish","type":"page","link":"https:\/\/nukaseeds.cz\/de\/info-2\/","title":{"rendered":"Info"},"content":{"rendered":"<div id=\"cs-content\" class=\"cs-content\"><div class=\"x-section e90369-e1 m1xq9-0 m1xq9-1 m1xq9-2\"><div class=\"x-bg\" aria-hidden=\"true\"><div class=\"x-bg-layer-lower-image\"><\/div><\/div><div class=\"x-row e90369-e2 m1xq9-7 m1xq9-8 m1xq9-9\"><div class=\"x-row-inner\"><div class=\"x-col e90369-e3 m1xq9-i\"><div class=\"x-text x-text-headline e90369-e4 m1xq9-k m1xq9-l m1xq9-m m1xq9-n m1xq9-6\"><div class=\"x-text-content\"><div class=\"x-text-content-text\"><h1 class=\"x-text-content-text-primary\">Nasiona konopi bezpo\u015brednio z banku nasion<\/h1>\n<\/div><\/div><\/div><a href=\"\/\" class=\"x-text x-text-headline e90369-e5 m1xq9-l m1xq9-m m1xq9-o m1xq9-p m1xq9-6 shine-red\"><div class=\"x-text-content\"><div class=\"x-text-content-text\"><p class=\"x-text-content-text-primary\">Nuka Seeds<\/p>\n<\/div><\/div><\/a><\/div><\/div><\/div><\/div><div class=\"x-section e90369-e6 m1xq9-2 m1xq9-3 m1xq9-4\"><div class=\"x-row x-container max width e90369-e7 m1xq9-7 m1xq9-8 m1xq9-a\"><div class=\"x-row-inner\"><div class=\"x-col e90369-e8 m1xq9-i\"><div class=\"x-text x-text-headline e90369-e9 m1xq9-m m1xq9-p m1xq9-q m1xq9-6\"><div class=\"x-text-content\"><div class=\"x-text-content-text\">\n<h2 class=\"x-text-content-text-primary\"><a class=\"wp-block-button__link has-white-color has-text-color has-background\" href=\"https:\/\/nukaseeds.pl\/nasiona-marihuany\/\" style=\"border-radius: 100px; background-color: #ff0042;\">Wybierz swoj\u0105 odmian\u0119<\/a><\/h2><\/div><\/div><\/div><\/div><\/div><\/div><\/div><div class=\"x-section e90369-e10 m1xq9-1 m1xq9-2 m1xq9-4 m1xq9-5\"><div class=\"x-row e90369-e11 m1xq9-7 m1xq9-8 m1xq9-b\"><div class=\"x-row-inner\"><div class=\"x-col e90369-e12 m1xq9-i m1xq9-j\"><div class=\"x-text x-text-headline e90369-e13 m1xq9-k m1xq9-l m1xq9-m m1xq9-p m1xq9-r m1xq9-6 shine-red\"><div class=\"x-text-content\"><div class=\"x-text-content-text\"><h2 class=\"x-text-content-text-primary\"><a href=\"https:\/\/nukaseeds.pl\/info-2\/recenzje-i-referencje\/\">Referencje<\/a><\/h2>\n<\/div><\/div><\/div><\/div><\/div><\/div><\/div><div class=\"x-section e90369-e14 m1xq9-1 m1xq9-2 m1xq9-4 m1xq9-5\"><div class=\"x-row e90369-e15 m1xq9-7 m1xq9-8 m1xq9-c\"><div class=\"x-row-inner\"><div class=\"x-col e90369-e16 m1xq9-i m1xq9-j\"><div class=\"x-text x-text-headline e90369-e17 m1xq9-k m1xq9-l m1xq9-m m1xq9-p m1xq9-r m1xq9-6 shine-red\"><div class=\"x-text-content\"><div class=\"x-text-content-text\"><h2 class=\"x-text-content-text-primary\"><a href=\"https:\/\/nukaseeds.pl\/info-2\/wysylka\/\">Wysy\u0142ka<\/a><\/h2>\n<\/div><\/div><\/div><\/div><\/div><\/div><\/div><div class=\"x-section e90369-e18 m1xq9-1 m1xq9-2 m1xq9-4 m1xq9-5\"><div class=\"x-row e90369-e19 m1xq9-7 m1xq9-8 m1xq9-d\"><div class=\"x-row-inner\"><div class=\"x-col e90369-e20 m1xq9-i m1xq9-j\"><div class=\"x-text x-text-headline e90369-e21 m1xq9-k m1xq9-l m1xq9-m m1xq9-p m1xq9-r m1xq9-6 shine-red\"><div class=\"x-text-content\"><div class=\"x-text-content-text\"><h2 class=\"x-text-content-text-primary\"><a href=\"https:\/\/nukaseeds.pl\/info-2\/najczesciej-zadawane-pytania\/\">FAQ<\/a><\/h2>\n<\/div><\/div><\/div><\/div><\/div><\/div><\/div><div class=\"x-section e90369-e22 m1xq9-1 m1xq9-2 m1xq9-4 m1xq9-5\"><div class=\"x-row e90369-e23 m1xq9-7 m1xq9-8 m1xq9-e\"><div class=\"x-row-inner\"><div class=\"x-col e90369-e24 m1xq9-i m1xq9-j\"><div class=\"x-text x-text-headline e90369-e25 m1xq9-k m1xq9-l m1xq9-m m1xq9-p m1xq9-r m1xq9-6 shine-red\"><div class=\"x-text-content\"><div class=\"x-text-content-text\"><h2 class=\"x-text-content-text-primary\"><a href=\"https:\/\/nukaseeds.pl\/info-2\/polityka-prywatnosci\/\">Prywatno\u015b\u0107<\/a><\/h2>\n<\/div><\/div><\/div><\/div><\/div><\/div><\/div><div class=\"x-section e90369-e26 m1xq9-1 m1xq9-2 m1xq9-4 m1xq9-5\"><div class=\"x-row e90369-e27 m1xq9-7 m1xq9-8 m1xq9-f\"><div class=\"x-row-inner\"><div class=\"x-col e90369-e28 m1xq9-i m1xq9-j\"><div class=\"x-text x-text-headline e90369-e29 m1xq9-k m1xq9-l m1xq9-m m1xq9-p m1xq9-r m1xq9-6 shine-red\"><div class=\"x-text-content\"><div class=\"x-text-content-text\"><h2 class=\"x-text-content-text-primary\"><a href=\"https:\/\/nukaseeds.pl\/info-2\/polityka-refundacji\/\">Refundacja<\/a><\/h2>\n<\/div><\/div><\/div><\/div><\/div><\/div><\/div><div class=\"x-section e90369-e30 m1xq9-1 m1xq9-2 m1xq9-4 m1xq9-5\"><div class=\"x-row e90369-e31 m1xq9-7 m1xq9-8 m1xq9-g\"><div class=\"x-row-inner\"><div class=\"x-col e90369-e32 m1xq9-i m1xq9-j\"><div class=\"x-text x-text-headline e90369-e33 m1xq9-k m1xq9-l m1xq9-m m1xq9-p m1xq9-r m1xq9-6 shine-red\"><div class=\"x-text-content\"><div class=\"x-text-content-text\"><h2 class=\"x-text-content-text-primary\"><a href=\"https:\/\/nukaseeds.pl\/info-2\/zasady-i-warunki\/\">Warunki<\/a><\/h2>\n<\/div><\/div><\/div><\/div><\/div><\/div><\/div><div class=\"x-section e90369-e34 m1xq9-1 m1xq9-2 m1xq9-4 m1xq9-5\"><div class=\"x-row e90369-e35 m1xq9-7 m1xq9-8 m1xq9-h\"><div class=\"x-row-inner\"><div class=\"x-col e90369-e36 m1xq9-i m1xq9-j\"><div class=\"x-text x-text-headline e90369-e37 m1xq9-k m1xq9-l m1xq9-m m1xq9-p m1xq9-r m1xq9-6 shine-red\"><div class=\"x-text-content\"><div class=\"x-text-content-text\"><h2 class=\"x-text-content-text-primary\"><a href=\"https:\/\/nukaseeds.pl\/nasiona-marihuany\/\">Kontakt<\/a><\/h2>\n<\/div><\/div><\/div><\/div><\/div><\/div><\/div><\/div>","protected":false},"excerpt":{"rendered":"<p>Nasiona konopi bezpo\u015brednio z banku nasion Nuka Seeds Wybierz swoj\u0105 odmian\u0119Referencje Wysy\u0142ka FAQ Prywatno\u015b\u0107 Refundacja Warunki Kontakt<\/p>\n","protected":false},"author":1,"featured_media":11380,"parent":0,"menu_order":0,"comment_status":"closed","ping_status":"closed","template":"template-blank-1.php","meta":{"footnotes":""},"class_list":["post-90369","page","type-page","status-publish","has-post-thumbnail","hentry"],"yoast_head":"<!-- This site is optimized with the Yoast SEO plugin v26.6 - https:\/\/yoast.com\/wordpress\/plugins\/seo\/ -->\n<title>Hanfsamen direkt von der Samenbank<\/title>\n<meta name=\"description\" content=\"Geschenkpaket f\u00fcr 10 und 15 Hanfsamen mit 50% Rabatt! Nuka Seeds. Growshop und Seedshop\" \/>\n<meta name=\"robots\" content=\"index, follow, max-snippet:-1, max-image-preview:large, max-video-preview:-1\" \/>\n<link rel=\"canonical\" href=\"https:\/\/nukaseeds.cz\/de\/info-2\/\" \/>\n<meta property=\"og:locale\" content=\"de_DE\" \/>\n<meta property=\"og:type\" content=\"article\" \/>\n<meta property=\"og:title\" content=\"Hanfsamen direkt von der Samenbank\" \/>\n<meta property=\"og:description\" content=\"Geschenkpaket f\u00fcr 10 und 15 Hanfsamen mit 50% Rabatt! Nuka Seeds. Growshop und Seedshop\" \/>\n<meta property=\"og:url\" content=\"https:\/\/nukaseeds.cz\/de\/info-2\/\" \/>\n<meta property=\"og:site_name\" content=\"Nuka Cannabis-Samen\" \/>\n<meta property=\"article:publisher\" content=\"https:\/\/www.facebook.com\/Nukaseeds\/\" \/>\n<meta property=\"article:modified_time\" content=\"2025-09-01T09:49:26+00:00\" \/>\n<meta property=\"og:image\" content=\"https:\/\/nukaseeds.cz\/wp-content\/uploads\/2021\/11\/nuka-seeds-logo-vector-neon-8-production.png\" \/>\n\t<meta property=\"og:image:width\" content=\"2142\" \/>\n\t<meta property=\"og:image:height\" content=\"1457\" \/>\n\t<meta property=\"og:image:type\" content=\"image\/png\" \/>\n<meta name=\"twitter:card\" content=\"summary_large_image\" \/>\n<meta name=\"twitter:site\" content=\"@seeds_nuka\" \/>\n<script type=\"application\/ld+json\" class=\"yoast-schema-graph\">{\"@context\":\"https:\/\/schema.org\",\"@graph\":[{\"@type\":\"WebPage\",\"@id\":\"https:\/\/nukaseeds.cz\/de\/info-2\/\",\"url\":\"https:\/\/nukaseeds.cz\/de\/info-2\/\",\"name\":\"Hanfsamen direkt von der Samenbank\",\"isPartOf\":{\"@id\":\"https:\/\/nukaseeds.cz\/de\/#website\"},\"primaryImageOfPage\":{\"@id\":\"https:\/\/nukaseeds.cz\/de\/info-2\/#primaryimage\"},\"image\":{\"@id\":\"https:\/\/nukaseeds.cz\/de\/info-2\/#primaryimage\"},\"thumbnailUrl\":\"https:\/\/nukaseeds.cz\/wp-content\/uploads\/2021\/11\/nuka-seeds-logo-vector-neon-8-production.png\",\"datePublished\":\"2021-04-05T12:56:22+00:00\",\"dateModified\":\"2025-09-01T09:49:26+00:00\",\"description\":\"Geschenkpaket f\u00fcr 10 und 15 Hanfsamen mit 50% Rabatt! Nuka Seeds. Growshop und Seedshop\",\"breadcrumb\":{\"@id\":\"https:\/\/nukaseeds.cz\/de\/info-2\/#breadcrumb\"},\"inLanguage\":\"de\",\"potentialAction\":[{\"@type\":\"ReadAction\",\"target\":[\"https:\/\/nukaseeds.cz\/de\/info-2\/\"]}]},{\"@type\":\"ImageObject\",\"inLanguage\":\"de\",\"@id\":\"https:\/\/nukaseeds.cz\/de\/info-2\/#primaryimage\",\"url\":\"https:\/\/nukaseeds.cz\/wp-content\/uploads\/2021\/11\/nuka-seeds-logo-vector-neon-8-production.png\",\"contentUrl\":\"https:\/\/nukaseeds.cz\/wp-content\/uploads\/2021\/11\/nuka-seeds-logo-vector-neon-8-production.png\",\"width\":2142,\"height\":1457,\"caption\":\"Nuka Seeds Logo\"},{\"@type\":\"BreadcrumbList\",\"@id\":\"https:\/\/nukaseeds.cz\/de\/info-2\/#breadcrumb\",\"itemListElement\":[{\"@type\":\"ListItem\",\"position\":1,\"name\":\"Home\",\"item\":\"https:\/\/nukaseeds.cz\/de\/\"},{\"@type\":\"ListItem\",\"position\":2,\"name\":\"Info\"}]},{\"@type\":\"WebSite\",\"@id\":\"https:\/\/nukaseeds.cz\/de\/#website\",\"url\":\"https:\/\/nukaseeds.cz\/de\/\",\"name\":\"Nuka Seeds Bank\",\"description\":\"Cannabis-Samen kaufen, Marihuana-Samen kaufen\",\"publisher\":{\"@id\":\"https:\/\/nukaseeds.cz\/de\/#organization\"},\"alternateName\":\"NukaSeeds cannabis seed bank\",\"potentialAction\":[{\"@type\":\"SearchAction\",\"target\":{\"@type\":\"EntryPoint\",\"urlTemplate\":\"https:\/\/nukaseeds.cz\/de\/?s={search_term_string}\"},\"query-input\":{\"@type\":\"PropertyValueSpecification\",\"valueRequired\":true,\"valueName\":\"search_term_string\"}}],\"inLanguage\":\"de\"},{\"@type\":\"Organization\",\"@id\":\"https:\/\/nukaseeds.cz\/de\/#organization\",\"name\":\"Nuka Trade s.r.o.\",\"url\":\"https:\/\/nukaseeds.cz\/de\/\",\"logo\":{\"@type\":\"ImageObject\",\"inLanguage\":\"de\",\"@id\":\"https:\/\/nukaseeds.cz\/de\/#\/schema\/logo\/image\/\",\"url\":\"https:\/\/i0.wp.com\/nukaseeds.cz\/wp-content\/uploads\/2021\/11\/nuka-seeds-logo-vector-neon-8-production.png?fit=2142%2C1457&quality=70&ssl=1\",\"contentUrl\":\"https:\/\/i0.wp.com\/nukaseeds.cz\/wp-content\/uploads\/2021\/11\/nuka-seeds-logo-vector-neon-8-production.png?fit=2142%2C1457&quality=70&ssl=1\",\"width\":2142,\"height\":1457,\"caption\":\"Nuka Trade s.r.o.\"},\"image\":{\"@id\":\"https:\/\/nukaseeds.cz\/de\/#\/schema\/logo\/image\/\"},\"sameAs\":[\"https:\/\/www.facebook.com\/Nukaseeds\/\",\"https:\/\/x.com\/seeds_nuka\",\"https:\/\/www.instagram.com\/nukaseeds\/\",\"https:\/\/www.youtube.com\/@nukaseeds1167\",\"https:\/\/www.tumblr.com\/nukaseeds\",\"https:\/\/www.linkedin.com\/company\/nukaseeds-ltd\/\",\"https:\/\/cz.pinterest.com\/Nukaseeds\/\"]}]}<\/script>\n<!-- \/ Yoast SEO plugin. -->","yoast_head_json":{"title":"Hanfsamen direkt von der Samenbank","description":"Geschenkpaket f\u00fcr 10 und 15 Hanfsamen mit 50% Rabatt! Nuka Seeds. Growshop und Seedshop","robots":{"index":"index","follow":"follow","max-snippet":"max-snippet:-1","max-image-preview":"max-image-preview:large","max-video-preview":"max-video-preview:-1"},"canonical":"https:\/\/nukaseeds.cz\/de\/info-2\/","og_locale":"de_DE","og_type":"article","og_title":"Hanfsamen direkt von der Samenbank","og_description":"Geschenkpaket f\u00fcr 10 und 15 Hanfsamen mit 50% Rabatt! Nuka Seeds. Growshop und Seedshop","og_url":"https:\/\/nukaseeds.cz\/de\/info-2\/","og_site_name":"Nuka Cannabis-Samen","article_publisher":"https:\/\/www.facebook.com\/Nukaseeds\/","article_modified_time":"2025-09-01T09:49:26+00:00","og_image":[{"width":2142,"height":1457,"url":"https:\/\/nukaseeds.cz\/wp-content\/uploads\/2021\/11\/nuka-seeds-logo-vector-neon-8-production.png","type":"image\/png"}],"twitter_card":"summary_large_image","twitter_site":"@seeds_nuka","schema":{"@context":"https:\/\/schema.org","@graph":[{"@type":"WebPage","@id":"https:\/\/nukaseeds.cz\/de\/info-2\/","url":"https:\/\/nukaseeds.cz\/de\/info-2\/","name":"Hanfsamen direkt von der Samenbank","isPartOf":{"@id":"https:\/\/nukaseeds.cz\/de\/#website"},"primaryImageOfPage":{"@id":"https:\/\/nukaseeds.cz\/de\/info-2\/#primaryimage"},"image":{"@id":"https:\/\/nukaseeds.cz\/de\/info-2\/#primaryimage"},"thumbnailUrl":"https:\/\/nukaseeds.cz\/wp-content\/uploads\/2021\/11\/nuka-seeds-logo-vector-neon-8-production.png","datePublished":"2021-04-05T12:56:22+00:00","dateModified":"2025-09-01T09:49:26+00:00","description":"Geschenkpaket f\u00fcr 10 und 15 Hanfsamen mit 50% Rabatt! Nuka Seeds. Growshop und Seedshop","breadcrumb":{"@id":"https:\/\/nukaseeds.cz\/de\/info-2\/#breadcrumb"},"inLanguage":"de","potentialAction":[{"@type":"ReadAction","target":["https:\/\/nukaseeds.cz\/de\/info-2\/"]}]},{"@type":"ImageObject","inLanguage":"de","@id":"https:\/\/nukaseeds.cz\/de\/info-2\/#primaryimage","url":"https:\/\/nukaseeds.cz\/wp-content\/uploads\/2021\/11\/nuka-seeds-logo-vector-neon-8-production.png","contentUrl":"https:\/\/nukaseeds.cz\/wp-content\/uploads\/2021\/11\/nuka-seeds-logo-vector-neon-8-production.png","width":2142,"height":1457,"caption":"Nuka Seeds Logo"},{"@type":"BreadcrumbList","@id":"https:\/\/nukaseeds.cz\/de\/info-2\/#breadcrumb","itemListElement":[{"@type":"ListItem","position":1,"name":"Home","item":"https:\/\/nukaseeds.cz\/de\/"},{"@type":"ListItem","position":2,"name":"Info"}]},{"@type":"WebSite","@id":"https:\/\/nukaseeds.cz\/de\/#website","url":"https:\/\/nukaseeds.cz\/de\/","name":"Nuka Seeds Bank","description":"Cannabis-Samen kaufen, Marihuana-Samen kaufen","publisher":{"@id":"https:\/\/nukaseeds.cz\/de\/#organization"},"alternateName":"NukaSeeds cannabis seed bank","potentialAction":[{"@type":"SearchAction","target":{"@type":"EntryPoint","urlTemplate":"https:\/\/nukaseeds.cz\/de\/?s={search_term_string}"},"query-input":{"@type":"PropertyValueSpecification","valueRequired":true,"valueName":"search_term_string"}}],"inLanguage":"de"},{"@type":"Organization","@id":"https:\/\/nukaseeds.cz\/de\/#organization","name":"Nuka Trade s.r.o.","url":"https:\/\/nukaseeds.cz\/de\/","logo":{"@type":"ImageObject","inLanguage":"de","@id":"https:\/\/nukaseeds.cz\/de\/#\/schema\/logo\/image\/","url":"https:\/\/i0.wp.com\/nukaseeds.cz\/wp-content\/uploads\/2021\/11\/nuka-seeds-logo-vector-neon-8-production.png?fit=2142%2C1457&quality=70&ssl=1","contentUrl":"https:\/\/i0.wp.com\/nukaseeds.cz\/wp-content\/uploads\/2021\/11\/nuka-seeds-logo-vector-neon-8-production.png?fit=2142%2C1457&quality=70&ssl=1","width":2142,"height":1457,"caption":"Nuka Trade s.r.o."},"image":{"@id":"https:\/\/nukaseeds.cz\/de\/#\/schema\/logo\/image\/"},"sameAs":["https:\/\/www.facebook.com\/Nukaseeds\/","https:\/\/x.com\/seeds_nuka","https:\/\/www.instagram.com\/nukaseeds\/","https:\/\/www.youtube.com\/@nukaseeds1167","https:\/\/www.tumblr.com\/nukaseeds","https:\/\/www.linkedin.com\/company\/nukaseeds-ltd\/","https:\/\/cz.pinterest.com\/Nukaseeds\/"]}]}},"_links":{"self":[{"href":"https:\/\/nukaseeds.cz\/de\/wp-json\/wp\/v2\/pages\/90369","targetHints":{"allow":["GET"]}}],"collection":[{"href":"https:\/\/nukaseeds.cz\/de\/wp-json\/wp\/v2\/pages"}],"about":[{"href":"https:\/\/nukaseeds.cz\/de\/wp-json\/wp\/v2\/types\/page"}],"author":[{"embeddable":true,"href":"https:\/\/nukaseeds.cz\/de\/wp-json\/wp\/v2\/users\/1"}],"replies":[{"embeddable":true,"href":"https:\/\/nukaseeds.cz\/de\/wp-json\/wp\/v2\/comments?post=90369"}],"version-history":[{"count":2,"href":"https:\/\/nukaseeds.cz\/de\/wp-json\/wp\/v2\/pages\/90369\/revisions"}],"predecessor-version":[{"id":90393,"href":"https:\/\/nukaseeds.cz\/de\/wp-json\/wp\/v2\/pages\/90369\/revisions\/90393"}],"wp:featuredmedia":[{"embeddable":true,"href":"https:\/\/nukaseeds.cz\/de\/wp-json\/wp\/v2\/media\/11380"}],"wp:attachment":[{"href":"https:\/\/nukaseeds.cz\/de\/wp-json\/wp\/v2\/media?parent=90369"}],"curies":[{"name":"wp","href":"https:\/\/api.w.org\/{rel}","templated":true}]}}