{"id":90373,"date":"2021-04-05T14:59:31","date_gmt":"2021-04-05T12:59:31","guid":{"rendered":"http:\/\/nukaseeds.cz\/info-2\/datenschutzrichtlinie\/"},"modified":"2025-09-01T11:49:26","modified_gmt":"2025-09-01T09:49:26","slug":"datenschutzrichtlinie","status":"publish","type":"page","link":"https:\/\/nukaseeds.cz\/de\/info-2\/datenschutzrichtlinie\/","title":{"rendered":"Datenschutzrichtlinie"},"content":{"rendered":"<div id=\"cs-content\" class=\"cs-content\"><div class=\"x-section e90373-e1 m1xqd-0 m1xqd-1 m1xqd-2\"><div class=\"x-row e90373-e2 m1xqd-6 m1xqd-7 m1xqd-8 m1xqd-9 m1xqd-a m1xqd-g\"><div class=\"x-row-inner\"><div class=\"x-col e90373-e3 m1xqd-n m1xqd-o\">\t\t\t<!-- START Privacy Policy REVOLUTION SLIDER 6.7.40 --><p class=\"rs-p-wp-fix\"><\/p>\t\t\t<rs-module-wrap id=\"rev_slider_51_1_wrapper\" data-source=\"gallery\" style=\"visibility:hidden;background:transparent;padding:0;margin:0px auto;margin-top:0;margin-bottom:0;max-width:1440px;\">\t\t\t\t<rs-module id=\"rev_slider_51_1\" style=\"\" data-version=\"6.7.40\">\t\t\t\t\t<rs-slides style=\"overflow: hidden; position: absolute;\">\t\t\t\t\t\t<rs-slide style=\"position: absolute;\" data-key=\"rs-192\" data-title=\"Privacy Policy\" data-anim=\"adpr:false;ms:1500;\" data-in=\"o:-0.5;sx:1.6;sy:1.6;e:power0.inOut;\" data-out=\"o:0;sx:0.6;sy:0.6;\" data-mediafilter=\"aden\">\t\t\t\t\t\t\t<img decoding=\"async\" src=\"\/\/nukaseeds.cz\/wp-content\/plugins\/revslider\/sr6\/assets\/assets\/dummy.png\" alt=\"Nuka seeds privacy bg\" title=\"nuka-seeds-privacy-bg\" width=\"1250\" height=\"1250\" class=\"rev-slidebg tp-rs-img rs-lazyload\" data-lazyload=\"\/\/nukaseeds.cz\/wp-content\/plugins\/revslider\/sr6\/assets\/assets\/transparent.png\" data-bg=\"c:#ffffff;\" data-no-retina><!--\t\t\t\t\t\t\t--><h2\t\t\t\t\t\t\t\tid=\"slider-51-slide-192-layer-0\" \t\t\t\t\t\t\t\tclass=\"rs-layer\"\t\t\t\t\t\t\t\tdata-type=\"text\"\t\t\t\t\t\t\t\tdata-color=\"#fbb04d\"\t\t\t\t\t\t\t\tdata-tsh=\"h:5px;v:3px;\"\t\t\t\t\t\t\t\tdata-rsp_ch=\"on\"\t\t\t\t\t\t\t\tdata-xy=\"x:c;xo:-33px;y:c;yo:-43px;\"\t\t\t\t\t\t\t\tdata-text=\"w:normal;s:100;l:173;a:center;\"\t\t\t\t\t\t\t\tdata-dim=\"w:738px;h:233px;\"\t\t\t\t\t\t\t\tdata-actions='o:click;a:togglevideo;layer:slider-51-slide-192-layer-1;'\t\t\t\t\t\t\t\tdata-blendmode=\"hard-light\"\t\t\t\t\t\t\t\tdata-frame_0_words=\"d:5;\"\t\t\t\t\t\t\t\tdata-frame_0_mask=\"u:t;\"\t\t\t\t\t\t\t\tdata-frame_1=\"skY:5px;sp:1500;\"\t\t\t\t\t\t\t\tdata-frame_1_mask=\"u:t;y:50px;\"\t\t\t\t\t\t\t\tdata-frame_999=\"o:0;st:w;sR:7500;\"\t\t\t\t\t\t\t\tstyle=\"z-index:10;font-family:'Bangers';\"\t\t\t\t\t\t\t>Unglaublich strikt \t\t\t\t\t\t\t<\/h2><!--\t\t\t\t\t\t\t--><rs-layer\t\t\t\t\t\t\t\tid=\"slider-51-slide-192-layer-1\" \t\t\t\t\t\t\t\tclass=\"rs-fsv rs-layer-video intrinsic-ignore\"\t\t\t\t\t\t\t\tdata-type=\"video\"\t\t\t\t\t\t\t\tdata-rsp_ch=\"on\"\t\t\t\t\t\t\t\tdata-xy=\"x:0;y:0;\"\t\t\t\t\t\t\t\tdata-text=\"w:normal;\"\t\t\t\t\t\t\t\tdata-dim=\"w:100%;h:100%;\"\t\t\t\t\t\t\t\tdata-basealign=\"slide\"\t\t\t\t\t\t\t\tdata-video=\"twa:false;ap:false;v:100;vd:100;scop:t;fc:true;do:5;l:false;ptimer:false;nse:f;\"\t\t\t\t\t\t\t\tdata-poster=\"\/\/nukaseeds.cz\/wp-content\/uploads\/2023\/01\/nuka-turtle-ninja-background-1.webp\"\t\t\t\t\t\t\t\tdata-ytid=\"cTcwZ6gRXnQ\"\t\t\t\t\t\t\t\tdata-vatr=\"version=3&amp;enablejsapi=1&amp;html5=1&amp;volume=100&amp;hd=1&amp;wmode=opaque&amp;showinfo=0&amp;rel=0&amp;origin=https:\/\/nukaseeds.cz;\"\t\t\t\t\t\t\t\tdata-frame_1=\"e:none;\"\t\t\t\t\t\t\t\tdata-frame_999=\"o:0;st:w;\"\t\t\t\t\t\t\t\tstyle=\"z-index:8;\"\t\t\t\t\t\t\t>\t\t\t\t\t\t\t<\/rs-layer><!--\t\t\t\t\t\t\t--><h2\t\t\t\t\t\t\t\tid=\"slider-51-slide-192-layer-3\" \t\t\t\t\t\t\t\tclass=\"rs-layer\"\t\t\t\t\t\t\t\tdata-type=\"text\"\t\t\t\t\t\t\t\tdata-color=\"#fbb04d\"\t\t\t\t\t\t\t\tdata-tsh=\"h:5px;v:3px;\"\t\t\t\t\t\t\t\tdata-rsp_ch=\"on\"\t\t\t\t\t\t\t\tdata-xy=\"x:c;xo:49px;y:c;yo:63px;\"\t\t\t\t\t\t\t\tdata-text=\"w:normal;s:100;l:173;a:center;\"\t\t\t\t\t\t\t\tdata-dim=\"w:896px;h:228px;\"\t\t\t\t\t\t\t\tdata-actions='o:click;a:togglevideo;layer:slider-51-slide-192-layer-1;'\t\t\t\t\t\t\t\tdata-blendmode=\"hard-light\"\t\t\t\t\t\t\t\tdata-frame_0_words=\"d:5;\"\t\t\t\t\t\t\t\tdata-frame_0_mask=\"u:t;\"\t\t\t\t\t\t\t\tdata-frame_1=\"skY:5px;st:750;sp:1500;sR:750;\"\t\t\t\t\t\t\t\tdata-frame_1_mask=\"u:t;y:50px;\"\t\t\t\t\t\t\t\tdata-frame_999=\"o:0;st:w;sR:6750;\"\t\t\t\t\t\t\t\tstyle=\"z-index:9;font-family:'Bangers';\"\t\t\t\t\t\t\t>Datenschutzrichtlinie \t\t\t\t\t\t\t<\/h2><!---->\t\t\t\t\t<\/rs-slide>\t\t\t\t\t<\/rs-slides>\t\t\t\t<\/rs-module>\t\t\t\t<script>\t\t\t\t\tsetREVStartSize({c: 'rev_slider_51_1',rl:[1240,1024,778,480],el:[868],gw:[1440],gh:[868],type:'hero',justify:'',layout:'fullwidth',mh:\"0\"});if (window.RS_MODULES!==undefined && window.RS_MODULES.modules!==undefined && window.RS_MODULES.modules[\"revslider511\"]!==undefined) {window.RS_MODULES.modules[\"revslider511\"].once = false;window.revapi51 = undefined;if (window.RS_MODULES.checkMinimal!==undefined) window.RS_MODULES.checkMinimal()}\t\t\t\t<\/script>\t\t\t<\/rs-module-wrap>\t\t\t<!-- END REVOLUTION SLIDER --><\/div><\/div><\/div><\/div><section class=\"x-section e90373-e5 m1xqd-0 m1xqd-1 m1xqd-3\"><span class=\"x-separator-top-curve-out\" style=\"top: 0px; height: 30px; color: #fbb04d;\" aria-hidden=\"true\"><svg class=\"curve-top-out\" style=\"fill: currentColor;\" xmlns=\"http:\/\/www.w3.org\/2000\/svg\" version=\"1.1\" viewBox=\"0 0 100 50\" preserveAspectRatio=\"none\"><path d=\"M0,50C0,50,22.4,0,50,0s50,50,50,50\"\/><\/svg><\/span><div class=\"x-row x-container max width e90373-e6 m1xqd-6 m1xqd-7 m1xqd-8 m1xqd-9 m1xqd-b m1xqd-c m1xqd-h m1xqd-i\"><div class=\"x-row-inner\"><div class=\"x-col e90373-e7 m1xqd-n m1xqd-o m1xqd-p\"><div class=\"x-text x-text-headline e90373-e8 m1xqd-s m1xqd-t\"><div class=\"x-text-content\"><div class=\"x-text-content-text\"><h1 class=\"x-text-content-text-primary\">Polityka prywatno\u015bci<\/h1>\n<\/div><\/div><\/div><\/div><\/div><\/div><div class=\"x-row x-container max width e90373-e9 m1xqd-6 m1xqd-7 m1xqd-d m1xqd-e m1xqd-j\"><div class=\"x-row-inner\"><div class=\"x-col e90373-e10 m1xqd-n m1xqd-p m1xqd-q m1xqd-5\" data-x-effect=\"{&quot;durationBase&quot;:&quot;300ms&quot;}\"><div class=\"x-text x-content e90373-e11 m1xqd-v m1xqd-w m1xqd-x m1xqd-y m1xqd-z\">Wszystkie podane dane osobowe, informacje o zakupionych towarach oraz wszelkie inne informacje dotycz\u0105ce u\u017cytkownika s\u0105 uwa\u017cane za ca\u0142kowicie poufne i zawsze b\u0119dziemy ich broni\u0107 i chroni\u0107 z pe\u0142nym szacunkiem. Wszystkie powierzone nam dane osobowe s\u0105 i b\u0119d\u0105 wykorzystywane wy\u0142\u0105cznie w celu realizacji Pa\u0144stwa zam\u00f3wie\u0144 oraz przetwarzania w naszym systemie niezb\u0119dnym do funkcjonowania<\/div><\/div><\/div><\/div><div class=\"x-row x-container max width e90373-e12 m1xqd-6 m1xqd-7 m1xqd-8 m1xqd-9 m1xqd-b m1xqd-c m1xqd-h m1xqd-k\"><div class=\"x-row-inner\"><div class=\"x-col e90373-e13 m1xqd-n m1xqd-o m1xqd-p\"><div class=\"x-text x-text-headline e90373-e14 m1xqd-t m1xqd-u\"><div class=\"x-text-content\"><div class=\"x-text-content-text\"><h2 class=\"x-text-content-text-primary\">Cenimy Twoj\u0105 prywatno\u015b\u0107<\/h2>\n<\/div><\/div><\/div><\/div><\/div><\/div><span class=\"x-separator-bottom-curve-out\" style=\"bottom: 0px; height: 30px; color: #fbb04d;\" aria-hidden=\"true\"><svg class=\"curve-bottom-out\" style=\"fill: currentColor;\" xmlns=\"http:\/\/www.w3.org\/2000\/svg\" version=\"1.1\" viewBox=\"0 0 100 50\" preserveAspectRatio=\"none\"><path d=\"M0,0c0,0,22.4,50,50,50s50-50,50-50\"\/><\/svg><\/span><\/section><div class=\"x-section e90373-e15 m1xqd-1 m1xqd-2 m1xqd-4\"><div class=\"x-row x-container max width e90373-e16 m1xqd-6 m1xqd-7 m1xqd-8 m1xqd-9 m1xqd-b m1xqd-c m1xqd-h m1xqd-l\"><div class=\"x-row-inner\"><div class=\"x-col e90373-e17 m1xqd-n m1xqd-o m1xqd-p m1xqd-r\"><span class=\"x-image e90373-e18 m1xqd-1b m1xqd-1c\"><img decoding=\"async\" src=\"https:\/\/nukaseeds.cz\/wp-content\/uploads\/2023\/01\/cannabis-anonymous-mask-1.webp\" width=\"300\" height=\"297\" alt=\"Cannabis anonymous mask\" loading=\"lazy\"><\/span><div class=\"x-text x-content e90373-e19 m1xqd-v m1xqd-w m1xqd-x m1xqd-y m1xqd-10 m1xqd-11\"><p>Towar jest dobrze zapakowany, bez \u015blad\u00f3w reklam. Pude\u0142ko dok\u0142adnie owijamy ta\u015bm\u0105 nieprzezroczyst\u0105. Nie wida\u0107 wi\u0119c nawet skrzynek z nasionami, kt\u00f3re s\u0105 ju\u017c zapakowane i opatrzone r\u00f3\u017cnymi obrazkami i etykietami.<\/p>\n<p>\u017badne dane osobowe nie b\u0119d\u0105 przekazywane osobom trzecim za nasz\u0105 zgod\u0105 i zawsze robimy i b\u0119dziemy robi\u0107 wszystko, co w naszej mocy, aby zapobiec pozyskiwaniu tych informacji nawet wbrew naszej woli w jakikolwiek spos\u00f3b.<\/p><\/div><hr class=\"x-line e90373-e20 m1xqd-1e\"\/><div class=\"x-text x-content e90373-e21 m1xqd-v m1xqd-w m1xqd-x m1xqd-y m1xqd-10\"><p><span>Nuka Seeds zobowi\u0105zuje si\u0119 do ochrony prywatno\u015bci u\u017cytkownik\u00f3w i zachowania bezpiecze\u0144stwa wszelkich danych osobowych otrzymanych od u\u017cytkownik\u00f3w. \u015aci\u015ble przestrzegamy wymog\u00f3w przepis\u00f3w o ochronie danych osobowych.<\/span><\/p>\n<p><span>Nie sprzedajemy, nie wypo\u017cyczamy ani nie wymieniamy Pa\u0144stwa danych osobowych z \u017cadn\u0105 stron\u0105 trzeci\u0105 w celach komercyjnych, poza niezb\u0119dnym wymogiem zatwierdzenia karty kredytowej\/debetowej podczas zakupu.<\/span><br>\n<span>Je\u015bli Go\u015b\u0107 chce zapisa\u0107 si\u0119 do naszego newslettera, prosimy o dane kontaktowe, takie jak imi\u0119 i adres e-mail. Informacje te, podobnie jak wszystkie inne informacje, kt\u00f3re gromadzimy, nie b\u0119d\u0105 sprzedawane, udost\u0119pniane ani wynajmowane w \u017caden spos\u00f3b niezgodny z warunkami ujawnionymi w niniejszym o\u015bwiadczeniu.<\/span><\/p>\n<p><span>Niniejsza strona internetowa zawiera linki do innych stron. Prosz\u0119 pami\u0119ta\u0107, \u017ce Nuka <\/span><a href=\"https:\/\/nukaseeds.pl\/\" target=\"_blank\" rel=\"noopener\">nukaseeds<\/a><span> nie s\u0105 odpowiedzialni za praktyki dotycz\u0105ce prywatno\u015bci stosowane na tych innych stronach. Zach\u0119camy naszych u\u017cytkownik\u00f3w, aby byli \u015bwiadomi, kiedy opuszczaj\u0105 nasz\u0105 stron\u0119 i aby czytali o\u015bwiadczenia o prywatno\u015bci ka\u017cdej strony internetowej, kt\u00f3ra zbiera informacje umo\u017cliwiaj\u0105ce identyfikacj\u0119 osoby. <\/span><\/p>\n<p><span>Niniejsze o\u015bwiadczenie o prywatno\u015bci odnosi si\u0119 wy\u0142\u0105cznie do informacji zebranych przez t\u0119 stron\u0119 internetow\u0105.<\/span><br>\n<span>Przestrzegamy \u015bcis\u0142ych procedur bezpiecze\u0144stwa podczas przechowywania i ujawniania informacji, kt\u00f3re nam przekaza\u0142e\u015b, aby zapobiec nieautoryzowanemu dost\u0119powi zgodnie z przepisami o ochronie danych. Nie gromadzimy wra\u017cliwych informacji o u\u017cytkowniku, z wyj\u0105tkiem sytuacji, gdy u\u017cytkownik \u015bwiadomie je udost\u0119pnia.<\/span><\/p>\n<p><span>Rejestrujemy Pa\u0144stwa IP (numer protoko\u0142u internetowego) podczas pobytu na naszej stronie, zapisujemy te informacje, aby pom\u00f3c w zwalczaniu oszustw.<\/span><\/p>\n<p><span>Utrzymujemy administracyjne, techniczne i fizyczne zabezpieczenia w celu ochrony przed nieuprawnionym dost\u0119pem, wykorzystaniem, modyfikacj\u0105 i ujawnieniem danych osobowych znajduj\u0105cych si\u0119 pod nasz\u0105 opiek\u0105 i kontrol\u0105.<\/span><br>\n<span>U\u017cywamy plik\u00f3w cookie, aby stworzy\u0107 najlepsze do\u015bwiadczenia u\u017cytkownika na naszej stronie internetowej. Korzystaj\u0105c z tej strony wyra\u017casz zgod\u0119 na akceptacj\u0119 plik\u00f3w cookie z tej strony. Je\u015bli zarejestrujesz konto w naszym sklepie internetowym, b\u0119dziemy przechowywa\u0107 Twoje imi\u0119 i nazwisko, adres i dane kontaktowe, jak r\u00f3wnie\u017c wszelkie informacje dotycz\u0105ce z\u0142o\u017conych przez Ciebie zam\u00f3wie\u0144 z nast\u0119puj\u0105cych powod\u00f3w: Niezb\u0119dno\u015b\u0107 umowna (musimy przetwarza\u0107 Twoje dane osobowe, aby m\u00f3c wys\u0142a\u0107 Twoje zam\u00f3wienie) oraz zgodno\u015b\u0107 z obowi\u0105zkami prawnymi (Cele podatkowe \/ wype\u0142nianie deklaracji VAT).<\/span><\/p>\n<p><span>Je\u015bli chcesz otrzyma\u0107 kopi\u0119 swoich zapisanych danych lub je\u015bli chcesz, aby\u015bmy zaktualizowali Twoje dane lub je\u015bli chcesz usun\u0105\u0107 swoje dane, wy\u015blij e-mail z pro\u015bb\u0105 na adres: <\/span><a href=\"mailto:support@nukaseeds.com\">support@nukaseeds.com<\/a><span>. Nie mo\u017cemy usuwa\u0107 danych, kt\u00f3re jeste\u015bmy zobowi\u0105zani przechowywa\u0107 ze wzgl\u0119d\u00f3w administracyjnych, prawnych lub bezpiecze\u0144stwa.<\/span><\/p>\n<p><span>Stosujemy nast\u0119puj\u0105ce procedury ochrony danych: regularne tworzenie kopii zapasowych, ograniczenia dost\u0119pu, szyfrowanie, pseudonimizacja, minimalizacja danych oraz regularne testowanie wszystkich tych technik. Je\u015bli dojdzie do naruszenia ochrony danych, poinformujemy o tym u\u017cytkownika(\u00f3w), kt\u00f3rego(ych) dane dotycz\u0105, oraz odpowiedni organ nadzorczy nie p\u00f3\u017aniej ni\u017c 72 godziny po uzyskaniu informacji o takim naruszeniu.<\/span><\/p><\/div><div class=\"x-row e90373-e22 m1xqd-6 m1xqd-9 m1xqd-c m1xqd-d m1xqd-f m1xqd-h m1xqd-m\"><div class=\"x-row-inner\"><div class=\"x-col e90373-e23 m1xqd-n m1xqd-o\"><div class=\"x-text x-content e90373-e24 m1xqd-v m1xqd-w m1xqd-x m1xqd-12 m1xqd-13 m1xqd-14\">Je\u015bli masz jakiekolwiek pytania, nie wahaj si\u0119 z nami skontaktowa\u0107<\/div><div class=\"x-text x-content e90373-e25 m1xqd-w m1xqd-14 m1xqd-15 m1xqd-16 m1xqd-17\"><a class=\"wp-block-button__link has-white-color has-text-color has-background\" href=\"https:\/\/nukaseeds.pl\/kontakt\/\" rel=\"nofollow\" style=\"border-radius: 100px; background-color: #ff0042;\">Kontakt<\/a><\/div><\/div><div class=\"x-col e90373-e26 m1xqd-n m1xqd-o\"><span class=\"x-image e90373-e27 m1xqd-1b m1xqd-1d index100\"><img decoding=\"async\" src=\"https:\/\/nukaseeds.cz\/wp-content\/uploads\/2023\/01\/nuka-ninja-2.webp\" width=\"500\" height=\"595\" alt=\"Image\" loading=\"lazy\"><\/span><div class=\"x-text x-content e90373-e28 m1xqd-w m1xqd-14 m1xqd-15 m1xqd-17 m1xqd-18 m1xqd-19\"><a class=\"wp-block-button__link has-white-color has-text-color has-background\" href=\"https:\/\/nukaseeds.pl\/nasiona-marihuany\/\" style=\"border-radius: 100px; background-color: #ff0042;\">Nasiona konopi<\/a><\/div><div class=\"x-text x-content e90373-e29 m1xqd-w m1xqd-x m1xqd-13 m1xqd-17 m1xqd-19 m1xqd-1a obtazeni\">kup nasiona konopi Nuka, zapoznaj si\u0119 z nasz\u0105 ofert\u0105<\/div><\/div><\/div><\/div><\/div><\/div><\/div><\/div><\/div>","protected":false},"excerpt":{"rendered":"<p>Unglaublich strikt Datenschutzrichtlinie Polityka prywatno\u015bci Wszystkie podane dane osobowe, informacje o zakupionych towarach oraz wszelkie inne informacje dotycz\u0105ce u\u017cytkownika s\u0105 uwa\u017cane za ca\u0142kowicie poufne i zawsze b\u0119dziemy ich broni\u0107 i chroni\u0107 z pe\u0142nym szacunkiem. Wszystkie powierzone nam dane osobowe s\u0105 i b\u0119d\u0105 wykorzystywane wy\u0142\u0105cznie w celu realizacji Pa\u0144stwa zam\u00f3wie\u0144 oraz przetwarzania w naszym systemie niezb\u0119dnym do funkcjonowaniaCenimy Twoj\u0105 prywatno\u015b\u0107 Towar &#8230; <\/p>\n<div><a href=\"https:\/\/nukaseeds.cz\/de\/info-2\/datenschutzrichtlinie\/\" class=\"more-link\">Read More<\/a><\/div>\n","protected":false},"author":1,"featured_media":7405,"parent":90369,"menu_order":0,"comment_status":"closed","ping_status":"closed","template":"template-blank-1.php","meta":{"footnotes":""},"class_list":["post-90373","page","type-page","status-publish","has-post-thumbnail","hentry"],"yoast_head":"<!-- This site is optimized with the Yoast SEO plugin v26.6 - https:\/\/yoast.com\/wordpress\/plugins\/seo\/ -->\n<title>Datenschutzrichtlinie - Nuka Cannabis-Samen<\/title>\n<meta name=\"robots\" content=\"index, follow, max-snippet:-1, max-image-preview:large, max-video-preview:-1\" \/>\n<link rel=\"canonical\" href=\"https:\/\/nukaseeds.cz\/de\/info-2\/datenschutzrichtlinie\/\" \/>\n<meta property=\"og:locale\" content=\"de_DE\" \/>\n<meta property=\"og:type\" content=\"article\" \/>\n<meta property=\"og:title\" content=\"Datenschutzrichtlinie - Nuka Cannabis-Samen\" \/>\n<meta property=\"og:description\" content=\"Unglaublich strikt Datenschutzrichtlinie Polityka prywatno\u015bci Wszystkie podane dane osobowe, informacje o zakupionych towarach oraz wszelkie inne informacje dotycz\u0105ce u\u017cytkownika s\u0105 uwa\u017cane za ca\u0142kowicie poufne i zawsze b\u0119dziemy ich broni\u0107 i chroni\u0107 z pe\u0142nym szacunkiem. Wszystkie powierzone nam dane osobowe s\u0105 i b\u0119d\u0105 wykorzystywane wy\u0142\u0105cznie w celu realizacji Pa\u0144stwa zam\u00f3wie\u0144 oraz przetwarzania w naszym systemie niezb\u0119dnym do funkcjonowaniaCenimy Twoj\u0105 prywatno\u015b\u0107 Towar ... Read More\" \/>\n<meta property=\"og:url\" content=\"https:\/\/nukaseeds.cz\/de\/info-2\/datenschutzrichtlinie\/\" \/>\n<meta property=\"og:site_name\" content=\"Nuka Cannabis-Samen\" \/>\n<meta property=\"article:publisher\" content=\"https:\/\/www.facebook.com\/Nukaseeds\/\" \/>\n<meta property=\"article:modified_time\" content=\"2025-09-01T09:49:26+00:00\" \/>\n<meta property=\"og:image\" content=\"https:\/\/nukaseeds.cz\/wp-content\/uploads\/2021\/04\/nuka-seeds-privacy-bg.jpg\" \/>\n\t<meta property=\"og:image:width\" content=\"1250\" \/>\n\t<meta property=\"og:image:height\" content=\"1250\" \/>\n\t<meta property=\"og:image:type\" content=\"image\/jpeg\" \/>\n<meta name=\"twitter:card\" content=\"summary_large_image\" \/>\n<meta name=\"twitter:site\" content=\"@seeds_nuka\" \/>\n<meta name=\"twitter:label1\" content=\"Gesch\u00e4tzte Lesezeit\" \/>\n\t<meta name=\"twitter:data1\" content=\"3\u00a0Minuten\" \/>\n<script type=\"application\/ld+json\" class=\"yoast-schema-graph\">{\"@context\":\"https:\/\/schema.org\",\"@graph\":[{\"@type\":\"WebPage\",\"@id\":\"https:\/\/nukaseeds.cz\/de\/info-2\/datenschutzrichtlinie\/\",\"url\":\"https:\/\/nukaseeds.cz\/de\/info-2\/datenschutzrichtlinie\/\",\"name\":\"Datenschutzrichtlinie - Nuka Cannabis-Samen\",\"isPartOf\":{\"@id\":\"https:\/\/nukaseeds.cz\/de\/#website\"},\"primaryImageOfPage\":{\"@id\":\"https:\/\/nukaseeds.cz\/de\/info-2\/datenschutzrichtlinie\/#primaryimage\"},\"image\":{\"@id\":\"https:\/\/nukaseeds.cz\/de\/info-2\/datenschutzrichtlinie\/#primaryimage\"},\"thumbnailUrl\":\"https:\/\/nukaseeds.cz\/wp-content\/uploads\/2021\/04\/nuka-seeds-privacy-bg.jpg\",\"datePublished\":\"2021-04-05T12:59:31+00:00\",\"dateModified\":\"2025-09-01T09:49:26+00:00\",\"breadcrumb\":{\"@id\":\"https:\/\/nukaseeds.cz\/de\/info-2\/datenschutzrichtlinie\/#breadcrumb\"},\"inLanguage\":\"de\",\"potentialAction\":[{\"@type\":\"ReadAction\",\"target\":[\"https:\/\/nukaseeds.cz\/de\/info-2\/datenschutzrichtlinie\/\"]}]},{\"@type\":\"ImageObject\",\"inLanguage\":\"de\",\"@id\":\"https:\/\/nukaseeds.cz\/de\/info-2\/datenschutzrichtlinie\/#primaryimage\",\"url\":\"https:\/\/nukaseeds.cz\/wp-content\/uploads\/2021\/04\/nuka-seeds-privacy-bg.jpg\",\"contentUrl\":\"https:\/\/nukaseeds.cz\/wp-content\/uploads\/2021\/04\/nuka-seeds-privacy-bg.jpg\",\"width\":1250,\"height\":1250,\"caption\":\"Nuka seeds privacy bg\"},{\"@type\":\"BreadcrumbList\",\"@id\":\"https:\/\/nukaseeds.cz\/de\/info-2\/datenschutzrichtlinie\/#breadcrumb\",\"itemListElement\":[{\"@type\":\"ListItem\",\"position\":1,\"name\":\"Home\",\"item\":\"https:\/\/nukaseeds.cz\/de\/growshop-nukaseeds-cz-hanfsamen\/\"},{\"@type\":\"ListItem\",\"position\":2,\"name\":\"Info\",\"item\":\"https:\/\/nukaseeds.cz\/de\/info-2\/\"},{\"@type\":\"ListItem\",\"position\":3,\"name\":\"Datenschutzrichtlinie\"}]},{\"@type\":\"WebSite\",\"@id\":\"https:\/\/nukaseeds.cz\/de\/#website\",\"url\":\"https:\/\/nukaseeds.cz\/de\/\",\"name\":\"Nuka Seeds Bank\",\"description\":\"Cannabis-Samen kaufen, Marihuana-Samen kaufen\",\"publisher\":{\"@id\":\"https:\/\/nukaseeds.cz\/de\/#organization\"},\"alternateName\":\"NukaSeeds cannabis seed bank\",\"potentialAction\":[{\"@type\":\"SearchAction\",\"target\":{\"@type\":\"EntryPoint\",\"urlTemplate\":\"https:\/\/nukaseeds.cz\/de\/?s={search_term_string}\"},\"query-input\":{\"@type\":\"PropertyValueSpecification\",\"valueRequired\":true,\"valueName\":\"search_term_string\"}}],\"inLanguage\":\"de\"},{\"@type\":\"Organization\",\"@id\":\"https:\/\/nukaseeds.cz\/de\/#organization\",\"name\":\"Nuka Trade s.r.o.\",\"url\":\"https:\/\/nukaseeds.cz\/de\/\",\"logo\":{\"@type\":\"ImageObject\",\"inLanguage\":\"de\",\"@id\":\"https:\/\/nukaseeds.cz\/de\/#\/schema\/logo\/image\/\",\"url\":\"https:\/\/i0.wp.com\/nukaseeds.cz\/wp-content\/uploads\/2021\/11\/nuka-seeds-logo-vector-neon-8-production.png?fit=2142%2C1457&quality=70&ssl=1\",\"contentUrl\":\"https:\/\/i0.wp.com\/nukaseeds.cz\/wp-content\/uploads\/2021\/11\/nuka-seeds-logo-vector-neon-8-production.png?fit=2142%2C1457&quality=70&ssl=1\",\"width\":2142,\"height\":1457,\"caption\":\"Nuka Trade s.r.o.\"},\"image\":{\"@id\":\"https:\/\/nukaseeds.cz\/de\/#\/schema\/logo\/image\/\"},\"sameAs\":[\"https:\/\/www.facebook.com\/Nukaseeds\/\",\"https:\/\/x.com\/seeds_nuka\",\"https:\/\/www.instagram.com\/nukaseeds\/\",\"https:\/\/www.youtube.com\/@nukaseeds1167\",\"https:\/\/www.tumblr.com\/nukaseeds\",\"https:\/\/www.linkedin.com\/company\/nukaseeds-ltd\/\",\"https:\/\/cz.pinterest.com\/Nukaseeds\/\"]}]}<\/script>\n<!-- \/ Yoast SEO plugin. -->","yoast_head_json":{"title":"Datenschutzrichtlinie - Nuka Cannabis-Samen","robots":{"index":"index","follow":"follow","max-snippet":"max-snippet:-1","max-image-preview":"max-image-preview:large","max-video-preview":"max-video-preview:-1"},"canonical":"https:\/\/nukaseeds.cz\/de\/info-2\/datenschutzrichtlinie\/","og_locale":"de_DE","og_type":"article","og_title":"Datenschutzrichtlinie - Nuka Cannabis-Samen","og_description":"Unglaublich strikt Datenschutzrichtlinie Polityka prywatno\u015bci Wszystkie podane dane osobowe, informacje o zakupionych towarach oraz wszelkie inne informacje dotycz\u0105ce u\u017cytkownika s\u0105 uwa\u017cane za ca\u0142kowicie poufne i zawsze b\u0119dziemy ich broni\u0107 i chroni\u0107 z pe\u0142nym szacunkiem. Wszystkie powierzone nam dane osobowe s\u0105 i b\u0119d\u0105 wykorzystywane wy\u0142\u0105cznie w celu realizacji Pa\u0144stwa zam\u00f3wie\u0144 oraz przetwarzania w naszym systemie niezb\u0119dnym do funkcjonowaniaCenimy Twoj\u0105 prywatno\u015b\u0107 Towar ... Read More","og_url":"https:\/\/nukaseeds.cz\/de\/info-2\/datenschutzrichtlinie\/","og_site_name":"Nuka Cannabis-Samen","article_publisher":"https:\/\/www.facebook.com\/Nukaseeds\/","article_modified_time":"2025-09-01T09:49:26+00:00","og_image":[{"width":1250,"height":1250,"url":"https:\/\/nukaseeds.cz\/wp-content\/uploads\/2021\/04\/nuka-seeds-privacy-bg.jpg","type":"image\/jpeg"}],"twitter_card":"summary_large_image","twitter_site":"@seeds_nuka","twitter_misc":{"Gesch\u00e4tzte Lesezeit":"3\u00a0Minuten"},"schema":{"@context":"https:\/\/schema.org","@graph":[{"@type":"WebPage","@id":"https:\/\/nukaseeds.cz\/de\/info-2\/datenschutzrichtlinie\/","url":"https:\/\/nukaseeds.cz\/de\/info-2\/datenschutzrichtlinie\/","name":"Datenschutzrichtlinie - Nuka Cannabis-Samen","isPartOf":{"@id":"https:\/\/nukaseeds.cz\/de\/#website"},"primaryImageOfPage":{"@id":"https:\/\/nukaseeds.cz\/de\/info-2\/datenschutzrichtlinie\/#primaryimage"},"image":{"@id":"https:\/\/nukaseeds.cz\/de\/info-2\/datenschutzrichtlinie\/#primaryimage"},"thumbnailUrl":"https:\/\/nukaseeds.cz\/wp-content\/uploads\/2021\/04\/nuka-seeds-privacy-bg.jpg","datePublished":"2021-04-05T12:59:31+00:00","dateModified":"2025-09-01T09:49:26+00:00","breadcrumb":{"@id":"https:\/\/nukaseeds.cz\/de\/info-2\/datenschutzrichtlinie\/#breadcrumb"},"inLanguage":"de","potentialAction":[{"@type":"ReadAction","target":["https:\/\/nukaseeds.cz\/de\/info-2\/datenschutzrichtlinie\/"]}]},{"@type":"ImageObject","inLanguage":"de","@id":"https:\/\/nukaseeds.cz\/de\/info-2\/datenschutzrichtlinie\/#primaryimage","url":"https:\/\/nukaseeds.cz\/wp-content\/uploads\/2021\/04\/nuka-seeds-privacy-bg.jpg","contentUrl":"https:\/\/nukaseeds.cz\/wp-content\/uploads\/2021\/04\/nuka-seeds-privacy-bg.jpg","width":1250,"height":1250,"caption":"Nuka seeds privacy bg"},{"@type":"BreadcrumbList","@id":"https:\/\/nukaseeds.cz\/de\/info-2\/datenschutzrichtlinie\/#breadcrumb","itemListElement":[{"@type":"ListItem","position":1,"name":"Home","item":"https:\/\/nukaseeds.cz\/de\/growshop-nukaseeds-cz-hanfsamen\/"},{"@type":"ListItem","position":2,"name":"Info","item":"https:\/\/nukaseeds.cz\/de\/info-2\/"},{"@type":"ListItem","position":3,"name":"Datenschutzrichtlinie"}]},{"@type":"WebSite","@id":"https:\/\/nukaseeds.cz\/de\/#website","url":"https:\/\/nukaseeds.cz\/de\/","name":"Nuka Seeds Bank","description":"Cannabis-Samen kaufen, Marihuana-Samen kaufen","publisher":{"@id":"https:\/\/nukaseeds.cz\/de\/#organization"},"alternateName":"NukaSeeds cannabis seed bank","potentialAction":[{"@type":"SearchAction","target":{"@type":"EntryPoint","urlTemplate":"https:\/\/nukaseeds.cz\/de\/?s={search_term_string}"},"query-input":{"@type":"PropertyValueSpecification","valueRequired":true,"valueName":"search_term_string"}}],"inLanguage":"de"},{"@type":"Organization","@id":"https:\/\/nukaseeds.cz\/de\/#organization","name":"Nuka Trade s.r.o.","url":"https:\/\/nukaseeds.cz\/de\/","logo":{"@type":"ImageObject","inLanguage":"de","@id":"https:\/\/nukaseeds.cz\/de\/#\/schema\/logo\/image\/","url":"https:\/\/i0.wp.com\/nukaseeds.cz\/wp-content\/uploads\/2021\/11\/nuka-seeds-logo-vector-neon-8-production.png?fit=2142%2C1457&quality=70&ssl=1","contentUrl":"https:\/\/i0.wp.com\/nukaseeds.cz\/wp-content\/uploads\/2021\/11\/nuka-seeds-logo-vector-neon-8-production.png?fit=2142%2C1457&quality=70&ssl=1","width":2142,"height":1457,"caption":"Nuka Trade s.r.o."},"image":{"@id":"https:\/\/nukaseeds.cz\/de\/#\/schema\/logo\/image\/"},"sameAs":["https:\/\/www.facebook.com\/Nukaseeds\/","https:\/\/x.com\/seeds_nuka","https:\/\/www.instagram.com\/nukaseeds\/","https:\/\/www.youtube.com\/@nukaseeds1167","https:\/\/www.tumblr.com\/nukaseeds","https:\/\/www.linkedin.com\/company\/nukaseeds-ltd\/","https:\/\/cz.pinterest.com\/Nukaseeds\/"]}]}},"_links":{"self":[{"href":"https:\/\/nukaseeds.cz\/de\/wp-json\/wp\/v2\/pages\/90373","targetHints":{"allow":["GET"]}}],"collection":[{"href":"https:\/\/nukaseeds.cz\/de\/wp-json\/wp\/v2\/pages"}],"about":[{"href":"https:\/\/nukaseeds.cz\/de\/wp-json\/wp\/v2\/types\/page"}],"author":[{"embeddable":true,"href":"https:\/\/nukaseeds.cz\/de\/wp-json\/wp\/v2\/users\/1"}],"replies":[{"embeddable":true,"href":"https:\/\/nukaseeds.cz\/de\/wp-json\/wp\/v2\/comments?post=90373"}],"version-history":[{"count":2,"href":"https:\/\/nukaseeds.cz\/de\/wp-json\/wp\/v2\/pages\/90373\/revisions"}],"predecessor-version":[{"id":90394,"href":"https:\/\/nukaseeds.cz\/de\/wp-json\/wp\/v2\/pages\/90373\/revisions\/90394"}],"up":[{"embeddable":true,"href":"https:\/\/nukaseeds.cz\/de\/wp-json\/wp\/v2\/pages\/90369"}],"wp:featuredmedia":[{"embeddable":true,"href":"https:\/\/nukaseeds.cz\/de\/wp-json\/wp\/v2\/media\/7405"}],"wp:attachment":[{"href":"https:\/\/nukaseeds.cz\/de\/wp-json\/wp\/v2\/media?parent=90373"}],"curies":[{"name":"wp","href":"https:\/\/api.w.org\/{rel}","templated":true}]}}