{"id":90377,"date":"2021-04-06T15:54:49","date_gmt":"2021-04-06T13:54:49","guid":{"rendered":"http:\/\/nukaseeds.cz\/info-2\/bewertungen-und-referenzen\/"},"modified":"2025-09-01T11:49:27","modified_gmt":"2025-09-01T09:49:27","slug":"bewertungen-und-referenzen","status":"publish","type":"page","link":"https:\/\/nukaseeds.cz\/de\/info-2\/bewertungen-und-referenzen\/","title":{"rendered":"Bewertungen und Referenzen"},"content":{"rendered":"<div id=\"cs-content\" class=\"cs-content\"><section class=\"x-section e90377-e1 m1xqh-0 m1xqh-1\"><div class=\"x-row x-container max width e90377-e2 m1xqh-b m1xqh-c m1xqh-d m1xqh-e m1xqh-j m1xqh-k\"><div class=\"x-row-inner\"><div class=\"x-col e90377-e3 m1xqh-o m1xqh-p m1xqh-q m1xqh-r\"><div class=\"x-text x-text-headline e90377-e4 m1xqh-v m1xqh-w m1xqh-x m1xqh-y m1xqh-z m1xqh-10 m1xqh-11 m1xqh-12\"><div class=\"x-text-content\"><div class=\"x-text-content-text\"><h1 class=\"x-text-content-text-primary\">Recenzje i referencje<\/h1>\n<\/div><\/div><\/div><div class=\"x-text x-text-headline e90377-e5 m1xqh-w m1xqh-x m1xqh-z m1xqh-13 m1xqh-14 m1xqh-15 m1xqh-3\"><div class=\"x-text-content\"><div class=\"x-text-content-text\"><h2 class=\"x-text-content-text-primary\">wi\u0119c co m\u00f3wi\u0105 inni?<\/h2>\n<\/div><\/div><\/div><\/div><\/div><\/div><div class=\"x-row x-container max width e90377-e6 m1xqh-b m1xqh-c m1xqh-d m1xqh-f m1xqh-g m1xqh-l\"><div class=\"x-row-inner\"><div class=\"x-col e90377-e7 m1xqh-o m1xqh-p m1xqh-q m1xqh-s m1xqh-t m1xqh-4\"><span class=\"x-image e90377-e8 m1xqh-19 m1xqh-1a m1xqh-1b m1xqh-5\" data-x-effect=\"{&quot;animationAlt&quot;:&quot;shakeY&quot;}\"><img decoding=\"async\" src=\"https:\/\/nukaseeds.cz\/wp-content\/uploads\/2021\/04\/gustav-nuka-seeds-300x300.jpg\" width=\"150\" height=\"150\" alt=\"Leah Stevens\" loading=\"lazy\"><\/span><div class=\"x-text x-text-headline e90377-e9 m1xqh-v m1xqh-w m1xqh-x m1xqh-y m1xqh-15 m1xqh-16\"><div class=\"x-text-content\"><div class=\"x-text-content-text\"><p class=\"x-text-content-text-primary\">Gustav<\/p>\n<\/div><\/div><\/div><div class=\"x-text x-content e90377-e10 m1xqh-1f m1xqh-1g m1xqh-1h m1xqh-1i m1xqh-1j m1xqh-1k\"><span style=\"color: #ffffff;\">- Masz tak wiele za tak niewiele. Nie potrzeba s\u0142\u00f3w. Kocham to.<\/span><\/div><\/div><\/div><\/div><\/section><div class=\"x-section e90377-e11 m1xqh-1 m1xqh-2\"><div class=\"x-grid x-container max width e90377-e12 m1xqh-1z m1xqh-20\"><div class=\"x-cell e90377-e13 m1xqh-22 m1xqh-23 m1xqh-24 m1xqh-25 m1xqh-26 m1xqh-27\"><div class=\"x-grid e90377-e14 m1xqh-1z m1xqh-21\"><div class=\"x-cell e90377-e15 m1xqh-26 m1xqh-28 m1xqh-29 m1xqh-2a\"><div class=\"x-text x-content e90377-e16 m1xqh-1f m1xqh-1k m1xqh-1l m1xqh-1m m1xqh-1n m1xqh-1o m1xqh-1p obtazeni\"><p><strong>\"- W\u0142a\u015bnie kupi\u0142em odmian\u0119 Cleopatra. Dor\u0119czyciele nie przej\u0119li si\u0119 zbytnio, bo pude\u0142ko mia\u0142o kilka zadrapa\u0144. Na szcz\u0119\u015bcie nie ma to wp\u0142ywu na kie\u0142kowanie. Jestem z niego bardzo zadowolony, a Megaton jest ju\u017c w drodze.<\/strong><strong>\"<\/strong><\/p>\n<p><span style=\"color: #ff9900;\"><em>-Bethany<\/em><\/span><\/p><\/div><\/div><div class=\"x-cell e90377-e17 m1xqh-26 m1xqh-27 m1xqh-2b m1xqh-2c m1xqh-2d\"><span class=\"x-image e90377-e18 m1xqh-1a m1xqh-1c m1xqh-1d m1xqh-5 m1xqh-6 m1xqh-7\" data-x-effect=\"{&quot;durationBase&quot;:&quot;300ms&quot;}\"><img decoding=\"async\" src=\"https:\/\/nukaseeds.cz\/wp-content\/uploads\/2021\/04\/bethany-nuka-seeds-300x300.jpg\" width=\"150\" height=\"150\" alt=\"Bethany Nuka seeds customer\" loading=\"lazy\"><\/span><\/div><\/div><\/div><div class=\"x-cell e90377-e19 m1xqh-22 m1xqh-25 m1xqh-26 m1xqh-27 m1xqh-2c m1xqh-2e m1xqh-2f\"><div class=\"x-grid e90377-e20 m1xqh-1z m1xqh-21\"><div class=\"x-cell e90377-e21 m1xqh-26 m1xqh-29 m1xqh-2a m1xqh-2b m1xqh-2g\"><div class=\"x-text x-content e90377-e22 m1xqh-1f m1xqh-1k m1xqh-1l m1xqh-1m m1xqh-1n m1xqh-1o m1xqh-1q obtazeni\"><p><strong>\"- Trzeci tydzie\u0144 uprawy. Wszystkie ro\u015bliny wygl\u0105daj\u0105 dok\u0142adnie tak samo. Dobra robota Nuka Seeds.<\/strong><strong>\"<\/strong><\/p>\n<p><span style=\"color: #ff9900;\"><em>-Thomas<\/em><\/span><\/p><\/div><\/div><div class=\"x-cell e90377-e23 m1xqh-26 m1xqh-28 m1xqh-2c m1xqh-2d m1xqh-2g m1xqh-2h\"><span class=\"x-image e90377-e24 m1xqh-1a m1xqh-1c m1xqh-1d m1xqh-5 m1xqh-6 m1xqh-7\" data-x-effect=\"{&quot;durationBase&quot;:&quot;300ms&quot;}\"><img decoding=\"async\" src=\"https:\/\/nukaseeds.cz\/wp-content\/uploads\/2021\/04\/thomas-nuka-seeds-300x300.jpg\" width=\"150\" height=\"150\" alt=\"Thomas Nuka seeds customer\" loading=\"lazy\"><\/span><\/div><\/div><\/div><div class=\"x-cell e90377-e25 m1xqh-22 m1xqh-23 m1xqh-26 m1xqh-27 m1xqh-29 m1xqh-2i\"><div class=\"x-grid e90377-e26 m1xqh-1z m1xqh-21\"><div class=\"x-cell e90377-e27 m1xqh-26 m1xqh-29 m1xqh-2a m1xqh-2b\"><div class=\"x-text x-content e90377-e28 m1xqh-1f m1xqh-1k m1xqh-1l m1xqh-1m m1xqh-1o m1xqh-1r m1xqh-1s obtazeni\"><p><strong>\"- Chosen Cleopatra, bo CBD jest dobre dla kwestii b\u00f3lowych zwi\u0105zanych z moimi stawami i b\u00f3lami mi\u0119\u015bni. BTW opakowanie jest niesamowite.<\/strong><strong>\"<\/strong><\/p>\n<p><span style=\"color: #ff9900;\"><em>-Kevin<\/em><\/span><\/p><\/div><\/div><div class=\"x-cell e90377-e29 m1xqh-26 m1xqh-27 m1xqh-28 m1xqh-2c m1xqh-2d\"><span class=\"x-image e90377-e30 m1xqh-1a m1xqh-1c m1xqh-1d m1xqh-5 m1xqh-6 m1xqh-7\" data-x-effect=\"{&quot;durationBase&quot;:&quot;300ms&quot;}\"><img decoding=\"async\" src=\"https:\/\/nukaseeds.cz\/wp-content\/uploads\/2021\/04\/kevin-nuka-seeds-300x300.jpg\" width=\"150\" height=\"150\" alt=\"Kevin Nuka seeds customer\" loading=\"lazy\"><\/span><\/div><\/div><\/div><div class=\"x-cell e90377-e31 m1xqh-22 m1xqh-26 m1xqh-27 m1xqh-2e m1xqh-2j\"><div class=\"x-grid e90377-e32 m1xqh-1z m1xqh-21\"><div class=\"x-cell e90377-e33 m1xqh-26 m1xqh-29 m1xqh-2a m1xqh-2b\"><div class=\"x-text x-content e90377-e34 m1xqh-1f m1xqh-1k m1xqh-1l m1xqh-1m m1xqh-1n m1xqh-1o m1xqh-1s obtazeni\"><p><strong>\"- \u015awietnie, nigdy nie widzia\u0142em tak hojnego opakowania w \u017cadnym banku. Pude\u0142ko stoi ju\u017c na p\u00f3\u0142ce, a nasiona s\u0105 w wodzie, czekam z niecierpliwo\u015bci\u0105 co si\u0119 wydarzy.<\/strong><strong>\"<\/strong><\/p>\n<p><span style=\"color: #ff9900;\"><em>-Ella<\/em><\/span><\/p><\/div><\/div><div class=\"x-cell e90377-e35 m1xqh-26 m1xqh-27 m1xqh-28 m1xqh-2c m1xqh-2d\"><span class=\"x-image e90377-e36 m1xqh-1a m1xqh-1c m1xqh-1d m1xqh-5 m1xqh-6 m1xqh-7\" data-x-effect=\"{&quot;durationBase&quot;:&quot;300ms&quot;}\"><img decoding=\"async\" src=\"https:\/\/nukaseeds.cz\/wp-content\/uploads\/2021\/04\/ella-nuka-seeds-300x300.jpg\" width=\"150\" height=\"150\" alt=\"Ella Nuka seeds customer\" loading=\"lazy\"><\/span><\/div><\/div><\/div><div class=\"x-cell e90377-e37 m1xqh-22 m1xqh-23 m1xqh-26 m1xqh-27 m1xqh-2j\"><div class=\"x-grid e90377-e38 m1xqh-1z m1xqh-21\"><div class=\"x-cell e90377-e39 m1xqh-26 m1xqh-29 m1xqh-2a m1xqh-2b m1xqh-2g\"><div class=\"x-text x-content e90377-e40 m1xqh-1f m1xqh-1k m1xqh-1l m1xqh-1m m1xqh-1n m1xqh-1o m1xqh-1q obtazeni\"><p><strong>\"- Robi\u0119 marihuan\u0119 tylko do stosowania miejscowego, wi\u0119c jestem jej ciekaw. Mam te ro\u015bliny na zewn\u0105trz. Zdolno\u015b\u0107 kie\u0142kowania 9\/10. By\u0142am zadowolona z prezent\u00f3w, a zw\u0142aszcza z etykiet.<\/strong><strong>\"<\/strong><\/p>\n<p><span style=\"color: #ff9900;\"><em>-Ilja<\/em><\/span><\/p><\/div><\/div><div class=\"x-cell e90377-e41 m1xqh-26 m1xqh-27 m1xqh-28 m1xqh-2c m1xqh-2d m1xqh-2g\"><span class=\"x-image e90377-e42 m1xqh-1a m1xqh-1c m1xqh-1d m1xqh-5 m1xqh-6 m1xqh-7\" data-x-effect=\"{&quot;durationBase&quot;:&quot;300ms&quot;}\"><img decoding=\"async\" src=\"https:\/\/nukaseeds.cz\/wp-content\/uploads\/2021\/04\/ilja-nuka-seeds-300x300.jpg\" width=\"150\" height=\"150\" alt=\"Image\" loading=\"lazy\"><\/span><\/div><\/div><\/div><div class=\"x-cell e90377-e43 m1xqh-22 m1xqh-26 m1xqh-27 m1xqh-2e m1xqh-2j\"><div class=\"x-grid e90377-e44 m1xqh-1z m1xqh-21\"><div class=\"x-cell e90377-e45 m1xqh-26 m1xqh-28 m1xqh-29 m1xqh-2a\"><div class=\"x-text x-content e90377-e46 m1xqh-1f m1xqh-1k m1xqh-1l m1xqh-1m m1xqh-1n m1xqh-1o m1xqh-1p obtazeni\"><p><strong>\"- M\u00f3j przyjaciel poleci\u0142 mi odmian\u0119 Paradox. Ro\u015bnie jak b\u00f3g. Naklejka w jednym miejscu by\u0142a odklejona, ale to poniek\u0105d moja wina :D. 10szt. nast\u0119pnym razem.<br>\n<\/strong><strong>\"<\/strong><\/p>\n<p><span style=\"color: #ff9900;\"><em>-Remi<\/em><\/span><\/p><\/div><\/div><div class=\"x-cell e90377-e47 m1xqh-26 m1xqh-27 m1xqh-2b m1xqh-2c m1xqh-2d\"><span class=\"x-image e90377-e48 m1xqh-1a m1xqh-1c m1xqh-1d m1xqh-5 m1xqh-6 m1xqh-7\" data-x-effect=\"{&quot;durationBase&quot;:&quot;300ms&quot;}\"><img decoding=\"async\" src=\"https:\/\/nukaseeds.cz\/wp-content\/uploads\/2021\/04\/remi-nuka-seeds-300x300.jpg\" width=\"150\" height=\"150\" alt=\"Remi Nuka seeds customer\" loading=\"lazy\"><\/span><\/div><\/div><\/div><div class=\"x-cell e90377-e49 m1xqh-22 m1xqh-23 m1xqh-26 m1xqh-27 m1xqh-2j\"><div class=\"x-grid e90377-e50 m1xqh-1z m1xqh-21\"><div class=\"x-cell e90377-e51 m1xqh-26 m1xqh-29 m1xqh-2a m1xqh-2b\"><div class=\"x-text x-content e90377-e52 m1xqh-1f m1xqh-1k m1xqh-1l m1xqh-1m m1xqh-1n m1xqh-1o m1xqh-1s obtazeni\"><p><strong>\"- Pude\u0142ko i prezenty mnie dopad\u0142y. Kie\u0142kowanie ponadprzeci\u0119tne. Gor\u0105co polecam Nuka Seeds dla tych, kt\u00f3rzy szukaj\u0105 dobrych nasion i czego\u015b ekstra z nimi.<\/strong><strong>\"<\/strong><\/p>\n<p><span style=\"color: #ff9900;\"><em>-Jeannine<\/em><\/span><\/p><\/div><\/div><div class=\"x-cell e90377-e53 m1xqh-26 m1xqh-27 m1xqh-28 m1xqh-2c m1xqh-2d\"><span class=\"x-image e90377-e54 m1xqh-1a m1xqh-1c m1xqh-1d m1xqh-5 m1xqh-6 m1xqh-7\" data-x-effect=\"{&quot;durationBase&quot;:&quot;300ms&quot;}\"><img decoding=\"async\" src=\"https:\/\/nukaseeds.cz\/wp-content\/uploads\/2021\/04\/jeannine-nuka-seeds-300x300.jpg\" width=\"150\" height=\"150\" alt=\"Jeannine Nuka seeds customer\" loading=\"lazy\"><\/span><\/div><\/div><\/div><div class=\"x-cell e90377-e55 m1xqh-22 m1xqh-26 m1xqh-27 m1xqh-2e m1xqh-2j\"><div class=\"x-grid e90377-e56 m1xqh-1z m1xqh-21\"><div class=\"x-cell e90377-e57 m1xqh-26 m1xqh-29 m1xqh-2a m1xqh-2b m1xqh-2g\"><div class=\"x-text x-content e90377-e58 m1xqh-1f m1xqh-1k m1xqh-1l m1xqh-1m m1xqh-1n m1xqh-1o m1xqh-1q obtazeni\"><p><strong>\"- Szybko\u015b\u0107 kie\u0142kowania powy\u017cej tabeli. Niekonwencjonalne opakowanie zdecydowanie zalecane. Czas dostawy trwa\u0142 d\u0142u\u017cej ni\u017c oczekiwano, ale to nie musi by\u0107 wina banku nasion.<\/strong><strong>\"<\/strong><\/p>\n<p><span style=\"color: #ff9900;\"><em>-Paul<\/em><\/span><\/p><\/div><\/div><div class=\"x-cell e90377-e59 m1xqh-26 m1xqh-27 m1xqh-28 m1xqh-2c m1xqh-2d m1xqh-2g\"><span class=\"x-image e90377-e60 m1xqh-1a m1xqh-1c m1xqh-1d m1xqh-5 m1xqh-6 m1xqh-7\" data-x-effect=\"{&quot;durationBase&quot;:&quot;300ms&quot;}\"><img decoding=\"async\" src=\"https:\/\/nukaseeds.cz\/wp-content\/uploads\/2021\/04\/paul-nuka-seeds-300x300.jpg\" width=\"150\" height=\"150\" alt=\"Paul Nuka seeds customer\" loading=\"lazy\"><\/span><\/div><\/div><\/div><div class=\"x-cell e90377-e61 m1xqh-22 m1xqh-23 m1xqh-26 m1xqh-27 m1xqh-2j\"><div class=\"x-grid e90377-e62 m1xqh-1z m1xqh-21\"><div class=\"x-cell e90377-e63 m1xqh-26 m1xqh-28 m1xqh-29 m1xqh-2a\"><div class=\"x-text x-content e90377-e64 m1xqh-1f m1xqh-1k m1xqh-1l m1xqh-1m m1xqh-1n m1xqh-1o m1xqh-1p obtazeni\"><p><strong>\"- Robi\u0119 to po raz pierwszy i to jest niesamowite. Z niecierpliwo\u015bci\u0105 czekam na inne modele.<\/strong><strong>\"<\/strong><\/p>\n<p><span style=\"color: #ff9900;\"><em>-Piekarnik<\/em><\/span><\/p><\/div><\/div><div class=\"x-cell e90377-e65 m1xqh-26 m1xqh-27 m1xqh-2b m1xqh-2c m1xqh-2d\"><span class=\"x-image e90377-e66 m1xqh-1a m1xqh-1c m1xqh-1d m1xqh-5 m1xqh-6 m1xqh-7\" data-x-effect=\"{&quot;durationBase&quot;:&quot;300ms&quot;}\"><img decoding=\"async\" src=\"https:\/\/nukaseeds.cz\/wp-content\/uploads\/2021\/04\/oven-nuka-seeds-300x300.jpg\" width=\"150\" height=\"150\" alt=\"Image\" loading=\"lazy\"><\/span><\/div><\/div><\/div><\/div><div class=\"x-row x-container max width e90377-e67 m1xqh-c m1xqh-d m1xqh-e m1xqh-h m1xqh-j m1xqh-m\"><div class=\"x-row-inner\"><div class=\"x-col e90377-e68 m1xqh-q m1xqh-r\"><div class=\"x-text x-text-headline e90377-e69 m1xqh-w m1xqh-x m1xqh-y m1xqh-z m1xqh-11 m1xqh-12 m1xqh-15 m1xqh-17\"><div class=\"x-text-content\"><div class=\"x-text-content-text\"><p class=\"x-text-content-text-primary\">Obrazy zosta\u0142y <a href=\"https:\/\/generated.photos\/anonymizer\" target=\"_blank\" rel=\"noopener\">zanonimizowane<\/a><\/p>\n<\/div><\/div><\/div><\/div><\/div><\/div><\/div><div class=\"x-section e90377-e70 m1xqh-1 m1xqh-2\"><div class=\"x-row x-container max width e90377-e71 m1xqh-b m1xqh-c m1xqh-f m1xqh-i m1xqh-n\"><div class=\"x-row-inner\"><div class=\"x-col e90377-e72 m1xqh-o m1xqh-q m1xqh-s m1xqh-u m1xqh-8\"><div class=\"x-text x-content e90377-e73 m1xqh-1f m1xqh-1g m1xqh-1h m1xqh-1k m1xqh-1o m1xqh-1t m1xqh-1u m1xqh-1v m1xqh-1w\">Wy\u015blij nam swoj\u0105 recenzj\u0119 i otrzymaj nagrod\u0119<\/div><div class=\"x-text x-content e90377-e74 m1xqh-1f m1xqh-1g m1xqh-1i m1xqh-1k m1xqh-1m m1xqh-1o m1xqh-1v m1xqh-1w m1xqh-1x\">Lub je\u015bli masz jakie\u015b inne pytania<\/div><div class=\"x-text x-content e90377-e75 m1xqh-1f m1xqh-1t m1xqh-1v m1xqh-1y\"><a class=\"wp-block-button__link has-white-color has-text-color has-background\" href=\"https:\/\/nukaseeds.pl\/kontakt\/\" style=\"border-radius: 100px; background-color: #ff0042;\">Kontakt<\/a><\/div><\/div><div class=\"x-col e90377-e76 m1xqh-q m1xqh-r m1xqh-9\"><div class=\"x-text x-text-headline e90377-e77 m1xqh-w m1xqh-y m1xqh-z m1xqh-11 m1xqh-14 m1xqh-15 m1xqh-18\"><div class=\"x-text-content\"><div class=\"x-text-content-text\"><h2 class=\"x-text-content-text-primary\">Zatwierdzam<\/h2>\n<\/div><\/div><\/div><span class=\"x-image e90377-e78 m1xqh-1a m1xqh-1b m1xqh-1d m1xqh-1e m1xqh-5 m1xqh-7 m1xqh-a\" data-x-effect=\"{&quot;durationBase&quot;:&quot;300ms&quot;}\"><img decoding=\"async\" src=\"https:\/\/nukaseeds.cz\/wp-content\/uploads\/2023\/06\/smiling-with-cannabis.webp\" width=\"798\" height=\"880\" alt=\"cannabis lady illustration\" loading=\"lazy\"><\/span><\/div><\/div><\/div><\/div><\/div>","protected":false},"excerpt":{"rendered":"<p>Recenzje i referencje wi\u0119c co m\u00f3wi\u0105 inni? Gustav &#8211; Masz tak wiele za tak niewiele. Nie potrzeba s\u0142\u00f3w. Kocham to.&#8220;- W\u0142a\u015bnie kupi\u0142em odmian\u0119 Cleopatra. Dor\u0119czyciele nie przej\u0119li si\u0119 zbytnio, bo pude\u0142ko mia\u0142o kilka zadrapa\u0144. Na szcz\u0119\u015bcie nie ma to wp\u0142ywu na kie\u0142kowanie. Jestem z niego bardzo zadowolony, a Megaton jest ju\u017c w drodze.&#8220; -Bethany&#8220;- Trzeci tydzie\u0144 uprawy. Wszystkie ro\u015bliny wygl\u0105daj\u0105 &#8230; <\/p>\n<div><a href=\"https:\/\/nukaseeds.cz\/de\/info-2\/bewertungen-und-referenzen\/\" class=\"more-link\">Read More<\/a><\/div>\n","protected":false},"author":1,"featured_media":7490,"parent":90369,"menu_order":0,"comment_status":"closed","ping_status":"closed","template":"template-blank-1.php","meta":{"footnotes":""},"class_list":["post-90377","page","type-page","status-publish","has-post-thumbnail","hentry"],"yoast_head":"<!-- This site is optimized with the Yoast SEO plugin v26.6 - https:\/\/yoast.com\/wordpress\/plugins\/seo\/ -->\n<title>Bewertungen und Referenzen - Nuka Cannabis-Samen<\/title>\n<meta name=\"robots\" content=\"index, follow, max-snippet:-1, max-image-preview:large, max-video-preview:-1\" \/>\n<link rel=\"canonical\" href=\"https:\/\/nukaseeds.cz\/de\/info-2\/bewertungen-und-referenzen\/\" \/>\n<meta property=\"og:locale\" content=\"de_DE\" \/>\n<meta property=\"og:type\" content=\"article\" \/>\n<meta property=\"og:title\" content=\"Bewertungen und Referenzen - Nuka Cannabis-Samen\" \/>\n<meta property=\"og:description\" content=\"Recenzje i referencje wi\u0119c co m\u00f3wi\u0105 inni? Gustav - Masz tak wiele za tak niewiele. Nie potrzeba s\u0142\u00f3w. Kocham to.&quot;- W\u0142a\u015bnie kupi\u0142em odmian\u0119 Cleopatra. Dor\u0119czyciele nie przej\u0119li si\u0119 zbytnio, bo pude\u0142ko mia\u0142o kilka zadrapa\u0144. Na szcz\u0119\u015bcie nie ma to wp\u0142ywu na kie\u0142kowanie. Jestem z niego bardzo zadowolony, a Megaton jest ju\u017c w drodze.&quot; -Bethany&quot;- Trzeci tydzie\u0144 uprawy. Wszystkie ro\u015bliny wygl\u0105daj\u0105 ... Read More\" \/>\n<meta property=\"og:url\" content=\"https:\/\/nukaseeds.cz\/de\/info-2\/bewertungen-und-referenzen\/\" \/>\n<meta property=\"og:site_name\" content=\"Nuka Cannabis-Samen\" \/>\n<meta property=\"article:publisher\" content=\"https:\/\/www.facebook.com\/Nukaseeds\/\" \/>\n<meta property=\"article:modified_time\" content=\"2025-09-01T09:49:27+00:00\" \/>\n<meta property=\"og:image\" content=\"https:\/\/nukaseeds.cz\/wp-content\/uploads\/2021\/04\/11.jpg\" \/>\n\t<meta property=\"og:image:width\" content=\"500\" \/>\n\t<meta property=\"og:image:height\" content=\"600\" \/>\n\t<meta property=\"og:image:type\" content=\"image\/jpeg\" \/>\n<meta name=\"twitter:card\" content=\"summary_large_image\" \/>\n<meta name=\"twitter:site\" content=\"@seeds_nuka\" \/>\n<meta name=\"twitter:label1\" content=\"Gesch\u00e4tzte Lesezeit\" \/>\n\t<meta name=\"twitter:data1\" content=\"1\u00a0Minute\" \/>\n<script type=\"application\/ld+json\" class=\"yoast-schema-graph\">{\"@context\":\"https:\/\/schema.org\",\"@graph\":[{\"@type\":\"WebPage\",\"@id\":\"https:\/\/nukaseeds.cz\/de\/info-2\/bewertungen-und-referenzen\/\",\"url\":\"https:\/\/nukaseeds.cz\/de\/info-2\/bewertungen-und-referenzen\/\",\"name\":\"Bewertungen und Referenzen - Nuka Cannabis-Samen\",\"isPartOf\":{\"@id\":\"https:\/\/nukaseeds.cz\/de\/#website\"},\"primaryImageOfPage\":{\"@id\":\"https:\/\/nukaseeds.cz\/de\/info-2\/bewertungen-und-referenzen\/#primaryimage\"},\"image\":{\"@id\":\"https:\/\/nukaseeds.cz\/de\/info-2\/bewertungen-und-referenzen\/#primaryimage\"},\"thumbnailUrl\":\"https:\/\/nukaseeds.cz\/wp-content\/uploads\/2021\/04\/11.jpg\",\"datePublished\":\"2021-04-06T13:54:49+00:00\",\"dateModified\":\"2025-09-01T09:49:27+00:00\",\"breadcrumb\":{\"@id\":\"https:\/\/nukaseeds.cz\/de\/info-2\/bewertungen-und-referenzen\/#breadcrumb\"},\"inLanguage\":\"de\",\"potentialAction\":[{\"@type\":\"ReadAction\",\"target\":[\"https:\/\/nukaseeds.cz\/de\/info-2\/bewertungen-und-referenzen\/\"]}]},{\"@type\":\"ImageObject\",\"inLanguage\":\"de\",\"@id\":\"https:\/\/nukaseeds.cz\/de\/info-2\/bewertungen-und-referenzen\/#primaryimage\",\"url\":\"https:\/\/nukaseeds.cz\/wp-content\/uploads\/2021\/04\/11.jpg\",\"contentUrl\":\"https:\/\/nukaseeds.cz\/wp-content\/uploads\/2021\/04\/11.jpg\",\"width\":500,\"height\":600,\"caption\":\"Majkl Hasselhoff stimmt zu\"},{\"@type\":\"BreadcrumbList\",\"@id\":\"https:\/\/nukaseeds.cz\/de\/info-2\/bewertungen-und-referenzen\/#breadcrumb\",\"itemListElement\":[{\"@type\":\"ListItem\",\"position\":1,\"name\":\"Home\",\"item\":\"https:\/\/nukaseeds.cz\/de\/growshop-nukaseeds-cz-hanfsamen\/\"},{\"@type\":\"ListItem\",\"position\":2,\"name\":\"Info\",\"item\":\"https:\/\/nukaseeds.cz\/de\/info-2\/\"},{\"@type\":\"ListItem\",\"position\":3,\"name\":\"Bewertungen und Referenzen\"}]},{\"@type\":\"WebSite\",\"@id\":\"https:\/\/nukaseeds.cz\/de\/#website\",\"url\":\"https:\/\/nukaseeds.cz\/de\/\",\"name\":\"Nuka Seeds Bank\",\"description\":\"Cannabis-Samen kaufen, Marihuana-Samen kaufen\",\"publisher\":{\"@id\":\"https:\/\/nukaseeds.cz\/de\/#organization\"},\"alternateName\":\"NukaSeeds cannabis seed bank\",\"potentialAction\":[{\"@type\":\"SearchAction\",\"target\":{\"@type\":\"EntryPoint\",\"urlTemplate\":\"https:\/\/nukaseeds.cz\/de\/?s={search_term_string}\"},\"query-input\":{\"@type\":\"PropertyValueSpecification\",\"valueRequired\":true,\"valueName\":\"search_term_string\"}}],\"inLanguage\":\"de\"},{\"@type\":\"Organization\",\"@id\":\"https:\/\/nukaseeds.cz\/de\/#organization\",\"name\":\"Nuka Trade s.r.o.\",\"url\":\"https:\/\/nukaseeds.cz\/de\/\",\"logo\":{\"@type\":\"ImageObject\",\"inLanguage\":\"de\",\"@id\":\"https:\/\/nukaseeds.cz\/de\/#\/schema\/logo\/image\/\",\"url\":\"https:\/\/i0.wp.com\/nukaseeds.cz\/wp-content\/uploads\/2021\/11\/nuka-seeds-logo-vector-neon-8-production.png?fit=2142%2C1457&quality=70&ssl=1\",\"contentUrl\":\"https:\/\/i0.wp.com\/nukaseeds.cz\/wp-content\/uploads\/2021\/11\/nuka-seeds-logo-vector-neon-8-production.png?fit=2142%2C1457&quality=70&ssl=1\",\"width\":2142,\"height\":1457,\"caption\":\"Nuka Trade s.r.o.\"},\"image\":{\"@id\":\"https:\/\/nukaseeds.cz\/de\/#\/schema\/logo\/image\/\"},\"sameAs\":[\"https:\/\/www.facebook.com\/Nukaseeds\/\",\"https:\/\/x.com\/seeds_nuka\",\"https:\/\/www.instagram.com\/nukaseeds\/\",\"https:\/\/www.youtube.com\/@nukaseeds1167\",\"https:\/\/www.tumblr.com\/nukaseeds\",\"https:\/\/www.linkedin.com\/company\/nukaseeds-ltd\/\",\"https:\/\/cz.pinterest.com\/Nukaseeds\/\"]}]}<\/script>\n<!-- \/ Yoast SEO plugin. -->","yoast_head_json":{"title":"Bewertungen und Referenzen - Nuka Cannabis-Samen","robots":{"index":"index","follow":"follow","max-snippet":"max-snippet:-1","max-image-preview":"max-image-preview:large","max-video-preview":"max-video-preview:-1"},"canonical":"https:\/\/nukaseeds.cz\/de\/info-2\/bewertungen-und-referenzen\/","og_locale":"de_DE","og_type":"article","og_title":"Bewertungen und Referenzen - Nuka Cannabis-Samen","og_description":"Recenzje i referencje wi\u0119c co m\u00f3wi\u0105 inni? Gustav - Masz tak wiele za tak niewiele. Nie potrzeba s\u0142\u00f3w. Kocham to.\"- W\u0142a\u015bnie kupi\u0142em odmian\u0119 Cleopatra. Dor\u0119czyciele nie przej\u0119li si\u0119 zbytnio, bo pude\u0142ko mia\u0142o kilka zadrapa\u0144. Na szcz\u0119\u015bcie nie ma to wp\u0142ywu na kie\u0142kowanie. Jestem z niego bardzo zadowolony, a Megaton jest ju\u017c w drodze.\" -Bethany\"- Trzeci tydzie\u0144 uprawy. Wszystkie ro\u015bliny wygl\u0105daj\u0105 ... Read More","og_url":"https:\/\/nukaseeds.cz\/de\/info-2\/bewertungen-und-referenzen\/","og_site_name":"Nuka Cannabis-Samen","article_publisher":"https:\/\/www.facebook.com\/Nukaseeds\/","article_modified_time":"2025-09-01T09:49:27+00:00","og_image":[{"width":500,"height":600,"url":"https:\/\/nukaseeds.cz\/wp-content\/uploads\/2021\/04\/11.jpg","type":"image\/jpeg"}],"twitter_card":"summary_large_image","twitter_site":"@seeds_nuka","twitter_misc":{"Gesch\u00e4tzte Lesezeit":"1\u00a0Minute"},"schema":{"@context":"https:\/\/schema.org","@graph":[{"@type":"WebPage","@id":"https:\/\/nukaseeds.cz\/de\/info-2\/bewertungen-und-referenzen\/","url":"https:\/\/nukaseeds.cz\/de\/info-2\/bewertungen-und-referenzen\/","name":"Bewertungen und Referenzen - Nuka Cannabis-Samen","isPartOf":{"@id":"https:\/\/nukaseeds.cz\/de\/#website"},"primaryImageOfPage":{"@id":"https:\/\/nukaseeds.cz\/de\/info-2\/bewertungen-und-referenzen\/#primaryimage"},"image":{"@id":"https:\/\/nukaseeds.cz\/de\/info-2\/bewertungen-und-referenzen\/#primaryimage"},"thumbnailUrl":"https:\/\/nukaseeds.cz\/wp-content\/uploads\/2021\/04\/11.jpg","datePublished":"2021-04-06T13:54:49+00:00","dateModified":"2025-09-01T09:49:27+00:00","breadcrumb":{"@id":"https:\/\/nukaseeds.cz\/de\/info-2\/bewertungen-und-referenzen\/#breadcrumb"},"inLanguage":"de","potentialAction":[{"@type":"ReadAction","target":["https:\/\/nukaseeds.cz\/de\/info-2\/bewertungen-und-referenzen\/"]}]},{"@type":"ImageObject","inLanguage":"de","@id":"https:\/\/nukaseeds.cz\/de\/info-2\/bewertungen-und-referenzen\/#primaryimage","url":"https:\/\/nukaseeds.cz\/wp-content\/uploads\/2021\/04\/11.jpg","contentUrl":"https:\/\/nukaseeds.cz\/wp-content\/uploads\/2021\/04\/11.jpg","width":500,"height":600,"caption":"Majkl Hasselhoff stimmt zu"},{"@type":"BreadcrumbList","@id":"https:\/\/nukaseeds.cz\/de\/info-2\/bewertungen-und-referenzen\/#breadcrumb","itemListElement":[{"@type":"ListItem","position":1,"name":"Home","item":"https:\/\/nukaseeds.cz\/de\/growshop-nukaseeds-cz-hanfsamen\/"},{"@type":"ListItem","position":2,"name":"Info","item":"https:\/\/nukaseeds.cz\/de\/info-2\/"},{"@type":"ListItem","position":3,"name":"Bewertungen und Referenzen"}]},{"@type":"WebSite","@id":"https:\/\/nukaseeds.cz\/de\/#website","url":"https:\/\/nukaseeds.cz\/de\/","name":"Nuka Seeds Bank","description":"Cannabis-Samen kaufen, Marihuana-Samen kaufen","publisher":{"@id":"https:\/\/nukaseeds.cz\/de\/#organization"},"alternateName":"NukaSeeds cannabis seed bank","potentialAction":[{"@type":"SearchAction","target":{"@type":"EntryPoint","urlTemplate":"https:\/\/nukaseeds.cz\/de\/?s={search_term_string}"},"query-input":{"@type":"PropertyValueSpecification","valueRequired":true,"valueName":"search_term_string"}}],"inLanguage":"de"},{"@type":"Organization","@id":"https:\/\/nukaseeds.cz\/de\/#organization","name":"Nuka Trade s.r.o.","url":"https:\/\/nukaseeds.cz\/de\/","logo":{"@type":"ImageObject","inLanguage":"de","@id":"https:\/\/nukaseeds.cz\/de\/#\/schema\/logo\/image\/","url":"https:\/\/i0.wp.com\/nukaseeds.cz\/wp-content\/uploads\/2021\/11\/nuka-seeds-logo-vector-neon-8-production.png?fit=2142%2C1457&quality=70&ssl=1","contentUrl":"https:\/\/i0.wp.com\/nukaseeds.cz\/wp-content\/uploads\/2021\/11\/nuka-seeds-logo-vector-neon-8-production.png?fit=2142%2C1457&quality=70&ssl=1","width":2142,"height":1457,"caption":"Nuka Trade s.r.o."},"image":{"@id":"https:\/\/nukaseeds.cz\/de\/#\/schema\/logo\/image\/"},"sameAs":["https:\/\/www.facebook.com\/Nukaseeds\/","https:\/\/x.com\/seeds_nuka","https:\/\/www.instagram.com\/nukaseeds\/","https:\/\/www.youtube.com\/@nukaseeds1167","https:\/\/www.tumblr.com\/nukaseeds","https:\/\/www.linkedin.com\/company\/nukaseeds-ltd\/","https:\/\/cz.pinterest.com\/Nukaseeds\/"]}]}},"_links":{"self":[{"href":"https:\/\/nukaseeds.cz\/de\/wp-json\/wp\/v2\/pages\/90377","targetHints":{"allow":["GET"]}}],"collection":[{"href":"https:\/\/nukaseeds.cz\/de\/wp-json\/wp\/v2\/pages"}],"about":[{"href":"https:\/\/nukaseeds.cz\/de\/wp-json\/wp\/v2\/types\/page"}],"author":[{"embeddable":true,"href":"https:\/\/nukaseeds.cz\/de\/wp-json\/wp\/v2\/users\/1"}],"replies":[{"embeddable":true,"href":"https:\/\/nukaseeds.cz\/de\/wp-json\/wp\/v2\/comments?post=90377"}],"version-history":[{"count":2,"href":"https:\/\/nukaseeds.cz\/de\/wp-json\/wp\/v2\/pages\/90377\/revisions"}],"predecessor-version":[{"id":90395,"href":"https:\/\/nukaseeds.cz\/de\/wp-json\/wp\/v2\/pages\/90377\/revisions\/90395"}],"up":[{"embeddable":true,"href":"https:\/\/nukaseeds.cz\/de\/wp-json\/wp\/v2\/pages\/90369"}],"wp:featuredmedia":[{"embeddable":true,"href":"https:\/\/nukaseeds.cz\/de\/wp-json\/wp\/v2\/media\/7490"}],"wp:attachment":[{"href":"https:\/\/nukaseeds.cz\/de\/wp-json\/wp\/v2\/media?parent=90377"}],"curies":[{"name":"wp","href":"https:\/\/api.w.org\/{rel}","templated":true}]}}