{"id":90379,"date":"2021-03-24T08:01:49","date_gmt":"2021-03-24T07:01:49","guid":{"rendered":"http:\/\/nukaseeds.cz\/info-2\/versand\/"},"modified":"2025-09-01T11:35:30","modified_gmt":"2025-09-01T09:35:30","slug":"versand","status":"publish","type":"page","link":"https:\/\/nukaseeds.cz\/de\/info-2\/versand\/","title":{"rendered":"Versand"},"content":{"rendered":"<div id=\"cs-content\" class=\"cs-content\"><div class=\"x-section e90379-e1 m1xqj-0 m1xqj-1 m1xqj-2\"><div class=\"x-row e90379-e2 m1xqj-9 m1xqj-a m1xqj-b m1xqj-e\"><div class=\"x-row-inner\"><div class=\"x-col e90379-e3 m1xqj-j m1xqj-k m1xqj-l\">\n\t\t\t<!-- START nuka seeds shipping REVOLUTION SLIDER 6.7.40 --><p class=\"rs-p-wp-fix\"><\/p>\n\t\t\t<rs-module-wrap id=\"rev_slider_49_1_wrapper\" data-source=\"gallery\" style=\"visibility:hidden;background:rgba(255,255,255,0);padding:0;margin:0px auto;margin-top:0;margin-bottom:0;max-width:1440px;\">\n\t\t\t\t<rs-module id=\"rev_slider_49_1\" style=\"\" data-version=\"6.7.40\">\n\t\t\t\t\t<rs-slides style=\"overflow: hidden; position: absolute;\">\n\t\t\t\t\t\t<rs-slide style=\"position: absolute;\" data-key=\"rs-315\" data-title=\"Slide\" data-anim=\"adpr:false;ms:10;\" data-in=\"o:1;\" data-out=\"a:false;\">\n\t\t\t\t\t\t\t<img decoding=\"async\" src=\"\/\/nukaseeds.cz\/wp-content\/plugins\/revslider\/sr6\/assets\/assets\/dummy.png\" alt=\"\" title=\"cannabis-shiping-nukaseeds-2-big\" width=\"1536\" height=\"1024\" class=\"rev-slidebg tp-rs-img rs-lazyload\" data-lazyload=\"\/\/nukaseeds.cz\/wp-content\/uploads\/2023\/01\/cannabis-shiping-nukaseeds-2-big.webp\" data-bg=\"p:center top;\" data-parallax=\"off\" data-no-retina>\n<!--\n\t\t\t\t\t\t\t--><rs-layer\n\t\t\t\t\t\t\t\tid=\"slider-49-slide-315-layer-2\" \n\t\t\t\t\t\t\t\tclass=\"blurslider-gradient rs-pxl-14\"\n\t\t\t\t\t\t\t\tdata-type=\"text\"\n\t\t\t\t\t\t\t\tdata-rsp_ch=\"on\"\n\t\t\t\t\t\t\t\tdata-xy=\"x:c;xo:292px,292px,1px,1px;y:m;yo:-202px,-202px,-189px,-149px;\"\n\t\t\t\t\t\t\t\tdata-text=\"s:110,110,150,80;l:120,120,120,60;a:center;\"\n\t\t\t\t\t\t\t\tdata-tst=\"w:2px,1px,1px,1px;c:#000000;\"\n\t\t\t\t\t\t\t\tdata-actions='o:click;a:togglevideo;layer:slider-49-slide-315-layer-7;'\n\t\t\t\t\t\t\t\tdata-padding=\"t:20;r:10;l:10;\"\n\t\t\t\t\t\t\t\tdata-frame_0=\"y:50px;sX:0.3;sY:0.3;blu:20px;\"\n\t\t\t\t\t\t\t\tdata-frame_1=\"e:power4.out;st:50;sp:3000;sR:50;blu:0.05;\"\n\t\t\t\t\t\t\t\tdata-frame_999=\"o:0;st:w;sR:5950;\"\n\t\t\t\t\t\t\t\tstyle=\"z-index:9;font-family:'Bangers';\"\n\t\t\t\t\t\t\t>FREI<br\/>VERSAND \n\t\t\t\t\t\t\t<\/rs-layer><!--\n\n\t\t\t\t\t\t\t--><rs-layer\n\t\t\t\t\t\t\t\tid=\"slider-49-slide-315-layer-3\" \n\t\t\t\t\t\t\t\tclass=\"rev-btn\"\n\t\t\t\t\t\t\t\tdata-type=\"button\"\n\t\t\t\t\t\t\t\tdata-color=\"rgba(255,255,255,1)\"\n\t\t\t\t\t\t\t\tdata-xy=\"x:c;y:b;yo:100px,100px,100px,150px;\"\n\t\t\t\t\t\t\t\tdata-text=\"s:15;l:60;fw:700;a:inherit;\"\n\t\t\t\t\t\t\t\tdata-rsp_bd=\"off\"\n\t\t\t\t\t\t\t\tdata-padding=\"r:30;l:30;\"\n\t\t\t\t\t\t\t\tdata-border=\"bos:solid;boc:rgba(0,0,0,1);bow:0px,0px,0,0;\"\n\t\t\t\t\t\t\t\tdata-frame_0=\"y:50px;gra:0%;blu:20px;\"\n\t\t\t\t\t\t\t\tdata-frame_1=\"e:power4.out;st:500;sp:1000;sR:500;blu:0.05;\"\n\t\t\t\t\t\t\t\tdata-frame_999=\"o:0;st:w;sR:7500;\"\n\t\t\t\t\t\t\t\tdata-frame_hover=\"bgc:linear-gradient(90deg, rgba(243,130,60,1) 0%, rgba(255,85,124,1) 100%);boc:#000;bor:0px,0px,0px,0px;bos:solid;oX:50;oY:50;sp:200;e:none;\"\n\t\t\t\t\t\t\t\tstyle=\"z-index:17;background:linear-gradient(90deg, rgba(255,85,124,1) 0%, rgba(243,130,60,1) 100%);font-family:'Poppins';cursor:pointer;-webkit-box-shadow:0px 10px 20px 0px rgba(0,0,0,0.35);-moz-box-shadow:0px 10px 20px 0px rgba(0,0,0,0.35);box-shadow:0px 10px 20px 0px rgba(0,0,0,0.35);\"\n\t\t\t\t\t\t\t>F\u00dcR DETAILS \n\t\t\t\t\t\t\t<\/rs-layer><!--\n\n\t\t\t\t\t\t\t--><rs-layer\n\t\t\t\t\t\t\t\tid=\"slider-49-slide-315-layer-7\" \n\t\t\t\t\t\t\t\tclass=\"rs-fsv rs-layer-video intrinsic-ignore\"\n\t\t\t\t\t\t\t\tdata-type=\"video\"\n\t\t\t\t\t\t\t\tdata-rsp_ch=\"on\"\n\t\t\t\t\t\t\t\tdata-xy=\"x:0;y:0;\"\n\t\t\t\t\t\t\t\tdata-text=\"w:normal;s:20,14,10,6;l:0,17,12,7;\"\n\t\t\t\t\t\t\t\tdata-dim=\"w:100%;h:100%;\"\n\t\t\t\t\t\t\t\tdata-basealign=\"slide\"\n\t\t\t\t\t\t\t\tdata-video=\"twa:false;ap:false;v:100;vd:100;scop:t;fc:true;do:5;l:false;ptimer:true;nse:f;\"\n\t\t\t\t\t\t\t\tdata-poster=\"\/\/nukaseeds.cz\/wp-content\/uploads\/2023\/01\/transparent-cover.webp\"\n\t\t\t\t\t\t\t\tdata-ytid=\"AGcQj2zqa3o\"\n\t\t\t\t\t\t\t\tdata-vatr=\"version=3&amp;enablejsapi=1&amp;html5=1&amp;volume=100&amp;hd=1&amp;wmode=opaque&amp;showinfo=0&amp;rel=0&amp;origin=https:\/\/nukaseeds.cz;\"\n\t\t\t\t\t\t\t\tdata-frame_1=\"e:none;\"\n\t\t\t\t\t\t\t\tdata-frame_999=\"o:0;st:w;\"\n\t\t\t\t\t\t\t\tstyle=\"z-index:8;\"\n\t\t\t\t\t\t\t>\n\t\t\t\t\t\t\t<\/rs-layer><!--\n\n\t\t\t\t\t\t\t--><rs-layer\n\t\t\t\t\t\t\t\tid=\"slider-49-slide-315-layer-8\" \n\t\t\t\t\t\t\t\tdata-type=\"text\"\n\t\t\t\t\t\t\t\tdata-color=\"#fbb04d\"\n\t\t\t\t\t\t\t\tdata-tsh=\"c:#000000;h:1px;v:1px;\"\n\t\t\t\t\t\t\t\tdata-rsp_ch=\"on\"\n\t\t\t\t\t\t\t\tdata-xy=\"x:c;y:b;yo:50px,30px,30px,30px;\"\n\t\t\t\t\t\t\t\tdata-text=\"w:nowrap,normal,normal,normal;s:20,20,18,16;l:20;fw:600;a:center;\"\n\t\t\t\t\t\t\t\tdata-dim=\"w:auto,640px,480px,360px;\"\n\t\t\t\t\t\t\t\tdata-padding=\"r:10;l:20;\"\n\t\t\t\t\t\t\t\tdata-frame_0=\"y:50px;rX:90deg;blu:10px;\"\n\t\t\t\t\t\t\t\tdata-frame_1=\"e:power4.out;st:600;sp:1000;sR:600;blu:0.05;\"\n\t\t\t\t\t\t\t\tdata-frame_999=\"o:0;st:w;sR:7400;\"\n\t\t\t\t\t\t\t\tstyle=\"z-index:18;font-family:'Poppins';text-transform:uppercase;\"\n\t\t\t\t\t\t\t>F\u00fcr L\u00e4nder <span style=\"background-color:#fff\"><strong>au\u00dferhalb der EU<\/strong><\/span> SHIPPING<span style=\"background-color:#fff\"> FREE<\/span> f\u00fcr Bestellungen <span style=\"background-color:#fff\"> \u00fcber 450 \u20ac<\/span> \n\t\t\t\t\t\t\t<\/rs-layer><!--\n-->\t\t\t\t\t<\/rs-slide>\n\t\t\t\t\t<\/rs-slides>\n\t\t\t\t<\/rs-module>\n\t\t\t\t<script>\n\t\t\t\t\tsetREVStartSize({c: 'rev_slider_49_1',rl:[1240,1024,778,480],el:[868,768,960,720],gw:[1440,1024,778,480],gh:[868,768,960,720],type:'hero',justify:'',layout:'fullwidth',mh:\"0\"});if (window.RS_MODULES!==undefined && window.RS_MODULES.modules!==undefined && window.RS_MODULES.modules[\"revslider491\"]!==undefined) {window.RS_MODULES.modules[\"revslider491\"].once = false;window.revapi49 = undefined;if (window.RS_MODULES.checkMinimal!==undefined) window.RS_MODULES.checkMinimal()}\n\t\t\t\t<\/script>\n\t\t\t<\/rs-module-wrap>\n\t\t\t<!-- END REVOLUTION SLIDER -->\n<\/div><\/div><\/div><\/div><section class=\"x-section e90379-e5 m1xqj-1 m1xqj-3\"><div class=\"x-row x-container max width e90379-e6 m1xqj-9 m1xqj-a m1xqj-c m1xqj-f m1xqj-g\"><div class=\"x-row-inner\"><div class=\"x-col e90379-e7 m1xqj-j m1xqj-k m1xqj-l m1xqj-m\"><div class=\"x-text x-text-headline e90379-e8 m1xqj-q m1xqj-r m1xqj-s m1xqj-t m1xqj-u m1xqj-5\"><div class=\"x-text-content\"><div class=\"x-text-content-text\"><h1 class=\"x-text-content-text-primary\"><span style=\"color: #b20000;-webkit-text-stroke: 0.7px white !important;\">Versandkosten und Bedingungen f\u00fcr den kostenlosen Versand<\/span><\/h1>\n<\/div><\/div><\/div><\/div><\/div><\/div><div class=\"x-row x-container max width e90379-e9 m1xqj-9 m1xqj-d m1xqj-h\"><div class=\"x-row-inner\"><div class=\"x-col e90379-e10 m1xqj-j m1xqj-l m1xqj-m m1xqj-n m1xqj-6 m1xqj-7\" data-x-effect=\"{&quot;durationBase&quot;:&quot;300ms&quot;}\"><div class=\"x-text x-text-headline e90379-e11 m1xqj-r m1xqj-u m1xqj-v m1xqj-w m1xqj-x\"><div class=\"x-text-content\"><div class=\"x-text-content-text\"><p class=\"x-text-content-text-primary\"><span style=\"color: #800000; -webkit-text-stroke: 0.5px white!important; \">KOSTENLOSER VERSAND<\/span> f\u00fcr Bestellungen \u00fcber 100 \u20ac innerhalb der EU<\/p>\n<\/div><\/div><\/div><div class=\"x-text x-content e90379-e12 m1xqj-10 m1xqj-11\"><span style=\"color: #ffffff;\"><strong>Nicht-EU-L\u00e4nder<\/strong> <span style=\"color: #b20000;\">kostenloser Versand<\/span> f\u00fcr Bestellungen \u00fcber 450 \u20ac<\/span><\/div><\/div><div class=\"x-col e90379-e13 m1xqj-k m1xqj-l m1xqj-m m1xqj-o\"><span class=\"x-image e90379-e14 m1xqj-13 m1xqj-14 m1xqj-6\"><img decoding=\"async\" src=\"https:\/\/nukaseeds.cz\/wp-content\/uploads\/2022\/05\/nukaseeds-street-postman.webp\" width=\"700\" height=\"460\" alt=\"Nukaseeds Postman courier\" loading=\"lazy\"><\/span><\/div><\/div><\/div><div class=\"x-row x-container max width e90379-e15 m1xqj-9 m1xqj-a m1xqj-c m1xqj-f m1xqj-i\"><div class=\"x-row-inner\"><div class=\"x-col e90379-e16 m1xqj-j m1xqj-k m1xqj-l m1xqj-m m1xqj-p\"><div class=\"x-text x-text-headline e90379-e17 m1xqj-r m1xqj-s m1xqj-t m1xqj-u m1xqj-w m1xqj-y\"><div class=\"x-text-content\"><div class=\"x-text-content-text\"><h2 class=\"x-text-content-text-primary\">Lieferung innerhalb von 4 Tagen<\/h2>\n<\/div><\/div><\/div><div class=\"x-text x-text-headline e90379-e18 m1xqj-r m1xqj-t m1xqj-w m1xqj-x m1xqj-z\"><div class=\"x-text-content\"><div class=\"x-text-content-text\"><p class=\"x-text-content-text-primary\"><a href=\"http:\/\/nukaseeds.cz\/semena-konopi\/\">Hanfsamen ausw\u00e4hlen und kaufen<\/a><\/p>\n<\/div><\/div><\/div><\/div><\/div><\/div><\/section><div class=\"x-section e90379-e19 m1xqj-0 m1xqj-1 m1xqj-4\"><div class=\"x-grid x-container max width e90379-e20 m1xqj-16\"><div class=\"x-cell e90379-e21 m1xqj-17 m1xqj-18\"><div class=\"x-text x-content e90379-e22 m1xqj-10 m1xqj-12\"><h4>Schnell und w\u00fctend<\/h4>\n<p style=\"text-align: center;\"><span style=\"color: #008000;\"><strong>LIEFERUNG INNERHALB VON <span style=\"color: #ff0000;\">4 TAGEN<\/span> INNERHALB DER EU, AUSSERHALB EIN WENIG L\u00c4NGER<\/strong><\/span><\/p><\/div><span class=\"x-image e90379-e23 m1xqj-13 m1xqj-15 m1xqj-8 x-effect-exit\" data-x-effect=\"{&quot;scroll&quot;:true,&quot;offsetTop&quot;:&quot;10%&quot;,&quot;offsetBottom&quot;:&quot;10%&quot;,&quot;behaviorScroll&quot;:&quot;fire-once&quot;}\"><img decoding=\"async\" src=\"https:\/\/nukaseeds.cz\/wp-content\/uploads\/2023\/05\/cannabis-nuka-girl-price-is-good.webp\" width=\"722\" height=\"801\" alt=\"nuka seeds cannabis woman seeds price good\" loading=\"lazy\"><\/span><\/div><div class=\"x-cell e90379-e24 m1xqj-18 m1xqj-19\"><div class=\"x-text x-content e90379-e25 m1xqj-10 m1xqj-12\"><h4>F\u00fcr Sendungen innerhalb der EU<\/h4>\n<p><strong>KOSTENLOSER VERSAND<\/strong> f\u00fcr Bestellungen \u00fcber <span style=\"color: #800000;\"><strong>\u20ac100<\/strong><\/span>. F\u00fcr Bestellungen unter diesem Betrag berechnen wir eine Versandgeb\u00fchr von <strong><span style=\"color: #800000;\">\u20ac5<\/span><\/strong> <\/p><\/div><\/div><div class=\"x-cell e90379-e26 m1xqj-18 m1xqj-19\"><div class=\"x-text x-content e90379-e27 m1xqj-10 m1xqj-12\"><h4>F\u00fcr Sendungen au\u00dferhalb der EU<\/h4>\n<p><strong>KOSTENLOSER VERSAND<\/strong> f\u00fcr Bestellungen \u00fcber <strong><span style=\"color: #800000;\">\u20ac450<\/span><\/strong>. F\u00fcr Bestellungen unter diesem Betrag berechnen wir eine Versandgeb\u00fchr von <strong><span style=\"color: #800000;\">\u20ac15<\/span><\/strong> <\/p><\/div><\/div><\/div><\/div><\/div>","protected":false},"excerpt":{"rendered":"<p>FREIVERSAND F\u00dcR DETAILS F\u00fcr L\u00e4nder au\u00dferhalb der EU SHIPPING FREE f\u00fcr Bestellungen \u00fcber 450 \u20ac Versandkosten und Bedingungen f\u00fcr den kostenlosen Versand KOSTENLOSER VERSAND f\u00fcr Bestellungen \u00fcber 100 \u20ac innerhalb der EU Nicht-EU-L\u00e4nder kostenloser Versand f\u00fcr Bestellungen \u00fcber 450 \u20acLieferung innerhalb von 4 Tagen Hanfsamen ausw\u00e4hlen und kaufen Schnell und w\u00fctend LIEFERUNG INNERHALB VON 4 TAGEN INNERHALB DER EU, AUSSERHALB &#8230; <\/p>\n<div><a href=\"https:\/\/nukaseeds.cz\/de\/info-2\/versand\/\" class=\"more-link\">Read More<\/a><\/div>\n","protected":false},"author":1,"featured_media":7330,"parent":90369,"menu_order":0,"comment_status":"closed","ping_status":"closed","template":"template-blank-1.php","meta":{"footnotes":""},"class_list":["post-90379","page","type-page","status-publish","has-post-thumbnail","hentry"],"yoast_head":"<!-- This site is optimized with the Yoast SEO plugin v26.6 - https:\/\/yoast.com\/wordpress\/plugins\/seo\/ -->\n<title>Versand - Nuka Cannabis-Samen<\/title>\n<meta name=\"robots\" content=\"index, follow, max-snippet:-1, max-image-preview:large, max-video-preview:-1\" \/>\n<link rel=\"canonical\" href=\"https:\/\/nukaseeds.cz\/de\/info-2\/versand\/\" \/>\n<meta property=\"og:locale\" content=\"de_DE\" \/>\n<meta property=\"og:type\" content=\"article\" \/>\n<meta property=\"og:title\" content=\"Versand - Nuka Cannabis-Samen\" \/>\n<meta property=\"og:description\" content=\"FREIVERSAND F\u00dcR DETAILS F\u00fcr L\u00e4nder au\u00dferhalb der EU SHIPPING FREE f\u00fcr Bestellungen \u00fcber 450 \u20ac Versandkosten und Bedingungen f\u00fcr den kostenlosen Versand KOSTENLOSER VERSAND f\u00fcr Bestellungen \u00fcber 100 \u20ac innerhalb der EU Nicht-EU-L\u00e4nder kostenloser Versand f\u00fcr Bestellungen \u00fcber 450 \u20acLieferung innerhalb von 4 Tagen Hanfsamen ausw\u00e4hlen und kaufen Schnell und w\u00fctend LIEFERUNG INNERHALB VON 4 TAGEN INNERHALB DER EU, AUSSERHALB ... Read More\" \/>\n<meta property=\"og:url\" content=\"https:\/\/nukaseeds.cz\/de\/info-2\/versand\/\" \/>\n<meta property=\"og:site_name\" content=\"Nuka Cannabis-Samen\" \/>\n<meta property=\"article:publisher\" content=\"https:\/\/www.facebook.com\/Nukaseeds\/\" \/>\n<meta property=\"article:modified_time\" content=\"2025-09-01T09:35:30+00:00\" \/>\n<meta property=\"og:image\" content=\"https:\/\/nukaseeds.cz\/wp-content\/uploads\/2021\/04\/nuka-seeds-container-1050x610-1.png\" \/>\n\t<meta property=\"og:image:width\" content=\"1050\" \/>\n\t<meta property=\"og:image:height\" content=\"610\" \/>\n\t<meta property=\"og:image:type\" content=\"image\/png\" \/>\n<meta name=\"twitter:card\" content=\"summary_large_image\" \/>\n<meta name=\"twitter:site\" content=\"@seeds_nuka\" \/>\n<script type=\"application\/ld+json\" class=\"yoast-schema-graph\">{\"@context\":\"https:\/\/schema.org\",\"@graph\":[{\"@type\":\"WebPage\",\"@id\":\"https:\/\/nukaseeds.cz\/de\/info-2\/versand\/\",\"url\":\"https:\/\/nukaseeds.cz\/de\/info-2\/versand\/\",\"name\":\"Versand - Nuka Cannabis-Samen\",\"isPartOf\":{\"@id\":\"https:\/\/nukaseeds.cz\/de\/#website\"},\"primaryImageOfPage\":{\"@id\":\"https:\/\/nukaseeds.cz\/de\/info-2\/versand\/#primaryimage\"},\"image\":{\"@id\":\"https:\/\/nukaseeds.cz\/de\/info-2\/versand\/#primaryimage\"},\"thumbnailUrl\":\"https:\/\/nukaseeds.cz\/wp-content\/uploads\/2021\/04\/nuka-seeds-container-1050x610-1.png\",\"datePublished\":\"2021-03-24T07:01:49+00:00\",\"dateModified\":\"2025-09-01T09:35:30+00:00\",\"breadcrumb\":{\"@id\":\"https:\/\/nukaseeds.cz\/de\/info-2\/versand\/#breadcrumb\"},\"inLanguage\":\"de\",\"potentialAction\":[{\"@type\":\"ReadAction\",\"target\":[\"https:\/\/nukaseeds.cz\/de\/info-2\/versand\/\"]}]},{\"@type\":\"ImageObject\",\"inLanguage\":\"de\",\"@id\":\"https:\/\/nukaseeds.cz\/de\/info-2\/versand\/#primaryimage\",\"url\":\"https:\/\/nukaseeds.cz\/wp-content\/uploads\/2021\/04\/nuka-seeds-container-1050x610-1.png\",\"contentUrl\":\"https:\/\/nukaseeds.cz\/wp-content\/uploads\/2021\/04\/nuka-seeds-container-1050x610-1.png\",\"width\":1050,\"height\":610,\"caption\":\"Nuka-Samen-Beh\u00e4lter\"},{\"@type\":\"BreadcrumbList\",\"@id\":\"https:\/\/nukaseeds.cz\/de\/info-2\/versand\/#breadcrumb\",\"itemListElement\":[{\"@type\":\"ListItem\",\"position\":1,\"name\":\"Home\",\"item\":\"https:\/\/nukaseeds.cz\/de\/growshop-nukaseeds-cz-hanfsamen\/\"},{\"@type\":\"ListItem\",\"position\":2,\"name\":\"Info\",\"item\":\"https:\/\/nukaseeds.cz\/de\/info-2\/\"},{\"@type\":\"ListItem\",\"position\":3,\"name\":\"Versand\"}]},{\"@type\":\"WebSite\",\"@id\":\"https:\/\/nukaseeds.cz\/de\/#website\",\"url\":\"https:\/\/nukaseeds.cz\/de\/\",\"name\":\"Nuka Seeds Bank\",\"description\":\"Cannabis-Samen kaufen, Marihuana-Samen kaufen\",\"publisher\":{\"@id\":\"https:\/\/nukaseeds.cz\/de\/#organization\"},\"alternateName\":\"NukaSeeds cannabis seed bank\",\"potentialAction\":[{\"@type\":\"SearchAction\",\"target\":{\"@type\":\"EntryPoint\",\"urlTemplate\":\"https:\/\/nukaseeds.cz\/de\/?s={search_term_string}\"},\"query-input\":{\"@type\":\"PropertyValueSpecification\",\"valueRequired\":true,\"valueName\":\"search_term_string\"}}],\"inLanguage\":\"de\"},{\"@type\":\"Organization\",\"@id\":\"https:\/\/nukaseeds.cz\/de\/#organization\",\"name\":\"Nuka Trade s.r.o.\",\"url\":\"https:\/\/nukaseeds.cz\/de\/\",\"logo\":{\"@type\":\"ImageObject\",\"inLanguage\":\"de\",\"@id\":\"https:\/\/nukaseeds.cz\/de\/#\/schema\/logo\/image\/\",\"url\":\"https:\/\/i0.wp.com\/nukaseeds.cz\/wp-content\/uploads\/2021\/11\/nuka-seeds-logo-vector-neon-8-production.png?fit=2142%2C1457&quality=70&ssl=1\",\"contentUrl\":\"https:\/\/i0.wp.com\/nukaseeds.cz\/wp-content\/uploads\/2021\/11\/nuka-seeds-logo-vector-neon-8-production.png?fit=2142%2C1457&quality=70&ssl=1\",\"width\":2142,\"height\":1457,\"caption\":\"Nuka Trade s.r.o.\"},\"image\":{\"@id\":\"https:\/\/nukaseeds.cz\/de\/#\/schema\/logo\/image\/\"},\"sameAs\":[\"https:\/\/www.facebook.com\/Nukaseeds\/\",\"https:\/\/x.com\/seeds_nuka\",\"https:\/\/www.instagram.com\/nukaseeds\/\",\"https:\/\/www.youtube.com\/@nukaseeds1167\",\"https:\/\/www.tumblr.com\/nukaseeds\",\"https:\/\/www.linkedin.com\/company\/nukaseeds-ltd\/\",\"https:\/\/cz.pinterest.com\/Nukaseeds\/\"]}]}<\/script>\n<!-- \/ Yoast SEO plugin. -->","yoast_head_json":{"title":"Versand - Nuka Cannabis-Samen","robots":{"index":"index","follow":"follow","max-snippet":"max-snippet:-1","max-image-preview":"max-image-preview:large","max-video-preview":"max-video-preview:-1"},"canonical":"https:\/\/nukaseeds.cz\/de\/info-2\/versand\/","og_locale":"de_DE","og_type":"article","og_title":"Versand - Nuka Cannabis-Samen","og_description":"FREIVERSAND F\u00dcR DETAILS F\u00fcr L\u00e4nder au\u00dferhalb der EU SHIPPING FREE f\u00fcr Bestellungen \u00fcber 450 \u20ac Versandkosten und Bedingungen f\u00fcr den kostenlosen Versand KOSTENLOSER VERSAND f\u00fcr Bestellungen \u00fcber 100 \u20ac innerhalb der EU Nicht-EU-L\u00e4nder kostenloser Versand f\u00fcr Bestellungen \u00fcber 450 \u20acLieferung innerhalb von 4 Tagen Hanfsamen ausw\u00e4hlen und kaufen Schnell und w\u00fctend LIEFERUNG INNERHALB VON 4 TAGEN INNERHALB DER EU, AUSSERHALB ... Read More","og_url":"https:\/\/nukaseeds.cz\/de\/info-2\/versand\/","og_site_name":"Nuka Cannabis-Samen","article_publisher":"https:\/\/www.facebook.com\/Nukaseeds\/","article_modified_time":"2025-09-01T09:35:30+00:00","og_image":[{"width":1050,"height":610,"url":"https:\/\/nukaseeds.cz\/wp-content\/uploads\/2021\/04\/nuka-seeds-container-1050x610-1.png","type":"image\/png"}],"twitter_card":"summary_large_image","twitter_site":"@seeds_nuka","schema":{"@context":"https:\/\/schema.org","@graph":[{"@type":"WebPage","@id":"https:\/\/nukaseeds.cz\/de\/info-2\/versand\/","url":"https:\/\/nukaseeds.cz\/de\/info-2\/versand\/","name":"Versand - Nuka Cannabis-Samen","isPartOf":{"@id":"https:\/\/nukaseeds.cz\/de\/#website"},"primaryImageOfPage":{"@id":"https:\/\/nukaseeds.cz\/de\/info-2\/versand\/#primaryimage"},"image":{"@id":"https:\/\/nukaseeds.cz\/de\/info-2\/versand\/#primaryimage"},"thumbnailUrl":"https:\/\/nukaseeds.cz\/wp-content\/uploads\/2021\/04\/nuka-seeds-container-1050x610-1.png","datePublished":"2021-03-24T07:01:49+00:00","dateModified":"2025-09-01T09:35:30+00:00","breadcrumb":{"@id":"https:\/\/nukaseeds.cz\/de\/info-2\/versand\/#breadcrumb"},"inLanguage":"de","potentialAction":[{"@type":"ReadAction","target":["https:\/\/nukaseeds.cz\/de\/info-2\/versand\/"]}]},{"@type":"ImageObject","inLanguage":"de","@id":"https:\/\/nukaseeds.cz\/de\/info-2\/versand\/#primaryimage","url":"https:\/\/nukaseeds.cz\/wp-content\/uploads\/2021\/04\/nuka-seeds-container-1050x610-1.png","contentUrl":"https:\/\/nukaseeds.cz\/wp-content\/uploads\/2021\/04\/nuka-seeds-container-1050x610-1.png","width":1050,"height":610,"caption":"Nuka-Samen-Beh\u00e4lter"},{"@type":"BreadcrumbList","@id":"https:\/\/nukaseeds.cz\/de\/info-2\/versand\/#breadcrumb","itemListElement":[{"@type":"ListItem","position":1,"name":"Home","item":"https:\/\/nukaseeds.cz\/de\/growshop-nukaseeds-cz-hanfsamen\/"},{"@type":"ListItem","position":2,"name":"Info","item":"https:\/\/nukaseeds.cz\/de\/info-2\/"},{"@type":"ListItem","position":3,"name":"Versand"}]},{"@type":"WebSite","@id":"https:\/\/nukaseeds.cz\/de\/#website","url":"https:\/\/nukaseeds.cz\/de\/","name":"Nuka Seeds Bank","description":"Cannabis-Samen kaufen, Marihuana-Samen kaufen","publisher":{"@id":"https:\/\/nukaseeds.cz\/de\/#organization"},"alternateName":"NukaSeeds cannabis seed bank","potentialAction":[{"@type":"SearchAction","target":{"@type":"EntryPoint","urlTemplate":"https:\/\/nukaseeds.cz\/de\/?s={search_term_string}"},"query-input":{"@type":"PropertyValueSpecification","valueRequired":true,"valueName":"search_term_string"}}],"inLanguage":"de"},{"@type":"Organization","@id":"https:\/\/nukaseeds.cz\/de\/#organization","name":"Nuka Trade s.r.o.","url":"https:\/\/nukaseeds.cz\/de\/","logo":{"@type":"ImageObject","inLanguage":"de","@id":"https:\/\/nukaseeds.cz\/de\/#\/schema\/logo\/image\/","url":"https:\/\/i0.wp.com\/nukaseeds.cz\/wp-content\/uploads\/2021\/11\/nuka-seeds-logo-vector-neon-8-production.png?fit=2142%2C1457&quality=70&ssl=1","contentUrl":"https:\/\/i0.wp.com\/nukaseeds.cz\/wp-content\/uploads\/2021\/11\/nuka-seeds-logo-vector-neon-8-production.png?fit=2142%2C1457&quality=70&ssl=1","width":2142,"height":1457,"caption":"Nuka Trade s.r.o."},"image":{"@id":"https:\/\/nukaseeds.cz\/de\/#\/schema\/logo\/image\/"},"sameAs":["https:\/\/www.facebook.com\/Nukaseeds\/","https:\/\/x.com\/seeds_nuka","https:\/\/www.instagram.com\/nukaseeds\/","https:\/\/www.youtube.com\/@nukaseeds1167","https:\/\/www.tumblr.com\/nukaseeds","https:\/\/www.linkedin.com\/company\/nukaseeds-ltd\/","https:\/\/cz.pinterest.com\/Nukaseeds\/"]}]}},"_links":{"self":[{"href":"https:\/\/nukaseeds.cz\/de\/wp-json\/wp\/v2\/pages\/90379","targetHints":{"allow":["GET"]}}],"collection":[{"href":"https:\/\/nukaseeds.cz\/de\/wp-json\/wp\/v2\/pages"}],"about":[{"href":"https:\/\/nukaseeds.cz\/de\/wp-json\/wp\/v2\/types\/page"}],"author":[{"embeddable":true,"href":"https:\/\/nukaseeds.cz\/de\/wp-json\/wp\/v2\/users\/1"}],"replies":[{"embeddable":true,"href":"https:\/\/nukaseeds.cz\/de\/wp-json\/wp\/v2\/comments?post=90379"}],"version-history":[{"count":1,"href":"https:\/\/nukaseeds.cz\/de\/wp-json\/wp\/v2\/pages\/90379\/revisions"}],"predecessor-version":[{"id":90380,"href":"https:\/\/nukaseeds.cz\/de\/wp-json\/wp\/v2\/pages\/90379\/revisions\/90380"}],"up":[{"embeddable":true,"href":"https:\/\/nukaseeds.cz\/de\/wp-json\/wp\/v2\/pages\/90369"}],"wp:featuredmedia":[{"embeddable":true,"href":"https:\/\/nukaseeds.cz\/de\/wp-json\/wp\/v2\/media\/7330"}],"wp:attachment":[{"href":"https:\/\/nukaseeds.cz\/de\/wp-json\/wp\/v2\/media?parent=90379"}],"curies":[{"name":"wp","href":"https:\/\/api.w.org\/{rel}","templated":true}]}}