{"id":90389,"date":"2019-12-08T11:03:29","date_gmt":"2019-12-08T10:03:29","guid":{"rendered":"http:\/\/nukaseeds.cz\/kontakt-2\/"},"modified":"2025-09-01T11:49:29","modified_gmt":"2025-09-01T09:49:29","slug":"kontakt-2","status":"publish","type":"page","link":"https:\/\/nukaseeds.cz\/de\/kontakt-2\/","title":{"rendered":"Kontakt"},"content":{"rendered":"<div id=\"cs-content\" class=\"cs-content\"><div class=\"x-section e90389-e1 m1xqt-0 m1xqt-1 m1xqt-2\"><div class=\"x-row e90389-e2 m1xqt-7 m1xqt-8 m1xqt-9 m1xqt-a m1xqt-b m1xqt-h m1xqt-i\"><div class=\"x-row-inner\"><div class=\"x-col e90389-e3 m1xqt-m\"><div class=\"x-text x-text-headline e90389-e4 m1xqt-p m1xqt-q m1xqt-r m1xqt-s h-custom-headline accent\"><div class=\"x-text-content\"><div class=\"x-text-content-text\"><h1 class=\"x-text-content-text-primary\">Schreiben Sie uns<\/h1>\n<\/div><\/div><\/div><\/div><\/div><\/div><\/div><div class=\"x-section e90389-e5 m1xqt-1 m1xqt-2 m1xqt-3 m1xqt-4\"><div class=\"x-bg\" aria-hidden=\"true\"><div class=\"x-bg-layer-lower-image\"><\/div><\/div><div class=\"x-row e90389-e6 m1xqt-7 m1xqt-b m1xqt-c m1xqt-d m1xqt-e m1xqt-h m1xqt-j\"><div class=\"x-row-inner\"><div class=\"x-col e90389-e7 m1xqt-m m1xqt-n m1xqt-6 mobile-wider\"><div id=\"quform-24b95e\" class=\"quform quform-3 quform-theme-light quform-position-center quform-prevent-fouc quform-support-page-caching\"><form id=\"quform-form-24b95e\" class=\"quform-form quform-form-3\" action=\"\/de\/wp-json\/wp\/v2\/pages\/90389#quform-24b95e\" method=\"post\" enctype=\"multipart\/form-data\" novalidate=\"novalidate\" data-options=\"{&quot;id&quot;:3,&quot;uniqueId&quot;:&quot;24b95e&quot;,&quot;theme&quot;:&quot;light&quot;,&quot;ajax&quot;:true,&quot;logic&quot;:{&quot;logic&quot;:[],&quot;dependents&quot;:[],&quot;elementIds&quot;:[],&quot;dependentElementIds&quot;:[],&quot;animate&quot;:true},&quot;currentPageId&quot;:1,&quot;errorsIcon&quot;:&quot;fa fa-warning&quot;,&quot;updateFancybox&quot;:true,&quot;hasPages&quot;:false,&quot;pages&quot;:[1],&quot;pageProgressType&quot;:&quot;&quot;,&quot;tooltipsEnabled&quot;:false,&quot;tooltipClasses&quot;:&quot;qtip-light qtip-shadow qtip-rounded&quot;,&quot;tooltipMy&quot;:&quot;center&quot;,&quot;tooltipAt&quot;:&quot;right center&quot;,&quot;isRtl&quot;:false,&quot;scrollOffset&quot;:-50,&quot;scrollSpeed&quot;:800}\"><button class=\"quform-default-submit\" name=\"quform_submit\" type=\"submit\" value=\"submit\" aria-hidden=\"true\" tabindex=\"-1\"><\/button><div class=\"quform-form-inner quform-form-inner-3\"><input type=\"hidden\" name=\"quform_form_id\" value=\"3\" \/><input type=\"hidden\" name=\"quform_form_uid\" value=\"24b95e\" \/><input type=\"hidden\" name=\"quform_count\" value=\"1\" \/><input type=\"hidden\" name=\"form_url\" value=\"https:\/\/nukaseeds.cz\/de\/wp-json\/wp\/v2\/pages\/90389\" \/><input type=\"hidden\" name=\"referring_url\" value=\"\" \/><input type=\"hidden\" name=\"post_id\" value=\"\" \/><input type=\"hidden\" name=\"post_title\" value=\"\" \/><input type=\"hidden\" name=\"quform_current_page_id\" value=\"1\" \/><input type=\"hidden\" name=\"quform_loaded\" value=\"1776208136|9114bd6c1c302190ea64a258a2f17733\" \/><div class=\"quform-elements quform-elements-3 quform-cf quform-responsive-elements-phone-landscape\"><div class=\"quform-element quform-element-page quform-page-1 quform-page-3_1 quform-cf quform-group-style-bordered quform-first-page quform-last-page quform-current-page\"><div class=\"quform-child-elements\"><div class=\"quform-element quform-element-textarea quform-element-3_607620 quform-sr-only quform-cf\" style=\"clip: rect(1px, 1px, 1px, 1px); clip-path: inset(50%); position: absolute !important; height: 1px; width: 1px; overflow: hidden;\"><div class=\"quform-spacer\"><div class=\"quform-label quform-label-3_607620\"><label class=\"quform-label-text\" for=\"quform_3_607620_24b95e\">Phone Number<\/label><\/div><div class=\"quform-inner quform-inner-3_607620\"><textarea id=\"quform_3_607620_24b95e\" name=\"quform_3_607620\" class=\"quform-field quform-field-textarea quform-field-3_607620\" tabindex=\"-1\" autocomplete=\"new-password\"><\/textarea><\/div><\/div><\/div><div class=\"quform-element quform-element-row quform-element-row-3_13 quform-3-columns quform-element-row-size-float quform-responsive-columns-phone-portrait\"><div class=\"quform-element quform-element-column quform-element-3_15\"><\/div><div class=\"quform-element quform-element-column quform-element-3_31\"><div class=\"quform-element quform-element-name quform-element-3_3 quform-cf quform-element-optional\"><div class=\"quform-spacer\"><div class=\"quform-inner quform-inner-name quform-inner-3_3\"><div class=\"quform-input quform-input-name quform-input-3_3 quform-cf\"><div class=\"quform-element-row quform-1-columns quform-element-row-size-fixed quform-responsive-columns-phone-portrait\"><div class=\"quform-element-column\"><div class=\"quform-element quform-element-text quform-element-3_3_4 quform-cf quform-element-optional\"><div class=\"quform-spacer\"><div class=\"quform-inner quform-inner-text quform-inner-3_3_4\"><div class=\"quform-input quform-input-text quform-input-3_3_4 quform-cf\"><input type=\"text\" id=\"quform_3_3_4_24b95e\" name=\"quform_3_3[4]\" class=\"quform-field quform-field-text quform-field-3_3_4\" placeholder=\"Name oder Spitzname\" \/><\/div><\/div><\/div><\/div><\/div><\/div><\/div><\/div><\/div><\/div><div class=\"quform-element quform-element-email quform-element-3_6 quform-cf quform-labels-inside quform-element-required\"><div class=\"quform-spacer\"><div class=\"quform-inner quform-inner-email quform-inner-3_6\"><div class=\"quform-input quform-input-email quform-input-3_6 quform-cf\"><input type=\"email\" id=\"quform_3_6_24b95e\" name=\"quform_3_6\" class=\"quform-field quform-field-email quform-field-3_6\" placeholder=\"E-Mail\" \/><\/div><\/div><\/div><\/div><\/div><div class=\"quform-element quform-element-column quform-element-3_32\"><\/div><\/div><div class=\"quform-element quform-element-group quform-element-3_30 quform-cf quform-group-style-plain\"><div class=\"quform-spacer\"><div class=\"quform-child-elements\"><div class=\"quform-element quform-element-textarea quform-element-3_7 quform-cf quform-labels-inside quform-element-required\"><div class=\"quform-spacer\"><div class=\"quform-inner quform-inner-textarea quform-inner-3_7\"><div class=\"quform-input quform-input-textarea quform-input-3_7 quform-cf quform-has-field-icon-right\"><textarea id=\"quform_3_7_24b95e\" name=\"quform_3_7\" class=\"quform-field quform-field-textarea quform-field-3_7\" placeholder=\"Deine Nachricht\"><\/textarea><span class=\"quform-field-icon quform-field-icon-right\"><i class=\"fa fa-arrow-left\"><\/i><\/span><\/div><\/div><\/div><\/div><\/div><\/div><\/div><div class=\"quform-element quform-element-group quform-element-3_34 quform-cf quform-group-style-plain\"><div class=\"quform-spacer\"><div class=\"quform-child-elements\"><div class=\"quform-element quform-element-row quform-element-row-3_35 quform-3-columns quform-element-row-size-fixed quform-responsive-columns-phone-landscape\"><div class=\"quform-element quform-element-column quform-element-3_36\"><\/div><div class=\"quform-element quform-element-column quform-element-3_37\"><div class=\"quform-element quform-element-recaptcha quform-element-3_48 quform-cf quform-element-required quform-recaptcha-no-size\"><div class=\"quform-spacer\"><div class=\"quform-inner quform-inner-recaptcha quform-inner-3_48\"><div class=\"quform-input quform-input-recaptcha quform-input-3_48 quform-cf\"><div class=\"quform-recaptcha\" data-config=\"{&quot;sitekey&quot;:&quot;6Ldun2EaAAAAANFq-4FlZo7I_1eWl96rrKcFA39r&quot;,&quot;_version&quot;:&quot;v3&quot;,&quot;size&quot;:&quot;invisible&quot;,&quot;type&quot;:&quot;image&quot;,&quot;theme&quot;:&quot;light&quot;,&quot;badge&quot;:&quot;bottomright&quot;}\"><\/div><noscript>Please enable JavaScript to submit this form.<\/noscript><\/div><\/div><\/div><\/div><div class=\"quform-element quform-element-submit quform-element-3_2 quform-cf quform-button-style-hollow-rounded quform-button-size-fat quform-button-width-large\"><div class=\"quform-button-submit quform-button-submit-default quform-button-submit-3_2\" data-animation=\"one\"><button name=\"quform_submit\" type=\"submit\" class=\"quform-submit\" value=\"submit\"><span class=\"quform-button-text quform-button-submit-text\">SENDEN<\/span><\/button><\/div><\/div><\/div><div class=\"quform-element quform-element-column quform-element-3_38\"><\/div><\/div><\/div><\/div><\/div><\/div><\/div><\/div><\/div><\/form><\/div><\/div><\/div><\/div><\/div><div class=\"x-section e90389-e9 m1xqt-1 m1xqt-4 m1xqt-5\"><div class=\"x-bg\" aria-hidden=\"true\"><div class=\"x-bg-layer-lower-image\" data-x-element-bg-layer=\"{&quot;parallaxSize&quot;:&quot;150%&quot;,&quot;parallaxDir&quot;:&quot;h&quot;,&quot;parallaxRev&quot;:false}\"><\/div><\/div><div class=\"x-row x-container max width e90389-e10 m1xqt-7 m1xqt-9 m1xqt-a m1xqt-b m1xqt-e m1xqt-f m1xqt-h m1xqt-k\"><div class=\"x-row-inner\"><div class=\"x-col e90389-e11 m1xqt-m m1xqt-o\"><div class=\"x-text x-text-headline e90389-e12 m1xqt-r m1xqt-s m1xqt-t resp-h\"><div class=\"x-text-content\"><div class=\"x-text-content-text\"><h2 class=\"x-text-content-text-primary\"><span style=\"color: #ffffff;\">Werden Sie unser<\/span> <span class=\"w-700\">Partner<\/span><\/h2>\n<\/div><\/div><\/div><div class=\"x-text x-content e90389-e13 m1xqt-x m1xqt-y\"><p>Betreibst du einen Growshop, Saatgutladen oder E-Shop? Verkaufst du Marihuana-Samen? <\/p>\n<p>um unsere <strong><span style=\"color: #fbb04d;\">Gro\u00dfhandelspartner<\/span><\/strong> und erhalte fantastische Preise<br>boombastic vision and marketing support<\/p>\n<p>Affiliate-Influencer-Programm<\/p>\n<p>Willst du hohe Provisionen f\u00fcr die Empfehlung von Nuka-Samen erhalten?<\/p>\n<p>Partnerprogramm bis zu <strong><span style=\"color:#fbb04d;\">50% Provision<\/span><\/strong><\/p><\/div><div class=\"x-counter e90389-e14 m1xqt-10 obtazeni\" data-x-element-counter=\"{&quot;to&quot;:&quot;10000&quot;,&quot;speed&quot;:&quot;1500ms&quot;,&quot;commaSeparatedDecimal&quot;:false}\"><div class=\"x-counter-number-wrap\"><span class=\"x-counter-number\">0<\/span><span class=\"x-counter-number-suffix\">+<\/span><\/div><div class=\"x-counter-after\">SEEDS PLANTED<\/div><\/div><\/div><\/div><\/div><\/div><div class=\"x-section e90389-e15 m1xqt-0 m1xqt-1 m1xqt-2\"><div class=\"x-row e90389-e16 m1xqt-7 m1xqt-a m1xqt-d m1xqt-e m1xqt-f m1xqt-g m1xqt-l\"><div class=\"x-row-inner\"><div class=\"x-col e90389-e17 m1xqt-m\"><div class=\"x-text x-text-headline e90389-e18 m1xqt-p m1xqt-r m1xqt-u m1xqt-v\"><div class=\"x-text-content\"><div class=\"x-text-content-text\"><h2 class=\"x-text-content-text-primary\"><span>Warum wir?<\/span><\/h2>\n<\/div><\/div><\/div><div class=\"x-text x-content e90389-e19 m1xqt-y m1xqt-z\"><div>\n<p><span style=\"color: #800000;\"><strong>ZAHLUNGSARTEN<\/strong><\/span> - Bei uns kannst du aus fast allen verf\u00fcgbaren Zahlungsarten w\u00e4hlen. Kreditkarte, Bank\u00fcberweisung, Paypal oder Bitcoin. <\/p>\n\n<\/div>\n<div>\n<p><a href=\"http:\/\/nukaseeds.cz\/semena-konopi\/\"><span style=\"color: #800000;\"><strong>JEDER W\u00c4HLT<\/strong><\/span><\/a> - Unsere Modelle sind in drei Gruppen unterteilt: feminisiert, autoflowering und CBD medical. Einige sind f\u00fcr drinnen geeignet, andere f\u00fcr drau\u00dfen oder im Gew\u00e4chshaus. Alle Sorten sind jedoch sehr stark und stabil.  <\/p>\n\n<\/div>\n<div>\n<p><span style=\"color: #800000;\"><strong>SAMMELN UND LEIDENSCHAFT<\/strong><\/span> - Wenn du Nuka Seeds kaufst, erwirbst du nicht nur Hanfsamen von \u00fcberdurchschnittlicher Qualit\u00e4t, sondern auch verschiedene Souvenirs und praktische Sammlerst\u00fccke. Diese gut gemachten Geschenke werden dich an deine Lieblingssorte und deine Leidenschaft f\u00fcr den Cannabisanbau erinnern. <\/p>\n\n<\/div>\n<div>\n<p><span style=\"color: #800000;\"><strong>SCHNELLIGKEIT DER LIEFERUNG<\/strong><\/span> - Wir versenden deine Bestellung noch am Tag der Bestellung oder am n\u00e4chsten Werktag, wenn du zu sp\u00e4t bestellst. Wir w\u00e4hlen zuverl\u00e4ssige Spediteure aus, damit deine Sendung schnell und ohne unn\u00f6tige Verz\u00f6gerungen ankommt. <\/p>\n\n<\/div>\n<div>\n<p><a href=\"http:\/\/nukaseeds.cz\/de\/info\/transport\/\"><span style=\"color: #800000;\"><strong>KOSTENLOSER VERSAND<\/strong><\/span><\/a> - Wir versenden alle Saatgutbestellungen \u00fcber 100 Euro innerhalb der Europ\u00e4ischen Union kostenlos ohne Porto und Verpackung.<\/p>\n\n<\/div>\n<div>\n<p><span style=\"color: #800000;\"><strong>\u00d6KOLOGIE UND UMWELT<\/strong><\/span> - Das Nuka-Paket bietet ein sehr exklusives Gef\u00fchl und wird mit einem minimalen \u00f6kologischen Fu\u00dfabdruck hergestellt. Wir verbrauchen auch nicht mehr Papier und Energie als n\u00f6tig. Wir verwenden nur Recyclingpapier f\u00fcr Rechnungen und andere Artikel.  <\/p>\n\n<\/div>\n<div>\n<p><span style=\"color: #800000;\"><strong>UNTERST\u00dcTZUNG UND KOMMUNIKATION<\/strong><\/span> - Unsere Mitarbeiter\/innen beantworten gerne alle Fragen und kl\u00e4ren alle Unstimmigkeiten. Z\u00f6gere nicht, uns zu kontaktieren, wir freuen uns auf dich.<\/p>\n\n<\/div>\n<div><a href=\"\/news\/\"><span style=\"color: #800000;\"><strong>NACHRICHTEN UND ARTIKEL<\/strong><\/span><\/a> - Auf der Website von Nuka Seeds findest du neue Informationen dar\u00fcber, was in der Welt des Cannabis passiert, sowie viele Ratschl\u00e4ge, Richtlinien und medizinische Anwendungen f\u00fcr diese magische Pflanze.<\/div><\/div><\/div><div class=\"x-col e90389-e20 m1xqt-m\"><div class=\"x-text x-text-headline e90389-e21 m1xqt-p m1xqt-r m1xqt-u m1xqt-w\"><div class=\"x-text-content\"><div class=\"x-text-content-text\"><h2 class=\"x-text-content-text-primary\"><span>Unternehmen<\/span><\/h2>\n<\/div><\/div><\/div><div class=\"x-text x-content e90389-e22 m1xqt-y m1xqt-z\"><p data-test=\"note-name\" style=\"text-align: right;\"><span style=\"color: #800000;\"><strong>RECHNUNGSINFORMATIONEN<\/strong><\/span><\/p>\n<p data-test=\"note-name\" style=\"text-align: right;\"><strong>Nuka Trade s.r.o.<\/strong><br><strong>Zl\u00edn - Louky<\/strong><br><span>POSTCODE: <\/span><strong>76302<\/strong><br><span>ID: <strong>14380846<\/strong><br>VAT: <strong>CZ14380846<\/strong><\/span><\/p>\n<p style=\"text-align: right;\">Tel :<em><a href=\"tel:+420577477093\"><strong>+420 577 477 093<\/strong><\/a><\/em> B\u00fcro<\/p>\n<p style=\"text-align: right;\">Tel :<em><a href=\"tel:+420577477096\"><strong>+420 577 477 096<\/strong><\/a><\/em> Lagerhaus<\/p>\n\n<p style=\"text-align: right;\">Kontonummer \u00dcberweisung: <strong><span style=\"color: #cc6600;\">2302163728\/2010<\/span><\/strong><br>IBAN: <strong><span style=\"color: #cc6600;\">CZ1420100000002302163728<\/span><\/strong><br>BIC\/SWIFT: <strong>FIOBCZPPXXX<\/strong><\/p><\/div><\/div><\/div><\/div><\/div><\/div>","protected":false},"excerpt":{"rendered":"<p>Schreiben Sie uns Phone NumberPlease enable JavaScript to submit this form.SENDENWerden Sie unser Partner Betreibst du einen Growshop, Saatgutladen oder E-Shop? Verkaufst du Marihuana-Samen? um unsere Gro\u00dfhandelspartner und erhalte fantastische Preiseboombastic vision and marketing support Affiliate-Influencer-Programm Willst du hohe Provisionen f\u00fcr die Empfehlung von Nuka-Samen erhalten? Partnerprogramm bis zu 50% Provision0+SEEDS PLANTEDWarum wir? ZAHLUNGSARTEN &#8211; Bei uns kannst du aus &#8230; <\/p>\n<div><a href=\"https:\/\/nukaseeds.cz\/de\/kontakt-2\/\" class=\"more-link\">Read More<\/a><\/div>\n","protected":false},"author":1,"featured_media":6830,"parent":0,"menu_order":0,"comment_status":"closed","ping_status":"closed","template":"template-blank-2.php","meta":{"footnotes":""},"class_list":["post-90389","page","type-page","status-publish","has-post-thumbnail","hentry"],"yoast_head":"<!-- This site is optimized with the Yoast SEO plugin v26.6 - https:\/\/yoast.com\/wordpress\/plugins\/seo\/ -->\n<title>Kontakt - Nuka Cannabis-Samen<\/title>\n<meta name=\"robots\" content=\"index, follow, max-snippet:-1, max-image-preview:large, max-video-preview:-1\" \/>\n<link rel=\"canonical\" href=\"https:\/\/nukaseeds.cz\/de\/kontakt-2\/\" \/>\n<meta property=\"og:locale\" content=\"de_DE\" \/>\n<meta property=\"og:type\" content=\"article\" \/>\n<meta property=\"og:title\" content=\"Kontakt - Nuka Cannabis-Samen\" \/>\n<meta property=\"og:description\" content=\"Schreiben Sie uns Phone NumberPlease enable JavaScript to submit this form.SENDENWerden Sie unser Partner Betreibst du einen Growshop, Saatgutladen oder E-Shop? Verkaufst du Marihuana-Samen? um unsere Gro\u00dfhandelspartner und erhalte fantastische Preiseboombastic vision and marketing support Affiliate-Influencer-Programm Willst du hohe Provisionen f\u00fcr die Empfehlung von Nuka-Samen erhalten? Partnerprogramm bis zu 50% Provision0+SEEDS PLANTEDWarum wir? ZAHLUNGSARTEN - Bei uns kannst du aus ... Read More\" \/>\n<meta property=\"og:url\" content=\"https:\/\/nukaseeds.cz\/de\/kontakt-2\/\" \/>\n<meta property=\"og:site_name\" content=\"Nuka Cannabis-Samen\" \/>\n<meta property=\"article:publisher\" content=\"https:\/\/www.facebook.com\/Nukaseeds\/\" \/>\n<meta property=\"article:modified_time\" content=\"2025-09-01T09:49:29+00:00\" \/>\n<meta property=\"og:image\" content=\"https:\/\/nukaseeds.cz\/wp-content\/uploads\/2021\/02\/nuka-seeds-contact-call-2-1.png\" \/>\n\t<meta property=\"og:image:width\" content=\"300\" \/>\n\t<meta property=\"og:image:height\" content=\"384\" \/>\n\t<meta property=\"og:image:type\" content=\"image\/png\" \/>\n<meta name=\"twitter:card\" content=\"summary_large_image\" \/>\n<meta name=\"twitter:site\" content=\"@seeds_nuka\" \/>\n<meta name=\"twitter:label1\" content=\"Gesch\u00e4tzte Lesezeit\" \/>\n\t<meta name=\"twitter:data1\" content=\"2\u00a0Minuten\" \/>\n<script type=\"application\/ld+json\" class=\"yoast-schema-graph\">{\"@context\":\"https:\/\/schema.org\",\"@graph\":[{\"@type\":\"WebPage\",\"@id\":\"https:\/\/nukaseeds.cz\/de\/kontakt-2\/\",\"url\":\"https:\/\/nukaseeds.cz\/de\/kontakt-2\/\",\"name\":\"Kontakt - Nuka Cannabis-Samen\",\"isPartOf\":{\"@id\":\"https:\/\/nukaseeds.cz\/de\/#website\"},\"primaryImageOfPage\":{\"@id\":\"https:\/\/nukaseeds.cz\/de\/kontakt-2\/#primaryimage\"},\"image\":{\"@id\":\"https:\/\/nukaseeds.cz\/de\/kontakt-2\/#primaryimage\"},\"thumbnailUrl\":\"https:\/\/nukaseeds.cz\/wp-content\/uploads\/2021\/02\/nuka-seeds-contact-call-2-1.png\",\"datePublished\":\"2019-12-08T10:03:29+00:00\",\"dateModified\":\"2025-09-01T09:49:29+00:00\",\"breadcrumb\":{\"@id\":\"https:\/\/nukaseeds.cz\/de\/kontakt-2\/#breadcrumb\"},\"inLanguage\":\"de\",\"potentialAction\":[{\"@type\":\"ReadAction\",\"target\":[\"https:\/\/nukaseeds.cz\/de\/kontakt-2\/\"]}]},{\"@type\":\"ImageObject\",\"inLanguage\":\"de\",\"@id\":\"https:\/\/nukaseeds.cz\/de\/kontakt-2\/#primaryimage\",\"url\":\"https:\/\/nukaseeds.cz\/wp-content\/uploads\/2021\/02\/nuka-seeds-contact-call-2-1.png\",\"contentUrl\":\"https:\/\/nukaseeds.cz\/wp-content\/uploads\/2021\/02\/nuka-seeds-contact-call-2-1.png\",\"width\":300,\"height\":384,\"caption\":\"I want to hear from you (startrooper)\"},{\"@type\":\"BreadcrumbList\",\"@id\":\"https:\/\/nukaseeds.cz\/de\/kontakt-2\/#breadcrumb\",\"itemListElement\":[{\"@type\":\"ListItem\",\"position\":1,\"name\":\"Home\",\"item\":\"https:\/\/nukaseeds.cz\/de\/growshop-nukaseeds-cz-hanfsamen\/\"},{\"@type\":\"ListItem\",\"position\":2,\"name\":\"Kontakt\"}]},{\"@type\":\"WebSite\",\"@id\":\"https:\/\/nukaseeds.cz\/de\/#website\",\"url\":\"https:\/\/nukaseeds.cz\/de\/\",\"name\":\"Nuka Seeds Bank\",\"description\":\"Cannabis-Samen kaufen, Marihuana-Samen kaufen\",\"publisher\":{\"@id\":\"https:\/\/nukaseeds.cz\/de\/#organization\"},\"alternateName\":\"NukaSeeds cannabis seed bank\",\"potentialAction\":[{\"@type\":\"SearchAction\",\"target\":{\"@type\":\"EntryPoint\",\"urlTemplate\":\"https:\/\/nukaseeds.cz\/de\/?s={search_term_string}\"},\"query-input\":{\"@type\":\"PropertyValueSpecification\",\"valueRequired\":true,\"valueName\":\"search_term_string\"}}],\"inLanguage\":\"de\"},{\"@type\":\"Organization\",\"@id\":\"https:\/\/nukaseeds.cz\/de\/#organization\",\"name\":\"Nuka Trade s.r.o.\",\"url\":\"https:\/\/nukaseeds.cz\/de\/\",\"logo\":{\"@type\":\"ImageObject\",\"inLanguage\":\"de\",\"@id\":\"https:\/\/nukaseeds.cz\/de\/#\/schema\/logo\/image\/\",\"url\":\"https:\/\/i0.wp.com\/nukaseeds.cz\/wp-content\/uploads\/2021\/11\/nuka-seeds-logo-vector-neon-8-production.png?fit=2142%2C1457&quality=70&ssl=1\",\"contentUrl\":\"https:\/\/i0.wp.com\/nukaseeds.cz\/wp-content\/uploads\/2021\/11\/nuka-seeds-logo-vector-neon-8-production.png?fit=2142%2C1457&quality=70&ssl=1\",\"width\":2142,\"height\":1457,\"caption\":\"Nuka Trade s.r.o.\"},\"image\":{\"@id\":\"https:\/\/nukaseeds.cz\/de\/#\/schema\/logo\/image\/\"},\"sameAs\":[\"https:\/\/www.facebook.com\/Nukaseeds\/\",\"https:\/\/x.com\/seeds_nuka\",\"https:\/\/www.instagram.com\/nukaseeds\/\",\"https:\/\/www.youtube.com\/@nukaseeds1167\",\"https:\/\/www.tumblr.com\/nukaseeds\",\"https:\/\/www.linkedin.com\/company\/nukaseeds-ltd\/\",\"https:\/\/cz.pinterest.com\/Nukaseeds\/\"]}]}<\/script>\n<!-- \/ Yoast SEO plugin. -->","yoast_head_json":{"title":"Kontakt - Nuka Cannabis-Samen","robots":{"index":"index","follow":"follow","max-snippet":"max-snippet:-1","max-image-preview":"max-image-preview:large","max-video-preview":"max-video-preview:-1"},"canonical":"https:\/\/nukaseeds.cz\/de\/kontakt-2\/","og_locale":"de_DE","og_type":"article","og_title":"Kontakt - Nuka Cannabis-Samen","og_description":"Schreiben Sie uns Phone NumberPlease enable JavaScript to submit this form.SENDENWerden Sie unser Partner Betreibst du einen Growshop, Saatgutladen oder E-Shop? Verkaufst du Marihuana-Samen? um unsere Gro\u00dfhandelspartner und erhalte fantastische Preiseboombastic vision and marketing support Affiliate-Influencer-Programm Willst du hohe Provisionen f\u00fcr die Empfehlung von Nuka-Samen erhalten? Partnerprogramm bis zu 50% Provision0+SEEDS PLANTEDWarum wir? ZAHLUNGSARTEN - Bei uns kannst du aus ... Read More","og_url":"https:\/\/nukaseeds.cz\/de\/kontakt-2\/","og_site_name":"Nuka Cannabis-Samen","article_publisher":"https:\/\/www.facebook.com\/Nukaseeds\/","article_modified_time":"2025-09-01T09:49:29+00:00","og_image":[{"width":300,"height":384,"url":"https:\/\/nukaseeds.cz\/wp-content\/uploads\/2021\/02\/nuka-seeds-contact-call-2-1.png","type":"image\/png"}],"twitter_card":"summary_large_image","twitter_site":"@seeds_nuka","twitter_misc":{"Gesch\u00e4tzte Lesezeit":"2\u00a0Minuten"},"schema":{"@context":"https:\/\/schema.org","@graph":[{"@type":"WebPage","@id":"https:\/\/nukaseeds.cz\/de\/kontakt-2\/","url":"https:\/\/nukaseeds.cz\/de\/kontakt-2\/","name":"Kontakt - Nuka Cannabis-Samen","isPartOf":{"@id":"https:\/\/nukaseeds.cz\/de\/#website"},"primaryImageOfPage":{"@id":"https:\/\/nukaseeds.cz\/de\/kontakt-2\/#primaryimage"},"image":{"@id":"https:\/\/nukaseeds.cz\/de\/kontakt-2\/#primaryimage"},"thumbnailUrl":"https:\/\/nukaseeds.cz\/wp-content\/uploads\/2021\/02\/nuka-seeds-contact-call-2-1.png","datePublished":"2019-12-08T10:03:29+00:00","dateModified":"2025-09-01T09:49:29+00:00","breadcrumb":{"@id":"https:\/\/nukaseeds.cz\/de\/kontakt-2\/#breadcrumb"},"inLanguage":"de","potentialAction":[{"@type":"ReadAction","target":["https:\/\/nukaseeds.cz\/de\/kontakt-2\/"]}]},{"@type":"ImageObject","inLanguage":"de","@id":"https:\/\/nukaseeds.cz\/de\/kontakt-2\/#primaryimage","url":"https:\/\/nukaseeds.cz\/wp-content\/uploads\/2021\/02\/nuka-seeds-contact-call-2-1.png","contentUrl":"https:\/\/nukaseeds.cz\/wp-content\/uploads\/2021\/02\/nuka-seeds-contact-call-2-1.png","width":300,"height":384,"caption":"I want to hear from you (startrooper)"},{"@type":"BreadcrumbList","@id":"https:\/\/nukaseeds.cz\/de\/kontakt-2\/#breadcrumb","itemListElement":[{"@type":"ListItem","position":1,"name":"Home","item":"https:\/\/nukaseeds.cz\/de\/growshop-nukaseeds-cz-hanfsamen\/"},{"@type":"ListItem","position":2,"name":"Kontakt"}]},{"@type":"WebSite","@id":"https:\/\/nukaseeds.cz\/de\/#website","url":"https:\/\/nukaseeds.cz\/de\/","name":"Nuka Seeds Bank","description":"Cannabis-Samen kaufen, Marihuana-Samen kaufen","publisher":{"@id":"https:\/\/nukaseeds.cz\/de\/#organization"},"alternateName":"NukaSeeds cannabis seed bank","potentialAction":[{"@type":"SearchAction","target":{"@type":"EntryPoint","urlTemplate":"https:\/\/nukaseeds.cz\/de\/?s={search_term_string}"},"query-input":{"@type":"PropertyValueSpecification","valueRequired":true,"valueName":"search_term_string"}}],"inLanguage":"de"},{"@type":"Organization","@id":"https:\/\/nukaseeds.cz\/de\/#organization","name":"Nuka Trade s.r.o.","url":"https:\/\/nukaseeds.cz\/de\/","logo":{"@type":"ImageObject","inLanguage":"de","@id":"https:\/\/nukaseeds.cz\/de\/#\/schema\/logo\/image\/","url":"https:\/\/i0.wp.com\/nukaseeds.cz\/wp-content\/uploads\/2021\/11\/nuka-seeds-logo-vector-neon-8-production.png?fit=2142%2C1457&quality=70&ssl=1","contentUrl":"https:\/\/i0.wp.com\/nukaseeds.cz\/wp-content\/uploads\/2021\/11\/nuka-seeds-logo-vector-neon-8-production.png?fit=2142%2C1457&quality=70&ssl=1","width":2142,"height":1457,"caption":"Nuka Trade s.r.o."},"image":{"@id":"https:\/\/nukaseeds.cz\/de\/#\/schema\/logo\/image\/"},"sameAs":["https:\/\/www.facebook.com\/Nukaseeds\/","https:\/\/x.com\/seeds_nuka","https:\/\/www.instagram.com\/nukaseeds\/","https:\/\/www.youtube.com\/@nukaseeds1167","https:\/\/www.tumblr.com\/nukaseeds","https:\/\/www.linkedin.com\/company\/nukaseeds-ltd\/","https:\/\/cz.pinterest.com\/Nukaseeds\/"]}]}},"_links":{"self":[{"href":"https:\/\/nukaseeds.cz\/de\/wp-json\/wp\/v2\/pages\/90389","targetHints":{"allow":["GET"]}}],"collection":[{"href":"https:\/\/nukaseeds.cz\/de\/wp-json\/wp\/v2\/pages"}],"about":[{"href":"https:\/\/nukaseeds.cz\/de\/wp-json\/wp\/v2\/types\/page"}],"author":[{"embeddable":true,"href":"https:\/\/nukaseeds.cz\/de\/wp-json\/wp\/v2\/users\/1"}],"replies":[{"embeddable":true,"href":"https:\/\/nukaseeds.cz\/de\/wp-json\/wp\/v2\/comments?post=90389"}],"version-history":[{"count":2,"href":"https:\/\/nukaseeds.cz\/de\/wp-json\/wp\/v2\/pages\/90389\/revisions"}],"predecessor-version":[{"id":90396,"href":"https:\/\/nukaseeds.cz\/de\/wp-json\/wp\/v2\/pages\/90389\/revisions\/90396"}],"wp:featuredmedia":[{"embeddable":true,"href":"https:\/\/nukaseeds.cz\/de\/wp-json\/wp\/v2\/media\/6830"}],"wp:attachment":[{"href":"https:\/\/nukaseeds.cz\/de\/wp-json\/wp\/v2\/media?parent=90389"}],"curies":[{"name":"wp","href":"https:\/\/api.w.org\/{rel}","templated":true}]}}