{"id":90415,"date":"2025-02-18T23:02:37","date_gmt":"2025-02-18T22:02:37","guid":{"rendered":"http:\/\/nukaseeds.cz\/nachrichten-abonnement\/"},"modified":"2025-09-01T11:54:21","modified_gmt":"2025-09-01T09:54:21","slug":"nachrichten-abonnement","status":"publish","type":"page","link":"https:\/\/nukaseeds.cz\/de\/nachrichten-abonnement\/","title":{"rendered":"Nachrichten Abonnement"},"content":{"rendered":"\n\n\n<h3 class=\"wp-block-heading\">Newsletter Anmeldung<\/h3>\n\n\n<div class=\"mailster-block-form-type-content wp-block-mailster-form-outside-wrapper wp-block-mailster-form-outside-wrapper-27d62787 wp-block-mailster-form-outside-wrapper-89436\"><style class=\"mailster-form-style-27d62787\">div.wp-block-mailster-form-outside-wrapper.wp-block-mailster-form-outside-wrapper-27d62787.wp-block-mailster-form-outside-wrapper-89436 .mailster-wrapper{margin-bottom:1em}<\/style>\n<form method=\"post\" novalidate class=\"wp-block-mailster-form-wrapper mailster-block-form\"><div class=\"mailster-block-form-inner\">\n<div class=\"wp-block-mailster-messages mailster-block-form-info mailster-wrapper\" aria-hidden=\"true\"><div class=\"mailster-block-form-info-success\" style=\"width:100%;color:#ffffff;background:#6fbf4d\"><div>Pros\u00edm potvr\u010fte p\u0159\u00edjem newsletter\u016f!<\/div><div class=\"mailster-block-form-info-extra\"><\/div><\/div><div class=\"mailster-block-form-info-error\" style=\"width:100%;color:#ffffff;background:#bf4d4d\"><div>N\u011bkter\u00e1 pole chyb\u00ed nebo jsou nespr\u00e1vn\u00e1!<\/div><div class=\"mailster-block-form-info-extra\"><\/div><\/div><\/div>\n\n\n\n<div class=\"wp-block-mailster-field-firstname mailster-wrapper mailster-wrapper-type-text\" style=\"width:49%\"><label for=\"mailster-id-2c4fa9\" class=\"mailster-label\">Jm\u00e9no<\/label><input name=\"firstname\" id=\"mailster-id-2c4fa9\" type=\"text\" aria-required=\"false\" aria-label=\"Jm\u00e9no\" spellcheck=\"false\" value=\"\" class=\"input\" autocomplete=\"given-name\" placeholder=\" \"\/><\/div>\n\n\n\n<div class=\"wp-block-mailster-field-lastname mailster-wrapper mailster-wrapper-type-text\" style=\"width:49%\"><label for=\"mailster-id-64ce15\" class=\"mailster-label\">P\u0159\u00edjmen\u00ed<\/label><input name=\"lastname\" id=\"mailster-id-64ce15\" type=\"text\" aria-required=\"false\" aria-label=\"P\u0159\u00edjmen\u00ed\" spellcheck=\"false\" value=\"\" class=\"input\" autocomplete=\"family-name\" placeholder=\" \"\/><\/div>\n\n\n\n<div class=\"wp-block-mailster-field-email mailster-wrapper mailster-wrapper-required mailster-wrapper-type-email mailster-wrapper-asterisk\"><label for=\"mailster-id-4a142f\" class=\"mailster-label\">Email<\/label><input name=\"email\" id=\"mailster-id-4a142f\" type=\"email\" aria-required=\"true\" aria-label=\"Email\" spellcheck=\"false\" required value=\"\" class=\"input\" autocomplete=\"email\" placeholder=\" \"\/><\/div>\n\n\n\n<div class=\"wp-block-mailster-field-submit mailster-wrapper mailster-wrapper-type-submit mailster-wrapper-align-center wp-block-button\"><input name=\"submit\" id=\"mailster-id-02e1d6\" type=\"submit\" value=\"P\u0159ihlaste se k odb\u011bru!\" class=\"wp-block-button__link submit-button\"\/><\/div>\n<\/div><script class=\"mailster-block-form-data\" type=\"application\/json\">{\"id\":89436,\"identifier\":\"27d62787\",\"cooldown\":0,\"isPreview\":false,\"type\":\"submission\",\"prefill\":false}<\/script><input name=\"_timestamp\" type=\"hidden\" value=\"1776390983\" \/>\n<button class=\"mailster-block-form-close\" aria-label=\"close\" tabindex=\"0\"><svg viewbox=\"0 0 100 100\"><path d=\"M100 10.71 89.29 0 50 39.29 10.71 0 0 10.71 39.29 50 0 89.29 10.71 100 50 60.71 89.29 100 100 89.29 60.71 50z\"\/><\/svg><\/button><\/form>\n<\/div>\n\n\n\n\n\n\n\n","protected":false},"excerpt":{"rendered":"","protected":false},"author":8,"featured_media":0,"parent":0,"menu_order":0,"comment_status":"closed","ping_status":"closed","template":"","meta":{"footnotes":""},"class_list":["post-90415","page","type-page","status-publish","hentry","no-post-thumbnail"],"yoast_head":"<!-- This site is optimized with the Yoast SEO plugin v26.6 - https:\/\/yoast.com\/wordpress\/plugins\/seo\/ -->\n<title>Nachrichten Abonnement - Nuka Cannabis-Samen<\/title>\n<meta name=\"robots\" content=\"index, follow, max-snippet:-1, max-image-preview:large, max-video-preview:-1\" \/>\n<link rel=\"canonical\" href=\"https:\/\/nukaseeds.cz\/de\/nachrichten-abonnement\/\" \/>\n<meta property=\"og:locale\" content=\"de_DE\" \/>\n<meta property=\"og:type\" content=\"article\" \/>\n<meta property=\"og:title\" content=\"Nachrichten Abonnement - Nuka Cannabis-Samen\" \/>\n<meta property=\"og:url\" content=\"https:\/\/nukaseeds.cz\/de\/nachrichten-abonnement\/\" \/>\n<meta property=\"og:site_name\" content=\"Nuka Cannabis-Samen\" \/>\n<meta property=\"article:publisher\" content=\"https:\/\/www.facebook.com\/Nukaseeds\/\" \/>\n<meta property=\"article:modified_time\" content=\"2025-09-01T09:54:21+00:00\" \/>\n<meta property=\"og:image\" content=\"https:\/\/nukaseeds.cz\/wp-content\/uploads\/2021\/11\/nuka-seeds-logo-vector-neon-8-production.png\" \/>\n\t<meta property=\"og:image:width\" content=\"2142\" \/>\n\t<meta property=\"og:image:height\" content=\"1457\" \/>\n\t<meta property=\"og:image:type\" content=\"image\/png\" \/>\n<meta name=\"twitter:card\" content=\"summary_large_image\" \/>\n<meta name=\"twitter:site\" content=\"@seeds_nuka\" \/>\n<script type=\"application\/ld+json\" class=\"yoast-schema-graph\">{\"@context\":\"https:\/\/schema.org\",\"@graph\":[{\"@type\":\"WebPage\",\"@id\":\"https:\/\/nukaseeds.cz\/de\/nachrichten-abonnement\/\",\"url\":\"https:\/\/nukaseeds.cz\/de\/nachrichten-abonnement\/\",\"name\":\"Nachrichten Abonnement - Nuka Cannabis-Samen\",\"isPartOf\":{\"@id\":\"https:\/\/nukaseeds.cz\/de\/#website\"},\"datePublished\":\"2025-02-18T22:02:37+00:00\",\"dateModified\":\"2025-09-01T09:54:21+00:00\",\"breadcrumb\":{\"@id\":\"https:\/\/nukaseeds.cz\/de\/nachrichten-abonnement\/#breadcrumb\"},\"inLanguage\":\"de\",\"potentialAction\":[{\"@type\":\"ReadAction\",\"target\":[\"https:\/\/nukaseeds.cz\/de\/nachrichten-abonnement\/\"]}]},{\"@type\":\"BreadcrumbList\",\"@id\":\"https:\/\/nukaseeds.cz\/de\/nachrichten-abonnement\/#breadcrumb\",\"itemListElement\":[{\"@type\":\"ListItem\",\"position\":1,\"name\":\"Home\",\"item\":\"https:\/\/nukaseeds.cz\/de\/growshop-nukaseeds-cz-hanfsamen\/\"},{\"@type\":\"ListItem\",\"position\":2,\"name\":\"Nachrichten Abonnement\"}]},{\"@type\":\"WebSite\",\"@id\":\"https:\/\/nukaseeds.cz\/de\/#website\",\"url\":\"https:\/\/nukaseeds.cz\/de\/\",\"name\":\"Nuka Seeds Bank\",\"description\":\"Cannabis-Samen kaufen, Marihuana-Samen kaufen\",\"publisher\":{\"@id\":\"https:\/\/nukaseeds.cz\/de\/#organization\"},\"alternateName\":\"NukaSeeds cannabis seed bank\",\"potentialAction\":[{\"@type\":\"SearchAction\",\"target\":{\"@type\":\"EntryPoint\",\"urlTemplate\":\"https:\/\/nukaseeds.cz\/de\/?s={search_term_string}\"},\"query-input\":{\"@type\":\"PropertyValueSpecification\",\"valueRequired\":true,\"valueName\":\"search_term_string\"}}],\"inLanguage\":\"de\"},{\"@type\":\"Organization\",\"@id\":\"https:\/\/nukaseeds.cz\/de\/#organization\",\"name\":\"Nuka Trade s.r.o.\",\"url\":\"https:\/\/nukaseeds.cz\/de\/\",\"logo\":{\"@type\":\"ImageObject\",\"inLanguage\":\"de\",\"@id\":\"https:\/\/nukaseeds.cz\/de\/#\/schema\/logo\/image\/\",\"url\":\"https:\/\/i0.wp.com\/nukaseeds.cz\/wp-content\/uploads\/2021\/11\/nuka-seeds-logo-vector-neon-8-production.png?fit=2142%2C1457&quality=70&ssl=1\",\"contentUrl\":\"https:\/\/i0.wp.com\/nukaseeds.cz\/wp-content\/uploads\/2021\/11\/nuka-seeds-logo-vector-neon-8-production.png?fit=2142%2C1457&quality=70&ssl=1\",\"width\":2142,\"height\":1457,\"caption\":\"Nuka Trade s.r.o.\"},\"image\":{\"@id\":\"https:\/\/nukaseeds.cz\/de\/#\/schema\/logo\/image\/\"},\"sameAs\":[\"https:\/\/www.facebook.com\/Nukaseeds\/\",\"https:\/\/x.com\/seeds_nuka\",\"https:\/\/www.instagram.com\/nukaseeds\/\",\"https:\/\/www.youtube.com\/@nukaseeds1167\",\"https:\/\/www.tumblr.com\/nukaseeds\",\"https:\/\/www.linkedin.com\/company\/nukaseeds-ltd\/\",\"https:\/\/cz.pinterest.com\/Nukaseeds\/\"]}]}<\/script>\n<!-- \/ Yoast SEO plugin. -->","yoast_head_json":{"title":"Nachrichten Abonnement - Nuka Cannabis-Samen","robots":{"index":"index","follow":"follow","max-snippet":"max-snippet:-1","max-image-preview":"max-image-preview:large","max-video-preview":"max-video-preview:-1"},"canonical":"https:\/\/nukaseeds.cz\/de\/nachrichten-abonnement\/","og_locale":"de_DE","og_type":"article","og_title":"Nachrichten Abonnement - Nuka Cannabis-Samen","og_url":"https:\/\/nukaseeds.cz\/de\/nachrichten-abonnement\/","og_site_name":"Nuka Cannabis-Samen","article_publisher":"https:\/\/www.facebook.com\/Nukaseeds\/","article_modified_time":"2025-09-01T09:54:21+00:00","og_image":[{"width":2142,"height":1457,"url":"https:\/\/nukaseeds.cz\/wp-content\/uploads\/2021\/11\/nuka-seeds-logo-vector-neon-8-production.png","type":"image\/png"}],"twitter_card":"summary_large_image","twitter_site":"@seeds_nuka","schema":{"@context":"https:\/\/schema.org","@graph":[{"@type":"WebPage","@id":"https:\/\/nukaseeds.cz\/de\/nachrichten-abonnement\/","url":"https:\/\/nukaseeds.cz\/de\/nachrichten-abonnement\/","name":"Nachrichten Abonnement - Nuka Cannabis-Samen","isPartOf":{"@id":"https:\/\/nukaseeds.cz\/de\/#website"},"datePublished":"2025-02-18T22:02:37+00:00","dateModified":"2025-09-01T09:54:21+00:00","breadcrumb":{"@id":"https:\/\/nukaseeds.cz\/de\/nachrichten-abonnement\/#breadcrumb"},"inLanguage":"de","potentialAction":[{"@type":"ReadAction","target":["https:\/\/nukaseeds.cz\/de\/nachrichten-abonnement\/"]}]},{"@type":"BreadcrumbList","@id":"https:\/\/nukaseeds.cz\/de\/nachrichten-abonnement\/#breadcrumb","itemListElement":[{"@type":"ListItem","position":1,"name":"Home","item":"https:\/\/nukaseeds.cz\/de\/growshop-nukaseeds-cz-hanfsamen\/"},{"@type":"ListItem","position":2,"name":"Nachrichten Abonnement"}]},{"@type":"WebSite","@id":"https:\/\/nukaseeds.cz\/de\/#website","url":"https:\/\/nukaseeds.cz\/de\/","name":"Nuka Seeds Bank","description":"Cannabis-Samen kaufen, Marihuana-Samen kaufen","publisher":{"@id":"https:\/\/nukaseeds.cz\/de\/#organization"},"alternateName":"NukaSeeds cannabis seed bank","potentialAction":[{"@type":"SearchAction","target":{"@type":"EntryPoint","urlTemplate":"https:\/\/nukaseeds.cz\/de\/?s={search_term_string}"},"query-input":{"@type":"PropertyValueSpecification","valueRequired":true,"valueName":"search_term_string"}}],"inLanguage":"de"},{"@type":"Organization","@id":"https:\/\/nukaseeds.cz\/de\/#organization","name":"Nuka Trade s.r.o.","url":"https:\/\/nukaseeds.cz\/de\/","logo":{"@type":"ImageObject","inLanguage":"de","@id":"https:\/\/nukaseeds.cz\/de\/#\/schema\/logo\/image\/","url":"https:\/\/i0.wp.com\/nukaseeds.cz\/wp-content\/uploads\/2021\/11\/nuka-seeds-logo-vector-neon-8-production.png?fit=2142%2C1457&quality=70&ssl=1","contentUrl":"https:\/\/i0.wp.com\/nukaseeds.cz\/wp-content\/uploads\/2021\/11\/nuka-seeds-logo-vector-neon-8-production.png?fit=2142%2C1457&quality=70&ssl=1","width":2142,"height":1457,"caption":"Nuka Trade s.r.o."},"image":{"@id":"https:\/\/nukaseeds.cz\/de\/#\/schema\/logo\/image\/"},"sameAs":["https:\/\/www.facebook.com\/Nukaseeds\/","https:\/\/x.com\/seeds_nuka","https:\/\/www.instagram.com\/nukaseeds\/","https:\/\/www.youtube.com\/@nukaseeds1167","https:\/\/www.tumblr.com\/nukaseeds","https:\/\/www.linkedin.com\/company\/nukaseeds-ltd\/","https:\/\/cz.pinterest.com\/Nukaseeds\/"]}]}},"_links":{"self":[{"href":"https:\/\/nukaseeds.cz\/de\/wp-json\/wp\/v2\/pages\/90415","targetHints":{"allow":["GET"]}}],"collection":[{"href":"https:\/\/nukaseeds.cz\/de\/wp-json\/wp\/v2\/pages"}],"about":[{"href":"https:\/\/nukaseeds.cz\/de\/wp-json\/wp\/v2\/types\/page"}],"author":[{"embeddable":true,"href":"https:\/\/nukaseeds.cz\/de\/wp-json\/wp\/v2\/users\/8"}],"replies":[{"embeddable":true,"href":"https:\/\/nukaseeds.cz\/de\/wp-json\/wp\/v2\/comments?post=90415"}],"version-history":[{"count":1,"href":"https:\/\/nukaseeds.cz\/de\/wp-json\/wp\/v2\/pages\/90415\/revisions"}],"predecessor-version":[{"id":90416,"href":"https:\/\/nukaseeds.cz\/de\/wp-json\/wp\/v2\/pages\/90415\/revisions\/90416"}],"wp:attachment":[{"href":"https:\/\/nukaseeds.cz\/de\/wp-json\/wp\/v2\/media?parent=90415"}],"curies":[{"name":"wp","href":"https:\/\/api.w.org\/{rel}","templated":true}]}}