{"id":90437,"date":"2024-04-18T01:24:40","date_gmt":"2024-04-17T23:24:40","guid":{"rendered":"http:\/\/nukaseeds.cz\/buy-cannabis-seeds\/assorted-mix-fem\/"},"modified":"2024-04-18T01:24:40","modified_gmt":"2024-04-17T23:24:40","slug":"assorted-mix-fem","status":"publish","type":"product","link":"https:\/\/nukaseeds.cz\/de\/buy-cannabis-seeds\/assorted-mix-fem\/","title":{"rendered":"Assorted Mix Fem"},"content":{"rendered":"<p>Entdecke Vielfalt und Qualit\u00e4t mit unserer gro\u00dfen Mischung feminisierter photoperiodischer Hanfsamen.<\/p>\n<p>Assorted mix fem enth\u00e4lt zuf\u00e4llige photoperiodische Sorten von Nuka Seeds. Die einzige Ausnahme ist die CBD-Sorte Cleopatra. <\/p>\n<p>Wenn du dich nicht f\u00fcr eine bestimmte Sorte entscheiden kannst oder auf der Suche nach dem besten Preis f\u00fcr feminisierte photoperiodische Hanfsamen bist, dann ist die Photoperiodic Assorted Mischung die perfekte Wahl f\u00fcr dich.<\/p>\n","protected":false},"excerpt":{"rendered":"<p>Cannabissamen Assorted Mix Fem Entdecke Vielfalt und Qualit\u00e4t mit unserem tollen Mix aus feminisierten automatischen Cannabissamen.<\/p>\n","protected":false},"featured_media":90441,"comment_status":"open","ping_status":"closed","template":"","meta":[],"product_brand":[],"product_cat":[7741,7749,7737,7736,7751,7748,7753],"product_tag":[],"class_list":{"0":"post-90437","1":"product","2":"type-product","3":"status-publish","4":"has-post-thumbnail","6":"product_cat-56-65-tage-de","7":"product_cat-anbau-im-freien-de","8":"product_cat-assortiert-mixy-de","9":"product_cat-hanfsamen-de","10":"product_cat-feminisierte-hanfsamen-de","11":"product_cat-indoor-anbau-de","12":"product_cat-nuka-samen-de","13":"pa_baleni-semen-3-de","14":"pa_baleni-semen-5-de","15":"pa_baleni-semen-10-de","16":"pa_brand-nuka-samen","19":"first","20":"instock","21":"sale","22":"taxable","23":"shipping-taxable","24":"purchasable","25":"product-type-variable"},"yoast_head":"<!-- This site is optimized with the Yoast SEO plugin v26.6 - https:\/\/yoast.com\/wordpress\/plugins\/seo\/ -->\n<title>Hanfsamen Assorted Mix Fem - Growshop NukaSeeds<\/title>\n<meta name=\"description\" content=\"Entdecke Vielfalt und Qualit\u00e4t mit unserer tollen Mischung feminisierter Hanfsamen. Der Assorted Mix enth\u00e4lt zuf\u00e4llige autoflowering Sorten aus dem Nuka Samen Sortiment.\" \/>\n<meta name=\"robots\" content=\"index, follow, max-snippet:-1, max-image-preview:large, max-video-preview:-1\" \/>\n<link rel=\"canonical\" href=\"https:\/\/nukaseeds.cz\/de\/buy-cannabis-seeds\/assorted-mix-fem\/\" \/>\n<meta property=\"og:locale\" content=\"de_DE\" \/>\n<meta property=\"og:type\" content=\"article\" \/>\n<meta property=\"og:title\" content=\"Hanfsamen Assorted Mix Fem - Growshop NukaSeeds\" \/>\n<meta property=\"og:description\" content=\"Entdecke Vielfalt und Qualit\u00e4t mit unserer tollen Mischung feminisierter Hanfsamen. Der Assorted Mix enth\u00e4lt zuf\u00e4llige autoflowering Sorten aus dem Nuka Samen Sortiment.\" \/>\n<meta property=\"og:url\" content=\"https:\/\/nukaseeds.cz\/de\/buy-cannabis-seeds\/assorted-mix-fem\/\" \/>\n<meta property=\"og:site_name\" content=\"Nuka Cannabis-Samen\" \/>\n<meta property=\"article:publisher\" content=\"https:\/\/www.facebook.com\/Nukaseeds\/\" \/>\n<meta property=\"og:image\" content=\"http:\/\/nukaseeds.cz\/wp-content\/uploads\/2024\/04\/assorted-mix-fem-growshop-nuka-semena-konopi-225x300.webp\" \/>\n<meta name=\"twitter:card\" content=\"summary_large_image\" \/>\n<meta name=\"twitter:title\" content=\"Hanfsamen Assorted Mix Fem - Growshop NukaSeeds\" \/>\n<meta name=\"twitter:description\" content=\"Entdecke Vielfalt und Qualit\u00e4t mit unserer tollen Mischung feminisierter Hanfsamen. Der Assorted Mix enth\u00e4lt zuf\u00e4llige autoflowering Sorten aus dem Nuka Samen Sortiment.\" \/>\n<meta name=\"twitter:image\" content=\"http:\/\/nukaseeds.cz\/wp-content\/uploads\/2024\/04\/assorted-mix-fem-growshop-nuka-semena-konopi-768x1024.webp\" \/>\n<meta name=\"twitter:site\" content=\"@seeds_nuka\" \/>\n<script type=\"application\/ld+json\" class=\"yoast-schema-graph\">{\"@context\":\"https:\/\/schema.org\",\"@graph\":[{\"@type\":\"WebPage\",\"@id\":\"https:\/\/nukaseeds.cz\/de\/buy-cannabis-seeds\/assorted-mix-fem\/\",\"url\":\"https:\/\/nukaseeds.cz\/de\/buy-cannabis-seeds\/assorted-mix-fem\/\",\"name\":\"Hanfsamen Assorted Mix Fem - Growshop NukaSeeds\",\"isPartOf\":{\"@id\":\"https:\/\/nukaseeds.cz\/de\/#website\"},\"primaryImageOfPage\":{\"@id\":\"https:\/\/nukaseeds.cz\/de\/buy-cannabis-seeds\/assorted-mix-fem\/#primaryimage\"},\"image\":{\"@id\":\"https:\/\/nukaseeds.cz\/de\/buy-cannabis-seeds\/assorted-mix-fem\/#primaryimage\"},\"thumbnailUrl\":\"https:\/\/nukaseeds.cz\/wp-content\/uploads\/2024\/04\/assorted-mix-fem-growshop-nuka-semena-konopi-2.webp\",\"datePublished\":\"2024-04-17T23:24:40+00:00\",\"description\":\"Entdecke Vielfalt und Qualit\u00e4t mit unserer tollen Mischung feminisierter Hanfsamen. Der Assorted Mix enth\u00e4lt zuf\u00e4llige autoflowering Sorten aus dem Nuka Samen Sortiment.\",\"breadcrumb\":{\"@id\":\"https:\/\/nukaseeds.cz\/de\/buy-cannabis-seeds\/assorted-mix-fem\/#breadcrumb\"},\"inLanguage\":\"de\",\"potentialAction\":[{\"@type\":\"ReadAction\",\"target\":[\"https:\/\/nukaseeds.cz\/de\/buy-cannabis-seeds\/assorted-mix-fem\/\"]}]},{\"@type\":\"ImageObject\",\"inLanguage\":\"de\",\"@id\":\"https:\/\/nukaseeds.cz\/de\/buy-cannabis-seeds\/assorted-mix-fem\/#primaryimage\",\"url\":\"https:\/\/nukaseeds.cz\/wp-content\/uploads\/2024\/04\/assorted-mix-fem-growshop-nuka-semena-konopi-2.webp\",\"contentUrl\":\"https:\/\/nukaseeds.cz\/wp-content\/uploads\/2024\/04\/assorted-mix-fem-growshop-nuka-semena-konopi-2.webp\",\"width\":810,\"height\":1080,\"caption\":\"Assorted mix sem\u00ednek konop\u00ed od Nuka Seeds\"},{\"@type\":\"BreadcrumbList\",\"@id\":\"https:\/\/nukaseeds.cz\/de\/buy-cannabis-seeds\/assorted-mix-fem\/#breadcrumb\",\"itemListElement\":[{\"@type\":\"ListItem\",\"position\":1,\"name\":\"Home\",\"item\":\"https:\/\/nukaseeds.cz\/de\/\"},{\"@type\":\"ListItem\",\"position\":2,\"name\":\"Cannabis-Samen kaufen\",\"item\":\"https:\/\/nukaseeds.cz\/de\/shop\/\"},{\"@type\":\"ListItem\",\"position\":3,\"name\":\"Cannabis-Samen\",\"item\":\"https:\/\/nukaseeds.cz\/de\/hanf-samen-kaufen\/hanfsamen-de\/\"},{\"@type\":\"ListItem\",\"position\":4,\"name\":\"Assorted Mix Fem\"}]},{\"@type\":\"WebSite\",\"@id\":\"https:\/\/nukaseeds.cz\/de\/#website\",\"url\":\"https:\/\/nukaseeds.cz\/de\/\",\"name\":\"Nuka Seeds Bank\",\"description\":\"Cannabis-Samen kaufen, Marihuana-Samen kaufen\",\"publisher\":{\"@id\":\"https:\/\/nukaseeds.cz\/de\/#organization\"},\"alternateName\":\"NukaSeeds cannabis seed bank\",\"potentialAction\":[{\"@type\":\"SearchAction\",\"target\":{\"@type\":\"EntryPoint\",\"urlTemplate\":\"https:\/\/nukaseeds.cz\/de\/?s={search_term_string}\"},\"query-input\":{\"@type\":\"PropertyValueSpecification\",\"valueRequired\":true,\"valueName\":\"search_term_string\"}}],\"inLanguage\":\"de\"},{\"@type\":\"Organization\",\"@id\":\"https:\/\/nukaseeds.cz\/de\/#organization\",\"name\":\"Nuka Trade s.r.o.\",\"url\":\"https:\/\/nukaseeds.cz\/de\/\",\"logo\":{\"@type\":\"ImageObject\",\"inLanguage\":\"de\",\"@id\":\"https:\/\/nukaseeds.cz\/de\/#\/schema\/logo\/image\/\",\"url\":\"https:\/\/i0.wp.com\/nukaseeds.cz\/wp-content\/uploads\/2021\/11\/nuka-seeds-logo-vector-neon-8-production.png?fit=2142%2C1457&quality=70&ssl=1\",\"contentUrl\":\"https:\/\/i0.wp.com\/nukaseeds.cz\/wp-content\/uploads\/2021\/11\/nuka-seeds-logo-vector-neon-8-production.png?fit=2142%2C1457&quality=70&ssl=1\",\"width\":2142,\"height\":1457,\"caption\":\"Nuka Trade s.r.o.\"},\"image\":{\"@id\":\"https:\/\/nukaseeds.cz\/de\/#\/schema\/logo\/image\/\"},\"sameAs\":[\"https:\/\/www.facebook.com\/Nukaseeds\/\",\"https:\/\/x.com\/seeds_nuka\",\"https:\/\/www.instagram.com\/nukaseeds\/\",\"https:\/\/www.youtube.com\/@nukaseeds1167\",\"https:\/\/www.tumblr.com\/nukaseeds\",\"https:\/\/www.linkedin.com\/company\/nukaseeds-ltd\/\",\"https:\/\/cz.pinterest.com\/Nukaseeds\/\"]}]}<\/script>\n<!-- \/ Yoast SEO plugin. -->","yoast_head_json":{"title":"Hanfsamen Assorted Mix Fem - Growshop NukaSeeds","description":"Entdecke Vielfalt und Qualit\u00e4t mit unserer tollen Mischung feminisierter Hanfsamen. Der Assorted Mix enth\u00e4lt zuf\u00e4llige autoflowering Sorten aus dem Nuka Samen Sortiment.","robots":{"index":"index","follow":"follow","max-snippet":"max-snippet:-1","max-image-preview":"max-image-preview:large","max-video-preview":"max-video-preview:-1"},"canonical":"https:\/\/nukaseeds.cz\/de\/buy-cannabis-seeds\/assorted-mix-fem\/","og_locale":"de_DE","og_type":"article","og_title":"Hanfsamen Assorted Mix Fem - Growshop NukaSeeds","og_description":"Entdecke Vielfalt und Qualit\u00e4t mit unserer tollen Mischung feminisierter Hanfsamen. Der Assorted Mix enth\u00e4lt zuf\u00e4llige autoflowering Sorten aus dem Nuka Samen Sortiment.","og_url":"https:\/\/nukaseeds.cz\/de\/buy-cannabis-seeds\/assorted-mix-fem\/","og_site_name":"Nuka Cannabis-Samen","article_publisher":"https:\/\/www.facebook.com\/Nukaseeds\/","og_image":[{"url":"http:\/\/nukaseeds.cz\/wp-content\/uploads\/2024\/04\/assorted-mix-fem-growshop-nuka-semena-konopi-225x300.webp","type":"","width":"","height":""}],"twitter_card":"summary_large_image","twitter_title":"Hanfsamen Assorted Mix Fem - Growshop NukaSeeds","twitter_description":"Entdecke Vielfalt und Qualit\u00e4t mit unserer tollen Mischung feminisierter Hanfsamen. Der Assorted Mix enth\u00e4lt zuf\u00e4llige autoflowering Sorten aus dem Nuka Samen Sortiment.","twitter_image":"http:\/\/nukaseeds.cz\/wp-content\/uploads\/2024\/04\/assorted-mix-fem-growshop-nuka-semena-konopi-768x1024.webp","twitter_site":"@seeds_nuka","schema":{"@context":"https:\/\/schema.org","@graph":[{"@type":"WebPage","@id":"https:\/\/nukaseeds.cz\/de\/buy-cannabis-seeds\/assorted-mix-fem\/","url":"https:\/\/nukaseeds.cz\/de\/buy-cannabis-seeds\/assorted-mix-fem\/","name":"Hanfsamen Assorted Mix Fem - Growshop NukaSeeds","isPartOf":{"@id":"https:\/\/nukaseeds.cz\/de\/#website"},"primaryImageOfPage":{"@id":"https:\/\/nukaseeds.cz\/de\/buy-cannabis-seeds\/assorted-mix-fem\/#primaryimage"},"image":{"@id":"https:\/\/nukaseeds.cz\/de\/buy-cannabis-seeds\/assorted-mix-fem\/#primaryimage"},"thumbnailUrl":"https:\/\/nukaseeds.cz\/wp-content\/uploads\/2024\/04\/assorted-mix-fem-growshop-nuka-semena-konopi-2.webp","datePublished":"2024-04-17T23:24:40+00:00","description":"Entdecke Vielfalt und Qualit\u00e4t mit unserer tollen Mischung feminisierter Hanfsamen. Der Assorted Mix enth\u00e4lt zuf\u00e4llige autoflowering Sorten aus dem Nuka Samen Sortiment.","breadcrumb":{"@id":"https:\/\/nukaseeds.cz\/de\/buy-cannabis-seeds\/assorted-mix-fem\/#breadcrumb"},"inLanguage":"de","potentialAction":[{"@type":"ReadAction","target":["https:\/\/nukaseeds.cz\/de\/buy-cannabis-seeds\/assorted-mix-fem\/"]}]},{"@type":"ImageObject","inLanguage":"de","@id":"https:\/\/nukaseeds.cz\/de\/buy-cannabis-seeds\/assorted-mix-fem\/#primaryimage","url":"https:\/\/nukaseeds.cz\/wp-content\/uploads\/2024\/04\/assorted-mix-fem-growshop-nuka-semena-konopi-2.webp","contentUrl":"https:\/\/nukaseeds.cz\/wp-content\/uploads\/2024\/04\/assorted-mix-fem-growshop-nuka-semena-konopi-2.webp","width":810,"height":1080,"caption":"Assorted mix sem\u00ednek konop\u00ed od Nuka Seeds"},{"@type":"BreadcrumbList","@id":"https:\/\/nukaseeds.cz\/de\/buy-cannabis-seeds\/assorted-mix-fem\/#breadcrumb","itemListElement":[{"@type":"ListItem","position":1,"name":"Home","item":"https:\/\/nukaseeds.cz\/de\/"},{"@type":"ListItem","position":2,"name":"Cannabis-Samen kaufen","item":"https:\/\/nukaseeds.cz\/de\/shop\/"},{"@type":"ListItem","position":3,"name":"Cannabis-Samen","item":"https:\/\/nukaseeds.cz\/de\/hanf-samen-kaufen\/hanfsamen-de\/"},{"@type":"ListItem","position":4,"name":"Assorted Mix Fem"}]},{"@type":"WebSite","@id":"https:\/\/nukaseeds.cz\/de\/#website","url":"https:\/\/nukaseeds.cz\/de\/","name":"Nuka Seeds Bank","description":"Cannabis-Samen kaufen, Marihuana-Samen kaufen","publisher":{"@id":"https:\/\/nukaseeds.cz\/de\/#organization"},"alternateName":"NukaSeeds cannabis seed bank","potentialAction":[{"@type":"SearchAction","target":{"@type":"EntryPoint","urlTemplate":"https:\/\/nukaseeds.cz\/de\/?s={search_term_string}"},"query-input":{"@type":"PropertyValueSpecification","valueRequired":true,"valueName":"search_term_string"}}],"inLanguage":"de"},{"@type":"Organization","@id":"https:\/\/nukaseeds.cz\/de\/#organization","name":"Nuka Trade s.r.o.","url":"https:\/\/nukaseeds.cz\/de\/","logo":{"@type":"ImageObject","inLanguage":"de","@id":"https:\/\/nukaseeds.cz\/de\/#\/schema\/logo\/image\/","url":"https:\/\/i0.wp.com\/nukaseeds.cz\/wp-content\/uploads\/2021\/11\/nuka-seeds-logo-vector-neon-8-production.png?fit=2142%2C1457&quality=70&ssl=1","contentUrl":"https:\/\/i0.wp.com\/nukaseeds.cz\/wp-content\/uploads\/2021\/11\/nuka-seeds-logo-vector-neon-8-production.png?fit=2142%2C1457&quality=70&ssl=1","width":2142,"height":1457,"caption":"Nuka Trade s.r.o."},"image":{"@id":"https:\/\/nukaseeds.cz\/de\/#\/schema\/logo\/image\/"},"sameAs":["https:\/\/www.facebook.com\/Nukaseeds\/","https:\/\/x.com\/seeds_nuka","https:\/\/www.instagram.com\/nukaseeds\/","https:\/\/www.youtube.com\/@nukaseeds1167","https:\/\/www.tumblr.com\/nukaseeds","https:\/\/www.linkedin.com\/company\/nukaseeds-ltd\/","https:\/\/cz.pinterest.com\/Nukaseeds\/"]}]}},"_links":{"self":[{"href":"https:\/\/nukaseeds.cz\/de\/wp-json\/wp\/v2\/product\/90437","targetHints":{"allow":["GET"]}}],"collection":[{"href":"https:\/\/nukaseeds.cz\/de\/wp-json\/wp\/v2\/product"}],"about":[{"href":"https:\/\/nukaseeds.cz\/de\/wp-json\/wp\/v2\/types\/product"}],"replies":[{"embeddable":true,"href":"https:\/\/nukaseeds.cz\/de\/wp-json\/wp\/v2\/comments?post=90437"}],"wp:featuredmedia":[{"embeddable":true,"href":"https:\/\/nukaseeds.cz\/de\/wp-json\/wp\/v2\/media\/90441"}],"wp:attachment":[{"href":"https:\/\/nukaseeds.cz\/de\/wp-json\/wp\/v2\/media?parent=90437"}],"wp:term":[{"taxonomy":"product_brand","embeddable":true,"href":"https:\/\/nukaseeds.cz\/de\/wp-json\/wp\/v2\/product_brand?post=90437"},{"taxonomy":"product_cat","embeddable":true,"href":"https:\/\/nukaseeds.cz\/de\/wp-json\/wp\/v2\/product_cat?post=90437"},{"taxonomy":"product_tag","embeddable":true,"href":"https:\/\/nukaseeds.cz\/de\/wp-json\/wp\/v2\/product_tag?post=90437"}],"curies":[{"name":"wp","href":"https:\/\/api.w.org\/{rel}","templated":true}]}}