{"id":90446,"date":"2024-04-17T00:43:15","date_gmt":"2024-04-16T22:43:15","guid":{"rendered":"http:\/\/nukaseeds.cz\/buy-cannabis-seeds\/westkueste\/"},"modified":"2024-04-17T00:43:15","modified_gmt":"2024-04-16T22:43:15","slug":"westkueste","status":"publish","type":"product","link":"https:\/\/nukaseeds.cz\/de\/buy-cannabis-seeds\/westkueste\/","title":{"rendered":"Westk\u00fcste"},"content":{"rendered":"<p>Bist du auf der Suche nach der legend\u00e4ren amerikanischen OG-Genetik in einer selbstbl\u00fchenden Version? West Coast, ein kalifornisches Juwel, k\u00f6nnte deine Antwort sein. California OG Kush Auto ist \u00fcberwiegend eine Indica, die die F\u00e4higkeit zur Selbstbl\u00fcte erlangt hat und dabei die Qualit\u00e4t der urspr\u00fcnglichen OG beibeh\u00e4lt.  <\/p>\n<p>Der West Coast-Anbau ist eher f\u00fcr fortgeschrittene Anbauer geeignet. Die H\u00f6he liegt zwischen 60 und 90 cm und die Bl\u00fctephase dauert etwa 52 Tage, nach denen du \u00fcppige und harte Buds ernten kannst. Eine einzelne West Coast-Pflanze liefert bis zu 110 Gramm Premium-Cannabis mit einem THC-Gehalt von etwa 19 Prozent.<br \/>\nWest Coast bietet eine euphorische und erhebende Wirkung, ideal zum Beispiel f\u00fcr ein Picknick am Strand.  <\/p>\n<p>Aufgrund seiner schmerzlindernden Wirkung eignet sich West Coast auch f\u00fcr therapeutische Zwecke, z. B. zur Schmerzlinderung.<\/p>\n<p>West Coast wird dich nicht nur mit seiner Wirkung und Geschwindigkeit begeistern, sondern auch mit seinem k\u00f6stlichen Zitronenaroma und Geschmack. Entdecke ein St\u00fcck kalifornische Coolness mit West Coast. <\/p>\n","protected":false},"excerpt":{"rendered":"<p>Bist du auf der Suche nach der legend\u00e4ren amerikanischen OG-Genetik in einer selbstbl\u00fchenden Version? West Coast, ein kalifornisches Juwel, k\u00f6nnte deine Antwort sein. California OG Kush Auto ist \u00fcberwiegend eine Indica, die die F\u00e4higkeit zur Selbstbl\u00fcte erlangt hat und dabei die Qualit\u00e4t der urspr\u00fcnglichen OG beibeh\u00e4lt.  <\/p>\n","protected":false},"featured_media":90447,"comment_status":"open","ping_status":"closed","template":"","meta":[],"product_brand":[],"product_cat":[7741,7749,7752,7736,7761,7745,7748,7753],"product_tag":[],"class_list":{"0":"post-90446","1":"product","2":"type-product","3":"status-publish","4":"has-post-thumbnail","6":"product_cat-56-65-tage-de","7":"product_cat-anbau-im-freien-de","8":"product_cat-selbstbluehende-hanfsamen-de","9":"product_cat-hanfsamen-de","10":"product_cat-erdung-und-meditation-de","11":"product_cat-indica-hanf-de","12":"product_cat-indoor-anbau-de","13":"product_cat-nuka-samen-de","14":"pa_baleni-semen-3-de","15":"pa_baleni-semen-5-de","16":"pa_baleni-semen-10-de","17":"pa_brand-nuka-samen","20":"first","21":"instock","22":"sale","23":"taxable","24":"shipping-taxable","25":"purchasable","26":"product-type-variable"},"yoast_head":"<!-- This site is optimized with the Yoast SEO plugin v26.6 - https:\/\/yoast.com\/wordpress\/plugins\/seo\/ -->\n<title>West Coast Cannabis Seeds - Growshop NukaSeeds<\/title>\n<meta name=\"description\" content=\"West Coast Hanfsamen, ein kalifornisches Juwel, k\u00f6nnte deine Antwort sein. Kaliforniens OG Kush Auto ist \u00fcberwiegend eine Indica, die die F\u00e4higkeit zum Autoflowering erhalten hat, ohne die Qualit\u00e4t der urspr\u00fcnglichen OG zu verlieren.\" \/>\n<meta name=\"robots\" content=\"index, follow, max-snippet:-1, max-image-preview:large, max-video-preview:-1\" \/>\n<link rel=\"canonical\" href=\"https:\/\/nukaseeds.cz\/de\/buy-cannabis-seeds\/westkueste\/\" \/>\n<meta property=\"og:locale\" content=\"de_DE\" \/>\n<meta property=\"og:type\" content=\"article\" \/>\n<meta property=\"og:title\" content=\"West Coast Cannabis Seeds - Growshop NukaSeeds\" \/>\n<meta property=\"og:description\" content=\"West Coast Hanfsamen, ein kalifornisches Juwel, k\u00f6nnte deine Antwort sein. Kaliforniens OG Kush Auto ist \u00fcberwiegend eine Indica, die die F\u00e4higkeit zum Autoflowering erhalten hat, ohne die Qualit\u00e4t der urspr\u00fcnglichen OG zu verlieren.\" \/>\n<meta property=\"og:url\" content=\"https:\/\/nukaseeds.cz\/de\/buy-cannabis-seeds\/westkueste\/\" \/>\n<meta property=\"og:site_name\" content=\"Nuka Cannabis-Samen\" \/>\n<meta property=\"article:publisher\" content=\"https:\/\/www.facebook.com\/Nukaseeds\/\" \/>\n<meta property=\"og:image\" content=\"http:\/\/nukaseeds.cz\/wp-content\/uploads\/2024\/04\/west-coast-growshop-nuka-semena-konopi-225x300.webp\" \/>\n<meta name=\"twitter:card\" content=\"summary_large_image\" \/>\n<meta name=\"twitter:title\" content=\"West Coast Cannabis Seeds - Growshop NukaSeeds\" \/>\n<meta name=\"twitter:description\" content=\"West Coast Hanfsamen, ein kalifornisches Juwel, k\u00f6nnte deine Antwort sein. Kaliforniens OG Kush Auto ist \u00fcberwiegend eine Indica, die die F\u00e4higkeit zum Autoflowering erhalten hat, ohne die Qualit\u00e4t der urspr\u00fcnglichen OG zu verlieren.\" \/>\n<meta name=\"twitter:image\" content=\"http:\/\/nukaseeds.cz\/wp-content\/uploads\/2024\/04\/west-coast-growshop-nuka-semena-konopi-768x1024.webp\" \/>\n<meta name=\"twitter:site\" content=\"@seeds_nuka\" \/>\n<meta name=\"twitter:label1\" content=\"Gesch\u00e4tzte Lesezeit\" \/>\n\t<meta name=\"twitter:data1\" content=\"1\u00a0Minute\" \/>\n<script type=\"application\/ld+json\" class=\"yoast-schema-graph\">{\"@context\":\"https:\/\/schema.org\",\"@graph\":[{\"@type\":\"WebPage\",\"@id\":\"https:\/\/nukaseeds.cz\/de\/buy-cannabis-seeds\/westkueste\/\",\"url\":\"https:\/\/nukaseeds.cz\/de\/buy-cannabis-seeds\/westkueste\/\",\"name\":\"West Coast Cannabis Seeds - Growshop NukaSeeds\",\"isPartOf\":{\"@id\":\"https:\/\/nukaseeds.cz\/de\/#website\"},\"primaryImageOfPage\":{\"@id\":\"https:\/\/nukaseeds.cz\/de\/buy-cannabis-seeds\/westkueste\/#primaryimage\"},\"image\":{\"@id\":\"https:\/\/nukaseeds.cz\/de\/buy-cannabis-seeds\/westkueste\/#primaryimage\"},\"thumbnailUrl\":\"https:\/\/nukaseeds.cz\/wp-content\/uploads\/2024\/04\/west-coast-growshop-nuka-semena-konopi.webp\",\"datePublished\":\"2024-04-16T22:43:15+00:00\",\"description\":\"West Coast Hanfsamen, ein kalifornisches Juwel, k\u00f6nnte deine Antwort sein. Kaliforniens OG Kush Auto ist \u00fcberwiegend eine Indica, die die F\u00e4higkeit zum Autoflowering erhalten hat, ohne die Qualit\u00e4t der urspr\u00fcnglichen OG zu verlieren.\",\"breadcrumb\":{\"@id\":\"https:\/\/nukaseeds.cz\/de\/buy-cannabis-seeds\/westkueste\/#breadcrumb\"},\"inLanguage\":\"de\",\"potentialAction\":[{\"@type\":\"ReadAction\",\"target\":[\"https:\/\/nukaseeds.cz\/de\/buy-cannabis-seeds\/westkueste\/\"]}]},{\"@type\":\"ImageObject\",\"inLanguage\":\"de\",\"@id\":\"https:\/\/nukaseeds.cz\/de\/buy-cannabis-seeds\/westkueste\/#primaryimage\",\"url\":\"https:\/\/nukaseeds.cz\/wp-content\/uploads\/2024\/04\/west-coast-growshop-nuka-semena-konopi.webp\",\"contentUrl\":\"https:\/\/nukaseeds.cz\/wp-content\/uploads\/2024\/04\/west-coast-growshop-nuka-semena-konopi.webp\",\"width\":810,\"height\":1080,\"caption\":\"Semena konop\u00ed West Coast od Nuka Seeds\"},{\"@type\":\"BreadcrumbList\",\"@id\":\"https:\/\/nukaseeds.cz\/de\/buy-cannabis-seeds\/westkueste\/#breadcrumb\",\"itemListElement\":[{\"@type\":\"ListItem\",\"position\":1,\"name\":\"Home\",\"item\":\"https:\/\/nukaseeds.cz\/de\/growshop-nukaseeds-cz-hanfsamen\/\"},{\"@type\":\"ListItem\",\"position\":2,\"name\":\"Cannabis-Samen kaufen\",\"item\":\"https:\/\/nukaseeds.cz\/de\/shop\/\"},{\"@type\":\"ListItem\",\"position\":3,\"name\":\"Cannabis-Samen\",\"item\":\"https:\/\/nukaseeds.cz\/de\/hanf-samen-kaufen\/hanfsamen-de\/\"},{\"@type\":\"ListItem\",\"position\":4,\"name\":\"Westk\u00fcste\"}]},{\"@type\":\"WebSite\",\"@id\":\"https:\/\/nukaseeds.cz\/de\/#website\",\"url\":\"https:\/\/nukaseeds.cz\/de\/\",\"name\":\"Nuka Seeds Bank\",\"description\":\"Cannabis-Samen kaufen, Marihuana-Samen kaufen\",\"publisher\":{\"@id\":\"https:\/\/nukaseeds.cz\/de\/#organization\"},\"alternateName\":\"NukaSeeds cannabis seed bank\",\"potentialAction\":[{\"@type\":\"SearchAction\",\"target\":{\"@type\":\"EntryPoint\",\"urlTemplate\":\"https:\/\/nukaseeds.cz\/de\/?s={search_term_string}\"},\"query-input\":{\"@type\":\"PropertyValueSpecification\",\"valueRequired\":true,\"valueName\":\"search_term_string\"}}],\"inLanguage\":\"de\"},{\"@type\":\"Organization\",\"@id\":\"https:\/\/nukaseeds.cz\/de\/#organization\",\"name\":\"Nuka Trade s.r.o.\",\"url\":\"https:\/\/nukaseeds.cz\/de\/\",\"logo\":{\"@type\":\"ImageObject\",\"inLanguage\":\"de\",\"@id\":\"https:\/\/nukaseeds.cz\/de\/#\/schema\/logo\/image\/\",\"url\":\"https:\/\/i0.wp.com\/nukaseeds.cz\/wp-content\/uploads\/2021\/11\/nuka-seeds-logo-vector-neon-8-production.png?fit=2142%2C1457&quality=70&ssl=1\",\"contentUrl\":\"https:\/\/i0.wp.com\/nukaseeds.cz\/wp-content\/uploads\/2021\/11\/nuka-seeds-logo-vector-neon-8-production.png?fit=2142%2C1457&quality=70&ssl=1\",\"width\":2142,\"height\":1457,\"caption\":\"Nuka Trade s.r.o.\"},\"image\":{\"@id\":\"https:\/\/nukaseeds.cz\/de\/#\/schema\/logo\/image\/\"},\"sameAs\":[\"https:\/\/www.facebook.com\/Nukaseeds\/\",\"https:\/\/x.com\/seeds_nuka\",\"https:\/\/www.instagram.com\/nukaseeds\/\",\"https:\/\/www.youtube.com\/@nukaseeds1167\",\"https:\/\/www.tumblr.com\/nukaseeds\",\"https:\/\/www.linkedin.com\/company\/nukaseeds-ltd\/\",\"https:\/\/cz.pinterest.com\/Nukaseeds\/\"]}]}<\/script>\n<!-- \/ Yoast SEO plugin. -->","yoast_head_json":{"title":"West Coast Cannabis Seeds - Growshop NukaSeeds","description":"West Coast Hanfsamen, ein kalifornisches Juwel, k\u00f6nnte deine Antwort sein. Kaliforniens OG Kush Auto ist \u00fcberwiegend eine Indica, die die F\u00e4higkeit zum Autoflowering erhalten hat, ohne die Qualit\u00e4t der urspr\u00fcnglichen OG zu verlieren.","robots":{"index":"index","follow":"follow","max-snippet":"max-snippet:-1","max-image-preview":"max-image-preview:large","max-video-preview":"max-video-preview:-1"},"canonical":"https:\/\/nukaseeds.cz\/de\/buy-cannabis-seeds\/westkueste\/","og_locale":"de_DE","og_type":"article","og_title":"West Coast Cannabis Seeds - Growshop NukaSeeds","og_description":"West Coast Hanfsamen, ein kalifornisches Juwel, k\u00f6nnte deine Antwort sein. Kaliforniens OG Kush Auto ist \u00fcberwiegend eine Indica, die die F\u00e4higkeit zum Autoflowering erhalten hat, ohne die Qualit\u00e4t der urspr\u00fcnglichen OG zu verlieren.","og_url":"https:\/\/nukaseeds.cz\/de\/buy-cannabis-seeds\/westkueste\/","og_site_name":"Nuka Cannabis-Samen","article_publisher":"https:\/\/www.facebook.com\/Nukaseeds\/","og_image":[{"url":"http:\/\/nukaseeds.cz\/wp-content\/uploads\/2024\/04\/west-coast-growshop-nuka-semena-konopi-225x300.webp","type":"","width":"","height":""}],"twitter_card":"summary_large_image","twitter_title":"West Coast Cannabis Seeds - Growshop NukaSeeds","twitter_description":"West Coast Hanfsamen, ein kalifornisches Juwel, k\u00f6nnte deine Antwort sein. Kaliforniens OG Kush Auto ist \u00fcberwiegend eine Indica, die die F\u00e4higkeit zum Autoflowering erhalten hat, ohne die Qualit\u00e4t der urspr\u00fcnglichen OG zu verlieren.","twitter_image":"http:\/\/nukaseeds.cz\/wp-content\/uploads\/2024\/04\/west-coast-growshop-nuka-semena-konopi-768x1024.webp","twitter_site":"@seeds_nuka","twitter_misc":{"Gesch\u00e4tzte Lesezeit":"1\u00a0Minute"},"schema":{"@context":"https:\/\/schema.org","@graph":[{"@type":"WebPage","@id":"https:\/\/nukaseeds.cz\/de\/buy-cannabis-seeds\/westkueste\/","url":"https:\/\/nukaseeds.cz\/de\/buy-cannabis-seeds\/westkueste\/","name":"West Coast Cannabis Seeds - Growshop NukaSeeds","isPartOf":{"@id":"https:\/\/nukaseeds.cz\/de\/#website"},"primaryImageOfPage":{"@id":"https:\/\/nukaseeds.cz\/de\/buy-cannabis-seeds\/westkueste\/#primaryimage"},"image":{"@id":"https:\/\/nukaseeds.cz\/de\/buy-cannabis-seeds\/westkueste\/#primaryimage"},"thumbnailUrl":"https:\/\/nukaseeds.cz\/wp-content\/uploads\/2024\/04\/west-coast-growshop-nuka-semena-konopi.webp","datePublished":"2024-04-16T22:43:15+00:00","description":"West Coast Hanfsamen, ein kalifornisches Juwel, k\u00f6nnte deine Antwort sein. Kaliforniens OG Kush Auto ist \u00fcberwiegend eine Indica, die die F\u00e4higkeit zum Autoflowering erhalten hat, ohne die Qualit\u00e4t der urspr\u00fcnglichen OG zu verlieren.","breadcrumb":{"@id":"https:\/\/nukaseeds.cz\/de\/buy-cannabis-seeds\/westkueste\/#breadcrumb"},"inLanguage":"de","potentialAction":[{"@type":"ReadAction","target":["https:\/\/nukaseeds.cz\/de\/buy-cannabis-seeds\/westkueste\/"]}]},{"@type":"ImageObject","inLanguage":"de","@id":"https:\/\/nukaseeds.cz\/de\/buy-cannabis-seeds\/westkueste\/#primaryimage","url":"https:\/\/nukaseeds.cz\/wp-content\/uploads\/2024\/04\/west-coast-growshop-nuka-semena-konopi.webp","contentUrl":"https:\/\/nukaseeds.cz\/wp-content\/uploads\/2024\/04\/west-coast-growshop-nuka-semena-konopi.webp","width":810,"height":1080,"caption":"Semena konop\u00ed West Coast od Nuka Seeds"},{"@type":"BreadcrumbList","@id":"https:\/\/nukaseeds.cz\/de\/buy-cannabis-seeds\/westkueste\/#breadcrumb","itemListElement":[{"@type":"ListItem","position":1,"name":"Home","item":"https:\/\/nukaseeds.cz\/de\/growshop-nukaseeds-cz-hanfsamen\/"},{"@type":"ListItem","position":2,"name":"Cannabis-Samen kaufen","item":"https:\/\/nukaseeds.cz\/de\/shop\/"},{"@type":"ListItem","position":3,"name":"Cannabis-Samen","item":"https:\/\/nukaseeds.cz\/de\/hanf-samen-kaufen\/hanfsamen-de\/"},{"@type":"ListItem","position":4,"name":"Westk\u00fcste"}]},{"@type":"WebSite","@id":"https:\/\/nukaseeds.cz\/de\/#website","url":"https:\/\/nukaseeds.cz\/de\/","name":"Nuka Seeds Bank","description":"Cannabis-Samen kaufen, Marihuana-Samen kaufen","publisher":{"@id":"https:\/\/nukaseeds.cz\/de\/#organization"},"alternateName":"NukaSeeds cannabis seed bank","potentialAction":[{"@type":"SearchAction","target":{"@type":"EntryPoint","urlTemplate":"https:\/\/nukaseeds.cz\/de\/?s={search_term_string}"},"query-input":{"@type":"PropertyValueSpecification","valueRequired":true,"valueName":"search_term_string"}}],"inLanguage":"de"},{"@type":"Organization","@id":"https:\/\/nukaseeds.cz\/de\/#organization","name":"Nuka Trade s.r.o.","url":"https:\/\/nukaseeds.cz\/de\/","logo":{"@type":"ImageObject","inLanguage":"de","@id":"https:\/\/nukaseeds.cz\/de\/#\/schema\/logo\/image\/","url":"https:\/\/i0.wp.com\/nukaseeds.cz\/wp-content\/uploads\/2021\/11\/nuka-seeds-logo-vector-neon-8-production.png?fit=2142%2C1457&quality=70&ssl=1","contentUrl":"https:\/\/i0.wp.com\/nukaseeds.cz\/wp-content\/uploads\/2021\/11\/nuka-seeds-logo-vector-neon-8-production.png?fit=2142%2C1457&quality=70&ssl=1","width":2142,"height":1457,"caption":"Nuka Trade s.r.o."},"image":{"@id":"https:\/\/nukaseeds.cz\/de\/#\/schema\/logo\/image\/"},"sameAs":["https:\/\/www.facebook.com\/Nukaseeds\/","https:\/\/x.com\/seeds_nuka","https:\/\/www.instagram.com\/nukaseeds\/","https:\/\/www.youtube.com\/@nukaseeds1167","https:\/\/www.tumblr.com\/nukaseeds","https:\/\/www.linkedin.com\/company\/nukaseeds-ltd\/","https:\/\/cz.pinterest.com\/Nukaseeds\/"]}]}},"_links":{"self":[{"href":"https:\/\/nukaseeds.cz\/de\/wp-json\/wp\/v2\/product\/90446","targetHints":{"allow":["GET"]}}],"collection":[{"href":"https:\/\/nukaseeds.cz\/de\/wp-json\/wp\/v2\/product"}],"about":[{"href":"https:\/\/nukaseeds.cz\/de\/wp-json\/wp\/v2\/types\/product"}],"replies":[{"embeddable":true,"href":"https:\/\/nukaseeds.cz\/de\/wp-json\/wp\/v2\/comments?post=90446"}],"wp:featuredmedia":[{"embeddable":true,"href":"https:\/\/nukaseeds.cz\/de\/wp-json\/wp\/v2\/media\/90447"}],"wp:attachment":[{"href":"https:\/\/nukaseeds.cz\/de\/wp-json\/wp\/v2\/media?parent=90446"}],"wp:term":[{"taxonomy":"product_brand","embeddable":true,"href":"https:\/\/nukaseeds.cz\/de\/wp-json\/wp\/v2\/product_brand?post=90446"},{"taxonomy":"product_cat","embeddable":true,"href":"https:\/\/nukaseeds.cz\/de\/wp-json\/wp\/v2\/product_cat?post=90446"},{"taxonomy":"product_tag","embeddable":true,"href":"https:\/\/nukaseeds.cz\/de\/wp-json\/wp\/v2\/product_tag?post=90446"}],"curies":[{"name":"wp","href":"https:\/\/api.w.org\/{rel}","templated":true}]}}