{"id":90465,"date":"2024-04-17T00:17:02","date_gmt":"2024-04-16T22:17:02","guid":{"rendered":"http:\/\/nukaseeds.cz\/buy-cannabis-seeds\/tokamak\/"},"modified":"2024-04-17T00:17:02","modified_gmt":"2024-04-16T22:17:02","slug":"tokamak","status":"publish","type":"product","link":"https:\/\/nukaseeds.cz\/de\/buy-cannabis-seeds\/tokamak\/","title":{"rendered":"Tokamak"},"content":{"rendered":"<p>Tokamak Automatik Hanfsamen sind eine reine Fusion aus Spitzenqualit\u00e4t und massiver Ernte!<\/p>\n<p>Diese autoflowering Sorte ist eine Variation von Jack Herer, einer legend\u00e4ren Sativa, die weltweit vor allem f\u00fcr ihren hervorragenden Geschmack und ihre unvergleichliche Potenz bekannt ist. Vom Beginn bis zum Ende der Bl\u00fctezeit braucht diese Pflanze nur acht bis neun Wochen. <\/p>\n<p>In dieser kurzen Zeit w\u00e4chst Tokamak zu einer H\u00f6he von etwa einem Meter heran, verzweigt sich reichlich und ist voll mit massiven, niedrigbl\u00e4ttrigen Knospen und einem THC-Gehalt von etwa 19 Prozent. Ihre Wirkung hinterl\u00e4sst ein entspanntes und erhebendes Gef\u00fchl und eignet sich daher perfekt zum Rauchen in der Freizeit und bei kreativen Aktivit\u00e4ten. <\/p>\n<p>Der Geschmack ist leicht w\u00fcrzig bis krautig und erinnert an Pfeffer.<\/p>\n<p>Das Tokamak ist ein super selbstbl\u00fchendes Modell, das dich mit einer \u00fcberirdischen Energie erf\u00fcllt, die dich nach oben schie\u00dft.<\/p>\n","protected":false},"excerpt":{"rendered":"<p>Tokamak Automatik Hanfsamen sind eine reine Fusion aus Spitzenqualit\u00e4t und massiver Ernte!<\/p>\n","protected":false},"featured_media":90466,"comment_status":"open","ping_status":"closed","template":"","meta":[],"product_brand":[],"product_cat":[7741,7757,7749,7752,7736,7748,7758,7753,7746],"product_tag":[],"class_list":{"0":"post-90465","1":"product","2":"type-product","3":"status-publish","4":"has-post-thumbnail","6":"product_cat-56-65-tage-de","7":"product_cat-an-das-unternehmen-de","8":"product_cat-anbau-im-freien-de","9":"product_cat-selbstbluehende-hanfsamen-de","10":"product_cat-hanfsamen-de","11":"product_cat-indoor-anbau-de","12":"product_cat-hanf-foerdert-die-kreativitaet-de","13":"product_cat-nuka-samen-de","14":"product_cat-cannabis-sativa-de","15":"pa_baleni-semen-10-de","16":"pa_baleni-semen-3-de","17":"pa_baleni-semen-5-de","18":"pa_brand-nuka-samen","21":"first","22":"instock","23":"sale","24":"taxable","25":"shipping-taxable","26":"purchasable","27":"product-type-variable"},"yoast_head":"<!-- This site is optimized with the Yoast SEO plugin v26.6 - https:\/\/yoast.com\/wordpress\/plugins\/seo\/ -->\n<title>Tokamak Hanfsamen - Growshop NukaSeeds<\/title>\n<meta name=\"description\" content=\"Tokamak Automatik Hanfsamen sind eine reine Fusion aus Spitzenqualit\u00e4t und massiver Ernte! Vom Beginn bis zum Ende der Bl\u00fcte braucht diese Maschine 8-9 Wochen.\" \/>\n<meta name=\"robots\" content=\"index, follow, max-snippet:-1, max-image-preview:large, max-video-preview:-1\" \/>\n<link rel=\"canonical\" href=\"https:\/\/nukaseeds.cz\/de\/buy-cannabis-seeds\/tokamak\/\" \/>\n<meta property=\"og:locale\" content=\"de_DE\" \/>\n<meta property=\"og:type\" content=\"article\" \/>\n<meta property=\"og:title\" content=\"Tokamak Hanfsamen - Growshop NukaSeeds\" \/>\n<meta property=\"og:description\" content=\"Tokamak Automatik Hanfsamen sind eine reine Fusion aus Spitzenqualit\u00e4t und massiver Ernte! Vom Beginn bis zum Ende der Bl\u00fcte braucht diese Maschine 8-9 Wochen.\" \/>\n<meta property=\"og:url\" content=\"https:\/\/nukaseeds.cz\/de\/buy-cannabis-seeds\/tokamak\/\" \/>\n<meta property=\"og:site_name\" content=\"Nuka Cannabis-Samen\" \/>\n<meta property=\"article:publisher\" content=\"https:\/\/www.facebook.com\/Nukaseeds\/\" \/>\n<meta property=\"og:image\" content=\"http:\/\/nukaseeds.cz\/wp-content\/uploads\/2024\/04\/tokamak-growshop-nuka-semena-konopi-225x300.webp\" \/>\n<meta name=\"twitter:card\" content=\"summary_large_image\" \/>\n<meta name=\"twitter:title\" content=\"Tokamak Hanfsamen - Growshop NukaSeeds\" \/>\n<meta name=\"twitter:description\" content=\"Tokamak Automatik Hanfsamen sind eine reine Fusion aus Spitzenqualit\u00e4t und massiver Ernte! Vom Beginn bis zum Ende der Bl\u00fcte braucht diese Maschine 8-9 Wochen.\" \/>\n<meta name=\"twitter:image\" content=\"http:\/\/nukaseeds.cz\/wp-content\/uploads\/2024\/04\/tokamak-growshop-nuka-semena-konopi-768x1024.webp\" \/>\n<meta name=\"twitter:site\" content=\"@seeds_nuka\" \/>\n<meta name=\"twitter:label1\" content=\"Gesch\u00e4tzte Lesezeit\" \/>\n\t<meta name=\"twitter:data1\" content=\"1\u00a0Minute\" \/>\n<script type=\"application\/ld+json\" class=\"yoast-schema-graph\">{\"@context\":\"https:\/\/schema.org\",\"@graph\":[{\"@type\":\"WebPage\",\"@id\":\"https:\/\/nukaseeds.cz\/de\/buy-cannabis-seeds\/tokamak\/\",\"url\":\"https:\/\/nukaseeds.cz\/de\/buy-cannabis-seeds\/tokamak\/\",\"name\":\"Tokamak Hanfsamen - Growshop NukaSeeds\",\"isPartOf\":{\"@id\":\"https:\/\/nukaseeds.cz\/de\/#website\"},\"primaryImageOfPage\":{\"@id\":\"https:\/\/nukaseeds.cz\/de\/buy-cannabis-seeds\/tokamak\/#primaryimage\"},\"image\":{\"@id\":\"https:\/\/nukaseeds.cz\/de\/buy-cannabis-seeds\/tokamak\/#primaryimage\"},\"thumbnailUrl\":\"https:\/\/nukaseeds.cz\/wp-content\/uploads\/2024\/04\/tokamak-growshop-nuka-semena-konopi.webp\",\"datePublished\":\"2024-04-16T22:17:02+00:00\",\"description\":\"Tokamak Automatik Hanfsamen sind eine reine Fusion aus Spitzenqualit\u00e4t und massiver Ernte! Vom Beginn bis zum Ende der Bl\u00fcte braucht diese Maschine 8-9 Wochen.\",\"breadcrumb\":{\"@id\":\"https:\/\/nukaseeds.cz\/de\/buy-cannabis-seeds\/tokamak\/#breadcrumb\"},\"inLanguage\":\"de\",\"potentialAction\":[{\"@type\":\"ReadAction\",\"target\":[\"https:\/\/nukaseeds.cz\/de\/buy-cannabis-seeds\/tokamak\/\"]}]},{\"@type\":\"ImageObject\",\"inLanguage\":\"de\",\"@id\":\"https:\/\/nukaseeds.cz\/de\/buy-cannabis-seeds\/tokamak\/#primaryimage\",\"url\":\"https:\/\/nukaseeds.cz\/wp-content\/uploads\/2024\/04\/tokamak-growshop-nuka-semena-konopi.webp\",\"contentUrl\":\"https:\/\/nukaseeds.cz\/wp-content\/uploads\/2024\/04\/tokamak-growshop-nuka-semena-konopi.webp\",\"width\":810,\"height\":1080,\"caption\":\"Semena konop\u00ed Tokamak od Nuka Seeds\"},{\"@type\":\"BreadcrumbList\",\"@id\":\"https:\/\/nukaseeds.cz\/de\/buy-cannabis-seeds\/tokamak\/#breadcrumb\",\"itemListElement\":[{\"@type\":\"ListItem\",\"position\":1,\"name\":\"Home\",\"item\":\"https:\/\/nukaseeds.cz\/de\/\"},{\"@type\":\"ListItem\",\"position\":2,\"name\":\"Cannabis-Samen kaufen\",\"item\":\"https:\/\/nukaseeds.cz\/de\/shop\/\"},{\"@type\":\"ListItem\",\"position\":3,\"name\":\"Cannabis-Samen\",\"item\":\"https:\/\/nukaseeds.cz\/de\/hanf-samen-kaufen\/hanfsamen-de\/\"},{\"@type\":\"ListItem\",\"position\":4,\"name\":\"Tokamak\"}]},{\"@type\":\"WebSite\",\"@id\":\"https:\/\/nukaseeds.cz\/de\/#website\",\"url\":\"https:\/\/nukaseeds.cz\/de\/\",\"name\":\"Nuka Seeds Bank\",\"description\":\"Cannabis-Samen kaufen, Marihuana-Samen kaufen\",\"publisher\":{\"@id\":\"https:\/\/nukaseeds.cz\/de\/#organization\"},\"alternateName\":\"NukaSeeds cannabis seed bank\",\"potentialAction\":[{\"@type\":\"SearchAction\",\"target\":{\"@type\":\"EntryPoint\",\"urlTemplate\":\"https:\/\/nukaseeds.cz\/de\/?s={search_term_string}\"},\"query-input\":{\"@type\":\"PropertyValueSpecification\",\"valueRequired\":true,\"valueName\":\"search_term_string\"}}],\"inLanguage\":\"de\"},{\"@type\":\"Organization\",\"@id\":\"https:\/\/nukaseeds.cz\/de\/#organization\",\"name\":\"Nuka Trade s.r.o.\",\"url\":\"https:\/\/nukaseeds.cz\/de\/\",\"logo\":{\"@type\":\"ImageObject\",\"inLanguage\":\"de\",\"@id\":\"https:\/\/nukaseeds.cz\/de\/#\/schema\/logo\/image\/\",\"url\":\"https:\/\/i0.wp.com\/nukaseeds.cz\/wp-content\/uploads\/2021\/11\/nuka-seeds-logo-vector-neon-8-production.png?fit=2142%2C1457&quality=70&ssl=1\",\"contentUrl\":\"https:\/\/i0.wp.com\/nukaseeds.cz\/wp-content\/uploads\/2021\/11\/nuka-seeds-logo-vector-neon-8-production.png?fit=2142%2C1457&quality=70&ssl=1\",\"width\":2142,\"height\":1457,\"caption\":\"Nuka Trade s.r.o.\"},\"image\":{\"@id\":\"https:\/\/nukaseeds.cz\/de\/#\/schema\/logo\/image\/\"},\"sameAs\":[\"https:\/\/www.facebook.com\/Nukaseeds\/\",\"https:\/\/x.com\/seeds_nuka\",\"https:\/\/www.instagram.com\/nukaseeds\/\",\"https:\/\/www.youtube.com\/@nukaseeds1167\",\"https:\/\/www.tumblr.com\/nukaseeds\",\"https:\/\/www.linkedin.com\/company\/nukaseeds-ltd\/\",\"https:\/\/cz.pinterest.com\/Nukaseeds\/\"]}]}<\/script>\n<!-- \/ Yoast SEO plugin. -->","yoast_head_json":{"title":"Tokamak Hanfsamen - Growshop NukaSeeds","description":"Tokamak Automatik Hanfsamen sind eine reine Fusion aus Spitzenqualit\u00e4t und massiver Ernte! Vom Beginn bis zum Ende der Bl\u00fcte braucht diese Maschine 8-9 Wochen.","robots":{"index":"index","follow":"follow","max-snippet":"max-snippet:-1","max-image-preview":"max-image-preview:large","max-video-preview":"max-video-preview:-1"},"canonical":"https:\/\/nukaseeds.cz\/de\/buy-cannabis-seeds\/tokamak\/","og_locale":"de_DE","og_type":"article","og_title":"Tokamak Hanfsamen - Growshop NukaSeeds","og_description":"Tokamak Automatik Hanfsamen sind eine reine Fusion aus Spitzenqualit\u00e4t und massiver Ernte! Vom Beginn bis zum Ende der Bl\u00fcte braucht diese Maschine 8-9 Wochen.","og_url":"https:\/\/nukaseeds.cz\/de\/buy-cannabis-seeds\/tokamak\/","og_site_name":"Nuka Cannabis-Samen","article_publisher":"https:\/\/www.facebook.com\/Nukaseeds\/","og_image":[{"url":"http:\/\/nukaseeds.cz\/wp-content\/uploads\/2024\/04\/tokamak-growshop-nuka-semena-konopi-225x300.webp","type":"","width":"","height":""}],"twitter_card":"summary_large_image","twitter_title":"Tokamak Hanfsamen - Growshop NukaSeeds","twitter_description":"Tokamak Automatik Hanfsamen sind eine reine Fusion aus Spitzenqualit\u00e4t und massiver Ernte! Vom Beginn bis zum Ende der Bl\u00fcte braucht diese Maschine 8-9 Wochen.","twitter_image":"http:\/\/nukaseeds.cz\/wp-content\/uploads\/2024\/04\/tokamak-growshop-nuka-semena-konopi-768x1024.webp","twitter_site":"@seeds_nuka","twitter_misc":{"Gesch\u00e4tzte Lesezeit":"1\u00a0Minute"},"schema":{"@context":"https:\/\/schema.org","@graph":[{"@type":"WebPage","@id":"https:\/\/nukaseeds.cz\/de\/buy-cannabis-seeds\/tokamak\/","url":"https:\/\/nukaseeds.cz\/de\/buy-cannabis-seeds\/tokamak\/","name":"Tokamak Hanfsamen - Growshop NukaSeeds","isPartOf":{"@id":"https:\/\/nukaseeds.cz\/de\/#website"},"primaryImageOfPage":{"@id":"https:\/\/nukaseeds.cz\/de\/buy-cannabis-seeds\/tokamak\/#primaryimage"},"image":{"@id":"https:\/\/nukaseeds.cz\/de\/buy-cannabis-seeds\/tokamak\/#primaryimage"},"thumbnailUrl":"https:\/\/nukaseeds.cz\/wp-content\/uploads\/2024\/04\/tokamak-growshop-nuka-semena-konopi.webp","datePublished":"2024-04-16T22:17:02+00:00","description":"Tokamak Automatik Hanfsamen sind eine reine Fusion aus Spitzenqualit\u00e4t und massiver Ernte! Vom Beginn bis zum Ende der Bl\u00fcte braucht diese Maschine 8-9 Wochen.","breadcrumb":{"@id":"https:\/\/nukaseeds.cz\/de\/buy-cannabis-seeds\/tokamak\/#breadcrumb"},"inLanguage":"de","potentialAction":[{"@type":"ReadAction","target":["https:\/\/nukaseeds.cz\/de\/buy-cannabis-seeds\/tokamak\/"]}]},{"@type":"ImageObject","inLanguage":"de","@id":"https:\/\/nukaseeds.cz\/de\/buy-cannabis-seeds\/tokamak\/#primaryimage","url":"https:\/\/nukaseeds.cz\/wp-content\/uploads\/2024\/04\/tokamak-growshop-nuka-semena-konopi.webp","contentUrl":"https:\/\/nukaseeds.cz\/wp-content\/uploads\/2024\/04\/tokamak-growshop-nuka-semena-konopi.webp","width":810,"height":1080,"caption":"Semena konop\u00ed Tokamak od Nuka Seeds"},{"@type":"BreadcrumbList","@id":"https:\/\/nukaseeds.cz\/de\/buy-cannabis-seeds\/tokamak\/#breadcrumb","itemListElement":[{"@type":"ListItem","position":1,"name":"Home","item":"https:\/\/nukaseeds.cz\/de\/"},{"@type":"ListItem","position":2,"name":"Cannabis-Samen kaufen","item":"https:\/\/nukaseeds.cz\/de\/shop\/"},{"@type":"ListItem","position":3,"name":"Cannabis-Samen","item":"https:\/\/nukaseeds.cz\/de\/hanf-samen-kaufen\/hanfsamen-de\/"},{"@type":"ListItem","position":4,"name":"Tokamak"}]},{"@type":"WebSite","@id":"https:\/\/nukaseeds.cz\/de\/#website","url":"https:\/\/nukaseeds.cz\/de\/","name":"Nuka Seeds Bank","description":"Cannabis-Samen kaufen, Marihuana-Samen kaufen","publisher":{"@id":"https:\/\/nukaseeds.cz\/de\/#organization"},"alternateName":"NukaSeeds cannabis seed bank","potentialAction":[{"@type":"SearchAction","target":{"@type":"EntryPoint","urlTemplate":"https:\/\/nukaseeds.cz\/de\/?s={search_term_string}"},"query-input":{"@type":"PropertyValueSpecification","valueRequired":true,"valueName":"search_term_string"}}],"inLanguage":"de"},{"@type":"Organization","@id":"https:\/\/nukaseeds.cz\/de\/#organization","name":"Nuka Trade s.r.o.","url":"https:\/\/nukaseeds.cz\/de\/","logo":{"@type":"ImageObject","inLanguage":"de","@id":"https:\/\/nukaseeds.cz\/de\/#\/schema\/logo\/image\/","url":"https:\/\/i0.wp.com\/nukaseeds.cz\/wp-content\/uploads\/2021\/11\/nuka-seeds-logo-vector-neon-8-production.png?fit=2142%2C1457&quality=70&ssl=1","contentUrl":"https:\/\/i0.wp.com\/nukaseeds.cz\/wp-content\/uploads\/2021\/11\/nuka-seeds-logo-vector-neon-8-production.png?fit=2142%2C1457&quality=70&ssl=1","width":2142,"height":1457,"caption":"Nuka Trade s.r.o."},"image":{"@id":"https:\/\/nukaseeds.cz\/de\/#\/schema\/logo\/image\/"},"sameAs":["https:\/\/www.facebook.com\/Nukaseeds\/","https:\/\/x.com\/seeds_nuka","https:\/\/www.instagram.com\/nukaseeds\/","https:\/\/www.youtube.com\/@nukaseeds1167","https:\/\/www.tumblr.com\/nukaseeds","https:\/\/www.linkedin.com\/company\/nukaseeds-ltd\/","https:\/\/cz.pinterest.com\/Nukaseeds\/"]}]}},"_links":{"self":[{"href":"https:\/\/nukaseeds.cz\/de\/wp-json\/wp\/v2\/product\/90465","targetHints":{"allow":["GET"]}}],"collection":[{"href":"https:\/\/nukaseeds.cz\/de\/wp-json\/wp\/v2\/product"}],"about":[{"href":"https:\/\/nukaseeds.cz\/de\/wp-json\/wp\/v2\/types\/product"}],"replies":[{"embeddable":true,"href":"https:\/\/nukaseeds.cz\/de\/wp-json\/wp\/v2\/comments?post=90465"}],"wp:featuredmedia":[{"embeddable":true,"href":"https:\/\/nukaseeds.cz\/de\/wp-json\/wp\/v2\/media\/90466"}],"wp:attachment":[{"href":"https:\/\/nukaseeds.cz\/de\/wp-json\/wp\/v2\/media?parent=90465"}],"wp:term":[{"taxonomy":"product_brand","embeddable":true,"href":"https:\/\/nukaseeds.cz\/de\/wp-json\/wp\/v2\/product_brand?post=90465"},{"taxonomy":"product_cat","embeddable":true,"href":"https:\/\/nukaseeds.cz\/de\/wp-json\/wp\/v2\/product_cat?post=90465"},{"taxonomy":"product_tag","embeddable":true,"href":"https:\/\/nukaseeds.cz\/de\/wp-json\/wp\/v2\/product_tag?post=90465"}],"curies":[{"name":"wp","href":"https:\/\/api.w.org\/{rel}","templated":true}]}}