{"id":90478,"date":"2024-04-16T23:32:06","date_gmt":"2024-04-16T21:32:06","guid":{"rendered":"http:\/\/nukaseeds.cz\/buy-cannabis-seeds\/wunderkind\/"},"modified":"2024-04-16T23:32:06","modified_gmt":"2024-04-16T21:32:06","slug":"wunderkind","status":"publish","type":"product","link":"https:\/\/nukaseeds.cz\/de\/buy-cannabis-seeds\/wunderkind\/","title":{"rendered":"Wunderkind"},"content":{"rendered":"<p>Begib dich auf eine Reise der Erleuchtung und Selbstentdeckung mit der Cannabissorte Prodigy, die dir tiefe k\u00f6rperliche und geistige Entspannung bietet.<\/p>\n<p>Prodigy ist eine dominante Indica (70% Indica und 30% Sativa) und mit einer H\u00f6he von bis zu 230cm kannst du einen Ertrag von etwa 500 Gramm pro Pflanze im Freien oder 0,95 Gramm pro Watt im Innenbereich erwarten. Sie ist widerstandsf\u00e4hig und produziert fantastische Tops, was sie f\u00fcr SCROG- und SOG-Anbaumethoden (Sea of Green) geeignet macht. <\/p>\n<p>Prodigy entstand aus der Kreuzung von zwei kultigen Cannabissorten &#8211; OG Kush und Girl Scout Cookies. Dank dieser Verschmelzung haben die Prodigy-Samen die besten Eigenschaften beider Eltern geerbt.<br \/>\nDer hohe THC-Gehalt (bis zu 21%) garantiert einen starken Indica-Effekt mit tiefer k\u00f6rperlicher und geistiger Entspannung.<\/p>\n<p>Lass dich mit Prodigy in g\u00f6ttliche Gefilde entf\u00fchren. Der intensive Zitrusgeschmack mit einem Hauch von Gew\u00fcrzen und starkem Aroma fesselt deine Sinne.<\/p>\n","protected":false},"excerpt":{"rendered":"<p>Begib dich auf eine Reise der Erleuchtung und Selbstentdeckung mit der Cannabissorte Prodigy, die dir tiefe k\u00f6rperliche und geistige Entspannung bietet.<\/p>\n","protected":false},"featured_media":90479,"comment_status":"open","ping_status":"closed","template":"","meta":[],"product_brand":[],"product_cat":[7741,7749,7736,7761,7751,7745,7748,7753,7760],"product_tag":[],"class_list":{"0":"post-90478","1":"product","2":"type-product","3":"status-publish","4":"has-post-thumbnail","6":"product_cat-56-65-tage-de","7":"product_cat-anbau-im-freien-de","8":"product_cat-hanfsamen-de","9":"product_cat-erdung-und-meditation-de","10":"product_cat-feminisierte-hanfsamen-de","11":"product_cat-indica-hanf-de","12":"product_cat-indoor-anbau-de","13":"product_cat-nuka-samen-de","14":"product_cat-schlafstorungen-de","15":"pa_baleni-semen-3-de","16":"pa_baleni-semen-5-de","17":"pa_baleni-semen-10-de","18":"pa_brand-nuka-samen","21":"first","22":"instock","23":"sale","24":"taxable","25":"shipping-taxable","26":"purchasable","27":"product-type-variable"},"yoast_head":"<!-- This site is optimized with the Yoast SEO plugin v26.6 - https:\/\/yoast.com\/wordpress\/plugins\/seo\/ -->\n<title>Prodigy Hanfsamen - Growshop NukaSeeds<\/title>\n<meta name=\"description\" content=\"Begib dich auf eine Reise der Erleuchtung und Selbstentdeckung mit der Cannabissorte Prodigy, die tiefe k\u00f6rperliche und geistige Entspannung bietet. Prodigy Cannabis-Samen\" \/>\n<meta name=\"robots\" content=\"index, follow, max-snippet:-1, max-image-preview:large, max-video-preview:-1\" \/>\n<link rel=\"canonical\" href=\"https:\/\/nukaseeds.cz\/de\/buy-cannabis-seeds\/wunderkind\/\" \/>\n<meta property=\"og:locale\" content=\"de_DE\" \/>\n<meta property=\"og:type\" content=\"article\" \/>\n<meta property=\"og:title\" content=\"Prodigy Hanfsamen - Growshop NukaSeeds\" \/>\n<meta property=\"og:description\" content=\"Begib dich auf eine Reise der Erleuchtung und Selbstentdeckung mit der Cannabissorte Prodigy, die tiefe k\u00f6rperliche und geistige Entspannung bietet. Prodigy Cannabis-Samen\" \/>\n<meta property=\"og:url\" content=\"https:\/\/nukaseeds.cz\/de\/buy-cannabis-seeds\/wunderkind\/\" \/>\n<meta property=\"og:site_name\" content=\"Nuka Cannabis-Samen\" \/>\n<meta property=\"article:publisher\" content=\"https:\/\/www.facebook.com\/Nukaseeds\/\" \/>\n<meta property=\"og:image\" content=\"http:\/\/nukaseeds.cz\/wp-content\/uploads\/2024\/04\/prodigy-growshop-nuka-semena-konopi-225x300.webp\" \/>\n<meta name=\"twitter:card\" content=\"summary_large_image\" \/>\n<meta name=\"twitter:title\" content=\"Prodigy Hanfsamen - Growshop NukaSeeds\" \/>\n<meta name=\"twitter:description\" content=\"Begib dich auf eine Reise der Erleuchtung und Selbstentdeckung mit der Cannabissorte Prodigy, die tiefe k\u00f6rperliche und geistige Entspannung bietet. Prodigy Cannabis-Samen\" \/>\n<meta name=\"twitter:image\" content=\"http:\/\/nukaseeds.cz\/wp-content\/uploads\/2024\/04\/prodigy-growshop-nuka-semena-konopi-768x1024.webp\" \/>\n<meta name=\"twitter:site\" content=\"@seeds_nuka\" \/>\n<meta name=\"twitter:label1\" content=\"Gesch\u00e4tzte Lesezeit\" \/>\n\t<meta name=\"twitter:data1\" content=\"1\u00a0Minute\" \/>\n<script type=\"application\/ld+json\" class=\"yoast-schema-graph\">{\"@context\":\"https:\/\/schema.org\",\"@graph\":[{\"@type\":\"WebPage\",\"@id\":\"https:\/\/nukaseeds.cz\/de\/buy-cannabis-seeds\/wunderkind\/\",\"url\":\"https:\/\/nukaseeds.cz\/de\/buy-cannabis-seeds\/wunderkind\/\",\"name\":\"Prodigy Hanfsamen - Growshop NukaSeeds\",\"isPartOf\":{\"@id\":\"https:\/\/nukaseeds.cz\/de\/#website\"},\"primaryImageOfPage\":{\"@id\":\"https:\/\/nukaseeds.cz\/de\/buy-cannabis-seeds\/wunderkind\/#primaryimage\"},\"image\":{\"@id\":\"https:\/\/nukaseeds.cz\/de\/buy-cannabis-seeds\/wunderkind\/#primaryimage\"},\"thumbnailUrl\":\"https:\/\/nukaseeds.cz\/wp-content\/uploads\/2024\/04\/prodigy-growshop-nuka-semena-konopi.webp\",\"datePublished\":\"2024-04-16T21:32:06+00:00\",\"description\":\"Begib dich auf eine Reise der Erleuchtung und Selbstentdeckung mit der Cannabissorte Prodigy, die tiefe k\u00f6rperliche und geistige Entspannung bietet. Prodigy Cannabis-Samen\",\"breadcrumb\":{\"@id\":\"https:\/\/nukaseeds.cz\/de\/buy-cannabis-seeds\/wunderkind\/#breadcrumb\"},\"inLanguage\":\"de\",\"potentialAction\":[{\"@type\":\"ReadAction\",\"target\":[\"https:\/\/nukaseeds.cz\/de\/buy-cannabis-seeds\/wunderkind\/\"]}]},{\"@type\":\"ImageObject\",\"inLanguage\":\"de\",\"@id\":\"https:\/\/nukaseeds.cz\/de\/buy-cannabis-seeds\/wunderkind\/#primaryimage\",\"url\":\"https:\/\/nukaseeds.cz\/wp-content\/uploads\/2024\/04\/prodigy-growshop-nuka-semena-konopi.webp\",\"contentUrl\":\"https:\/\/nukaseeds.cz\/wp-content\/uploads\/2024\/04\/prodigy-growshop-nuka-semena-konopi.webp\",\"width\":810,\"height\":1080,\"caption\":\"Semena konop\u00ed Prodigy od Nuka Seeds\"},{\"@type\":\"BreadcrumbList\",\"@id\":\"https:\/\/nukaseeds.cz\/de\/buy-cannabis-seeds\/wunderkind\/#breadcrumb\",\"itemListElement\":[{\"@type\":\"ListItem\",\"position\":1,\"name\":\"Home\",\"item\":\"https:\/\/nukaseeds.cz\/de\/growshop-nukaseeds-cz-hanfsamen\/\"},{\"@type\":\"ListItem\",\"position\":2,\"name\":\"Cannabis-Samen kaufen\",\"item\":\"https:\/\/nukaseeds.cz\/de\/shop\/\"},{\"@type\":\"ListItem\",\"position\":3,\"name\":\"Cannabis-Samen\",\"item\":\"https:\/\/nukaseeds.cz\/de\/hanf-samen-kaufen\/hanfsamen-de\/\"},{\"@type\":\"ListItem\",\"position\":4,\"name\":\"Wunderkind\"}]},{\"@type\":\"WebSite\",\"@id\":\"https:\/\/nukaseeds.cz\/de\/#website\",\"url\":\"https:\/\/nukaseeds.cz\/de\/\",\"name\":\"Nuka Seeds Bank\",\"description\":\"Cannabis-Samen kaufen, Marihuana-Samen kaufen\",\"publisher\":{\"@id\":\"https:\/\/nukaseeds.cz\/de\/#organization\"},\"alternateName\":\"NukaSeeds cannabis seed bank\",\"potentialAction\":[{\"@type\":\"SearchAction\",\"target\":{\"@type\":\"EntryPoint\",\"urlTemplate\":\"https:\/\/nukaseeds.cz\/de\/?s={search_term_string}\"},\"query-input\":{\"@type\":\"PropertyValueSpecification\",\"valueRequired\":true,\"valueName\":\"search_term_string\"}}],\"inLanguage\":\"de\"},{\"@type\":\"Organization\",\"@id\":\"https:\/\/nukaseeds.cz\/de\/#organization\",\"name\":\"Nuka Trade s.r.o.\",\"url\":\"https:\/\/nukaseeds.cz\/de\/\",\"logo\":{\"@type\":\"ImageObject\",\"inLanguage\":\"de\",\"@id\":\"https:\/\/nukaseeds.cz\/de\/#\/schema\/logo\/image\/\",\"url\":\"https:\/\/i0.wp.com\/nukaseeds.cz\/wp-content\/uploads\/2021\/11\/nuka-seeds-logo-vector-neon-8-production.png?fit=2142%2C1457&quality=70&ssl=1\",\"contentUrl\":\"https:\/\/i0.wp.com\/nukaseeds.cz\/wp-content\/uploads\/2021\/11\/nuka-seeds-logo-vector-neon-8-production.png?fit=2142%2C1457&quality=70&ssl=1\",\"width\":2142,\"height\":1457,\"caption\":\"Nuka Trade s.r.o.\"},\"image\":{\"@id\":\"https:\/\/nukaseeds.cz\/de\/#\/schema\/logo\/image\/\"},\"sameAs\":[\"https:\/\/www.facebook.com\/Nukaseeds\/\",\"https:\/\/x.com\/seeds_nuka\",\"https:\/\/www.instagram.com\/nukaseeds\/\",\"https:\/\/www.youtube.com\/@nukaseeds1167\",\"https:\/\/www.tumblr.com\/nukaseeds\",\"https:\/\/www.linkedin.com\/company\/nukaseeds-ltd\/\",\"https:\/\/cz.pinterest.com\/Nukaseeds\/\"]}]}<\/script>\n<!-- \/ Yoast SEO plugin. -->","yoast_head_json":{"title":"Prodigy Hanfsamen - Growshop NukaSeeds","description":"Begib dich auf eine Reise der Erleuchtung und Selbstentdeckung mit der Cannabissorte Prodigy, die tiefe k\u00f6rperliche und geistige Entspannung bietet. Prodigy Cannabis-Samen","robots":{"index":"index","follow":"follow","max-snippet":"max-snippet:-1","max-image-preview":"max-image-preview:large","max-video-preview":"max-video-preview:-1"},"canonical":"https:\/\/nukaseeds.cz\/de\/buy-cannabis-seeds\/wunderkind\/","og_locale":"de_DE","og_type":"article","og_title":"Prodigy Hanfsamen - Growshop NukaSeeds","og_description":"Begib dich auf eine Reise der Erleuchtung und Selbstentdeckung mit der Cannabissorte Prodigy, die tiefe k\u00f6rperliche und geistige Entspannung bietet. Prodigy Cannabis-Samen","og_url":"https:\/\/nukaseeds.cz\/de\/buy-cannabis-seeds\/wunderkind\/","og_site_name":"Nuka Cannabis-Samen","article_publisher":"https:\/\/www.facebook.com\/Nukaseeds\/","og_image":[{"url":"http:\/\/nukaseeds.cz\/wp-content\/uploads\/2024\/04\/prodigy-growshop-nuka-semena-konopi-225x300.webp","type":"","width":"","height":""}],"twitter_card":"summary_large_image","twitter_title":"Prodigy Hanfsamen - Growshop NukaSeeds","twitter_description":"Begib dich auf eine Reise der Erleuchtung und Selbstentdeckung mit der Cannabissorte Prodigy, die tiefe k\u00f6rperliche und geistige Entspannung bietet. Prodigy Cannabis-Samen","twitter_image":"http:\/\/nukaseeds.cz\/wp-content\/uploads\/2024\/04\/prodigy-growshop-nuka-semena-konopi-768x1024.webp","twitter_site":"@seeds_nuka","twitter_misc":{"Gesch\u00e4tzte Lesezeit":"1\u00a0Minute"},"schema":{"@context":"https:\/\/schema.org","@graph":[{"@type":"WebPage","@id":"https:\/\/nukaseeds.cz\/de\/buy-cannabis-seeds\/wunderkind\/","url":"https:\/\/nukaseeds.cz\/de\/buy-cannabis-seeds\/wunderkind\/","name":"Prodigy Hanfsamen - Growshop NukaSeeds","isPartOf":{"@id":"https:\/\/nukaseeds.cz\/de\/#website"},"primaryImageOfPage":{"@id":"https:\/\/nukaseeds.cz\/de\/buy-cannabis-seeds\/wunderkind\/#primaryimage"},"image":{"@id":"https:\/\/nukaseeds.cz\/de\/buy-cannabis-seeds\/wunderkind\/#primaryimage"},"thumbnailUrl":"https:\/\/nukaseeds.cz\/wp-content\/uploads\/2024\/04\/prodigy-growshop-nuka-semena-konopi.webp","datePublished":"2024-04-16T21:32:06+00:00","description":"Begib dich auf eine Reise der Erleuchtung und Selbstentdeckung mit der Cannabissorte Prodigy, die tiefe k\u00f6rperliche und geistige Entspannung bietet. Prodigy Cannabis-Samen","breadcrumb":{"@id":"https:\/\/nukaseeds.cz\/de\/buy-cannabis-seeds\/wunderkind\/#breadcrumb"},"inLanguage":"de","potentialAction":[{"@type":"ReadAction","target":["https:\/\/nukaseeds.cz\/de\/buy-cannabis-seeds\/wunderkind\/"]}]},{"@type":"ImageObject","inLanguage":"de","@id":"https:\/\/nukaseeds.cz\/de\/buy-cannabis-seeds\/wunderkind\/#primaryimage","url":"https:\/\/nukaseeds.cz\/wp-content\/uploads\/2024\/04\/prodigy-growshop-nuka-semena-konopi.webp","contentUrl":"https:\/\/nukaseeds.cz\/wp-content\/uploads\/2024\/04\/prodigy-growshop-nuka-semena-konopi.webp","width":810,"height":1080,"caption":"Semena konop\u00ed Prodigy od Nuka Seeds"},{"@type":"BreadcrumbList","@id":"https:\/\/nukaseeds.cz\/de\/buy-cannabis-seeds\/wunderkind\/#breadcrumb","itemListElement":[{"@type":"ListItem","position":1,"name":"Home","item":"https:\/\/nukaseeds.cz\/de\/growshop-nukaseeds-cz-hanfsamen\/"},{"@type":"ListItem","position":2,"name":"Cannabis-Samen kaufen","item":"https:\/\/nukaseeds.cz\/de\/shop\/"},{"@type":"ListItem","position":3,"name":"Cannabis-Samen","item":"https:\/\/nukaseeds.cz\/de\/hanf-samen-kaufen\/hanfsamen-de\/"},{"@type":"ListItem","position":4,"name":"Wunderkind"}]},{"@type":"WebSite","@id":"https:\/\/nukaseeds.cz\/de\/#website","url":"https:\/\/nukaseeds.cz\/de\/","name":"Nuka Seeds Bank","description":"Cannabis-Samen kaufen, Marihuana-Samen kaufen","publisher":{"@id":"https:\/\/nukaseeds.cz\/de\/#organization"},"alternateName":"NukaSeeds cannabis seed bank","potentialAction":[{"@type":"SearchAction","target":{"@type":"EntryPoint","urlTemplate":"https:\/\/nukaseeds.cz\/de\/?s={search_term_string}"},"query-input":{"@type":"PropertyValueSpecification","valueRequired":true,"valueName":"search_term_string"}}],"inLanguage":"de"},{"@type":"Organization","@id":"https:\/\/nukaseeds.cz\/de\/#organization","name":"Nuka Trade s.r.o.","url":"https:\/\/nukaseeds.cz\/de\/","logo":{"@type":"ImageObject","inLanguage":"de","@id":"https:\/\/nukaseeds.cz\/de\/#\/schema\/logo\/image\/","url":"https:\/\/i0.wp.com\/nukaseeds.cz\/wp-content\/uploads\/2021\/11\/nuka-seeds-logo-vector-neon-8-production.png?fit=2142%2C1457&quality=70&ssl=1","contentUrl":"https:\/\/i0.wp.com\/nukaseeds.cz\/wp-content\/uploads\/2021\/11\/nuka-seeds-logo-vector-neon-8-production.png?fit=2142%2C1457&quality=70&ssl=1","width":2142,"height":1457,"caption":"Nuka Trade s.r.o."},"image":{"@id":"https:\/\/nukaseeds.cz\/de\/#\/schema\/logo\/image\/"},"sameAs":["https:\/\/www.facebook.com\/Nukaseeds\/","https:\/\/x.com\/seeds_nuka","https:\/\/www.instagram.com\/nukaseeds\/","https:\/\/www.youtube.com\/@nukaseeds1167","https:\/\/www.tumblr.com\/nukaseeds","https:\/\/www.linkedin.com\/company\/nukaseeds-ltd\/","https:\/\/cz.pinterest.com\/Nukaseeds\/"]}]}},"_links":{"self":[{"href":"https:\/\/nukaseeds.cz\/de\/wp-json\/wp\/v2\/product\/90478","targetHints":{"allow":["GET"]}}],"collection":[{"href":"https:\/\/nukaseeds.cz\/de\/wp-json\/wp\/v2\/product"}],"about":[{"href":"https:\/\/nukaseeds.cz\/de\/wp-json\/wp\/v2\/types\/product"}],"replies":[{"embeddable":true,"href":"https:\/\/nukaseeds.cz\/de\/wp-json\/wp\/v2\/comments?post=90478"}],"wp:featuredmedia":[{"embeddable":true,"href":"https:\/\/nukaseeds.cz\/de\/wp-json\/wp\/v2\/media\/90479"}],"wp:attachment":[{"href":"https:\/\/nukaseeds.cz\/de\/wp-json\/wp\/v2\/media?parent=90478"}],"wp:term":[{"taxonomy":"product_brand","embeddable":true,"href":"https:\/\/nukaseeds.cz\/de\/wp-json\/wp\/v2\/product_brand?post=90478"},{"taxonomy":"product_cat","embeddable":true,"href":"https:\/\/nukaseeds.cz\/de\/wp-json\/wp\/v2\/product_cat?post=90478"},{"taxonomy":"product_tag","embeddable":true,"href":"https:\/\/nukaseeds.cz\/de\/wp-json\/wp\/v2\/product_tag?post=90478"}],"curies":[{"name":"wp","href":"https:\/\/api.w.org\/{rel}","templated":true}]}}