{"id":90491,"date":"2024-04-16T22:06:47","date_gmt":"2024-04-16T20:06:47","guid":{"rendered":"http:\/\/nukaseeds.cz\/buy-cannabis-seeds\/polaris\/"},"modified":"2024-04-16T22:06:47","modified_gmt":"2024-04-16T20:06:47","slug":"polaris","status":"publish","type":"product","link":"https:\/\/nukaseeds.cz\/de\/buy-cannabis-seeds\/polaris\/","title":{"rendered":"Polaris"},"content":{"rendered":"<p>Die Cannabisbl\u00fcten von Polaris werden dich mit ihren lila T\u00f6nen, ihrem wunderbar s\u00fc\u00dfen Aroma und ihrem Geschmack begeistern. Sie bietet sowohl im Freien als auch im Innenbereich einen absolut herausragenden Ertrag. <\/p>\n<p>Polaris kann 600 Gramm pro Pflanze im Freien oder im Gew\u00e4chshaus produzieren und bis zu einem Gramm pro Watt, wenn sie drinnen geerntet wird, obwohl sie nicht n\u00e4hrstoffintensiv ist.<\/p>\n<p>Polaris kann im Freien Ende September\/Anfang Oktober geerntet werden und im Haus zwei Monate nach dem Einpflanzen, aber du kannst weitere 3-7 Tage hinzuf\u00fcgen, um die violette Farbe zu verst\u00e4rken.<\/p>\n<p>Diese indische Cannabissorte ist sehr stressresistent und sehr leicht zu schneiden, was Polaris Cannabissamen zu idealen Kandidaten f\u00fcr Mutterpflanzen macht. Die Wirkung dieser herausragenden Indica ist stark entspannend, ohne zu erdend zu sein. Sie erzeugt einen gro\u00dfen Appetit, was sie bei Essst\u00f6rungen n\u00fctzlich macht. Das wunderbare s\u00fc\u00df-fruchtige Aroma, das an Beeren erinnert, bereitet dich auf ein gro\u00dfartiges Geschmackserlebnis vor, das von Noten von Haschisch begleitet wird.   <\/p>\n<p>Polaris zeigt dir den richtigen Weg zur Indica mit hervorragendem Geschmack und Sch\u00f6nheit.<\/p>\n","protected":false},"excerpt":{"rendered":"<p>Die Cannabisbl\u00fcten von Polaris werden dich mit ihren lila T\u00f6nen, ihrem wunderbar s\u00fc\u00dfen Aroma und ihrem Geschmack begeistern. Sie bietet sowohl im Freien als auch im Innenbereich einen absolut herausragenden Ertrag. <\/p>\n","protected":false},"featured_media":90492,"comment_status":"open","ping_status":"closed","template":"","meta":[],"product_brand":[],"product_cat":[7741,7749,7736,7761,7751,7745,7748,7753],"product_tag":[],"class_list":{"0":"post-90491","1":"product","2":"type-product","3":"status-publish","4":"has-post-thumbnail","6":"product_cat-56-65-tage-de","7":"product_cat-anbau-im-freien-de","8":"product_cat-hanfsamen-de","9":"product_cat-erdung-und-meditation-de","10":"product_cat-feminisierte-hanfsamen-de","11":"product_cat-indica-hanf-de","12":"product_cat-indoor-anbau-de","13":"product_cat-nuka-samen-de","14":"pa_baleni-semen-10-de","15":"pa_baleni-semen-3-de","16":"pa_baleni-semen-5-de","17":"pa_brand-nuka-samen","20":"first","21":"instock","22":"sale","23":"taxable","24":"shipping-taxable","25":"purchasable","26":"product-type-variable"},"yoast_head":"<!-- This site is optimized with the Yoast SEO plugin v26.6 - https:\/\/yoast.com\/wordpress\/plugins\/seo\/ -->\n<title>Hanfsamen Polaris - Growshop NukaSeeds<\/title>\n<meta name=\"description\" content=\"Die Cannabisbl\u00fcten von Polaris werden dich mit ihren lila T\u00f6nen, ihrem wunderbar s\u00fc\u00dfen Aroma und ihrem Geschmack begeistern. Sie bietet sowohl im Freien als auch im Innenbereich einen absolut herausragenden Ertrag.\" \/>\n<meta name=\"robots\" content=\"index, follow, max-snippet:-1, max-image-preview:large, max-video-preview:-1\" \/>\n<link rel=\"canonical\" href=\"https:\/\/nukaseeds.cz\/de\/buy-cannabis-seeds\/polaris\/\" \/>\n<meta property=\"og:locale\" content=\"de_DE\" \/>\n<meta property=\"og:type\" content=\"article\" \/>\n<meta property=\"og:title\" content=\"Hanfsamen Polaris - Growshop NukaSeeds\" \/>\n<meta property=\"og:description\" content=\"Die Cannabisbl\u00fcten von Polaris werden dich mit ihren lila T\u00f6nen, ihrem wunderbar s\u00fc\u00dfen Aroma und ihrem Geschmack begeistern. Sie bietet sowohl im Freien als auch im Innenbereich einen absolut herausragenden Ertrag.\" \/>\n<meta property=\"og:url\" content=\"https:\/\/nukaseeds.cz\/de\/buy-cannabis-seeds\/polaris\/\" \/>\n<meta property=\"og:site_name\" content=\"Nuka Cannabis-Samen\" \/>\n<meta property=\"article:publisher\" content=\"https:\/\/www.facebook.com\/Nukaseeds\/\" \/>\n<meta property=\"og:image\" content=\"http:\/\/nukaseeds.cz\/wp-content\/uploads\/2024\/04\/polaris-growshop-nuka-semena-konopi-225x300.webp\" \/>\n<meta name=\"twitter:card\" content=\"summary_large_image\" \/>\n<meta name=\"twitter:title\" content=\"Hanfsamen Polaris - Growshop NukaSeeds\" \/>\n<meta name=\"twitter:description\" content=\"Die Cannabisbl\u00fcten von Polaris werden dich mit ihren lila T\u00f6nen, ihrem wunderbar s\u00fc\u00dfen Aroma und ihrem Geschmack begeistern. Sie bietet sowohl im Freien als auch im Innenbereich einen absolut herausragenden Ertrag.\" \/>\n<meta name=\"twitter:image\" content=\"http:\/\/nukaseeds.cz\/wp-content\/uploads\/2024\/04\/polaris-growshop-nuka-semena-konopi-768x1024.webp\" \/>\n<meta name=\"twitter:site\" content=\"@seeds_nuka\" \/>\n<meta name=\"twitter:label1\" content=\"Gesch\u00e4tzte Lesezeit\" \/>\n\t<meta name=\"twitter:data1\" content=\"1\u00a0Minute\" \/>\n<script type=\"application\/ld+json\" class=\"yoast-schema-graph\">{\"@context\":\"https:\/\/schema.org\",\"@graph\":[{\"@type\":\"WebPage\",\"@id\":\"https:\/\/nukaseeds.cz\/de\/buy-cannabis-seeds\/polaris\/\",\"url\":\"https:\/\/nukaseeds.cz\/de\/buy-cannabis-seeds\/polaris\/\",\"name\":\"Hanfsamen Polaris - Growshop NukaSeeds\",\"isPartOf\":{\"@id\":\"https:\/\/nukaseeds.cz\/de\/#website\"},\"primaryImageOfPage\":{\"@id\":\"https:\/\/nukaseeds.cz\/de\/buy-cannabis-seeds\/polaris\/#primaryimage\"},\"image\":{\"@id\":\"https:\/\/nukaseeds.cz\/de\/buy-cannabis-seeds\/polaris\/#primaryimage\"},\"thumbnailUrl\":\"https:\/\/nukaseeds.cz\/wp-content\/uploads\/2024\/04\/polaris-growshop-nuka-semena-konopi.webp\",\"datePublished\":\"2024-04-16T20:06:47+00:00\",\"description\":\"Die Cannabisbl\u00fcten von Polaris werden dich mit ihren lila T\u00f6nen, ihrem wunderbar s\u00fc\u00dfen Aroma und ihrem Geschmack begeistern. Sie bietet sowohl im Freien als auch im Innenbereich einen absolut herausragenden Ertrag.\",\"breadcrumb\":{\"@id\":\"https:\/\/nukaseeds.cz\/de\/buy-cannabis-seeds\/polaris\/#breadcrumb\"},\"inLanguage\":\"de\",\"potentialAction\":[{\"@type\":\"ReadAction\",\"target\":[\"https:\/\/nukaseeds.cz\/de\/buy-cannabis-seeds\/polaris\/\"]}]},{\"@type\":\"ImageObject\",\"inLanguage\":\"de\",\"@id\":\"https:\/\/nukaseeds.cz\/de\/buy-cannabis-seeds\/polaris\/#primaryimage\",\"url\":\"https:\/\/nukaseeds.cz\/wp-content\/uploads\/2024\/04\/polaris-growshop-nuka-semena-konopi.webp\",\"contentUrl\":\"https:\/\/nukaseeds.cz\/wp-content\/uploads\/2024\/04\/polaris-growshop-nuka-semena-konopi.webp\",\"width\":810,\"height\":1080,\"caption\":\"Semena konop\u00ed Polaris od Nuka Seeds\"},{\"@type\":\"BreadcrumbList\",\"@id\":\"https:\/\/nukaseeds.cz\/de\/buy-cannabis-seeds\/polaris\/#breadcrumb\",\"itemListElement\":[{\"@type\":\"ListItem\",\"position\":1,\"name\":\"Home\",\"item\":\"https:\/\/nukaseeds.cz\/de\/\"},{\"@type\":\"ListItem\",\"position\":2,\"name\":\"Cannabis-Samen kaufen\",\"item\":\"https:\/\/nukaseeds.cz\/de\/shop\/\"},{\"@type\":\"ListItem\",\"position\":3,\"name\":\"Cannabis-Samen\",\"item\":\"https:\/\/nukaseeds.cz\/de\/hanf-samen-kaufen\/hanfsamen-de\/\"},{\"@type\":\"ListItem\",\"position\":4,\"name\":\"Polaris\"}]},{\"@type\":\"WebSite\",\"@id\":\"https:\/\/nukaseeds.cz\/de\/#website\",\"url\":\"https:\/\/nukaseeds.cz\/de\/\",\"name\":\"Nuka Seeds Bank\",\"description\":\"Cannabis-Samen kaufen, Marihuana-Samen kaufen\",\"publisher\":{\"@id\":\"https:\/\/nukaseeds.cz\/de\/#organization\"},\"alternateName\":\"NukaSeeds cannabis seed bank\",\"potentialAction\":[{\"@type\":\"SearchAction\",\"target\":{\"@type\":\"EntryPoint\",\"urlTemplate\":\"https:\/\/nukaseeds.cz\/de\/?s={search_term_string}\"},\"query-input\":{\"@type\":\"PropertyValueSpecification\",\"valueRequired\":true,\"valueName\":\"search_term_string\"}}],\"inLanguage\":\"de\"},{\"@type\":\"Organization\",\"@id\":\"https:\/\/nukaseeds.cz\/de\/#organization\",\"name\":\"Nuka Trade s.r.o.\",\"url\":\"https:\/\/nukaseeds.cz\/de\/\",\"logo\":{\"@type\":\"ImageObject\",\"inLanguage\":\"de\",\"@id\":\"https:\/\/nukaseeds.cz\/de\/#\/schema\/logo\/image\/\",\"url\":\"https:\/\/i0.wp.com\/nukaseeds.cz\/wp-content\/uploads\/2021\/11\/nuka-seeds-logo-vector-neon-8-production.png?fit=2142%2C1457&quality=70&ssl=1\",\"contentUrl\":\"https:\/\/i0.wp.com\/nukaseeds.cz\/wp-content\/uploads\/2021\/11\/nuka-seeds-logo-vector-neon-8-production.png?fit=2142%2C1457&quality=70&ssl=1\",\"width\":2142,\"height\":1457,\"caption\":\"Nuka Trade s.r.o.\"},\"image\":{\"@id\":\"https:\/\/nukaseeds.cz\/de\/#\/schema\/logo\/image\/\"},\"sameAs\":[\"https:\/\/www.facebook.com\/Nukaseeds\/\",\"https:\/\/x.com\/seeds_nuka\",\"https:\/\/www.instagram.com\/nukaseeds\/\",\"https:\/\/www.youtube.com\/@nukaseeds1167\",\"https:\/\/www.tumblr.com\/nukaseeds\",\"https:\/\/www.linkedin.com\/company\/nukaseeds-ltd\/\",\"https:\/\/cz.pinterest.com\/Nukaseeds\/\"]}]}<\/script>\n<!-- \/ Yoast SEO plugin. -->","yoast_head_json":{"title":"Hanfsamen Polaris - Growshop NukaSeeds","description":"Die Cannabisbl\u00fcten von Polaris werden dich mit ihren lila T\u00f6nen, ihrem wunderbar s\u00fc\u00dfen Aroma und ihrem Geschmack begeistern. Sie bietet sowohl im Freien als auch im Innenbereich einen absolut herausragenden Ertrag.","robots":{"index":"index","follow":"follow","max-snippet":"max-snippet:-1","max-image-preview":"max-image-preview:large","max-video-preview":"max-video-preview:-1"},"canonical":"https:\/\/nukaseeds.cz\/de\/buy-cannabis-seeds\/polaris\/","og_locale":"de_DE","og_type":"article","og_title":"Hanfsamen Polaris - Growshop NukaSeeds","og_description":"Die Cannabisbl\u00fcten von Polaris werden dich mit ihren lila T\u00f6nen, ihrem wunderbar s\u00fc\u00dfen Aroma und ihrem Geschmack begeistern. Sie bietet sowohl im Freien als auch im Innenbereich einen absolut herausragenden Ertrag.","og_url":"https:\/\/nukaseeds.cz\/de\/buy-cannabis-seeds\/polaris\/","og_site_name":"Nuka Cannabis-Samen","article_publisher":"https:\/\/www.facebook.com\/Nukaseeds\/","og_image":[{"url":"http:\/\/nukaseeds.cz\/wp-content\/uploads\/2024\/04\/polaris-growshop-nuka-semena-konopi-225x300.webp","type":"","width":"","height":""}],"twitter_card":"summary_large_image","twitter_title":"Hanfsamen Polaris - Growshop NukaSeeds","twitter_description":"Die Cannabisbl\u00fcten von Polaris werden dich mit ihren lila T\u00f6nen, ihrem wunderbar s\u00fc\u00dfen Aroma und ihrem Geschmack begeistern. Sie bietet sowohl im Freien als auch im Innenbereich einen absolut herausragenden Ertrag.","twitter_image":"http:\/\/nukaseeds.cz\/wp-content\/uploads\/2024\/04\/polaris-growshop-nuka-semena-konopi-768x1024.webp","twitter_site":"@seeds_nuka","twitter_misc":{"Gesch\u00e4tzte Lesezeit":"1\u00a0Minute"},"schema":{"@context":"https:\/\/schema.org","@graph":[{"@type":"WebPage","@id":"https:\/\/nukaseeds.cz\/de\/buy-cannabis-seeds\/polaris\/","url":"https:\/\/nukaseeds.cz\/de\/buy-cannabis-seeds\/polaris\/","name":"Hanfsamen Polaris - Growshop NukaSeeds","isPartOf":{"@id":"https:\/\/nukaseeds.cz\/de\/#website"},"primaryImageOfPage":{"@id":"https:\/\/nukaseeds.cz\/de\/buy-cannabis-seeds\/polaris\/#primaryimage"},"image":{"@id":"https:\/\/nukaseeds.cz\/de\/buy-cannabis-seeds\/polaris\/#primaryimage"},"thumbnailUrl":"https:\/\/nukaseeds.cz\/wp-content\/uploads\/2024\/04\/polaris-growshop-nuka-semena-konopi.webp","datePublished":"2024-04-16T20:06:47+00:00","description":"Die Cannabisbl\u00fcten von Polaris werden dich mit ihren lila T\u00f6nen, ihrem wunderbar s\u00fc\u00dfen Aroma und ihrem Geschmack begeistern. Sie bietet sowohl im Freien als auch im Innenbereich einen absolut herausragenden Ertrag.","breadcrumb":{"@id":"https:\/\/nukaseeds.cz\/de\/buy-cannabis-seeds\/polaris\/#breadcrumb"},"inLanguage":"de","potentialAction":[{"@type":"ReadAction","target":["https:\/\/nukaseeds.cz\/de\/buy-cannabis-seeds\/polaris\/"]}]},{"@type":"ImageObject","inLanguage":"de","@id":"https:\/\/nukaseeds.cz\/de\/buy-cannabis-seeds\/polaris\/#primaryimage","url":"https:\/\/nukaseeds.cz\/wp-content\/uploads\/2024\/04\/polaris-growshop-nuka-semena-konopi.webp","contentUrl":"https:\/\/nukaseeds.cz\/wp-content\/uploads\/2024\/04\/polaris-growshop-nuka-semena-konopi.webp","width":810,"height":1080,"caption":"Semena konop\u00ed Polaris od Nuka Seeds"},{"@type":"BreadcrumbList","@id":"https:\/\/nukaseeds.cz\/de\/buy-cannabis-seeds\/polaris\/#breadcrumb","itemListElement":[{"@type":"ListItem","position":1,"name":"Home","item":"https:\/\/nukaseeds.cz\/de\/"},{"@type":"ListItem","position":2,"name":"Cannabis-Samen kaufen","item":"https:\/\/nukaseeds.cz\/de\/shop\/"},{"@type":"ListItem","position":3,"name":"Cannabis-Samen","item":"https:\/\/nukaseeds.cz\/de\/hanf-samen-kaufen\/hanfsamen-de\/"},{"@type":"ListItem","position":4,"name":"Polaris"}]},{"@type":"WebSite","@id":"https:\/\/nukaseeds.cz\/de\/#website","url":"https:\/\/nukaseeds.cz\/de\/","name":"Nuka Seeds Bank","description":"Cannabis-Samen kaufen, Marihuana-Samen kaufen","publisher":{"@id":"https:\/\/nukaseeds.cz\/de\/#organization"},"alternateName":"NukaSeeds cannabis seed bank","potentialAction":[{"@type":"SearchAction","target":{"@type":"EntryPoint","urlTemplate":"https:\/\/nukaseeds.cz\/de\/?s={search_term_string}"},"query-input":{"@type":"PropertyValueSpecification","valueRequired":true,"valueName":"search_term_string"}}],"inLanguage":"de"},{"@type":"Organization","@id":"https:\/\/nukaseeds.cz\/de\/#organization","name":"Nuka Trade s.r.o.","url":"https:\/\/nukaseeds.cz\/de\/","logo":{"@type":"ImageObject","inLanguage":"de","@id":"https:\/\/nukaseeds.cz\/de\/#\/schema\/logo\/image\/","url":"https:\/\/i0.wp.com\/nukaseeds.cz\/wp-content\/uploads\/2021\/11\/nuka-seeds-logo-vector-neon-8-production.png?fit=2142%2C1457&quality=70&ssl=1","contentUrl":"https:\/\/i0.wp.com\/nukaseeds.cz\/wp-content\/uploads\/2021\/11\/nuka-seeds-logo-vector-neon-8-production.png?fit=2142%2C1457&quality=70&ssl=1","width":2142,"height":1457,"caption":"Nuka Trade s.r.o."},"image":{"@id":"https:\/\/nukaseeds.cz\/de\/#\/schema\/logo\/image\/"},"sameAs":["https:\/\/www.facebook.com\/Nukaseeds\/","https:\/\/x.com\/seeds_nuka","https:\/\/www.instagram.com\/nukaseeds\/","https:\/\/www.youtube.com\/@nukaseeds1167","https:\/\/www.tumblr.com\/nukaseeds","https:\/\/www.linkedin.com\/company\/nukaseeds-ltd\/","https:\/\/cz.pinterest.com\/Nukaseeds\/"]}]}},"_links":{"self":[{"href":"https:\/\/nukaseeds.cz\/de\/wp-json\/wp\/v2\/product\/90491","targetHints":{"allow":["GET"]}}],"collection":[{"href":"https:\/\/nukaseeds.cz\/de\/wp-json\/wp\/v2\/product"}],"about":[{"href":"https:\/\/nukaseeds.cz\/de\/wp-json\/wp\/v2\/types\/product"}],"replies":[{"embeddable":true,"href":"https:\/\/nukaseeds.cz\/de\/wp-json\/wp\/v2\/comments?post=90491"}],"wp:featuredmedia":[{"embeddable":true,"href":"https:\/\/nukaseeds.cz\/de\/wp-json\/wp\/v2\/media\/90492"}],"wp:attachment":[{"href":"https:\/\/nukaseeds.cz\/de\/wp-json\/wp\/v2\/media?parent=90491"}],"wp:term":[{"taxonomy":"product_brand","embeddable":true,"href":"https:\/\/nukaseeds.cz\/de\/wp-json\/wp\/v2\/product_brand?post=90491"},{"taxonomy":"product_cat","embeddable":true,"href":"https:\/\/nukaseeds.cz\/de\/wp-json\/wp\/v2\/product_cat?post=90491"},{"taxonomy":"product_tag","embeddable":true,"href":"https:\/\/nukaseeds.cz\/de\/wp-json\/wp\/v2\/product_tag?post=90491"}],"curies":[{"name":"wp","href":"https:\/\/api.w.org\/{rel}","templated":true}]}}