{"id":90504,"date":"2024-04-16T20:48:33","date_gmt":"2024-04-16T18:48:33","guid":{"rendered":"http:\/\/nukaseeds.cz\/buy-cannabis-seeds\/paradox\/"},"modified":"2024-04-16T20:48:33","modified_gmt":"2024-04-16T18:48:33","slug":"paradox","status":"publish","type":"product","link":"https:\/\/nukaseeds.cz\/de\/buy-cannabis-seeds\/paradox\/","title":{"rendered":"Paradox"},"content":{"rendered":"<p>Paradox ist eine Kreuzung zwischen den ber\u00fchmten Sorten Jack Herer und Afghani. Sie ist eine schnell wachsende Sativa mit einem THC-Gehalt von bis zu 25 Prozent. <\/p>\n<p>Trotz des drakonischen THC-Gehalts kannst du eine sehr euphorische Wirkung genie\u00dfen, die sich f\u00fcr Gesellschaften oder Partys eignet.<\/p>\n<p>Sie w\u00e4chst bis zu einer maximalen Gr\u00f6\u00dfe von zwei Metern. Paradox-Pflanzen liefern bis zu sechshundert Gramm Trockenmasse dank der kompakten Staubgef\u00e4\u00dfe mit einem ausgewogenen Verh\u00e4ltnis von sch\u00f6nen Bl\u00fctenbl\u00e4ttern. <\/p>\n<p>Die Bl\u00fctezeit dieser luxuri\u00f6sen Sativa betr\u00e4gt acht bis neun Wochen ab Beginn der Bl\u00fcte. Das Aroma ist erdig mit s\u00fc\u00dfer Schokolade und w\u00fcrzigen Noten. <\/p>\n<p>Paradox ist n\u00fctzlich als unterst\u00fctzende Behandlung bei Multipler Sklerose, Parkinson und Morbus Crohn. Es hilft auch bei Schmerzen und regt den Appetit an. <\/p>\n<p>Paradox kann als eine nahezu perfekte Cannabissorte beschrieben werden, die ein extrem starkes High, eine unversch\u00e4mte Geschwindigkeit, kompakte und schwere St\u00f6cke und einen reichhaltigen Geschmack und Geruch aufweist.<\/p>\n<p>Wenn du deine Freunde schnell und richtig loswerden willst, k\u00f6nnen wir dir die Hanfsamen von Paradox als ideale Wahl empfehlen.<\/p>\n","protected":false},"excerpt":{"rendered":"<p>Paradox Hanfsamen sind eine Kreuzung zwischen den ber\u00fchmten Sorten Jack Herer und Afghani. Sie ist eine schnell wachsende Sativa mit einem THC-Gehalt von bis zu 25 Prozent. <\/p>\n","protected":false},"featured_media":90505,"comment_status":"open","ping_status":"closed","template":"","meta":[],"product_brand":[],"product_cat":[7741,7757,7749,7736,7751,7748,7758,7753,7746],"product_tag":[],"class_list":{"0":"post-90504","1":"product","2":"type-product","3":"status-publish","4":"has-post-thumbnail","6":"product_cat-56-65-tage-de","7":"product_cat-an-das-unternehmen-de","8":"product_cat-anbau-im-freien-de","9":"product_cat-hanfsamen-de","10":"product_cat-feminisierte-hanfsamen-de","11":"product_cat-indoor-anbau-de","12":"product_cat-hanf-foerdert-die-kreativitaet-de","13":"product_cat-nuka-samen-de","14":"product_cat-cannabis-sativa-de","15":"pa_baleni-semen-10-de","16":"pa_baleni-semen-3-de","17":"pa_baleni-semen-5-de","18":"pa_brand-nuka-samen","21":"first","22":"instock","23":"sale","24":"taxable","25":"shipping-taxable","26":"purchasable","27":"product-type-variable"},"yoast_head":"<!-- This site is optimized with the Yoast SEO plugin v26.6 - https:\/\/yoast.com\/wordpress\/plugins\/seo\/ -->\n<title>Hanfsamen Paradox - Growshop NukaSeeds<\/title>\n<meta name=\"description\" content=\"Paradox Hanfsamen sind eine Kreuzung zwischen den ber\u00fchmten Sorten Jack Herer und Afghani. Sie ist eine schnell wachsende Sativa mit einem THC-Gehalt von bis zu 25 Prozent.\" \/>\n<meta name=\"robots\" content=\"index, follow, max-snippet:-1, max-image-preview:large, max-video-preview:-1\" \/>\n<link rel=\"canonical\" href=\"https:\/\/nukaseeds.cz\/de\/buy-cannabis-seeds\/paradox\/\" \/>\n<meta property=\"og:locale\" content=\"de_DE\" \/>\n<meta property=\"og:type\" content=\"article\" \/>\n<meta property=\"og:title\" content=\"Hanfsamen Paradox - Growshop NukaSeeds\" \/>\n<meta property=\"og:description\" content=\"Paradox Hanfsamen sind eine Kreuzung zwischen den ber\u00fchmten Sorten Jack Herer und Afghani. Sie ist eine schnell wachsende Sativa mit einem THC-Gehalt von bis zu 25 Prozent.\" \/>\n<meta property=\"og:url\" content=\"https:\/\/nukaseeds.cz\/de\/buy-cannabis-seeds\/paradox\/\" \/>\n<meta property=\"og:site_name\" content=\"Nuka Cannabis-Samen\" \/>\n<meta property=\"article:publisher\" content=\"https:\/\/www.facebook.com\/Nukaseeds\/\" \/>\n<meta property=\"og:image\" content=\"http:\/\/nukaseeds.cz\/wp-content\/uploads\/2024\/04\/paradox-growshop-nuka-semena-konopi-225x300.webp\" \/>\n<meta name=\"twitter:card\" content=\"summary_large_image\" \/>\n<meta name=\"twitter:title\" content=\"Hanfsamen Paradox - Growshop NukaSeeds\" \/>\n<meta name=\"twitter:description\" content=\"Paradox Hanfsamen sind eine Kreuzung zwischen den ber\u00fchmten Sorten Jack Herer und Afghani. Sie ist eine schnell wachsende Sativa mit einem THC-Gehalt von bis zu 25 Prozent.\" \/>\n<meta name=\"twitter:image\" content=\"http:\/\/nukaseeds.cz\/wp-content\/uploads\/2024\/04\/paradox-growshop-nuka-semena-konopi-768x1024.webp\" \/>\n<meta name=\"twitter:site\" content=\"@seeds_nuka\" \/>\n<meta name=\"twitter:label1\" content=\"Gesch\u00e4tzte Lesezeit\" \/>\n\t<meta name=\"twitter:data1\" content=\"1\u00a0Minute\" \/>\n<script type=\"application\/ld+json\" class=\"yoast-schema-graph\">{\"@context\":\"https:\/\/schema.org\",\"@graph\":[{\"@type\":\"WebPage\",\"@id\":\"https:\/\/nukaseeds.cz\/de\/buy-cannabis-seeds\/paradox\/\",\"url\":\"https:\/\/nukaseeds.cz\/de\/buy-cannabis-seeds\/paradox\/\",\"name\":\"Hanfsamen Paradox - Growshop NukaSeeds\",\"isPartOf\":{\"@id\":\"https:\/\/nukaseeds.cz\/de\/#website\"},\"primaryImageOfPage\":{\"@id\":\"https:\/\/nukaseeds.cz\/de\/buy-cannabis-seeds\/paradox\/#primaryimage\"},\"image\":{\"@id\":\"https:\/\/nukaseeds.cz\/de\/buy-cannabis-seeds\/paradox\/#primaryimage\"},\"thumbnailUrl\":\"https:\/\/nukaseeds.cz\/wp-content\/uploads\/2024\/04\/paradox-growshop-nuka-semena-konopi.webp\",\"datePublished\":\"2024-04-16T18:48:33+00:00\",\"description\":\"Paradox Hanfsamen sind eine Kreuzung zwischen den ber\u00fchmten Sorten Jack Herer und Afghani. Sie ist eine schnell wachsende Sativa mit einem THC-Gehalt von bis zu 25 Prozent.\",\"breadcrumb\":{\"@id\":\"https:\/\/nukaseeds.cz\/de\/buy-cannabis-seeds\/paradox\/#breadcrumb\"},\"inLanguage\":\"de\",\"potentialAction\":[{\"@type\":\"ReadAction\",\"target\":[\"https:\/\/nukaseeds.cz\/de\/buy-cannabis-seeds\/paradox\/\"]}]},{\"@type\":\"ImageObject\",\"inLanguage\":\"de\",\"@id\":\"https:\/\/nukaseeds.cz\/de\/buy-cannabis-seeds\/paradox\/#primaryimage\",\"url\":\"https:\/\/nukaseeds.cz\/wp-content\/uploads\/2024\/04\/paradox-growshop-nuka-semena-konopi.webp\",\"contentUrl\":\"https:\/\/nukaseeds.cz\/wp-content\/uploads\/2024\/04\/paradox-growshop-nuka-semena-konopi.webp\",\"width\":810,\"height\":1080,\"caption\":\"Semena konop\u00ed Paradox od Nuka Seeds\"},{\"@type\":\"BreadcrumbList\",\"@id\":\"https:\/\/nukaseeds.cz\/de\/buy-cannabis-seeds\/paradox\/#breadcrumb\",\"itemListElement\":[{\"@type\":\"ListItem\",\"position\":1,\"name\":\"Home\",\"item\":\"https:\/\/nukaseeds.cz\/de\/\"},{\"@type\":\"ListItem\",\"position\":2,\"name\":\"Cannabis-Samen kaufen\",\"item\":\"https:\/\/nukaseeds.cz\/de\/shop\/\"},{\"@type\":\"ListItem\",\"position\":3,\"name\":\"Cannabis-Samen\",\"item\":\"https:\/\/nukaseeds.cz\/de\/hanf-samen-kaufen\/hanfsamen-de\/\"},{\"@type\":\"ListItem\",\"position\":4,\"name\":\"Paradox\"}]},{\"@type\":\"WebSite\",\"@id\":\"https:\/\/nukaseeds.cz\/de\/#website\",\"url\":\"https:\/\/nukaseeds.cz\/de\/\",\"name\":\"Nuka Seeds Bank\",\"description\":\"Cannabis-Samen kaufen, Marihuana-Samen kaufen\",\"publisher\":{\"@id\":\"https:\/\/nukaseeds.cz\/de\/#organization\"},\"alternateName\":\"NukaSeeds cannabis seed bank\",\"potentialAction\":[{\"@type\":\"SearchAction\",\"target\":{\"@type\":\"EntryPoint\",\"urlTemplate\":\"https:\/\/nukaseeds.cz\/de\/?s={search_term_string}\"},\"query-input\":{\"@type\":\"PropertyValueSpecification\",\"valueRequired\":true,\"valueName\":\"search_term_string\"}}],\"inLanguage\":\"de\"},{\"@type\":\"Organization\",\"@id\":\"https:\/\/nukaseeds.cz\/de\/#organization\",\"name\":\"Nuka Trade s.r.o.\",\"url\":\"https:\/\/nukaseeds.cz\/de\/\",\"logo\":{\"@type\":\"ImageObject\",\"inLanguage\":\"de\",\"@id\":\"https:\/\/nukaseeds.cz\/de\/#\/schema\/logo\/image\/\",\"url\":\"https:\/\/i0.wp.com\/nukaseeds.cz\/wp-content\/uploads\/2021\/11\/nuka-seeds-logo-vector-neon-8-production.png?fit=2142%2C1457&quality=70&ssl=1\",\"contentUrl\":\"https:\/\/i0.wp.com\/nukaseeds.cz\/wp-content\/uploads\/2021\/11\/nuka-seeds-logo-vector-neon-8-production.png?fit=2142%2C1457&quality=70&ssl=1\",\"width\":2142,\"height\":1457,\"caption\":\"Nuka Trade s.r.o.\"},\"image\":{\"@id\":\"https:\/\/nukaseeds.cz\/de\/#\/schema\/logo\/image\/\"},\"sameAs\":[\"https:\/\/www.facebook.com\/Nukaseeds\/\",\"https:\/\/x.com\/seeds_nuka\",\"https:\/\/www.instagram.com\/nukaseeds\/\",\"https:\/\/www.youtube.com\/@nukaseeds1167\",\"https:\/\/www.tumblr.com\/nukaseeds\",\"https:\/\/www.linkedin.com\/company\/nukaseeds-ltd\/\",\"https:\/\/cz.pinterest.com\/Nukaseeds\/\"]}]}<\/script>\n<!-- \/ Yoast SEO plugin. -->","yoast_head_json":{"title":"Hanfsamen Paradox - Growshop NukaSeeds","description":"Paradox Hanfsamen sind eine Kreuzung zwischen den ber\u00fchmten Sorten Jack Herer und Afghani. Sie ist eine schnell wachsende Sativa mit einem THC-Gehalt von bis zu 25 Prozent.","robots":{"index":"index","follow":"follow","max-snippet":"max-snippet:-1","max-image-preview":"max-image-preview:large","max-video-preview":"max-video-preview:-1"},"canonical":"https:\/\/nukaseeds.cz\/de\/buy-cannabis-seeds\/paradox\/","og_locale":"de_DE","og_type":"article","og_title":"Hanfsamen Paradox - Growshop NukaSeeds","og_description":"Paradox Hanfsamen sind eine Kreuzung zwischen den ber\u00fchmten Sorten Jack Herer und Afghani. Sie ist eine schnell wachsende Sativa mit einem THC-Gehalt von bis zu 25 Prozent.","og_url":"https:\/\/nukaseeds.cz\/de\/buy-cannabis-seeds\/paradox\/","og_site_name":"Nuka Cannabis-Samen","article_publisher":"https:\/\/www.facebook.com\/Nukaseeds\/","og_image":[{"url":"http:\/\/nukaseeds.cz\/wp-content\/uploads\/2024\/04\/paradox-growshop-nuka-semena-konopi-225x300.webp","type":"","width":"","height":""}],"twitter_card":"summary_large_image","twitter_title":"Hanfsamen Paradox - Growshop NukaSeeds","twitter_description":"Paradox Hanfsamen sind eine Kreuzung zwischen den ber\u00fchmten Sorten Jack Herer und Afghani. Sie ist eine schnell wachsende Sativa mit einem THC-Gehalt von bis zu 25 Prozent.","twitter_image":"http:\/\/nukaseeds.cz\/wp-content\/uploads\/2024\/04\/paradox-growshop-nuka-semena-konopi-768x1024.webp","twitter_site":"@seeds_nuka","twitter_misc":{"Gesch\u00e4tzte Lesezeit":"1\u00a0Minute"},"schema":{"@context":"https:\/\/schema.org","@graph":[{"@type":"WebPage","@id":"https:\/\/nukaseeds.cz\/de\/buy-cannabis-seeds\/paradox\/","url":"https:\/\/nukaseeds.cz\/de\/buy-cannabis-seeds\/paradox\/","name":"Hanfsamen Paradox - Growshop NukaSeeds","isPartOf":{"@id":"https:\/\/nukaseeds.cz\/de\/#website"},"primaryImageOfPage":{"@id":"https:\/\/nukaseeds.cz\/de\/buy-cannabis-seeds\/paradox\/#primaryimage"},"image":{"@id":"https:\/\/nukaseeds.cz\/de\/buy-cannabis-seeds\/paradox\/#primaryimage"},"thumbnailUrl":"https:\/\/nukaseeds.cz\/wp-content\/uploads\/2024\/04\/paradox-growshop-nuka-semena-konopi.webp","datePublished":"2024-04-16T18:48:33+00:00","description":"Paradox Hanfsamen sind eine Kreuzung zwischen den ber\u00fchmten Sorten Jack Herer und Afghani. Sie ist eine schnell wachsende Sativa mit einem THC-Gehalt von bis zu 25 Prozent.","breadcrumb":{"@id":"https:\/\/nukaseeds.cz\/de\/buy-cannabis-seeds\/paradox\/#breadcrumb"},"inLanguage":"de","potentialAction":[{"@type":"ReadAction","target":["https:\/\/nukaseeds.cz\/de\/buy-cannabis-seeds\/paradox\/"]}]},{"@type":"ImageObject","inLanguage":"de","@id":"https:\/\/nukaseeds.cz\/de\/buy-cannabis-seeds\/paradox\/#primaryimage","url":"https:\/\/nukaseeds.cz\/wp-content\/uploads\/2024\/04\/paradox-growshop-nuka-semena-konopi.webp","contentUrl":"https:\/\/nukaseeds.cz\/wp-content\/uploads\/2024\/04\/paradox-growshop-nuka-semena-konopi.webp","width":810,"height":1080,"caption":"Semena konop\u00ed Paradox od Nuka Seeds"},{"@type":"BreadcrumbList","@id":"https:\/\/nukaseeds.cz\/de\/buy-cannabis-seeds\/paradox\/#breadcrumb","itemListElement":[{"@type":"ListItem","position":1,"name":"Home","item":"https:\/\/nukaseeds.cz\/de\/"},{"@type":"ListItem","position":2,"name":"Cannabis-Samen kaufen","item":"https:\/\/nukaseeds.cz\/de\/shop\/"},{"@type":"ListItem","position":3,"name":"Cannabis-Samen","item":"https:\/\/nukaseeds.cz\/de\/hanf-samen-kaufen\/hanfsamen-de\/"},{"@type":"ListItem","position":4,"name":"Paradox"}]},{"@type":"WebSite","@id":"https:\/\/nukaseeds.cz\/de\/#website","url":"https:\/\/nukaseeds.cz\/de\/","name":"Nuka Seeds Bank","description":"Cannabis-Samen kaufen, Marihuana-Samen kaufen","publisher":{"@id":"https:\/\/nukaseeds.cz\/de\/#organization"},"alternateName":"NukaSeeds cannabis seed bank","potentialAction":[{"@type":"SearchAction","target":{"@type":"EntryPoint","urlTemplate":"https:\/\/nukaseeds.cz\/de\/?s={search_term_string}"},"query-input":{"@type":"PropertyValueSpecification","valueRequired":true,"valueName":"search_term_string"}}],"inLanguage":"de"},{"@type":"Organization","@id":"https:\/\/nukaseeds.cz\/de\/#organization","name":"Nuka Trade s.r.o.","url":"https:\/\/nukaseeds.cz\/de\/","logo":{"@type":"ImageObject","inLanguage":"de","@id":"https:\/\/nukaseeds.cz\/de\/#\/schema\/logo\/image\/","url":"https:\/\/i0.wp.com\/nukaseeds.cz\/wp-content\/uploads\/2021\/11\/nuka-seeds-logo-vector-neon-8-production.png?fit=2142%2C1457&quality=70&ssl=1","contentUrl":"https:\/\/i0.wp.com\/nukaseeds.cz\/wp-content\/uploads\/2021\/11\/nuka-seeds-logo-vector-neon-8-production.png?fit=2142%2C1457&quality=70&ssl=1","width":2142,"height":1457,"caption":"Nuka Trade s.r.o."},"image":{"@id":"https:\/\/nukaseeds.cz\/de\/#\/schema\/logo\/image\/"},"sameAs":["https:\/\/www.facebook.com\/Nukaseeds\/","https:\/\/x.com\/seeds_nuka","https:\/\/www.instagram.com\/nukaseeds\/","https:\/\/www.youtube.com\/@nukaseeds1167","https:\/\/www.tumblr.com\/nukaseeds","https:\/\/www.linkedin.com\/company\/nukaseeds-ltd\/","https:\/\/cz.pinterest.com\/Nukaseeds\/"]}]}},"_links":{"self":[{"href":"https:\/\/nukaseeds.cz\/de\/wp-json\/wp\/v2\/product\/90504","targetHints":{"allow":["GET"]}}],"collection":[{"href":"https:\/\/nukaseeds.cz\/de\/wp-json\/wp\/v2\/product"}],"about":[{"href":"https:\/\/nukaseeds.cz\/de\/wp-json\/wp\/v2\/types\/product"}],"replies":[{"embeddable":true,"href":"https:\/\/nukaseeds.cz\/de\/wp-json\/wp\/v2\/comments?post=90504"}],"wp:featuredmedia":[{"embeddable":true,"href":"https:\/\/nukaseeds.cz\/de\/wp-json\/wp\/v2\/media\/90505"}],"wp:attachment":[{"href":"https:\/\/nukaseeds.cz\/de\/wp-json\/wp\/v2\/media?parent=90504"}],"wp:term":[{"taxonomy":"product_brand","embeddable":true,"href":"https:\/\/nukaseeds.cz\/de\/wp-json\/wp\/v2\/product_brand?post=90504"},{"taxonomy":"product_cat","embeddable":true,"href":"https:\/\/nukaseeds.cz\/de\/wp-json\/wp\/v2\/product_cat?post=90504"},{"taxonomy":"product_tag","embeddable":true,"href":"https:\/\/nukaseeds.cz\/de\/wp-json\/wp\/v2\/product_tag?post=90504"}],"curies":[{"name":"wp","href":"https:\/\/api.w.org\/{rel}","templated":true}]}}