{"id":90517,"date":"2024-04-16T07:29:01","date_gmt":"2024-04-16T05:29:01","guid":{"rendered":"http:\/\/nukaseeds.cz\/buy-cannabis-seeds\/megaton\/"},"modified":"2024-04-16T07:29:01","modified_gmt":"2024-04-16T05:29:01","slug":"megaton","status":"publish","type":"product","link":"https:\/\/nukaseeds.cz\/de\/buy-cannabis-seeds\/megaton\/","title":{"rendered":"Megaton"},"content":{"rendered":"<p>Megatuna Hanfsamen sind eine ausgezeichnete Wahl f\u00fcr alle, die einen m\u00f6rderischen, brutalen Ertrag suchen.<\/p>\n<p>Feminisierte Cannabisgenetik Megatuna ist ein Nachkomme der ber\u00fchmten Eltern Haze und White Widow. Diese Riesin hat extreme Ertr\u00e4ge und St\u00e4rke. <\/p>\n<p>Wenn sie im Freien richtig angebaut wird, kann sie harzbedeckte Bl\u00fcten mit einem THC-Gehalt von bis zu 21 Prozent produzieren und bis zu vier Meter hoch und so breit werden, dass man die Pflanze nicht einmal umarmen kann.<\/p>\n<p>Wenn du dich um dieses Monster k\u00fcmmerst und ihm genug Licht gibst, wirst du eine Megatonne besonders hochwertigen Cannabis ernten. Megatuna ist die dominante Sativa, aber sie reift Mitte Oktober, acht bis neun Wochen im Innenbereich. <\/p>\n<p>Der Geschmack ist herrlich s\u00fc\u00df mit Noten von Zitrusfr\u00fcchten und Kiefer. Der Rausch, den das Rauchen dieser Pflanze bewirkt, ist eine rein psychedelische Erfahrung. <\/p>\n<p>Diese Zust\u00e4nde k\u00f6nnen so narkotisch sein, dass sie dir schnell eine starke Linderung von Schmerzen, Stress und Muskelkr\u00e4mpfen verschaffen.<\/p>\n<p>Die feminisierten Samen von Megatuna sind eine absolut ideale Wahl f\u00fcr kommerzielle Anbauer, die den Platz haben, den dieses Premium-Cannabis sowohl im Freien als auch im Innenbereich bevorzugt.<\/p>\n","protected":false},"excerpt":{"rendered":"<p>Megatuna Hanfsamen sind eine ausgezeichnete Wahl f\u00fcr alle, die einen m\u00f6rderischen, brutalen Ertrag suchen.<\/p>\n","protected":false},"featured_media":90518,"comment_status":"open","ping_status":"closed","template":"","meta":[],"product_brand":[],"product_cat":[7742,7757,7749,7736,7751,7748,7758,7753,7746],"product_tag":[],"class_list":{"0":"post-90517","1":"product","2":"type-product","3":"status-publish","4":"has-post-thumbnail","6":"product_cat-66-jahre-und-alter-de","7":"product_cat-an-das-unternehmen-de","8":"product_cat-anbau-im-freien-de","9":"product_cat-hanfsamen-de","10":"product_cat-feminisierte-hanfsamen-de","11":"product_cat-indoor-anbau-de","12":"product_cat-hanf-foerdert-die-kreativitaet-de","13":"product_cat-nuka-samen-de","14":"product_cat-cannabis-sativa-de","15":"pa_baleni-semen-3-de","16":"pa_baleni-semen-5-de","17":"pa_baleni-semen-10-de","18":"pa_brand-nuka-samen","21":"first","22":"instock","23":"sale","24":"taxable","25":"shipping-taxable","26":"purchasable","27":"product-type-variable"},"yoast_head":"<!-- This site is optimized with the Yoast SEO plugin v26.6 - https:\/\/yoast.com\/wordpress\/plugins\/seo\/ -->\n<title>Megaton Hanfsamen - Growshop NukaSeeds<\/title>\n<meta name=\"description\" content=\"Megatuna Hanfsamen sind eine ausgezeichnete Wahl f\u00fcr alle, die einen m\u00f6rderischen, brutalen Ertrag suchen. Der Geschmack ist herrlich s\u00fc\u00df mit Noten von Zitrusfr\u00fcchten und Kiefer\" \/>\n<meta name=\"robots\" content=\"index, follow, max-snippet:-1, max-image-preview:large, max-video-preview:-1\" \/>\n<link rel=\"canonical\" href=\"https:\/\/nukaseeds.cz\/de\/buy-cannabis-seeds\/megaton\/\" \/>\n<meta property=\"og:locale\" content=\"de_DE\" \/>\n<meta property=\"og:type\" content=\"article\" \/>\n<meta property=\"og:title\" content=\"Megaton Hanfsamen - Growshop NukaSeeds\" \/>\n<meta property=\"og:description\" content=\"Megatuna Hanfsamen sind eine ausgezeichnete Wahl f\u00fcr alle, die einen m\u00f6rderischen, brutalen Ertrag suchen. Der Geschmack ist herrlich s\u00fc\u00df mit Noten von Zitrusfr\u00fcchten und Kiefer\" \/>\n<meta property=\"og:url\" content=\"https:\/\/nukaseeds.cz\/de\/buy-cannabis-seeds\/megaton\/\" \/>\n<meta property=\"og:site_name\" content=\"Nuka Cannabis-Samen\" \/>\n<meta property=\"article:publisher\" content=\"https:\/\/www.facebook.com\/Nukaseeds\/\" \/>\n<meta property=\"og:image\" content=\"http:\/\/nukaseeds.cz\/wp-content\/uploads\/2024\/04\/growshop-nuka-semena-konopi-megaton-copy-225x300.webp\" \/>\n<meta name=\"twitter:card\" content=\"summary_large_image\" \/>\n<meta name=\"twitter:title\" content=\"Megaton Hanfsamen - Growshop NukaSeeds\" \/>\n<meta name=\"twitter:description\" content=\"Megatuna Hanfsamen sind eine ausgezeichnete Wahl f\u00fcr alle, die einen m\u00f6rderischen, brutalen Ertrag suchen. Der Geschmack ist herrlich s\u00fc\u00df mit Noten von Zitrusfr\u00fcchten und Kiefer\" \/>\n<meta name=\"twitter:image\" content=\"http:\/\/nukaseeds.cz\/wp-content\/uploads\/2024\/04\/growshop-nuka-semena-konopi-megaton-copy-768x1024.webp\" \/>\n<meta name=\"twitter:site\" content=\"@seeds_nuka\" \/>\n<meta name=\"twitter:label1\" content=\"Gesch\u00e4tzte Lesezeit\" \/>\n\t<meta name=\"twitter:data1\" content=\"1\u00a0Minute\" \/>\n<script type=\"application\/ld+json\" class=\"yoast-schema-graph\">{\"@context\":\"https:\/\/schema.org\",\"@graph\":[{\"@type\":\"WebPage\",\"@id\":\"https:\/\/nukaseeds.cz\/de\/buy-cannabis-seeds\/megaton\/\",\"url\":\"https:\/\/nukaseeds.cz\/de\/buy-cannabis-seeds\/megaton\/\",\"name\":\"Megaton Hanfsamen - Growshop NukaSeeds\",\"isPartOf\":{\"@id\":\"https:\/\/nukaseeds.cz\/de\/#website\"},\"primaryImageOfPage\":{\"@id\":\"https:\/\/nukaseeds.cz\/de\/buy-cannabis-seeds\/megaton\/#primaryimage\"},\"image\":{\"@id\":\"https:\/\/nukaseeds.cz\/de\/buy-cannabis-seeds\/megaton\/#primaryimage\"},\"thumbnailUrl\":\"https:\/\/nukaseeds.cz\/wp-content\/uploads\/2024\/04\/growshop-nuka-semena-konopi-megaton-copy.webp\",\"datePublished\":\"2024-04-16T05:29:01+00:00\",\"description\":\"Megatuna Hanfsamen sind eine ausgezeichnete Wahl f\u00fcr alle, die einen m\u00f6rderischen, brutalen Ertrag suchen. Der Geschmack ist herrlich s\u00fc\u00df mit Noten von Zitrusfr\u00fcchten und Kiefer\",\"breadcrumb\":{\"@id\":\"https:\/\/nukaseeds.cz\/de\/buy-cannabis-seeds\/megaton\/#breadcrumb\"},\"inLanguage\":\"de\",\"potentialAction\":[{\"@type\":\"ReadAction\",\"target\":[\"https:\/\/nukaseeds.cz\/de\/buy-cannabis-seeds\/megaton\/\"]}]},{\"@type\":\"ImageObject\",\"inLanguage\":\"de\",\"@id\":\"https:\/\/nukaseeds.cz\/de\/buy-cannabis-seeds\/megaton\/#primaryimage\",\"url\":\"https:\/\/nukaseeds.cz\/wp-content\/uploads\/2024\/04\/growshop-nuka-semena-konopi-megaton-copy.webp\",\"contentUrl\":\"https:\/\/nukaseeds.cz\/wp-content\/uploads\/2024\/04\/growshop-nuka-semena-konopi-megaton-copy.webp\",\"width\":810,\"height\":1080,\"caption\":\"Semena konop\u00ed Megaton od Nuka Seeds\"},{\"@type\":\"BreadcrumbList\",\"@id\":\"https:\/\/nukaseeds.cz\/de\/buy-cannabis-seeds\/megaton\/#breadcrumb\",\"itemListElement\":[{\"@type\":\"ListItem\",\"position\":1,\"name\":\"Home\",\"item\":\"https:\/\/nukaseeds.cz\/de\/\"},{\"@type\":\"ListItem\",\"position\":2,\"name\":\"Cannabis-Samen kaufen\",\"item\":\"https:\/\/nukaseeds.cz\/de\/shop\/\"},{\"@type\":\"ListItem\",\"position\":3,\"name\":\"Cannabis-Samen\",\"item\":\"https:\/\/nukaseeds.cz\/de\/hanf-samen-kaufen\/hanfsamen-de\/\"},{\"@type\":\"ListItem\",\"position\":4,\"name\":\"Megaton\"}]},{\"@type\":\"WebSite\",\"@id\":\"https:\/\/nukaseeds.cz\/de\/#website\",\"url\":\"https:\/\/nukaseeds.cz\/de\/\",\"name\":\"Nuka Seeds Bank\",\"description\":\"Cannabis-Samen kaufen, Marihuana-Samen kaufen\",\"publisher\":{\"@id\":\"https:\/\/nukaseeds.cz\/de\/#organization\"},\"alternateName\":\"NukaSeeds cannabis seed bank\",\"potentialAction\":[{\"@type\":\"SearchAction\",\"target\":{\"@type\":\"EntryPoint\",\"urlTemplate\":\"https:\/\/nukaseeds.cz\/de\/?s={search_term_string}\"},\"query-input\":{\"@type\":\"PropertyValueSpecification\",\"valueRequired\":true,\"valueName\":\"search_term_string\"}}],\"inLanguage\":\"de\"},{\"@type\":\"Organization\",\"@id\":\"https:\/\/nukaseeds.cz\/de\/#organization\",\"name\":\"Nuka Trade s.r.o.\",\"url\":\"https:\/\/nukaseeds.cz\/de\/\",\"logo\":{\"@type\":\"ImageObject\",\"inLanguage\":\"de\",\"@id\":\"https:\/\/nukaseeds.cz\/de\/#\/schema\/logo\/image\/\",\"url\":\"https:\/\/i0.wp.com\/nukaseeds.cz\/wp-content\/uploads\/2021\/11\/nuka-seeds-logo-vector-neon-8-production.png?fit=2142%2C1457&quality=70&ssl=1\",\"contentUrl\":\"https:\/\/i0.wp.com\/nukaseeds.cz\/wp-content\/uploads\/2021\/11\/nuka-seeds-logo-vector-neon-8-production.png?fit=2142%2C1457&quality=70&ssl=1\",\"width\":2142,\"height\":1457,\"caption\":\"Nuka Trade s.r.o.\"},\"image\":{\"@id\":\"https:\/\/nukaseeds.cz\/de\/#\/schema\/logo\/image\/\"},\"sameAs\":[\"https:\/\/www.facebook.com\/Nukaseeds\/\",\"https:\/\/x.com\/seeds_nuka\",\"https:\/\/www.instagram.com\/nukaseeds\/\",\"https:\/\/www.youtube.com\/@nukaseeds1167\",\"https:\/\/www.tumblr.com\/nukaseeds\",\"https:\/\/www.linkedin.com\/company\/nukaseeds-ltd\/\",\"https:\/\/cz.pinterest.com\/Nukaseeds\/\"]}]}<\/script>\n<!-- \/ Yoast SEO plugin. -->","yoast_head_json":{"title":"Megaton Hanfsamen - Growshop NukaSeeds","description":"Megatuna Hanfsamen sind eine ausgezeichnete Wahl f\u00fcr alle, die einen m\u00f6rderischen, brutalen Ertrag suchen. Der Geschmack ist herrlich s\u00fc\u00df mit Noten von Zitrusfr\u00fcchten und Kiefer","robots":{"index":"index","follow":"follow","max-snippet":"max-snippet:-1","max-image-preview":"max-image-preview:large","max-video-preview":"max-video-preview:-1"},"canonical":"https:\/\/nukaseeds.cz\/de\/buy-cannabis-seeds\/megaton\/","og_locale":"de_DE","og_type":"article","og_title":"Megaton Hanfsamen - Growshop NukaSeeds","og_description":"Megatuna Hanfsamen sind eine ausgezeichnete Wahl f\u00fcr alle, die einen m\u00f6rderischen, brutalen Ertrag suchen. Der Geschmack ist herrlich s\u00fc\u00df mit Noten von Zitrusfr\u00fcchten und Kiefer","og_url":"https:\/\/nukaseeds.cz\/de\/buy-cannabis-seeds\/megaton\/","og_site_name":"Nuka Cannabis-Samen","article_publisher":"https:\/\/www.facebook.com\/Nukaseeds\/","og_image":[{"url":"http:\/\/nukaseeds.cz\/wp-content\/uploads\/2024\/04\/growshop-nuka-semena-konopi-megaton-copy-225x300.webp","type":"","width":"","height":""}],"twitter_card":"summary_large_image","twitter_title":"Megaton Hanfsamen - Growshop NukaSeeds","twitter_description":"Megatuna Hanfsamen sind eine ausgezeichnete Wahl f\u00fcr alle, die einen m\u00f6rderischen, brutalen Ertrag suchen. Der Geschmack ist herrlich s\u00fc\u00df mit Noten von Zitrusfr\u00fcchten und Kiefer","twitter_image":"http:\/\/nukaseeds.cz\/wp-content\/uploads\/2024\/04\/growshop-nuka-semena-konopi-megaton-copy-768x1024.webp","twitter_site":"@seeds_nuka","twitter_misc":{"Gesch\u00e4tzte Lesezeit":"1\u00a0Minute"},"schema":{"@context":"https:\/\/schema.org","@graph":[{"@type":"WebPage","@id":"https:\/\/nukaseeds.cz\/de\/buy-cannabis-seeds\/megaton\/","url":"https:\/\/nukaseeds.cz\/de\/buy-cannabis-seeds\/megaton\/","name":"Megaton Hanfsamen - Growshop NukaSeeds","isPartOf":{"@id":"https:\/\/nukaseeds.cz\/de\/#website"},"primaryImageOfPage":{"@id":"https:\/\/nukaseeds.cz\/de\/buy-cannabis-seeds\/megaton\/#primaryimage"},"image":{"@id":"https:\/\/nukaseeds.cz\/de\/buy-cannabis-seeds\/megaton\/#primaryimage"},"thumbnailUrl":"https:\/\/nukaseeds.cz\/wp-content\/uploads\/2024\/04\/growshop-nuka-semena-konopi-megaton-copy.webp","datePublished":"2024-04-16T05:29:01+00:00","description":"Megatuna Hanfsamen sind eine ausgezeichnete Wahl f\u00fcr alle, die einen m\u00f6rderischen, brutalen Ertrag suchen. Der Geschmack ist herrlich s\u00fc\u00df mit Noten von Zitrusfr\u00fcchten und Kiefer","breadcrumb":{"@id":"https:\/\/nukaseeds.cz\/de\/buy-cannabis-seeds\/megaton\/#breadcrumb"},"inLanguage":"de","potentialAction":[{"@type":"ReadAction","target":["https:\/\/nukaseeds.cz\/de\/buy-cannabis-seeds\/megaton\/"]}]},{"@type":"ImageObject","inLanguage":"de","@id":"https:\/\/nukaseeds.cz\/de\/buy-cannabis-seeds\/megaton\/#primaryimage","url":"https:\/\/nukaseeds.cz\/wp-content\/uploads\/2024\/04\/growshop-nuka-semena-konopi-megaton-copy.webp","contentUrl":"https:\/\/nukaseeds.cz\/wp-content\/uploads\/2024\/04\/growshop-nuka-semena-konopi-megaton-copy.webp","width":810,"height":1080,"caption":"Semena konop\u00ed Megaton od Nuka Seeds"},{"@type":"BreadcrumbList","@id":"https:\/\/nukaseeds.cz\/de\/buy-cannabis-seeds\/megaton\/#breadcrumb","itemListElement":[{"@type":"ListItem","position":1,"name":"Home","item":"https:\/\/nukaseeds.cz\/de\/"},{"@type":"ListItem","position":2,"name":"Cannabis-Samen kaufen","item":"https:\/\/nukaseeds.cz\/de\/shop\/"},{"@type":"ListItem","position":3,"name":"Cannabis-Samen","item":"https:\/\/nukaseeds.cz\/de\/hanf-samen-kaufen\/hanfsamen-de\/"},{"@type":"ListItem","position":4,"name":"Megaton"}]},{"@type":"WebSite","@id":"https:\/\/nukaseeds.cz\/de\/#website","url":"https:\/\/nukaseeds.cz\/de\/","name":"Nuka Seeds Bank","description":"Cannabis-Samen kaufen, Marihuana-Samen kaufen","publisher":{"@id":"https:\/\/nukaseeds.cz\/de\/#organization"},"alternateName":"NukaSeeds cannabis seed bank","potentialAction":[{"@type":"SearchAction","target":{"@type":"EntryPoint","urlTemplate":"https:\/\/nukaseeds.cz\/de\/?s={search_term_string}"},"query-input":{"@type":"PropertyValueSpecification","valueRequired":true,"valueName":"search_term_string"}}],"inLanguage":"de"},{"@type":"Organization","@id":"https:\/\/nukaseeds.cz\/de\/#organization","name":"Nuka Trade s.r.o.","url":"https:\/\/nukaseeds.cz\/de\/","logo":{"@type":"ImageObject","inLanguage":"de","@id":"https:\/\/nukaseeds.cz\/de\/#\/schema\/logo\/image\/","url":"https:\/\/i0.wp.com\/nukaseeds.cz\/wp-content\/uploads\/2021\/11\/nuka-seeds-logo-vector-neon-8-production.png?fit=2142%2C1457&quality=70&ssl=1","contentUrl":"https:\/\/i0.wp.com\/nukaseeds.cz\/wp-content\/uploads\/2021\/11\/nuka-seeds-logo-vector-neon-8-production.png?fit=2142%2C1457&quality=70&ssl=1","width":2142,"height":1457,"caption":"Nuka Trade s.r.o."},"image":{"@id":"https:\/\/nukaseeds.cz\/de\/#\/schema\/logo\/image\/"},"sameAs":["https:\/\/www.facebook.com\/Nukaseeds\/","https:\/\/x.com\/seeds_nuka","https:\/\/www.instagram.com\/nukaseeds\/","https:\/\/www.youtube.com\/@nukaseeds1167","https:\/\/www.tumblr.com\/nukaseeds","https:\/\/www.linkedin.com\/company\/nukaseeds-ltd\/","https:\/\/cz.pinterest.com\/Nukaseeds\/"]}]}},"_links":{"self":[{"href":"https:\/\/nukaseeds.cz\/de\/wp-json\/wp\/v2\/product\/90517","targetHints":{"allow":["GET"]}}],"collection":[{"href":"https:\/\/nukaseeds.cz\/de\/wp-json\/wp\/v2\/product"}],"about":[{"href":"https:\/\/nukaseeds.cz\/de\/wp-json\/wp\/v2\/types\/product"}],"replies":[{"embeddable":true,"href":"https:\/\/nukaseeds.cz\/de\/wp-json\/wp\/v2\/comments?post=90517"}],"wp:featuredmedia":[{"embeddable":true,"href":"https:\/\/nukaseeds.cz\/de\/wp-json\/wp\/v2\/media\/90518"}],"wp:attachment":[{"href":"https:\/\/nukaseeds.cz\/de\/wp-json\/wp\/v2\/media?parent=90517"}],"wp:term":[{"taxonomy":"product_brand","embeddable":true,"href":"https:\/\/nukaseeds.cz\/de\/wp-json\/wp\/v2\/product_brand?post=90517"},{"taxonomy":"product_cat","embeddable":true,"href":"https:\/\/nukaseeds.cz\/de\/wp-json\/wp\/v2\/product_cat?post=90517"},{"taxonomy":"product_tag","embeddable":true,"href":"https:\/\/nukaseeds.cz\/de\/wp-json\/wp\/v2\/product_tag?post=90517"}],"curies":[{"name":"wp","href":"https:\/\/api.w.org\/{rel}","templated":true}]}}