{"id":90530,"date":"2024-04-16T04:32:53","date_gmt":"2024-04-16T02:32:53","guid":{"rendered":"http:\/\/nukaseeds.cz\/buy-cannabis-seeds\/haarige-fee\/"},"modified":"2024-04-16T04:32:53","modified_gmt":"2024-04-16T02:32:53","slug":"haarige-fee","status":"publish","type":"product","link":"https:\/\/nukaseeds.cz\/de\/buy-cannabis-seeds\/haarige-fee\/","title":{"rendered":"Haarige Fee"},"content":{"rendered":"<p>Eine magisch vielseitige feminisierte Cannabissorte mit gro\u00dfem medizinischen Potenzial. Sie ist besonders beliebt bei Schlafst\u00f6rungen und Appetitanregung mit lang anhaltender Wirkung.<\/p>\n<p>Die Marihuanasorte Hairy Fairy ist winterhart und einfach anzubauen. Die hohe Stabilit\u00e4t und Homogenit\u00e4t der Pflanzen garantieren gleichbleibende Ergebnisse, egal ob du drinnen, drau\u00dfen oder im Gew\u00e4chshaus anbaust. <\/p>\n<p>Wenn du Hairy Fairy drinnen anbaust, kannst du mit einem satten Ertrag von 1 Gramm pro Watt oder 600 Gramm pro Pflanze im Freien, einem hohen THC-Gehalt von 21,5% und einer starken entspannenden Wirkung rechnen.<\/p>\n<p>Sie ist eine Kreuzung aus Afghani x Skunk 1, mit einem \u00fcberwiegenden Indica-Anteil (70% Indica \/ 30% Sativa), einer H\u00f6he von etwa 210 cm und einer Bl\u00fctezeit von 8 Wochen. Sie schmeckt nach Fr\u00fcchten und Blumen mit einem Duft von Orange und Erdbeere. <\/p>\n<p>Kaufe Hairy Fairy Hanfsamen, die vielseitigen Verwendungsm\u00f6glichkeiten werden dich nicht im Stich lassen.<\/p>\n","protected":false},"excerpt":{"rendered":"<p>Eine magisch vielseitige feminisierte Cannabissorte mit gro\u00dfem medizinischen Potenzial. Sie ist besonders beliebt bei Schlafst\u00f6rungen und Appetitanregung mit lang anhaltender Wirkung.<\/p>\n","protected":false},"featured_media":90531,"comment_status":"open","ping_status":"closed","template":"","meta":[],"product_brand":[],"product_cat":[7741,7749,7736,7761,7751,7745,7748,7759,7753,7760],"product_tag":[],"class_list":{"0":"post-90530","1":"product","2":"type-product","3":"status-publish","4":"has-post-thumbnail","6":"product_cat-56-65-tage-de","7":"product_cat-anbau-im-freien-de","8":"product_cat-hanfsamen-de","9":"product_cat-erdung-und-meditation-de","10":"product_cat-feminisierte-hanfsamen-de","11":"product_cat-indica-hanf-de","12":"product_cat-indoor-anbau-de","13":"product_cat-medizinisches-cannabis-de","14":"product_cat-nuka-samen-de","15":"product_cat-schlafstorungen-de","16":"pa_baleni-semen-3-de","17":"pa_baleni-semen-5-de","18":"pa_baleni-semen-10-de","19":"pa_brand-nuka-samen","22":"first","23":"instock","24":"sale","25":"taxable","26":"shipping-taxable","27":"purchasable","28":"product-type-variable"},"yoast_head":"<!-- This site is optimized with the Yoast SEO plugin v26.6 - https:\/\/yoast.com\/wordpress\/plugins\/seo\/ -->\n<title>Hairy Fairy Hanfsamen - Growshop NukaSeeds<\/title>\n<meta name=\"description\" content=\"Eine magisch vielseitige feminisierte Cannabissorte mit gro\u00dfem medizinischen Potenzial. Sie ist besonders beliebt bei Schlafst\u00f6rungen und Appetitanregung mit lang anhaltender Wirkung.\" \/>\n<meta name=\"robots\" content=\"index, follow, max-snippet:-1, max-image-preview:large, max-video-preview:-1\" \/>\n<link rel=\"canonical\" href=\"https:\/\/nukaseeds.cz\/de\/buy-cannabis-seeds\/haarige-fee\/\" \/>\n<meta property=\"og:locale\" content=\"de_DE\" \/>\n<meta property=\"og:type\" content=\"article\" \/>\n<meta property=\"og:title\" content=\"Hairy Fairy Hanfsamen - Growshop NukaSeeds\" \/>\n<meta property=\"og:description\" content=\"Eine magisch vielseitige feminisierte Cannabissorte mit gro\u00dfem medizinischen Potenzial. Sie ist besonders beliebt bei Schlafst\u00f6rungen und Appetitanregung mit lang anhaltender Wirkung.\" \/>\n<meta property=\"og:url\" content=\"https:\/\/nukaseeds.cz\/de\/buy-cannabis-seeds\/haarige-fee\/\" \/>\n<meta property=\"og:site_name\" content=\"Nuka Cannabis-Samen\" \/>\n<meta property=\"article:publisher\" content=\"https:\/\/www.facebook.com\/Nukaseeds\/\" \/>\n<meta property=\"og:image\" content=\"http:\/\/nukaseeds.cz\/wp-content\/uploads\/2024\/04\/growshop-nuka-semena-konopi-hairy-fairy-2-copy-225x300.webp\" \/>\n<meta name=\"twitter:card\" content=\"summary_large_image\" \/>\n<meta name=\"twitter:title\" content=\"Hairy Fairy Hanfsamen - Growshop NukaSeeds\" \/>\n<meta name=\"twitter:description\" content=\"Eine magisch vielseitige feminisierte Cannabissorte mit gro\u00dfem medizinischen Potenzial. Sie ist besonders beliebt bei Schlafst\u00f6rungen und Appetitanregung mit lang anhaltender Wirkung.\" \/>\n<meta name=\"twitter:image\" content=\"http:\/\/nukaseeds.cz\/wp-content\/uploads\/2024\/04\/growshop-nuka-semena-konopi-hairy-fairy-2-copy-768x1024.webp\" \/>\n<meta name=\"twitter:site\" content=\"@seeds_nuka\" \/>\n<meta name=\"twitter:label1\" content=\"Gesch\u00e4tzte Lesezeit\" \/>\n\t<meta name=\"twitter:data1\" content=\"1\u00a0Minute\" \/>\n<script type=\"application\/ld+json\" class=\"yoast-schema-graph\">{\"@context\":\"https:\/\/schema.org\",\"@graph\":[{\"@type\":\"WebPage\",\"@id\":\"https:\/\/nukaseeds.cz\/de\/buy-cannabis-seeds\/haarige-fee\/\",\"url\":\"https:\/\/nukaseeds.cz\/de\/buy-cannabis-seeds\/haarige-fee\/\",\"name\":\"Hairy Fairy Hanfsamen - Growshop NukaSeeds\",\"isPartOf\":{\"@id\":\"https:\/\/nukaseeds.cz\/de\/#website\"},\"primaryImageOfPage\":{\"@id\":\"https:\/\/nukaseeds.cz\/de\/buy-cannabis-seeds\/haarige-fee\/#primaryimage\"},\"image\":{\"@id\":\"https:\/\/nukaseeds.cz\/de\/buy-cannabis-seeds\/haarige-fee\/#primaryimage\"},\"thumbnailUrl\":\"https:\/\/nukaseeds.cz\/wp-content\/uploads\/2024\/04\/growshop-nuka-semena-konopi-hairy-fairy-2-copy.webp\",\"datePublished\":\"2024-04-16T02:32:53+00:00\",\"description\":\"Eine magisch vielseitige feminisierte Cannabissorte mit gro\u00dfem medizinischen Potenzial. Sie ist besonders beliebt bei Schlafst\u00f6rungen und Appetitanregung mit lang anhaltender Wirkung.\",\"breadcrumb\":{\"@id\":\"https:\/\/nukaseeds.cz\/de\/buy-cannabis-seeds\/haarige-fee\/#breadcrumb\"},\"inLanguage\":\"de\",\"potentialAction\":[{\"@type\":\"ReadAction\",\"target\":[\"https:\/\/nukaseeds.cz\/de\/buy-cannabis-seeds\/haarige-fee\/\"]}]},{\"@type\":\"ImageObject\",\"inLanguage\":\"de\",\"@id\":\"https:\/\/nukaseeds.cz\/de\/buy-cannabis-seeds\/haarige-fee\/#primaryimage\",\"url\":\"https:\/\/nukaseeds.cz\/wp-content\/uploads\/2024\/04\/growshop-nuka-semena-konopi-hairy-fairy-2-copy.webp\",\"contentUrl\":\"https:\/\/nukaseeds.cz\/wp-content\/uploads\/2024\/04\/growshop-nuka-semena-konopi-hairy-fairy-2-copy.webp\",\"width\":810,\"height\":1080,\"caption\":\"Sem\u00ednka konop\u00ed Hairy Fairy\"},{\"@type\":\"BreadcrumbList\",\"@id\":\"https:\/\/nukaseeds.cz\/de\/buy-cannabis-seeds\/haarige-fee\/#breadcrumb\",\"itemListElement\":[{\"@type\":\"ListItem\",\"position\":1,\"name\":\"Home\",\"item\":\"https:\/\/nukaseeds.cz\/de\/growshop-nukaseeds-cz-hanfsamen\/\"},{\"@type\":\"ListItem\",\"position\":2,\"name\":\"Cannabis-Samen kaufen\",\"item\":\"https:\/\/nukaseeds.cz\/de\/shop\/\"},{\"@type\":\"ListItem\",\"position\":3,\"name\":\"Cannabis-Samen\",\"item\":\"https:\/\/nukaseeds.cz\/de\/hanf-samen-kaufen\/hanfsamen-de\/\"},{\"@type\":\"ListItem\",\"position\":4,\"name\":\"Haarige Fee\"}]},{\"@type\":\"WebSite\",\"@id\":\"https:\/\/nukaseeds.cz\/de\/#website\",\"url\":\"https:\/\/nukaseeds.cz\/de\/\",\"name\":\"Nuka Seeds Bank\",\"description\":\"Cannabis-Samen kaufen, Marihuana-Samen kaufen\",\"publisher\":{\"@id\":\"https:\/\/nukaseeds.cz\/de\/#organization\"},\"alternateName\":\"NukaSeeds cannabis seed bank\",\"potentialAction\":[{\"@type\":\"SearchAction\",\"target\":{\"@type\":\"EntryPoint\",\"urlTemplate\":\"https:\/\/nukaseeds.cz\/de\/?s={search_term_string}\"},\"query-input\":{\"@type\":\"PropertyValueSpecification\",\"valueRequired\":true,\"valueName\":\"search_term_string\"}}],\"inLanguage\":\"de\"},{\"@type\":\"Organization\",\"@id\":\"https:\/\/nukaseeds.cz\/de\/#organization\",\"name\":\"Nuka Trade s.r.o.\",\"url\":\"https:\/\/nukaseeds.cz\/de\/\",\"logo\":{\"@type\":\"ImageObject\",\"inLanguage\":\"de\",\"@id\":\"https:\/\/nukaseeds.cz\/de\/#\/schema\/logo\/image\/\",\"url\":\"https:\/\/i0.wp.com\/nukaseeds.cz\/wp-content\/uploads\/2021\/11\/nuka-seeds-logo-vector-neon-8-production.png?fit=2142%2C1457&quality=70&ssl=1\",\"contentUrl\":\"https:\/\/i0.wp.com\/nukaseeds.cz\/wp-content\/uploads\/2021\/11\/nuka-seeds-logo-vector-neon-8-production.png?fit=2142%2C1457&quality=70&ssl=1\",\"width\":2142,\"height\":1457,\"caption\":\"Nuka Trade s.r.o.\"},\"image\":{\"@id\":\"https:\/\/nukaseeds.cz\/de\/#\/schema\/logo\/image\/\"},\"sameAs\":[\"https:\/\/www.facebook.com\/Nukaseeds\/\",\"https:\/\/x.com\/seeds_nuka\",\"https:\/\/www.instagram.com\/nukaseeds\/\",\"https:\/\/www.youtube.com\/@nukaseeds1167\",\"https:\/\/www.tumblr.com\/nukaseeds\",\"https:\/\/www.linkedin.com\/company\/nukaseeds-ltd\/\",\"https:\/\/cz.pinterest.com\/Nukaseeds\/\"]}]}<\/script>\n<!-- \/ Yoast SEO plugin. -->","yoast_head_json":{"title":"Hairy Fairy Hanfsamen - Growshop NukaSeeds","description":"Eine magisch vielseitige feminisierte Cannabissorte mit gro\u00dfem medizinischen Potenzial. Sie ist besonders beliebt bei Schlafst\u00f6rungen und Appetitanregung mit lang anhaltender Wirkung.","robots":{"index":"index","follow":"follow","max-snippet":"max-snippet:-1","max-image-preview":"max-image-preview:large","max-video-preview":"max-video-preview:-1"},"canonical":"https:\/\/nukaseeds.cz\/de\/buy-cannabis-seeds\/haarige-fee\/","og_locale":"de_DE","og_type":"article","og_title":"Hairy Fairy Hanfsamen - Growshop NukaSeeds","og_description":"Eine magisch vielseitige feminisierte Cannabissorte mit gro\u00dfem medizinischen Potenzial. Sie ist besonders beliebt bei Schlafst\u00f6rungen und Appetitanregung mit lang anhaltender Wirkung.","og_url":"https:\/\/nukaseeds.cz\/de\/buy-cannabis-seeds\/haarige-fee\/","og_site_name":"Nuka Cannabis-Samen","article_publisher":"https:\/\/www.facebook.com\/Nukaseeds\/","og_image":[{"url":"http:\/\/nukaseeds.cz\/wp-content\/uploads\/2024\/04\/growshop-nuka-semena-konopi-hairy-fairy-2-copy-225x300.webp","type":"","width":"","height":""}],"twitter_card":"summary_large_image","twitter_title":"Hairy Fairy Hanfsamen - Growshop NukaSeeds","twitter_description":"Eine magisch vielseitige feminisierte Cannabissorte mit gro\u00dfem medizinischen Potenzial. Sie ist besonders beliebt bei Schlafst\u00f6rungen und Appetitanregung mit lang anhaltender Wirkung.","twitter_image":"http:\/\/nukaseeds.cz\/wp-content\/uploads\/2024\/04\/growshop-nuka-semena-konopi-hairy-fairy-2-copy-768x1024.webp","twitter_site":"@seeds_nuka","twitter_misc":{"Gesch\u00e4tzte Lesezeit":"1\u00a0Minute"},"schema":{"@context":"https:\/\/schema.org","@graph":[{"@type":"WebPage","@id":"https:\/\/nukaseeds.cz\/de\/buy-cannabis-seeds\/haarige-fee\/","url":"https:\/\/nukaseeds.cz\/de\/buy-cannabis-seeds\/haarige-fee\/","name":"Hairy Fairy Hanfsamen - Growshop NukaSeeds","isPartOf":{"@id":"https:\/\/nukaseeds.cz\/de\/#website"},"primaryImageOfPage":{"@id":"https:\/\/nukaseeds.cz\/de\/buy-cannabis-seeds\/haarige-fee\/#primaryimage"},"image":{"@id":"https:\/\/nukaseeds.cz\/de\/buy-cannabis-seeds\/haarige-fee\/#primaryimage"},"thumbnailUrl":"https:\/\/nukaseeds.cz\/wp-content\/uploads\/2024\/04\/growshop-nuka-semena-konopi-hairy-fairy-2-copy.webp","datePublished":"2024-04-16T02:32:53+00:00","description":"Eine magisch vielseitige feminisierte Cannabissorte mit gro\u00dfem medizinischen Potenzial. Sie ist besonders beliebt bei Schlafst\u00f6rungen und Appetitanregung mit lang anhaltender Wirkung.","breadcrumb":{"@id":"https:\/\/nukaseeds.cz\/de\/buy-cannabis-seeds\/haarige-fee\/#breadcrumb"},"inLanguage":"de","potentialAction":[{"@type":"ReadAction","target":["https:\/\/nukaseeds.cz\/de\/buy-cannabis-seeds\/haarige-fee\/"]}]},{"@type":"ImageObject","inLanguage":"de","@id":"https:\/\/nukaseeds.cz\/de\/buy-cannabis-seeds\/haarige-fee\/#primaryimage","url":"https:\/\/nukaseeds.cz\/wp-content\/uploads\/2024\/04\/growshop-nuka-semena-konopi-hairy-fairy-2-copy.webp","contentUrl":"https:\/\/nukaseeds.cz\/wp-content\/uploads\/2024\/04\/growshop-nuka-semena-konopi-hairy-fairy-2-copy.webp","width":810,"height":1080,"caption":"Sem\u00ednka konop\u00ed Hairy Fairy"},{"@type":"BreadcrumbList","@id":"https:\/\/nukaseeds.cz\/de\/buy-cannabis-seeds\/haarige-fee\/#breadcrumb","itemListElement":[{"@type":"ListItem","position":1,"name":"Home","item":"https:\/\/nukaseeds.cz\/de\/growshop-nukaseeds-cz-hanfsamen\/"},{"@type":"ListItem","position":2,"name":"Cannabis-Samen kaufen","item":"https:\/\/nukaseeds.cz\/de\/shop\/"},{"@type":"ListItem","position":3,"name":"Cannabis-Samen","item":"https:\/\/nukaseeds.cz\/de\/hanf-samen-kaufen\/hanfsamen-de\/"},{"@type":"ListItem","position":4,"name":"Haarige Fee"}]},{"@type":"WebSite","@id":"https:\/\/nukaseeds.cz\/de\/#website","url":"https:\/\/nukaseeds.cz\/de\/","name":"Nuka Seeds Bank","description":"Cannabis-Samen kaufen, Marihuana-Samen kaufen","publisher":{"@id":"https:\/\/nukaseeds.cz\/de\/#organization"},"alternateName":"NukaSeeds cannabis seed bank","potentialAction":[{"@type":"SearchAction","target":{"@type":"EntryPoint","urlTemplate":"https:\/\/nukaseeds.cz\/de\/?s={search_term_string}"},"query-input":{"@type":"PropertyValueSpecification","valueRequired":true,"valueName":"search_term_string"}}],"inLanguage":"de"},{"@type":"Organization","@id":"https:\/\/nukaseeds.cz\/de\/#organization","name":"Nuka Trade s.r.o.","url":"https:\/\/nukaseeds.cz\/de\/","logo":{"@type":"ImageObject","inLanguage":"de","@id":"https:\/\/nukaseeds.cz\/de\/#\/schema\/logo\/image\/","url":"https:\/\/i0.wp.com\/nukaseeds.cz\/wp-content\/uploads\/2021\/11\/nuka-seeds-logo-vector-neon-8-production.png?fit=2142%2C1457&quality=70&ssl=1","contentUrl":"https:\/\/i0.wp.com\/nukaseeds.cz\/wp-content\/uploads\/2021\/11\/nuka-seeds-logo-vector-neon-8-production.png?fit=2142%2C1457&quality=70&ssl=1","width":2142,"height":1457,"caption":"Nuka Trade s.r.o."},"image":{"@id":"https:\/\/nukaseeds.cz\/de\/#\/schema\/logo\/image\/"},"sameAs":["https:\/\/www.facebook.com\/Nukaseeds\/","https:\/\/x.com\/seeds_nuka","https:\/\/www.instagram.com\/nukaseeds\/","https:\/\/www.youtube.com\/@nukaseeds1167","https:\/\/www.tumblr.com\/nukaseeds","https:\/\/www.linkedin.com\/company\/nukaseeds-ltd\/","https:\/\/cz.pinterest.com\/Nukaseeds\/"]}]}},"_links":{"self":[{"href":"https:\/\/nukaseeds.cz\/de\/wp-json\/wp\/v2\/product\/90530","targetHints":{"allow":["GET"]}}],"collection":[{"href":"https:\/\/nukaseeds.cz\/de\/wp-json\/wp\/v2\/product"}],"about":[{"href":"https:\/\/nukaseeds.cz\/de\/wp-json\/wp\/v2\/types\/product"}],"replies":[{"embeddable":true,"href":"https:\/\/nukaseeds.cz\/de\/wp-json\/wp\/v2\/comments?post=90530"}],"wp:featuredmedia":[{"embeddable":true,"href":"https:\/\/nukaseeds.cz\/de\/wp-json\/wp\/v2\/media\/90531"}],"wp:attachment":[{"href":"https:\/\/nukaseeds.cz\/de\/wp-json\/wp\/v2\/media?parent=90530"}],"wp:term":[{"taxonomy":"product_brand","embeddable":true,"href":"https:\/\/nukaseeds.cz\/de\/wp-json\/wp\/v2\/product_brand?post=90530"},{"taxonomy":"product_cat","embeddable":true,"href":"https:\/\/nukaseeds.cz\/de\/wp-json\/wp\/v2\/product_cat?post=90530"},{"taxonomy":"product_tag","embeddable":true,"href":"https:\/\/nukaseeds.cz\/de\/wp-json\/wp\/v2\/product_tag?post=90530"}],"curies":[{"name":"wp","href":"https:\/\/api.w.org\/{rel}","templated":true}]}}