{"id":90544,"date":"2024-04-16T06:58:47","date_gmt":"2024-04-16T04:58:47","guid":{"rendered":"http:\/\/nukaseeds.cz\/buy-cannabis-seeds\/hobo-surfer\/"},"modified":"2024-04-16T06:58:47","modified_gmt":"2024-04-16T04:58:47","slug":"hobo-surfer","status":"publish","type":"product","link":"https:\/\/nukaseeds.cz\/de\/buy-cannabis-seeds\/hobo-surfer\/","title":{"rendered":"Hobo Surfer"},"content":{"rendered":"<p>Genie\u00dfe einen tollen Trip an die sonnigen Str\u00e4nde des amerikanischen Kaliforniens und reite auf den Wellen der euphorischen Wirkung. Eine gro\u00dfartige Entspannung nach den Alltagssorgen, gro\u00dfartig gegen Angstzust\u00e4nde. <\/p>\n<p>Hobo ist die dominante Indica (70% Indica und 30% Sativa) mit einem THC-Gehalt von rund 19,5%.<br \/>\nEr ist bis zu 190 cm hoch und bietet einen Ertrag von 500 Gramm im Au\u00dfenbereich oder 0,9 Gramm pro Watt im Innenbereich.<\/p>\n<p>Die Surfer ist nicht nur einfach anzubauen, sie ist auch sehr schnell! Mit einer Bl\u00fctezeit von 7-8 Wochen ist sie eine unserer schnellsten Cannabissorten. <\/p>\n<p>Der Geschmack und das Aroma sind angenehm w\u00fcrzig und fruchtig.<\/p>\n<p>Der Hobo Surfer ist eine gro\u00dfartige Wahl f\u00fcr Freizeitspa\u00df und f\u00fcr Gesellschaft. Er wird dich ermutigen und dir helfen, alles besser zu genie\u00dfen. Aber pass auf, dass du es nicht \u00fcbertreibst!  <\/p>\n","protected":false},"excerpt":{"rendered":"<p>Genie\u00dfe eine tolle Reise zu den sonnigen Str\u00e4nden des amerikanischen Kaliforniens und reite auf den Wellen der euphorischen Effekte.<\/p>\n","protected":false},"featured_media":90545,"comment_status":"open","ping_status":"closed","template":"","meta":[],"product_brand":[],"product_cat":[7741,7757,7749,7736,7751,7745,7748,7758,7753],"product_tag":[],"class_list":{"0":"post-90544","1":"product","2":"type-product","3":"status-publish","4":"has-post-thumbnail","6":"product_cat-56-65-tage-de","7":"product_cat-an-das-unternehmen-de","8":"product_cat-anbau-im-freien-de","9":"product_cat-hanfsamen-de","10":"product_cat-feminisierte-hanfsamen-de","11":"product_cat-indica-hanf-de","12":"product_cat-indoor-anbau-de","13":"product_cat-hanf-foerdert-die-kreativitaet-de","14":"product_cat-nuka-samen-de","15":"pa_baleni-semen-10-de","16":"pa_baleni-semen-3-de","17":"pa_baleni-semen-5-de","18":"pa_brand-nuka-samen","21":"first","22":"instock","23":"sale","24":"taxable","25":"shipping-taxable","26":"purchasable","27":"product-type-variable"},"yoast_head":"<!-- This site is optimized with the Yoast SEO plugin v26.6 - https:\/\/yoast.com\/wordpress\/plugins\/seo\/ -->\n<title>Hobo Surfer Hanfsamen - Growshop NukaSeeds<\/title>\n<meta name=\"description\" content=\"Mit ihrer gro\u00dfen Widerstandsf\u00e4higkeit sind die Hobo Surfer Hanfsamen nicht nur einfach anzubauen, sondern auch sehr schnell! Dies ist eine unserer schnellsten Cannabissorten.\" \/>\n<meta name=\"robots\" content=\"index, follow, max-snippet:-1, max-image-preview:large, max-video-preview:-1\" \/>\n<link rel=\"canonical\" href=\"https:\/\/nukaseeds.cz\/de\/buy-cannabis-seeds\/hobo-surfer\/\" \/>\n<meta property=\"og:locale\" content=\"de_DE\" \/>\n<meta property=\"og:type\" content=\"article\" \/>\n<meta property=\"og:title\" content=\"Hobo Surfer Hanfsamen - Growshop NukaSeeds\" \/>\n<meta property=\"og:description\" content=\"Mit ihrer gro\u00dfen Widerstandsf\u00e4higkeit sind die Hobo Surfer Hanfsamen nicht nur einfach anzubauen, sondern auch sehr schnell! Dies ist eine unserer schnellsten Cannabissorten.\" \/>\n<meta property=\"og:url\" content=\"https:\/\/nukaseeds.cz\/de\/buy-cannabis-seeds\/hobo-surfer\/\" \/>\n<meta property=\"og:site_name\" content=\"Nuka Cannabis-Samen\" \/>\n<meta property=\"article:publisher\" content=\"https:\/\/www.facebook.com\/Nukaseeds\/\" \/>\n<meta property=\"og:image\" content=\"http:\/\/nukaseeds.cz\/wp-content\/uploads\/2024\/04\/growshop-nuka-semena-konopi-hobo-surfer-copy-225x300.webp\" \/>\n<meta name=\"twitter:card\" content=\"summary_large_image\" \/>\n<meta name=\"twitter:title\" content=\"Hobo Surfer Hanfsamen - Growshop NukaSeeds\" \/>\n<meta name=\"twitter:description\" content=\"Mit ihrer gro\u00dfen Widerstandsf\u00e4higkeit sind die Hobo Surfer Hanfsamen nicht nur einfach anzubauen, sondern auch sehr schnell! Dies ist eine unserer schnellsten Cannabissorten.\" \/>\n<meta name=\"twitter:image\" content=\"http:\/\/nukaseeds.cz\/wp-content\/uploads\/2024\/04\/growshop-nuka-semena-konopi-hobo-surfer-copy-768x1024.webp\" \/>\n<meta name=\"twitter:site\" content=\"@seeds_nuka\" \/>\n<meta name=\"twitter:label1\" content=\"Gesch\u00e4tzte Lesezeit\" \/>\n\t<meta name=\"twitter:data1\" content=\"1\u00a0Minute\" \/>\n<script type=\"application\/ld+json\" class=\"yoast-schema-graph\">{\"@context\":\"https:\/\/schema.org\",\"@graph\":[{\"@type\":\"WebPage\",\"@id\":\"https:\/\/nukaseeds.cz\/de\/buy-cannabis-seeds\/hobo-surfer\/\",\"url\":\"https:\/\/nukaseeds.cz\/de\/buy-cannabis-seeds\/hobo-surfer\/\",\"name\":\"Hobo Surfer Hanfsamen - Growshop NukaSeeds\",\"isPartOf\":{\"@id\":\"https:\/\/nukaseeds.cz\/de\/#website\"},\"primaryImageOfPage\":{\"@id\":\"https:\/\/nukaseeds.cz\/de\/buy-cannabis-seeds\/hobo-surfer\/#primaryimage\"},\"image\":{\"@id\":\"https:\/\/nukaseeds.cz\/de\/buy-cannabis-seeds\/hobo-surfer\/#primaryimage\"},\"thumbnailUrl\":\"https:\/\/nukaseeds.cz\/wp-content\/uploads\/2024\/04\/growshop-nuka-semena-konopi-hobo-surfer-copy.webp\",\"datePublished\":\"2024-04-16T04:58:47+00:00\",\"description\":\"Mit ihrer gro\u00dfen Widerstandsf\u00e4higkeit sind die Hobo Surfer Hanfsamen nicht nur einfach anzubauen, sondern auch sehr schnell! Dies ist eine unserer schnellsten Cannabissorten.\",\"breadcrumb\":{\"@id\":\"https:\/\/nukaseeds.cz\/de\/buy-cannabis-seeds\/hobo-surfer\/#breadcrumb\"},\"inLanguage\":\"de\",\"potentialAction\":[{\"@type\":\"ReadAction\",\"target\":[\"https:\/\/nukaseeds.cz\/de\/buy-cannabis-seeds\/hobo-surfer\/\"]}]},{\"@type\":\"ImageObject\",\"inLanguage\":\"de\",\"@id\":\"https:\/\/nukaseeds.cz\/de\/buy-cannabis-seeds\/hobo-surfer\/#primaryimage\",\"url\":\"https:\/\/nukaseeds.cz\/wp-content\/uploads\/2024\/04\/growshop-nuka-semena-konopi-hobo-surfer-copy.webp\",\"contentUrl\":\"https:\/\/nukaseeds.cz\/wp-content\/uploads\/2024\/04\/growshop-nuka-semena-konopi-hobo-surfer-copy.webp\",\"width\":810,\"height\":1080,\"caption\":\"Semena konop\u00ed Hobo Surfer od Nuka Seeds\"},{\"@type\":\"BreadcrumbList\",\"@id\":\"https:\/\/nukaseeds.cz\/de\/buy-cannabis-seeds\/hobo-surfer\/#breadcrumb\",\"itemListElement\":[{\"@type\":\"ListItem\",\"position\":1,\"name\":\"Home\",\"item\":\"https:\/\/nukaseeds.cz\/de\/\"},{\"@type\":\"ListItem\",\"position\":2,\"name\":\"Cannabis-Samen kaufen\",\"item\":\"https:\/\/nukaseeds.cz\/de\/shop\/\"},{\"@type\":\"ListItem\",\"position\":3,\"name\":\"Cannabis-Samen\",\"item\":\"https:\/\/nukaseeds.cz\/de\/hanf-samen-kaufen\/hanfsamen-de\/\"},{\"@type\":\"ListItem\",\"position\":4,\"name\":\"Hobo Surfer\"}]},{\"@type\":\"WebSite\",\"@id\":\"https:\/\/nukaseeds.cz\/de\/#website\",\"url\":\"https:\/\/nukaseeds.cz\/de\/\",\"name\":\"Nuka Seeds Bank\",\"description\":\"Cannabis-Samen kaufen, Marihuana-Samen kaufen\",\"publisher\":{\"@id\":\"https:\/\/nukaseeds.cz\/de\/#organization\"},\"alternateName\":\"NukaSeeds cannabis seed bank\",\"potentialAction\":[{\"@type\":\"SearchAction\",\"target\":{\"@type\":\"EntryPoint\",\"urlTemplate\":\"https:\/\/nukaseeds.cz\/de\/?s={search_term_string}\"},\"query-input\":{\"@type\":\"PropertyValueSpecification\",\"valueRequired\":true,\"valueName\":\"search_term_string\"}}],\"inLanguage\":\"de\"},{\"@type\":\"Organization\",\"@id\":\"https:\/\/nukaseeds.cz\/de\/#organization\",\"name\":\"Nuka Trade s.r.o.\",\"url\":\"https:\/\/nukaseeds.cz\/de\/\",\"logo\":{\"@type\":\"ImageObject\",\"inLanguage\":\"de\",\"@id\":\"https:\/\/nukaseeds.cz\/de\/#\/schema\/logo\/image\/\",\"url\":\"https:\/\/i0.wp.com\/nukaseeds.cz\/wp-content\/uploads\/2021\/11\/nuka-seeds-logo-vector-neon-8-production.png?fit=2142%2C1457&quality=70&ssl=1\",\"contentUrl\":\"https:\/\/i0.wp.com\/nukaseeds.cz\/wp-content\/uploads\/2021\/11\/nuka-seeds-logo-vector-neon-8-production.png?fit=2142%2C1457&quality=70&ssl=1\",\"width\":2142,\"height\":1457,\"caption\":\"Nuka Trade s.r.o.\"},\"image\":{\"@id\":\"https:\/\/nukaseeds.cz\/de\/#\/schema\/logo\/image\/\"},\"sameAs\":[\"https:\/\/www.facebook.com\/Nukaseeds\/\",\"https:\/\/x.com\/seeds_nuka\",\"https:\/\/www.instagram.com\/nukaseeds\/\",\"https:\/\/www.youtube.com\/@nukaseeds1167\",\"https:\/\/www.tumblr.com\/nukaseeds\",\"https:\/\/www.linkedin.com\/company\/nukaseeds-ltd\/\",\"https:\/\/cz.pinterest.com\/Nukaseeds\/\"]}]}<\/script>\n<!-- \/ Yoast SEO plugin. -->","yoast_head_json":{"title":"Hobo Surfer Hanfsamen - Growshop NukaSeeds","description":"Mit ihrer gro\u00dfen Widerstandsf\u00e4higkeit sind die Hobo Surfer Hanfsamen nicht nur einfach anzubauen, sondern auch sehr schnell! Dies ist eine unserer schnellsten Cannabissorten.","robots":{"index":"index","follow":"follow","max-snippet":"max-snippet:-1","max-image-preview":"max-image-preview:large","max-video-preview":"max-video-preview:-1"},"canonical":"https:\/\/nukaseeds.cz\/de\/buy-cannabis-seeds\/hobo-surfer\/","og_locale":"de_DE","og_type":"article","og_title":"Hobo Surfer Hanfsamen - Growshop NukaSeeds","og_description":"Mit ihrer gro\u00dfen Widerstandsf\u00e4higkeit sind die Hobo Surfer Hanfsamen nicht nur einfach anzubauen, sondern auch sehr schnell! Dies ist eine unserer schnellsten Cannabissorten.","og_url":"https:\/\/nukaseeds.cz\/de\/buy-cannabis-seeds\/hobo-surfer\/","og_site_name":"Nuka Cannabis-Samen","article_publisher":"https:\/\/www.facebook.com\/Nukaseeds\/","og_image":[{"url":"http:\/\/nukaseeds.cz\/wp-content\/uploads\/2024\/04\/growshop-nuka-semena-konopi-hobo-surfer-copy-225x300.webp","type":"","width":"","height":""}],"twitter_card":"summary_large_image","twitter_title":"Hobo Surfer Hanfsamen - Growshop NukaSeeds","twitter_description":"Mit ihrer gro\u00dfen Widerstandsf\u00e4higkeit sind die Hobo Surfer Hanfsamen nicht nur einfach anzubauen, sondern auch sehr schnell! Dies ist eine unserer schnellsten Cannabissorten.","twitter_image":"http:\/\/nukaseeds.cz\/wp-content\/uploads\/2024\/04\/growshop-nuka-semena-konopi-hobo-surfer-copy-768x1024.webp","twitter_site":"@seeds_nuka","twitter_misc":{"Gesch\u00e4tzte Lesezeit":"1\u00a0Minute"},"schema":{"@context":"https:\/\/schema.org","@graph":[{"@type":"WebPage","@id":"https:\/\/nukaseeds.cz\/de\/buy-cannabis-seeds\/hobo-surfer\/","url":"https:\/\/nukaseeds.cz\/de\/buy-cannabis-seeds\/hobo-surfer\/","name":"Hobo Surfer Hanfsamen - Growshop NukaSeeds","isPartOf":{"@id":"https:\/\/nukaseeds.cz\/de\/#website"},"primaryImageOfPage":{"@id":"https:\/\/nukaseeds.cz\/de\/buy-cannabis-seeds\/hobo-surfer\/#primaryimage"},"image":{"@id":"https:\/\/nukaseeds.cz\/de\/buy-cannabis-seeds\/hobo-surfer\/#primaryimage"},"thumbnailUrl":"https:\/\/nukaseeds.cz\/wp-content\/uploads\/2024\/04\/growshop-nuka-semena-konopi-hobo-surfer-copy.webp","datePublished":"2024-04-16T04:58:47+00:00","description":"Mit ihrer gro\u00dfen Widerstandsf\u00e4higkeit sind die Hobo Surfer Hanfsamen nicht nur einfach anzubauen, sondern auch sehr schnell! Dies ist eine unserer schnellsten Cannabissorten.","breadcrumb":{"@id":"https:\/\/nukaseeds.cz\/de\/buy-cannabis-seeds\/hobo-surfer\/#breadcrumb"},"inLanguage":"de","potentialAction":[{"@type":"ReadAction","target":["https:\/\/nukaseeds.cz\/de\/buy-cannabis-seeds\/hobo-surfer\/"]}]},{"@type":"ImageObject","inLanguage":"de","@id":"https:\/\/nukaseeds.cz\/de\/buy-cannabis-seeds\/hobo-surfer\/#primaryimage","url":"https:\/\/nukaseeds.cz\/wp-content\/uploads\/2024\/04\/growshop-nuka-semena-konopi-hobo-surfer-copy.webp","contentUrl":"https:\/\/nukaseeds.cz\/wp-content\/uploads\/2024\/04\/growshop-nuka-semena-konopi-hobo-surfer-copy.webp","width":810,"height":1080,"caption":"Semena konop\u00ed Hobo Surfer od Nuka Seeds"},{"@type":"BreadcrumbList","@id":"https:\/\/nukaseeds.cz\/de\/buy-cannabis-seeds\/hobo-surfer\/#breadcrumb","itemListElement":[{"@type":"ListItem","position":1,"name":"Home","item":"https:\/\/nukaseeds.cz\/de\/"},{"@type":"ListItem","position":2,"name":"Cannabis-Samen kaufen","item":"https:\/\/nukaseeds.cz\/de\/shop\/"},{"@type":"ListItem","position":3,"name":"Cannabis-Samen","item":"https:\/\/nukaseeds.cz\/de\/hanf-samen-kaufen\/hanfsamen-de\/"},{"@type":"ListItem","position":4,"name":"Hobo Surfer"}]},{"@type":"WebSite","@id":"https:\/\/nukaseeds.cz\/de\/#website","url":"https:\/\/nukaseeds.cz\/de\/","name":"Nuka Seeds Bank","description":"Cannabis-Samen kaufen, Marihuana-Samen kaufen","publisher":{"@id":"https:\/\/nukaseeds.cz\/de\/#organization"},"alternateName":"NukaSeeds cannabis seed bank","potentialAction":[{"@type":"SearchAction","target":{"@type":"EntryPoint","urlTemplate":"https:\/\/nukaseeds.cz\/de\/?s={search_term_string}"},"query-input":{"@type":"PropertyValueSpecification","valueRequired":true,"valueName":"search_term_string"}}],"inLanguage":"de"},{"@type":"Organization","@id":"https:\/\/nukaseeds.cz\/de\/#organization","name":"Nuka Trade s.r.o.","url":"https:\/\/nukaseeds.cz\/de\/","logo":{"@type":"ImageObject","inLanguage":"de","@id":"https:\/\/nukaseeds.cz\/de\/#\/schema\/logo\/image\/","url":"https:\/\/i0.wp.com\/nukaseeds.cz\/wp-content\/uploads\/2021\/11\/nuka-seeds-logo-vector-neon-8-production.png?fit=2142%2C1457&quality=70&ssl=1","contentUrl":"https:\/\/i0.wp.com\/nukaseeds.cz\/wp-content\/uploads\/2021\/11\/nuka-seeds-logo-vector-neon-8-production.png?fit=2142%2C1457&quality=70&ssl=1","width":2142,"height":1457,"caption":"Nuka Trade s.r.o."},"image":{"@id":"https:\/\/nukaseeds.cz\/de\/#\/schema\/logo\/image\/"},"sameAs":["https:\/\/www.facebook.com\/Nukaseeds\/","https:\/\/x.com\/seeds_nuka","https:\/\/www.instagram.com\/nukaseeds\/","https:\/\/www.youtube.com\/@nukaseeds1167","https:\/\/www.tumblr.com\/nukaseeds","https:\/\/www.linkedin.com\/company\/nukaseeds-ltd\/","https:\/\/cz.pinterest.com\/Nukaseeds\/"]}]}},"_links":{"self":[{"href":"https:\/\/nukaseeds.cz\/de\/wp-json\/wp\/v2\/product\/90544","targetHints":{"allow":["GET"]}}],"collection":[{"href":"https:\/\/nukaseeds.cz\/de\/wp-json\/wp\/v2\/product"}],"about":[{"href":"https:\/\/nukaseeds.cz\/de\/wp-json\/wp\/v2\/types\/product"}],"replies":[{"embeddable":true,"href":"https:\/\/nukaseeds.cz\/de\/wp-json\/wp\/v2\/comments?post=90544"}],"wp:featuredmedia":[{"embeddable":true,"href":"https:\/\/nukaseeds.cz\/de\/wp-json\/wp\/v2\/media\/90545"}],"wp:attachment":[{"href":"https:\/\/nukaseeds.cz\/de\/wp-json\/wp\/v2\/media?parent=90544"}],"wp:term":[{"taxonomy":"product_brand","embeddable":true,"href":"https:\/\/nukaseeds.cz\/de\/wp-json\/wp\/v2\/product_brand?post=90544"},{"taxonomy":"product_cat","embeddable":true,"href":"https:\/\/nukaseeds.cz\/de\/wp-json\/wp\/v2\/product_cat?post=90544"},{"taxonomy":"product_tag","embeddable":true,"href":"https:\/\/nukaseeds.cz\/de\/wp-json\/wp\/v2\/product_tag?post=90544"}],"curies":[{"name":"wp","href":"https:\/\/api.w.org\/{rel}","templated":true}]}}