{"id":90557,"date":"2024-04-16T03:23:39","date_gmt":"2024-04-16T01:23:39","guid":{"rendered":"http:\/\/nukaseeds.cz\/buy-cannabis-seeds\/gorilla-auto\/"},"modified":"2024-04-16T03:23:39","modified_gmt":"2024-04-16T01:23:39","slug":"gorilla-auto","status":"publish","type":"product","link":"https:\/\/nukaseeds.cz\/de\/buy-cannabis-seeds\/gorilla-auto\/","title":{"rendered":"Gorilla Auto"},"content":{"rendered":"<p>Gorilla Auto ist eine autoflowering Cannabissorte, die durch die Kreuzung der ber\u00fchmten Gorilla Glue mit der stabilen Ruderalis entstanden ist. Auto Gorilla hat die Herzen von Z\u00fcchtern und Konsumenten auf der ganzen Welt f\u00fcr ihre einfache Kultivierung und ihre starke stimulierende Wirkung gewonnen. <\/p>\n<p>Gorilla Auto wird unter optimalen Bedingungen bis zu einhundertzehn Zentimeter hoch und hat eine robuste Verzweigung, die eine Menge gro\u00dfer und kompakter St\u00f6cke tragen kann. Ihre kurze Statur macht sie perfekt f\u00fcr den Anbau in kleineren Innenr\u00e4umen und G\u00e4rten. <\/p>\n<p>Gorilla Auto schlie\u00dft ihren Anbauzyklus nach etwa f\u00fcnfundsiebzig Tagen ab. Die buschige Struktur der Pflanze garantiert trotz ihrer geringen Gr\u00f6\u00dfe eine hervorragende Ernte, bis zu einhundertvierzig Gramm pro Pflanze im Freien und bis zu f\u00fcnfhundert Gramm pro Quadratmeter im Innenbereich. Der Geschmack und das Aroma der Gorilla Auto-Bl\u00fcten sind s\u00fc\u00df mit blumigen Noten. Die Wirkung ist sehr anregend, in kleineren Mengen geeignet f\u00fcr k\u00f6rperliche Aktivit\u00e4ten und in gr\u00f6\u00dferen Mengen f\u00fcr kreative T\u00e4tigkeiten.   <\/p>\n<p>Bestelle Samen der autoflowering Sorte Gorilla auto und mach dich auf den Weg zu einer erfolgreichen Ernte.<\/p>\n","protected":false},"excerpt":{"rendered":"<p>Gorilla Auto ist eine autoflowering Cannabissorte, die durch die Kreuzung der ber\u00fchmten Gorilla Glue mit der stabilen Ruderalis entstanden ist. Auto Gorilla hat die Herzen von Z\u00fcchtern und Konsumenten auf der ganzen Welt f\u00fcr ihre einfache Kultivierung und ihre starke stimulierende Wirkung gewonnen. <\/p>\n","protected":false},"featured_media":90558,"comment_status":"open","ping_status":"closed","template":"","meta":[],"product_brand":[],"product_cat":[7741,7757,7749,7752,7736,7745,7748,7758,7753],"product_tag":[],"class_list":{"0":"post-90557","1":"product","2":"type-product","3":"status-publish","4":"has-post-thumbnail","6":"product_cat-56-65-tage-de","7":"product_cat-an-das-unternehmen-de","8":"product_cat-anbau-im-freien-de","9":"product_cat-selbstbluehende-hanfsamen-de","10":"product_cat-hanfsamen-de","11":"product_cat-indica-hanf-de","12":"product_cat-indoor-anbau-de","13":"product_cat-hanf-foerdert-die-kreativitaet-de","14":"product_cat-nuka-samen-de","15":"pa_baleni-semen-3-de","16":"pa_baleni-semen-5-de","17":"pa_baleni-semen-10-de","18":"pa_brand-nuka-samen","21":"first","22":"instock","23":"sale","24":"taxable","25":"shipping-taxable","26":"purchasable","27":"product-type-variable"},"yoast_head":"<!-- This site is optimized with the Yoast SEO plugin v26.6 - https:\/\/yoast.com\/wordpress\/plugins\/seo\/ -->\n<title>Hanfsamen Gorilla Auto - Growshop NukaSeeds<\/title>\n<meta name=\"description\" content=\"Gorilla Auto Samen - eine autoflowering Cannabissorte, die durch Kreuzung der ber\u00fchmten Gorilla Glue mit der stabilen Ruderalis entstanden ist. Auto Gorilla hat die Herzen von Z\u00fcchtern und Konsumenten auf der ganzen Welt f\u00fcr ihren einfachen Anbau und ihre stark stimulierende Wirkung gewonnen.\" \/>\n<meta name=\"robots\" content=\"index, follow, max-snippet:-1, max-image-preview:large, max-video-preview:-1\" \/>\n<link rel=\"canonical\" href=\"https:\/\/nukaseeds.cz\/de\/buy-cannabis-seeds\/gorilla-auto\/\" \/>\n<meta property=\"og:locale\" content=\"de_DE\" \/>\n<meta property=\"og:type\" content=\"article\" \/>\n<meta property=\"og:title\" content=\"Gorilla Auto Hanfsamen - Growshop Nuka\" \/>\n<meta property=\"og:description\" content=\"Gorilla Auto Samen - eine autoflowering Cannabissorte, die durch Kreuzung der ber\u00fchmten Gorilla Glue mit der stabilen Ruderalis entstanden ist. Auto Gorilla hat die Herzen von Z\u00fcchtern und Konsumenten auf der ganzen Welt f\u00fcr ihren einfachen Anbau und ihre stark stimulierende Wirkung gewonnen.\" \/>\n<meta property=\"og:url\" content=\"https:\/\/nukaseeds.cz\/de\/buy-cannabis-seeds\/gorilla-auto\/\" \/>\n<meta property=\"og:site_name\" content=\"Nuka Cannabis-Samen\" \/>\n<meta property=\"article:publisher\" content=\"https:\/\/www.facebook.com\/Nukaseeds\/\" \/>\n<meta property=\"og:image\" content=\"http:\/\/nukaseeds.cz\/wp-content\/uploads\/2024\/04\/gorilla-auto-growshop-nuka-semena-konopi-225x300.webp\" \/>\n<meta name=\"twitter:card\" content=\"summary_large_image\" \/>\n<meta name=\"twitter:title\" content=\"Gorilla Auto Hanfsamen - Growshop Nuka\" \/>\n<meta name=\"twitter:description\" content=\"Gorilla Auto Samen - eine autoflowering Cannabissorte, die durch Kreuzung der ber\u00fchmten Gorilla Glue mit der stabilen Ruderalis entstanden ist. Auto Gorilla hat die Herzen von Z\u00fcchtern und Konsumenten auf der ganzen Welt f\u00fcr ihren einfachen Anbau und ihre stark stimulierende Wirkung gewonnen.\" \/>\n<meta name=\"twitter:image\" content=\"http:\/\/nukaseeds.cz\/wp-content\/uploads\/2024\/04\/gorilla-auto-growshop-nuka-semena-konopi-768x1024.webp\" \/>\n<meta name=\"twitter:site\" content=\"@seeds_nuka\" \/>\n<meta name=\"twitter:label1\" content=\"Gesch\u00e4tzte Lesezeit\" \/>\n\t<meta name=\"twitter:data1\" content=\"1\u00a0Minute\" \/>\n<script type=\"application\/ld+json\" class=\"yoast-schema-graph\">{\"@context\":\"https:\/\/schema.org\",\"@graph\":[{\"@type\":\"WebPage\",\"@id\":\"https:\/\/nukaseeds.cz\/de\/buy-cannabis-seeds\/gorilla-auto\/\",\"url\":\"https:\/\/nukaseeds.cz\/de\/buy-cannabis-seeds\/gorilla-auto\/\",\"name\":\"Hanfsamen Gorilla Auto - Growshop NukaSeeds\",\"isPartOf\":{\"@id\":\"https:\/\/nukaseeds.cz\/de\/#website\"},\"primaryImageOfPage\":{\"@id\":\"https:\/\/nukaseeds.cz\/de\/buy-cannabis-seeds\/gorilla-auto\/#primaryimage\"},\"image\":{\"@id\":\"https:\/\/nukaseeds.cz\/de\/buy-cannabis-seeds\/gorilla-auto\/#primaryimage\"},\"thumbnailUrl\":\"https:\/\/nukaseeds.cz\/wp-content\/uploads\/2024\/04\/gorilla-auto-growshop-nuka-semena-konopi.webp\",\"datePublished\":\"2024-04-16T01:23:39+00:00\",\"description\":\"Gorilla Auto Samen - eine autoflowering Cannabissorte, die durch Kreuzung der ber\u00fchmten Gorilla Glue mit der stabilen Ruderalis entstanden ist. Auto Gorilla hat die Herzen von Z\u00fcchtern und Konsumenten auf der ganzen Welt f\u00fcr ihren einfachen Anbau und ihre stark stimulierende Wirkung gewonnen.\",\"breadcrumb\":{\"@id\":\"https:\/\/nukaseeds.cz\/de\/buy-cannabis-seeds\/gorilla-auto\/#breadcrumb\"},\"inLanguage\":\"de\",\"potentialAction\":[{\"@type\":\"ReadAction\",\"target\":[\"https:\/\/nukaseeds.cz\/de\/buy-cannabis-seeds\/gorilla-auto\/\"]}]},{\"@type\":\"ImageObject\",\"inLanguage\":\"de\",\"@id\":\"https:\/\/nukaseeds.cz\/de\/buy-cannabis-seeds\/gorilla-auto\/#primaryimage\",\"url\":\"https:\/\/nukaseeds.cz\/wp-content\/uploads\/2024\/04\/gorilla-auto-growshop-nuka-semena-konopi.webp\",\"contentUrl\":\"https:\/\/nukaseeds.cz\/wp-content\/uploads\/2024\/04\/gorilla-auto-growshop-nuka-semena-konopi.webp\",\"width\":810,\"height\":1080,\"caption\":\"Sem\u00ednka konop\u00ed Gorilla Auto - Growshop Nuka\"},{\"@type\":\"BreadcrumbList\",\"@id\":\"https:\/\/nukaseeds.cz\/de\/buy-cannabis-seeds\/gorilla-auto\/#breadcrumb\",\"itemListElement\":[{\"@type\":\"ListItem\",\"position\":1,\"name\":\"Home\",\"item\":\"https:\/\/nukaseeds.cz\/de\/\"},{\"@type\":\"ListItem\",\"position\":2,\"name\":\"Cannabis-Samen kaufen\",\"item\":\"https:\/\/nukaseeds.cz\/de\/shop\/\"},{\"@type\":\"ListItem\",\"position\":3,\"name\":\"Cannabis-Samen\",\"item\":\"https:\/\/nukaseeds.cz\/de\/hanf-samen-kaufen\/hanfsamen-de\/\"},{\"@type\":\"ListItem\",\"position\":4,\"name\":\"Gorilla Auto\"}]},{\"@type\":\"WebSite\",\"@id\":\"https:\/\/nukaseeds.cz\/de\/#website\",\"url\":\"https:\/\/nukaseeds.cz\/de\/\",\"name\":\"Nuka Seeds Bank\",\"description\":\"Cannabis-Samen kaufen, Marihuana-Samen kaufen\",\"publisher\":{\"@id\":\"https:\/\/nukaseeds.cz\/de\/#organization\"},\"alternateName\":\"NukaSeeds cannabis seed bank\",\"potentialAction\":[{\"@type\":\"SearchAction\",\"target\":{\"@type\":\"EntryPoint\",\"urlTemplate\":\"https:\/\/nukaseeds.cz\/de\/?s={search_term_string}\"},\"query-input\":{\"@type\":\"PropertyValueSpecification\",\"valueRequired\":true,\"valueName\":\"search_term_string\"}}],\"inLanguage\":\"de\"},{\"@type\":\"Organization\",\"@id\":\"https:\/\/nukaseeds.cz\/de\/#organization\",\"name\":\"Nuka Trade s.r.o.\",\"url\":\"https:\/\/nukaseeds.cz\/de\/\",\"logo\":{\"@type\":\"ImageObject\",\"inLanguage\":\"de\",\"@id\":\"https:\/\/nukaseeds.cz\/de\/#\/schema\/logo\/image\/\",\"url\":\"https:\/\/i0.wp.com\/nukaseeds.cz\/wp-content\/uploads\/2021\/11\/nuka-seeds-logo-vector-neon-8-production.png?fit=2142%2C1457&quality=70&ssl=1\",\"contentUrl\":\"https:\/\/i0.wp.com\/nukaseeds.cz\/wp-content\/uploads\/2021\/11\/nuka-seeds-logo-vector-neon-8-production.png?fit=2142%2C1457&quality=70&ssl=1\",\"width\":2142,\"height\":1457,\"caption\":\"Nuka Trade s.r.o.\"},\"image\":{\"@id\":\"https:\/\/nukaseeds.cz\/de\/#\/schema\/logo\/image\/\"},\"sameAs\":[\"https:\/\/www.facebook.com\/Nukaseeds\/\",\"https:\/\/x.com\/seeds_nuka\",\"https:\/\/www.instagram.com\/nukaseeds\/\",\"https:\/\/www.youtube.com\/@nukaseeds1167\",\"https:\/\/www.tumblr.com\/nukaseeds\",\"https:\/\/www.linkedin.com\/company\/nukaseeds-ltd\/\",\"https:\/\/cz.pinterest.com\/Nukaseeds\/\"]}]}<\/script>\n<!-- \/ Yoast SEO plugin. -->","yoast_head_json":{"title":"Hanfsamen Gorilla Auto - Growshop NukaSeeds","description":"Gorilla Auto Samen - eine autoflowering Cannabissorte, die durch Kreuzung der ber\u00fchmten Gorilla Glue mit der stabilen Ruderalis entstanden ist. Auto Gorilla hat die Herzen von Z\u00fcchtern und Konsumenten auf der ganzen Welt f\u00fcr ihren einfachen Anbau und ihre stark stimulierende Wirkung gewonnen.","robots":{"index":"index","follow":"follow","max-snippet":"max-snippet:-1","max-image-preview":"max-image-preview:large","max-video-preview":"max-video-preview:-1"},"canonical":"https:\/\/nukaseeds.cz\/de\/buy-cannabis-seeds\/gorilla-auto\/","og_locale":"de_DE","og_type":"article","og_title":"Gorilla Auto Hanfsamen - Growshop Nuka","og_description":"Gorilla Auto Samen - eine autoflowering Cannabissorte, die durch Kreuzung der ber\u00fchmten Gorilla Glue mit der stabilen Ruderalis entstanden ist. Auto Gorilla hat die Herzen von Z\u00fcchtern und Konsumenten auf der ganzen Welt f\u00fcr ihren einfachen Anbau und ihre stark stimulierende Wirkung gewonnen.","og_url":"https:\/\/nukaseeds.cz\/de\/buy-cannabis-seeds\/gorilla-auto\/","og_site_name":"Nuka Cannabis-Samen","article_publisher":"https:\/\/www.facebook.com\/Nukaseeds\/","og_image":[{"url":"http:\/\/nukaseeds.cz\/wp-content\/uploads\/2024\/04\/gorilla-auto-growshop-nuka-semena-konopi-225x300.webp","type":"","width":"","height":""}],"twitter_card":"summary_large_image","twitter_title":"Gorilla Auto Hanfsamen - Growshop Nuka","twitter_description":"Gorilla Auto Samen - eine autoflowering Cannabissorte, die durch Kreuzung der ber\u00fchmten Gorilla Glue mit der stabilen Ruderalis entstanden ist. Auto Gorilla hat die Herzen von Z\u00fcchtern und Konsumenten auf der ganzen Welt f\u00fcr ihren einfachen Anbau und ihre stark stimulierende Wirkung gewonnen.","twitter_image":"http:\/\/nukaseeds.cz\/wp-content\/uploads\/2024\/04\/gorilla-auto-growshop-nuka-semena-konopi-768x1024.webp","twitter_site":"@seeds_nuka","twitter_misc":{"Gesch\u00e4tzte Lesezeit":"1\u00a0Minute"},"schema":{"@context":"https:\/\/schema.org","@graph":[{"@type":"WebPage","@id":"https:\/\/nukaseeds.cz\/de\/buy-cannabis-seeds\/gorilla-auto\/","url":"https:\/\/nukaseeds.cz\/de\/buy-cannabis-seeds\/gorilla-auto\/","name":"Hanfsamen Gorilla Auto - Growshop NukaSeeds","isPartOf":{"@id":"https:\/\/nukaseeds.cz\/de\/#website"},"primaryImageOfPage":{"@id":"https:\/\/nukaseeds.cz\/de\/buy-cannabis-seeds\/gorilla-auto\/#primaryimage"},"image":{"@id":"https:\/\/nukaseeds.cz\/de\/buy-cannabis-seeds\/gorilla-auto\/#primaryimage"},"thumbnailUrl":"https:\/\/nukaseeds.cz\/wp-content\/uploads\/2024\/04\/gorilla-auto-growshop-nuka-semena-konopi.webp","datePublished":"2024-04-16T01:23:39+00:00","description":"Gorilla Auto Samen - eine autoflowering Cannabissorte, die durch Kreuzung der ber\u00fchmten Gorilla Glue mit der stabilen Ruderalis entstanden ist. Auto Gorilla hat die Herzen von Z\u00fcchtern und Konsumenten auf der ganzen Welt f\u00fcr ihren einfachen Anbau und ihre stark stimulierende Wirkung gewonnen.","breadcrumb":{"@id":"https:\/\/nukaseeds.cz\/de\/buy-cannabis-seeds\/gorilla-auto\/#breadcrumb"},"inLanguage":"de","potentialAction":[{"@type":"ReadAction","target":["https:\/\/nukaseeds.cz\/de\/buy-cannabis-seeds\/gorilla-auto\/"]}]},{"@type":"ImageObject","inLanguage":"de","@id":"https:\/\/nukaseeds.cz\/de\/buy-cannabis-seeds\/gorilla-auto\/#primaryimage","url":"https:\/\/nukaseeds.cz\/wp-content\/uploads\/2024\/04\/gorilla-auto-growshop-nuka-semena-konopi.webp","contentUrl":"https:\/\/nukaseeds.cz\/wp-content\/uploads\/2024\/04\/gorilla-auto-growshop-nuka-semena-konopi.webp","width":810,"height":1080,"caption":"Sem\u00ednka konop\u00ed Gorilla Auto - Growshop Nuka"},{"@type":"BreadcrumbList","@id":"https:\/\/nukaseeds.cz\/de\/buy-cannabis-seeds\/gorilla-auto\/#breadcrumb","itemListElement":[{"@type":"ListItem","position":1,"name":"Home","item":"https:\/\/nukaseeds.cz\/de\/"},{"@type":"ListItem","position":2,"name":"Cannabis-Samen kaufen","item":"https:\/\/nukaseeds.cz\/de\/shop\/"},{"@type":"ListItem","position":3,"name":"Cannabis-Samen","item":"https:\/\/nukaseeds.cz\/de\/hanf-samen-kaufen\/hanfsamen-de\/"},{"@type":"ListItem","position":4,"name":"Gorilla Auto"}]},{"@type":"WebSite","@id":"https:\/\/nukaseeds.cz\/de\/#website","url":"https:\/\/nukaseeds.cz\/de\/","name":"Nuka Seeds Bank","description":"Cannabis-Samen kaufen, Marihuana-Samen kaufen","publisher":{"@id":"https:\/\/nukaseeds.cz\/de\/#organization"},"alternateName":"NukaSeeds cannabis seed bank","potentialAction":[{"@type":"SearchAction","target":{"@type":"EntryPoint","urlTemplate":"https:\/\/nukaseeds.cz\/de\/?s={search_term_string}"},"query-input":{"@type":"PropertyValueSpecification","valueRequired":true,"valueName":"search_term_string"}}],"inLanguage":"de"},{"@type":"Organization","@id":"https:\/\/nukaseeds.cz\/de\/#organization","name":"Nuka Trade s.r.o.","url":"https:\/\/nukaseeds.cz\/de\/","logo":{"@type":"ImageObject","inLanguage":"de","@id":"https:\/\/nukaseeds.cz\/de\/#\/schema\/logo\/image\/","url":"https:\/\/i0.wp.com\/nukaseeds.cz\/wp-content\/uploads\/2021\/11\/nuka-seeds-logo-vector-neon-8-production.png?fit=2142%2C1457&quality=70&ssl=1","contentUrl":"https:\/\/i0.wp.com\/nukaseeds.cz\/wp-content\/uploads\/2021\/11\/nuka-seeds-logo-vector-neon-8-production.png?fit=2142%2C1457&quality=70&ssl=1","width":2142,"height":1457,"caption":"Nuka Trade s.r.o."},"image":{"@id":"https:\/\/nukaseeds.cz\/de\/#\/schema\/logo\/image\/"},"sameAs":["https:\/\/www.facebook.com\/Nukaseeds\/","https:\/\/x.com\/seeds_nuka","https:\/\/www.instagram.com\/nukaseeds\/","https:\/\/www.youtube.com\/@nukaseeds1167","https:\/\/www.tumblr.com\/nukaseeds","https:\/\/www.linkedin.com\/company\/nukaseeds-ltd\/","https:\/\/cz.pinterest.com\/Nukaseeds\/"]}]}},"_links":{"self":[{"href":"https:\/\/nukaseeds.cz\/de\/wp-json\/wp\/v2\/product\/90557","targetHints":{"allow":["GET"]}}],"collection":[{"href":"https:\/\/nukaseeds.cz\/de\/wp-json\/wp\/v2\/product"}],"about":[{"href":"https:\/\/nukaseeds.cz\/de\/wp-json\/wp\/v2\/types\/product"}],"replies":[{"embeddable":true,"href":"https:\/\/nukaseeds.cz\/de\/wp-json\/wp\/v2\/comments?post=90557"}],"wp:featuredmedia":[{"embeddable":true,"href":"https:\/\/nukaseeds.cz\/de\/wp-json\/wp\/v2\/media\/90558"}],"wp:attachment":[{"href":"https:\/\/nukaseeds.cz\/de\/wp-json\/wp\/v2\/media?parent=90557"}],"wp:term":[{"taxonomy":"product_brand","embeddable":true,"href":"https:\/\/nukaseeds.cz\/de\/wp-json\/wp\/v2\/product_brand?post=90557"},{"taxonomy":"product_cat","embeddable":true,"href":"https:\/\/nukaseeds.cz\/de\/wp-json\/wp\/v2\/product_cat?post=90557"},{"taxonomy":"product_tag","embeddable":true,"href":"https:\/\/nukaseeds.cz\/de\/wp-json\/wp\/v2\/product_tag?post=90557"}],"curies":[{"name":"wp","href":"https:\/\/api.w.org\/{rel}","templated":true}]}}