{"id":90568,"date":"2024-04-15T16:24:39","date_gmt":"2024-04-15T14:24:39","guid":{"rendered":"http:\/\/nukaseeds.cz\/buy-cannabis-seeds\/kleopatra\/"},"modified":"2024-04-15T16:24:39","modified_gmt":"2024-04-15T14:24:39","slug":"kleopatra","status":"publish","type":"product","link":"https:\/\/nukaseeds.cz\/de\/buy-cannabis-seeds\/kleopatra\/","title":{"rendered":"Kleopatra"},"content":{"rendered":"<p>Cleopatra seeds &#8211; Feminisierte CBD-Sorte von Nuka Seeds ist die K\u00f6nigin der medizinischen Cannabissorten. Dies ist eine gro\u00dfartige urspr\u00fcngliche Skunk mit einer CBD-dominanten Indikation, mit einem Verh\u00e4ltnis von eins zu zwei von THC zu CBD Cannabinoiden. <\/p>\n<p>Enth\u00e4lt 7% THC und 14% CBD! Sie w\u00e4chst bis zu einer H\u00f6he von 2 Metern, was eine sehr reiche Ernte verspricht. NukaSeeds Cleopatra ist eine starke Cannabispflanze, die nicht anf\u00e4llig f\u00fcr Krankheiten, Sch\u00e4dlinge oder Pilze ist und sich daher sowohl f\u00fcr warme als auch f\u00fcr k\u00fchlere oder feuchtere Umgebungen eignet.  <\/p>\n<p>Ihre Stressresistenz und ihr hohes Potenzial machen sie zur besten Wahl f\u00fcr Anf\u00e4nger oder weniger erfahrene Z\u00fcchter, die auf der Suche nach der perfekten CBD-Cannabissorte sind.<\/p>\n<p>Die Bl\u00fctezeit betr\u00e4gt etwa 60 Tage, danach bekommst du eine majest\u00e4tische Menge Gras.<\/p>\n<p>Es ist auch sehr gut f\u00fcr die Herstellung von Cannabisextrakten geeignet.<\/p>\n<p>Cannabis Cleopatra hat einen unvergesslich s\u00fc\u00dfen Geschmack mit einem Hauch von Frucht. Die heilende Wirkung von Cleopatra ist am besten f\u00fcr Schmerzen, Appetitlosigkeit und neurologische Probleme geeignet. <\/p>\n<p>Sein niedriger THC-Gehalt macht es ideal f\u00fcr den regelm\u00e4\u00dfigen Gebrauch als Ersatz f\u00fcr CBD-\u00d6le und andere CBD-Produkte.<\/p>\n","protected":false},"excerpt":{"rendered":"<p>Cleopatra Hanfsamen &#8211; Feminisierte CBD-Sorte. ist die K\u00f6nigin der medizinischen Cannabissorten. Sie ist eine gro\u00dfartige urspr\u00fcngliche Skunk mit einer \u00fcberwiegenden CBD-Indikation. mit einem Verh\u00e4ltnis von eins zu zwei von THC zu CBD-Cannabinoiden.<\/p>\n","protected":false},"featured_media":90569,"comment_status":"open","ping_status":"closed","template":"","meta":[],"product_brand":[],"product_cat":[7741,7749,7736,7738,7751,7745,7748,7758,7759,7753],"product_tag":[],"class_list":{"0":"post-90568","1":"product","2":"type-product","3":"status-publish","4":"has-post-thumbnail","6":"product_cat-56-65-tage-de","7":"product_cat-anbau-im-freien-de","8":"product_cat-hanfsamen-de","9":"product_cat-cbd-samen-de","10":"product_cat-feminisierte-hanfsamen-de","11":"product_cat-indica-hanf-de","12":"product_cat-indoor-anbau-de","13":"product_cat-hanf-foerdert-die-kreativitaet-de","14":"product_cat-medizinisches-cannabis-de","15":"product_cat-nuka-samen-de","16":"pa_baleni-semen-3-de","17":"pa_baleni-semen-5-de","18":"pa_baleni-semen-10-de","19":"pa_brand-nuka-samen","22":"first","23":"instock","24":"sale","25":"taxable","26":"shipping-taxable","27":"purchasable","28":"product-type-variable"},"yoast_head":"<!-- This site is optimized with the Yoast SEO plugin v26.6 - https:\/\/yoast.com\/wordpress\/plugins\/seo\/ -->\n<title>Hanfsamen Cleopatra - Growshop NukaSeeds<\/title>\n<meta name=\"description\" content=\"Cleopatra Cannabis Seeds - Feminisierte CBD-Sorte. ist die K\u00f6nigin der medizinischen Cannabis-Sorten. Sie ist eine gro\u00dfartige urspr\u00fcngliche Skunk mit einer \u00fcberwiegenden CBD-Indikation. mit einem Verh\u00e4ltnis von eins zu zwei von THC zu CBD-Cannabinoiden.\" \/>\n<meta name=\"robots\" content=\"index, follow, max-snippet:-1, max-image-preview:large, max-video-preview:-1\" \/>\n<link rel=\"canonical\" href=\"https:\/\/nukaseeds.cz\/de\/buy-cannabis-seeds\/kleopatra\/\" \/>\n<meta property=\"og:locale\" content=\"de_DE\" \/>\n<meta property=\"og:type\" content=\"article\" \/>\n<meta property=\"og:title\" content=\"Hanfsamen Cleopatra - Growshop NukaSeeds\" \/>\n<meta property=\"og:description\" content=\"Cleopatra Cannabis Seeds - Feminisierte CBD-Sorte. ist die K\u00f6nigin der medizinischen Cannabissorten. Sie ist eine gro\u00dfartige urspr\u00fcngliche Skunk mit einer \u00fcberwiegenden CBD-Indikation. mit einem Verh\u00e4ltnis von eins zu zwei von THC zu CBD-Cannabinoiden.\" \/>\n<meta property=\"og:url\" content=\"https:\/\/nukaseeds.cz\/de\/buy-cannabis-seeds\/kleopatra\/\" \/>\n<meta property=\"og:site_name\" content=\"Nuka Cannabis-Samen\" \/>\n<meta property=\"article:publisher\" content=\"https:\/\/www.facebook.com\/Nukaseeds\/\" \/>\n<meta property=\"og:image\" content=\"http:\/\/nukaseeds.cz\/wp-content\/uploads\/2024\/04\/cleopatra-growshop-nuka-semena-konopi-225x300.webp\" \/>\n<meta name=\"twitter:card\" content=\"summary_large_image\" \/>\n<meta name=\"twitter:title\" content=\"Hanfsamen Cleopatra - Growshop NukaSeeds\" \/>\n<meta name=\"twitter:description\" content=\"Cleopatra Cannabis Seeds - Feminisierte CBD-Sorte. ist die K\u00f6nigin der medizinischen Cannabis-Sorten. Sie ist eine gro\u00dfartige urspr\u00fcngliche Skunk mit einer \u00fcberwiegenden CBD-Indikation. mit einem Verh\u00e4ltnis von eins zu zwei von THC zu CBD-Cannabinoiden.\" \/>\n<meta name=\"twitter:image\" content=\"http:\/\/nukaseeds.cz\/wp-content\/uploads\/2024\/04\/cleopatra-growshop-nuka-semena-konopi-768x1024.webp\" \/>\n<meta name=\"twitter:site\" content=\"@seeds_nuka\" \/>\n<meta name=\"twitter:label1\" content=\"Gesch\u00e4tzte Lesezeit\" \/>\n\t<meta name=\"twitter:data1\" content=\"1\u00a0Minute\" \/>\n<script type=\"application\/ld+json\" class=\"yoast-schema-graph\">{\"@context\":\"https:\/\/schema.org\",\"@graph\":[{\"@type\":\"WebPage\",\"@id\":\"https:\/\/nukaseeds.cz\/de\/buy-cannabis-seeds\/kleopatra\/\",\"url\":\"https:\/\/nukaseeds.cz\/de\/buy-cannabis-seeds\/kleopatra\/\",\"name\":\"Hanfsamen Cleopatra - Growshop NukaSeeds\",\"isPartOf\":{\"@id\":\"https:\/\/nukaseeds.cz\/de\/#website\"},\"primaryImageOfPage\":{\"@id\":\"https:\/\/nukaseeds.cz\/de\/buy-cannabis-seeds\/kleopatra\/#primaryimage\"},\"image\":{\"@id\":\"https:\/\/nukaseeds.cz\/de\/buy-cannabis-seeds\/kleopatra\/#primaryimage\"},\"thumbnailUrl\":\"https:\/\/nukaseeds.cz\/wp-content\/uploads\/2024\/04\/cleopatra-growshop-nuka-semena-konopi.webp\",\"datePublished\":\"2024-04-15T14:24:39+00:00\",\"description\":\"Cleopatra Cannabis Seeds - Feminisierte CBD-Sorte. ist die K\u00f6nigin der medizinischen Cannabis-Sorten. Sie ist eine gro\u00dfartige urspr\u00fcngliche Skunk mit einer \u00fcberwiegenden CBD-Indikation. mit einem Verh\u00e4ltnis von eins zu zwei von THC zu CBD-Cannabinoiden.\",\"breadcrumb\":{\"@id\":\"https:\/\/nukaseeds.cz\/de\/buy-cannabis-seeds\/kleopatra\/#breadcrumb\"},\"inLanguage\":\"de\",\"potentialAction\":[{\"@type\":\"ReadAction\",\"target\":[\"https:\/\/nukaseeds.cz\/de\/buy-cannabis-seeds\/kleopatra\/\"]}]},{\"@type\":\"ImageObject\",\"inLanguage\":\"de\",\"@id\":\"https:\/\/nukaseeds.cz\/de\/buy-cannabis-seeds\/kleopatra\/#primaryimage\",\"url\":\"https:\/\/nukaseeds.cz\/wp-content\/uploads\/2024\/04\/cleopatra-growshop-nuka-semena-konopi.webp\",\"contentUrl\":\"https:\/\/nukaseeds.cz\/wp-content\/uploads\/2024\/04\/cleopatra-growshop-nuka-semena-konopi.webp\",\"width\":810,\"height\":1080,\"caption\":\"Sem\u00ednka konop\u00ed Cleopatra - Growshop NukaSeeds\"},{\"@type\":\"BreadcrumbList\",\"@id\":\"https:\/\/nukaseeds.cz\/de\/buy-cannabis-seeds\/kleopatra\/#breadcrumb\",\"itemListElement\":[{\"@type\":\"ListItem\",\"position\":1,\"name\":\"Home\",\"item\":\"https:\/\/nukaseeds.cz\/de\/\"},{\"@type\":\"ListItem\",\"position\":2,\"name\":\"Cannabis-Samen kaufen\",\"item\":\"https:\/\/nukaseeds.cz\/de\/shop\/\"},{\"@type\":\"ListItem\",\"position\":3,\"name\":\"Cannabis-Samen\",\"item\":\"https:\/\/nukaseeds.cz\/de\/hanf-samen-kaufen\/hanfsamen-de\/\"},{\"@type\":\"ListItem\",\"position\":4,\"name\":\"Kleopatra\"}]},{\"@type\":\"WebSite\",\"@id\":\"https:\/\/nukaseeds.cz\/de\/#website\",\"url\":\"https:\/\/nukaseeds.cz\/de\/\",\"name\":\"Nuka Seeds Bank\",\"description\":\"Cannabis-Samen kaufen, Marihuana-Samen kaufen\",\"publisher\":{\"@id\":\"https:\/\/nukaseeds.cz\/de\/#organization\"},\"alternateName\":\"NukaSeeds cannabis seed bank\",\"potentialAction\":[{\"@type\":\"SearchAction\",\"target\":{\"@type\":\"EntryPoint\",\"urlTemplate\":\"https:\/\/nukaseeds.cz\/de\/?s={search_term_string}\"},\"query-input\":{\"@type\":\"PropertyValueSpecification\",\"valueRequired\":true,\"valueName\":\"search_term_string\"}}],\"inLanguage\":\"de\"},{\"@type\":\"Organization\",\"@id\":\"https:\/\/nukaseeds.cz\/de\/#organization\",\"name\":\"Nuka Trade s.r.o.\",\"url\":\"https:\/\/nukaseeds.cz\/de\/\",\"logo\":{\"@type\":\"ImageObject\",\"inLanguage\":\"de\",\"@id\":\"https:\/\/nukaseeds.cz\/de\/#\/schema\/logo\/image\/\",\"url\":\"https:\/\/i0.wp.com\/nukaseeds.cz\/wp-content\/uploads\/2021\/11\/nuka-seeds-logo-vector-neon-8-production.png?fit=2142%2C1457&quality=70&ssl=1\",\"contentUrl\":\"https:\/\/i0.wp.com\/nukaseeds.cz\/wp-content\/uploads\/2021\/11\/nuka-seeds-logo-vector-neon-8-production.png?fit=2142%2C1457&quality=70&ssl=1\",\"width\":2142,\"height\":1457,\"caption\":\"Nuka Trade s.r.o.\"},\"image\":{\"@id\":\"https:\/\/nukaseeds.cz\/de\/#\/schema\/logo\/image\/\"},\"sameAs\":[\"https:\/\/www.facebook.com\/Nukaseeds\/\",\"https:\/\/x.com\/seeds_nuka\",\"https:\/\/www.instagram.com\/nukaseeds\/\",\"https:\/\/www.youtube.com\/@nukaseeds1167\",\"https:\/\/www.tumblr.com\/nukaseeds\",\"https:\/\/www.linkedin.com\/company\/nukaseeds-ltd\/\",\"https:\/\/cz.pinterest.com\/Nukaseeds\/\"]}]}<\/script>\n<!-- \/ Yoast SEO plugin. -->","yoast_head_json":{"title":"Hanfsamen Cleopatra - Growshop NukaSeeds","description":"Cleopatra Cannabis Seeds - Feminisierte CBD-Sorte. ist die K\u00f6nigin der medizinischen Cannabis-Sorten. Sie ist eine gro\u00dfartige urspr\u00fcngliche Skunk mit einer \u00fcberwiegenden CBD-Indikation. mit einem Verh\u00e4ltnis von eins zu zwei von THC zu CBD-Cannabinoiden.","robots":{"index":"index","follow":"follow","max-snippet":"max-snippet:-1","max-image-preview":"max-image-preview:large","max-video-preview":"max-video-preview:-1"},"canonical":"https:\/\/nukaseeds.cz\/de\/buy-cannabis-seeds\/kleopatra\/","og_locale":"de_DE","og_type":"article","og_title":"Hanfsamen Cleopatra - Growshop NukaSeeds","og_description":"Cleopatra Cannabis Seeds - Feminisierte CBD-Sorte. ist die K\u00f6nigin der medizinischen Cannabissorten. Sie ist eine gro\u00dfartige urspr\u00fcngliche Skunk mit einer \u00fcberwiegenden CBD-Indikation. mit einem Verh\u00e4ltnis von eins zu zwei von THC zu CBD-Cannabinoiden.","og_url":"https:\/\/nukaseeds.cz\/de\/buy-cannabis-seeds\/kleopatra\/","og_site_name":"Nuka Cannabis-Samen","article_publisher":"https:\/\/www.facebook.com\/Nukaseeds\/","og_image":[{"url":"http:\/\/nukaseeds.cz\/wp-content\/uploads\/2024\/04\/cleopatra-growshop-nuka-semena-konopi-225x300.webp","type":"","width":"","height":""}],"twitter_card":"summary_large_image","twitter_title":"Hanfsamen Cleopatra - Growshop NukaSeeds","twitter_description":"Cleopatra Cannabis Seeds - Feminisierte CBD-Sorte. ist die K\u00f6nigin der medizinischen Cannabis-Sorten. Sie ist eine gro\u00dfartige urspr\u00fcngliche Skunk mit einer \u00fcberwiegenden CBD-Indikation. mit einem Verh\u00e4ltnis von eins zu zwei von THC zu CBD-Cannabinoiden.","twitter_image":"http:\/\/nukaseeds.cz\/wp-content\/uploads\/2024\/04\/cleopatra-growshop-nuka-semena-konopi-768x1024.webp","twitter_site":"@seeds_nuka","twitter_misc":{"Gesch\u00e4tzte Lesezeit":"1\u00a0Minute"},"schema":{"@context":"https:\/\/schema.org","@graph":[{"@type":"WebPage","@id":"https:\/\/nukaseeds.cz\/de\/buy-cannabis-seeds\/kleopatra\/","url":"https:\/\/nukaseeds.cz\/de\/buy-cannabis-seeds\/kleopatra\/","name":"Hanfsamen Cleopatra - Growshop NukaSeeds","isPartOf":{"@id":"https:\/\/nukaseeds.cz\/de\/#website"},"primaryImageOfPage":{"@id":"https:\/\/nukaseeds.cz\/de\/buy-cannabis-seeds\/kleopatra\/#primaryimage"},"image":{"@id":"https:\/\/nukaseeds.cz\/de\/buy-cannabis-seeds\/kleopatra\/#primaryimage"},"thumbnailUrl":"https:\/\/nukaseeds.cz\/wp-content\/uploads\/2024\/04\/cleopatra-growshop-nuka-semena-konopi.webp","datePublished":"2024-04-15T14:24:39+00:00","description":"Cleopatra Cannabis Seeds - Feminisierte CBD-Sorte. ist die K\u00f6nigin der medizinischen Cannabis-Sorten. Sie ist eine gro\u00dfartige urspr\u00fcngliche Skunk mit einer \u00fcberwiegenden CBD-Indikation. mit einem Verh\u00e4ltnis von eins zu zwei von THC zu CBD-Cannabinoiden.","breadcrumb":{"@id":"https:\/\/nukaseeds.cz\/de\/buy-cannabis-seeds\/kleopatra\/#breadcrumb"},"inLanguage":"de","potentialAction":[{"@type":"ReadAction","target":["https:\/\/nukaseeds.cz\/de\/buy-cannabis-seeds\/kleopatra\/"]}]},{"@type":"ImageObject","inLanguage":"de","@id":"https:\/\/nukaseeds.cz\/de\/buy-cannabis-seeds\/kleopatra\/#primaryimage","url":"https:\/\/nukaseeds.cz\/wp-content\/uploads\/2024\/04\/cleopatra-growshop-nuka-semena-konopi.webp","contentUrl":"https:\/\/nukaseeds.cz\/wp-content\/uploads\/2024\/04\/cleopatra-growshop-nuka-semena-konopi.webp","width":810,"height":1080,"caption":"Sem\u00ednka konop\u00ed Cleopatra - Growshop NukaSeeds"},{"@type":"BreadcrumbList","@id":"https:\/\/nukaseeds.cz\/de\/buy-cannabis-seeds\/kleopatra\/#breadcrumb","itemListElement":[{"@type":"ListItem","position":1,"name":"Home","item":"https:\/\/nukaseeds.cz\/de\/"},{"@type":"ListItem","position":2,"name":"Cannabis-Samen kaufen","item":"https:\/\/nukaseeds.cz\/de\/shop\/"},{"@type":"ListItem","position":3,"name":"Cannabis-Samen","item":"https:\/\/nukaseeds.cz\/de\/hanf-samen-kaufen\/hanfsamen-de\/"},{"@type":"ListItem","position":4,"name":"Kleopatra"}]},{"@type":"WebSite","@id":"https:\/\/nukaseeds.cz\/de\/#website","url":"https:\/\/nukaseeds.cz\/de\/","name":"Nuka Seeds Bank","description":"Cannabis-Samen kaufen, Marihuana-Samen kaufen","publisher":{"@id":"https:\/\/nukaseeds.cz\/de\/#organization"},"alternateName":"NukaSeeds cannabis seed bank","potentialAction":[{"@type":"SearchAction","target":{"@type":"EntryPoint","urlTemplate":"https:\/\/nukaseeds.cz\/de\/?s={search_term_string}"},"query-input":{"@type":"PropertyValueSpecification","valueRequired":true,"valueName":"search_term_string"}}],"inLanguage":"de"},{"@type":"Organization","@id":"https:\/\/nukaseeds.cz\/de\/#organization","name":"Nuka Trade s.r.o.","url":"https:\/\/nukaseeds.cz\/de\/","logo":{"@type":"ImageObject","inLanguage":"de","@id":"https:\/\/nukaseeds.cz\/de\/#\/schema\/logo\/image\/","url":"https:\/\/i0.wp.com\/nukaseeds.cz\/wp-content\/uploads\/2021\/11\/nuka-seeds-logo-vector-neon-8-production.png?fit=2142%2C1457&quality=70&ssl=1","contentUrl":"https:\/\/i0.wp.com\/nukaseeds.cz\/wp-content\/uploads\/2021\/11\/nuka-seeds-logo-vector-neon-8-production.png?fit=2142%2C1457&quality=70&ssl=1","width":2142,"height":1457,"caption":"Nuka Trade s.r.o."},"image":{"@id":"https:\/\/nukaseeds.cz\/de\/#\/schema\/logo\/image\/"},"sameAs":["https:\/\/www.facebook.com\/Nukaseeds\/","https:\/\/x.com\/seeds_nuka","https:\/\/www.instagram.com\/nukaseeds\/","https:\/\/www.youtube.com\/@nukaseeds1167","https:\/\/www.tumblr.com\/nukaseeds","https:\/\/www.linkedin.com\/company\/nukaseeds-ltd\/","https:\/\/cz.pinterest.com\/Nukaseeds\/"]}]}},"_links":{"self":[{"href":"https:\/\/nukaseeds.cz\/de\/wp-json\/wp\/v2\/product\/90568","targetHints":{"allow":["GET"]}}],"collection":[{"href":"https:\/\/nukaseeds.cz\/de\/wp-json\/wp\/v2\/product"}],"about":[{"href":"https:\/\/nukaseeds.cz\/de\/wp-json\/wp\/v2\/types\/product"}],"replies":[{"embeddable":true,"href":"https:\/\/nukaseeds.cz\/de\/wp-json\/wp\/v2\/comments?post=90568"}],"wp:featuredmedia":[{"embeddable":true,"href":"https:\/\/nukaseeds.cz\/de\/wp-json\/wp\/v2\/media\/90569"}],"wp:attachment":[{"href":"https:\/\/nukaseeds.cz\/de\/wp-json\/wp\/v2\/media?parent=90568"}],"wp:term":[{"taxonomy":"product_brand","embeddable":true,"href":"https:\/\/nukaseeds.cz\/de\/wp-json\/wp\/v2\/product_brand?post=90568"},{"taxonomy":"product_cat","embeddable":true,"href":"https:\/\/nukaseeds.cz\/de\/wp-json\/wp\/v2\/product_cat?post=90568"},{"taxonomy":"product_tag","embeddable":true,"href":"https:\/\/nukaseeds.cz\/de\/wp-json\/wp\/v2\/product_tag?post=90568"}],"curies":[{"name":"wp","href":"https:\/\/api.w.org\/{rel}","templated":true}]}}