{"id":90580,"date":"2024-04-15T15:28:50","date_gmt":"2024-04-15T13:28:50","guid":{"rendered":"http:\/\/nukaseeds.cz\/buy-cannabis-seeds\/bulldozer\/"},"modified":"2024-04-15T15:28:50","modified_gmt":"2024-04-15T13:28:50","slug":"bulldozer","status":"publish","type":"product","link":"https:\/\/nukaseeds.cz\/de\/buy-cannabis-seeds\/bulldozer\/","title":{"rendered":"Bulldozer"},"content":{"rendered":"<p>Der Bulldozer kommt auf uns zu! Eine selbstbl\u00fchende Cannabissorte mit ungez\u00fcgelter Kraft und Vitalit\u00e4t. <\/p>\n<p>Bulldozer ist eine au\u00dfergew\u00f6hnlich schmackhafte Autofem-Sorte, die sich auch durch ihre Bulligkeit auszeichnet. Der Geschmack erinnert an Fruchteis und der THC-Gehalt von \u00fcber 20 Prozent sorgt f\u00fcr eine schnell einsetzende, euphorische bis narkotische Wirkung. <\/p>\n<p>Bulldozer-Pflanzen sind mittelgro\u00df, werden maximal 1,5 Meter gro\u00df und ben\u00f6tigen dank der Ruderalis-Genetik nur sehr wenig deiner Aufmerksamkeit. Du kannst dich auf eine reiche Ernte sch\u00f6ner Harth\u00f6lzer mit einem berauschenden Aroma und einer Qualit\u00e4t freuen, die es mit den besten Photoperioden-Sorten der Welt aufnehmen kann. <\/p>\n<p>Bulldozer Samen sind die beste Wahl f\u00fcr alle, die eine autoflowering Sorte mit perfektem Geschmack und einer starken klassischen Wirkung suchen. Wenn du einer von ihnen bist, z\u00f6gere nicht, sie zu bestellen! <\/p>\n","protected":false},"excerpt":{"rendered":"<p>Der Bulldozer kommt auf uns zu! Eine selbstbl\u00fchende Cannabissorte mit ungez\u00fcgelter Kraft und Vitalit\u00e4t. <\/p>\n","protected":false},"featured_media":90581,"comment_status":"open","ping_status":"closed","template":"","meta":[],"product_brand":[],"product_cat":[7741,7749,7752,7736,7761,7745,7748,7758,7753],"product_tag":[],"class_list":{"0":"post-90580","1":"product","2":"type-product","3":"status-publish","4":"has-post-thumbnail","6":"product_cat-56-65-tage-de","7":"product_cat-anbau-im-freien-de","8":"product_cat-selbstbluehende-hanfsamen-de","9":"product_cat-hanfsamen-de","10":"product_cat-erdung-und-meditation-de","11":"product_cat-indica-hanf-de","12":"product_cat-indoor-anbau-de","13":"product_cat-hanf-foerdert-die-kreativitaet-de","14":"product_cat-nuka-samen-de","15":"pa_baleni-semen-3-de","16":"pa_baleni-semen-5-de","17":"pa_baleni-semen-10-de","18":"pa_brand-nuka-samen","21":"first","22":"instock","23":"sale","24":"taxable","25":"shipping-taxable","26":"purchasable","27":"product-type-variable"},"yoast_head":"<!-- This site is optimized with the Yoast SEO plugin v26.6 - https:\/\/yoast.com\/wordpress\/plugins\/seo\/ -->\n<title>Bulldozer Hanfsamen - Growshop NukaSeeds<\/title>\n<meta name=\"description\" content=\"Die Bulldozer Hanfsamen kommen zu uns! Eine autoflowering Hanfsorte, die ungez\u00e4hmte Kraft und Vitalit\u00e4t in sich tr\u00e4gt. Eine au\u00dfergew\u00f6hnlich schmackhafte autofem Sorte\" \/>\n<meta name=\"robots\" content=\"index, follow, max-snippet:-1, max-image-preview:large, max-video-preview:-1\" \/>\n<link rel=\"canonical\" href=\"https:\/\/nukaseeds.cz\/de\/buy-cannabis-seeds\/bulldozer\/\" \/>\n<meta property=\"og:locale\" content=\"de_DE\" \/>\n<meta property=\"og:type\" content=\"article\" \/>\n<meta property=\"og:title\" content=\"Bulldozer Hanfsamen - Growshop NukaSeeds\" \/>\n<meta property=\"og:description\" content=\"Die Bulldozer Hanfsamen kommen zu uns! Eine autoflowering Hanfsorte, die ungez\u00e4hmte Kraft und Vitalit\u00e4t in sich tr\u00e4gt. Eine au\u00dfergew\u00f6hnlich schmackhafte autofem Sorte\" \/>\n<meta property=\"og:url\" content=\"https:\/\/nukaseeds.cz\/de\/buy-cannabis-seeds\/bulldozer\/\" \/>\n<meta property=\"og:site_name\" content=\"Nuka Cannabis-Samen\" \/>\n<meta property=\"article:publisher\" content=\"https:\/\/www.facebook.com\/Nukaseeds\/\" \/>\n<meta property=\"og:image\" content=\"http:\/\/nukaseeds.cz\/wp-content\/uploads\/2024\/04\/bulldozer-nuka-semena-konopi-225x300.webp\" \/>\n<meta name=\"twitter:card\" content=\"summary_large_image\" \/>\n<meta name=\"twitter:title\" content=\"Bulldozer Hanfsamen - Growshop NukaSeeds\" \/>\n<meta name=\"twitter:description\" content=\"Die Bulldozer Hanfsamen kommen zu uns! Eine autoflowering Hanfsorte, die ungez\u00e4hmte Kraft und Vitalit\u00e4t in sich tr\u00e4gt. Eine au\u00dfergew\u00f6hnlich schmackhafte autofem Sorte\" \/>\n<meta name=\"twitter:image\" content=\"http:\/\/nukaseeds.cz\/wp-content\/uploads\/2024\/04\/bulldozer-nuka-semena-konopi-768x1024.webp\" \/>\n<meta name=\"twitter:site\" content=\"@seeds_nuka\" \/>\n<meta name=\"twitter:label1\" content=\"Gesch\u00e4tzte Lesezeit\" \/>\n\t<meta name=\"twitter:data1\" content=\"1\u00a0Minute\" \/>\n<script type=\"application\/ld+json\" class=\"yoast-schema-graph\">{\"@context\":\"https:\/\/schema.org\",\"@graph\":[{\"@type\":\"WebPage\",\"@id\":\"https:\/\/nukaseeds.cz\/de\/buy-cannabis-seeds\/bulldozer\/\",\"url\":\"https:\/\/nukaseeds.cz\/de\/buy-cannabis-seeds\/bulldozer\/\",\"name\":\"Bulldozer Hanfsamen - Growshop NukaSeeds\",\"isPartOf\":{\"@id\":\"https:\/\/nukaseeds.cz\/de\/#website\"},\"primaryImageOfPage\":{\"@id\":\"https:\/\/nukaseeds.cz\/de\/buy-cannabis-seeds\/bulldozer\/#primaryimage\"},\"image\":{\"@id\":\"https:\/\/nukaseeds.cz\/de\/buy-cannabis-seeds\/bulldozer\/#primaryimage\"},\"thumbnailUrl\":\"https:\/\/nukaseeds.cz\/wp-content\/uploads\/2024\/04\/bulldozer-nuka-semena-konopi.webp\",\"datePublished\":\"2024-04-15T13:28:50+00:00\",\"description\":\"Die Bulldozer Hanfsamen kommen zu uns! Eine autoflowering Hanfsorte, die ungez\u00e4hmte Kraft und Vitalit\u00e4t in sich tr\u00e4gt. Eine au\u00dfergew\u00f6hnlich schmackhafte autofem Sorte\",\"breadcrumb\":{\"@id\":\"https:\/\/nukaseeds.cz\/de\/buy-cannabis-seeds\/bulldozer\/#breadcrumb\"},\"inLanguage\":\"de\",\"potentialAction\":[{\"@type\":\"ReadAction\",\"target\":[\"https:\/\/nukaseeds.cz\/de\/buy-cannabis-seeds\/bulldozer\/\"]}]},{\"@type\":\"ImageObject\",\"inLanguage\":\"de\",\"@id\":\"https:\/\/nukaseeds.cz\/de\/buy-cannabis-seeds\/bulldozer\/#primaryimage\",\"url\":\"https:\/\/nukaseeds.cz\/wp-content\/uploads\/2024\/04\/bulldozer-nuka-semena-konopi.webp\",\"contentUrl\":\"https:\/\/nukaseeds.cz\/wp-content\/uploads\/2024\/04\/bulldozer-nuka-semena-konopi.webp\",\"width\":810,\"height\":1080,\"caption\":\"Sem\u00ednka konop\u00ed Bulldozer od Nuka Seeds\"},{\"@type\":\"BreadcrumbList\",\"@id\":\"https:\/\/nukaseeds.cz\/de\/buy-cannabis-seeds\/bulldozer\/#breadcrumb\",\"itemListElement\":[{\"@type\":\"ListItem\",\"position\":1,\"name\":\"Home\",\"item\":\"https:\/\/nukaseeds.cz\/de\/\"},{\"@type\":\"ListItem\",\"position\":2,\"name\":\"Cannabis-Samen kaufen\",\"item\":\"https:\/\/nukaseeds.cz\/de\/shop\/\"},{\"@type\":\"ListItem\",\"position\":3,\"name\":\"Cannabis-Samen\",\"item\":\"https:\/\/nukaseeds.cz\/de\/hanf-samen-kaufen\/hanfsamen-de\/\"},{\"@type\":\"ListItem\",\"position\":4,\"name\":\"Bulldozer\"}]},{\"@type\":\"WebSite\",\"@id\":\"https:\/\/nukaseeds.cz\/de\/#website\",\"url\":\"https:\/\/nukaseeds.cz\/de\/\",\"name\":\"Nuka Seeds Bank\",\"description\":\"Cannabis-Samen kaufen, Marihuana-Samen kaufen\",\"publisher\":{\"@id\":\"https:\/\/nukaseeds.cz\/de\/#organization\"},\"alternateName\":\"NukaSeeds cannabis seed bank\",\"potentialAction\":[{\"@type\":\"SearchAction\",\"target\":{\"@type\":\"EntryPoint\",\"urlTemplate\":\"https:\/\/nukaseeds.cz\/de\/?s={search_term_string}\"},\"query-input\":{\"@type\":\"PropertyValueSpecification\",\"valueRequired\":true,\"valueName\":\"search_term_string\"}}],\"inLanguage\":\"de\"},{\"@type\":\"Organization\",\"@id\":\"https:\/\/nukaseeds.cz\/de\/#organization\",\"name\":\"Nuka Trade s.r.o.\",\"url\":\"https:\/\/nukaseeds.cz\/de\/\",\"logo\":{\"@type\":\"ImageObject\",\"inLanguage\":\"de\",\"@id\":\"https:\/\/nukaseeds.cz\/de\/#\/schema\/logo\/image\/\",\"url\":\"https:\/\/i0.wp.com\/nukaseeds.cz\/wp-content\/uploads\/2021\/11\/nuka-seeds-logo-vector-neon-8-production.png?fit=2142%2C1457&quality=70&ssl=1\",\"contentUrl\":\"https:\/\/i0.wp.com\/nukaseeds.cz\/wp-content\/uploads\/2021\/11\/nuka-seeds-logo-vector-neon-8-production.png?fit=2142%2C1457&quality=70&ssl=1\",\"width\":2142,\"height\":1457,\"caption\":\"Nuka Trade s.r.o.\"},\"image\":{\"@id\":\"https:\/\/nukaseeds.cz\/de\/#\/schema\/logo\/image\/\"},\"sameAs\":[\"https:\/\/www.facebook.com\/Nukaseeds\/\",\"https:\/\/x.com\/seeds_nuka\",\"https:\/\/www.instagram.com\/nukaseeds\/\",\"https:\/\/www.youtube.com\/@nukaseeds1167\",\"https:\/\/www.tumblr.com\/nukaseeds\",\"https:\/\/www.linkedin.com\/company\/nukaseeds-ltd\/\",\"https:\/\/cz.pinterest.com\/Nukaseeds\/\"]}]}<\/script>\n<!-- \/ Yoast SEO plugin. -->","yoast_head_json":{"title":"Bulldozer Hanfsamen - Growshop NukaSeeds","description":"Die Bulldozer Hanfsamen kommen zu uns! Eine autoflowering Hanfsorte, die ungez\u00e4hmte Kraft und Vitalit\u00e4t in sich tr\u00e4gt. Eine au\u00dfergew\u00f6hnlich schmackhafte autofem Sorte","robots":{"index":"index","follow":"follow","max-snippet":"max-snippet:-1","max-image-preview":"max-image-preview:large","max-video-preview":"max-video-preview:-1"},"canonical":"https:\/\/nukaseeds.cz\/de\/buy-cannabis-seeds\/bulldozer\/","og_locale":"de_DE","og_type":"article","og_title":"Bulldozer Hanfsamen - Growshop NukaSeeds","og_description":"Die Bulldozer Hanfsamen kommen zu uns! Eine autoflowering Hanfsorte, die ungez\u00e4hmte Kraft und Vitalit\u00e4t in sich tr\u00e4gt. Eine au\u00dfergew\u00f6hnlich schmackhafte autofem Sorte","og_url":"https:\/\/nukaseeds.cz\/de\/buy-cannabis-seeds\/bulldozer\/","og_site_name":"Nuka Cannabis-Samen","article_publisher":"https:\/\/www.facebook.com\/Nukaseeds\/","og_image":[{"url":"http:\/\/nukaseeds.cz\/wp-content\/uploads\/2024\/04\/bulldozer-nuka-semena-konopi-225x300.webp","type":"","width":"","height":""}],"twitter_card":"summary_large_image","twitter_title":"Bulldozer Hanfsamen - Growshop NukaSeeds","twitter_description":"Die Bulldozer Hanfsamen kommen zu uns! Eine autoflowering Hanfsorte, die ungez\u00e4hmte Kraft und Vitalit\u00e4t in sich tr\u00e4gt. Eine au\u00dfergew\u00f6hnlich schmackhafte autofem Sorte","twitter_image":"http:\/\/nukaseeds.cz\/wp-content\/uploads\/2024\/04\/bulldozer-nuka-semena-konopi-768x1024.webp","twitter_site":"@seeds_nuka","twitter_misc":{"Gesch\u00e4tzte Lesezeit":"1\u00a0Minute"},"schema":{"@context":"https:\/\/schema.org","@graph":[{"@type":"WebPage","@id":"https:\/\/nukaseeds.cz\/de\/buy-cannabis-seeds\/bulldozer\/","url":"https:\/\/nukaseeds.cz\/de\/buy-cannabis-seeds\/bulldozer\/","name":"Bulldozer Hanfsamen - Growshop NukaSeeds","isPartOf":{"@id":"https:\/\/nukaseeds.cz\/de\/#website"},"primaryImageOfPage":{"@id":"https:\/\/nukaseeds.cz\/de\/buy-cannabis-seeds\/bulldozer\/#primaryimage"},"image":{"@id":"https:\/\/nukaseeds.cz\/de\/buy-cannabis-seeds\/bulldozer\/#primaryimage"},"thumbnailUrl":"https:\/\/nukaseeds.cz\/wp-content\/uploads\/2024\/04\/bulldozer-nuka-semena-konopi.webp","datePublished":"2024-04-15T13:28:50+00:00","description":"Die Bulldozer Hanfsamen kommen zu uns! Eine autoflowering Hanfsorte, die ungez\u00e4hmte Kraft und Vitalit\u00e4t in sich tr\u00e4gt. Eine au\u00dfergew\u00f6hnlich schmackhafte autofem Sorte","breadcrumb":{"@id":"https:\/\/nukaseeds.cz\/de\/buy-cannabis-seeds\/bulldozer\/#breadcrumb"},"inLanguage":"de","potentialAction":[{"@type":"ReadAction","target":["https:\/\/nukaseeds.cz\/de\/buy-cannabis-seeds\/bulldozer\/"]}]},{"@type":"ImageObject","inLanguage":"de","@id":"https:\/\/nukaseeds.cz\/de\/buy-cannabis-seeds\/bulldozer\/#primaryimage","url":"https:\/\/nukaseeds.cz\/wp-content\/uploads\/2024\/04\/bulldozer-nuka-semena-konopi.webp","contentUrl":"https:\/\/nukaseeds.cz\/wp-content\/uploads\/2024\/04\/bulldozer-nuka-semena-konopi.webp","width":810,"height":1080,"caption":"Sem\u00ednka konop\u00ed Bulldozer od Nuka Seeds"},{"@type":"BreadcrumbList","@id":"https:\/\/nukaseeds.cz\/de\/buy-cannabis-seeds\/bulldozer\/#breadcrumb","itemListElement":[{"@type":"ListItem","position":1,"name":"Home","item":"https:\/\/nukaseeds.cz\/de\/"},{"@type":"ListItem","position":2,"name":"Cannabis-Samen kaufen","item":"https:\/\/nukaseeds.cz\/de\/shop\/"},{"@type":"ListItem","position":3,"name":"Cannabis-Samen","item":"https:\/\/nukaseeds.cz\/de\/hanf-samen-kaufen\/hanfsamen-de\/"},{"@type":"ListItem","position":4,"name":"Bulldozer"}]},{"@type":"WebSite","@id":"https:\/\/nukaseeds.cz\/de\/#website","url":"https:\/\/nukaseeds.cz\/de\/","name":"Nuka Seeds Bank","description":"Cannabis-Samen kaufen, Marihuana-Samen kaufen","publisher":{"@id":"https:\/\/nukaseeds.cz\/de\/#organization"},"alternateName":"NukaSeeds cannabis seed bank","potentialAction":[{"@type":"SearchAction","target":{"@type":"EntryPoint","urlTemplate":"https:\/\/nukaseeds.cz\/de\/?s={search_term_string}"},"query-input":{"@type":"PropertyValueSpecification","valueRequired":true,"valueName":"search_term_string"}}],"inLanguage":"de"},{"@type":"Organization","@id":"https:\/\/nukaseeds.cz\/de\/#organization","name":"Nuka Trade s.r.o.","url":"https:\/\/nukaseeds.cz\/de\/","logo":{"@type":"ImageObject","inLanguage":"de","@id":"https:\/\/nukaseeds.cz\/de\/#\/schema\/logo\/image\/","url":"https:\/\/i0.wp.com\/nukaseeds.cz\/wp-content\/uploads\/2021\/11\/nuka-seeds-logo-vector-neon-8-production.png?fit=2142%2C1457&quality=70&ssl=1","contentUrl":"https:\/\/i0.wp.com\/nukaseeds.cz\/wp-content\/uploads\/2021\/11\/nuka-seeds-logo-vector-neon-8-production.png?fit=2142%2C1457&quality=70&ssl=1","width":2142,"height":1457,"caption":"Nuka Trade s.r.o."},"image":{"@id":"https:\/\/nukaseeds.cz\/de\/#\/schema\/logo\/image\/"},"sameAs":["https:\/\/www.facebook.com\/Nukaseeds\/","https:\/\/x.com\/seeds_nuka","https:\/\/www.instagram.com\/nukaseeds\/","https:\/\/www.youtube.com\/@nukaseeds1167","https:\/\/www.tumblr.com\/nukaseeds","https:\/\/www.linkedin.com\/company\/nukaseeds-ltd\/","https:\/\/cz.pinterest.com\/Nukaseeds\/"]}]}},"_links":{"self":[{"href":"https:\/\/nukaseeds.cz\/de\/wp-json\/wp\/v2\/product\/90580","targetHints":{"allow":["GET"]}}],"collection":[{"href":"https:\/\/nukaseeds.cz\/de\/wp-json\/wp\/v2\/product"}],"about":[{"href":"https:\/\/nukaseeds.cz\/de\/wp-json\/wp\/v2\/types\/product"}],"replies":[{"embeddable":true,"href":"https:\/\/nukaseeds.cz\/de\/wp-json\/wp\/v2\/comments?post=90580"}],"wp:featuredmedia":[{"embeddable":true,"href":"https:\/\/nukaseeds.cz\/de\/wp-json\/wp\/v2\/media\/90581"}],"wp:attachment":[{"href":"https:\/\/nukaseeds.cz\/de\/wp-json\/wp\/v2\/media?parent=90580"}],"wp:term":[{"taxonomy":"product_brand","embeddable":true,"href":"https:\/\/nukaseeds.cz\/de\/wp-json\/wp\/v2\/product_brand?post=90580"},{"taxonomy":"product_cat","embeddable":true,"href":"https:\/\/nukaseeds.cz\/de\/wp-json\/wp\/v2\/product_cat?post=90580"},{"taxonomy":"product_tag","embeddable":true,"href":"https:\/\/nukaseeds.cz\/de\/wp-json\/wp\/v2\/product_tag?post=90580"}],"curies":[{"name":"wp","href":"https:\/\/api.w.org\/{rel}","templated":true}]}}