{"id":90591,"date":"2024-04-15T13:19:00","date_gmt":"2024-04-15T11:19:00","guid":{"rendered":"http:\/\/nukaseeds.cz\/buy-cannabis-seeds\/banshee\/"},"modified":"2024-04-15T13:19:00","modified_gmt":"2024-04-15T11:19:00","slug":"banshee","status":"publish","type":"product","link":"https:\/\/nukaseeds.cz\/de\/buy-cannabis-seeds\/banshee\/","title":{"rendered":"Banshee"},"content":{"rendered":"<p>Die exzellente Banshee Autoflower-Cannabissorte ist \u00fcberwiegend eine Indica mit einem gro\u00dfartigen Geschmack und einer ausgewogenen Rauchwirkung. Die Kombination aus Bubblegum und American Star O.G. Kush hat die d\u00e4monische Banshee hervorgebracht. Mit ihrem scharfen Aroma und ihrem unwiderstehlichen Aussehen wirst du in Versuchung kommen, die unreifen Knospen zu probieren.  <\/p>\n<p>Weitere Vorteile sind eine schnelle Bl\u00fctezeit von sieben bis acht Wochen, Kompaktheit und die gr\u00f6\u00dfte Stabilit\u00e4t aller Cannabissorten im NukaSeeds Sortiment.<\/p>\n<p>Es hat eine leicht sedierende Wirkung und kann K\u00f6rper und Geist effektiv auf die Ebene tiefer Meditation beruhigen, wodurch es sich als Mittel gegen Schlaflosigkeit oder Angstzust\u00e4nde eignet.<\/p>\n<p>Der Anbau einer Banshee Auto ist relativ einfach. Aufgrund ihrer geringeren Gr\u00f6\u00dfe ist der Anbau im Freien unauff\u00e4llig und f\u00fcr niedrigere Innenr\u00e4ume oder Gew\u00e4chsh\u00e4user geeignet. Obwohl autoflowering Pflanzen im Allgemeinen schw\u00e4cher sind, macht der Einfluss der Ruderalis-Sorte Banshee mit ihrem THC-Gehalt von rund siebzehn Prozent st\u00e4rker als der Durchschnitt und es wird empfohlen, sie mit Vorsicht und geb\u00fchrendem Respekt zu konsumieren.  <\/p>\n<p>Banshee Auto ist der richtige Weg, wenn du die Samen eines autoflowering Killers kaufen willst, der D\u00e4monen und Popel vertreibt.<\/p>\n","protected":false},"excerpt":{"rendered":"<p>Die exzellente Banshee Autoflower Cannabis-Sorte ist \u00fcberwiegend eine Indica mit einem gro\u00dfartigen Geschmack und einer ausgewogenen Rauchwirkung.<\/p>\n","protected":false},"featured_media":90592,"comment_status":"open","ping_status":"closed","template":"","meta":[],"product_brand":[],"product_cat":[7740,7749,7752,7736,7761,7745,7748,7753,7760],"product_tag":[],"class_list":{"0":"post-90591","1":"product","2":"type-product","3":"status-publish","4":"has-post-thumbnail","6":"product_cat-45-55-tage-de","7":"product_cat-anbau-im-freien-de","8":"product_cat-selbstbluehende-hanfsamen-de","9":"product_cat-hanfsamen-de","10":"product_cat-erdung-und-meditation-de","11":"product_cat-indica-hanf-de","12":"product_cat-indoor-anbau-de","13":"product_cat-nuka-samen-de","14":"product_cat-schlafstorungen-de","15":"pa_baleni-semen-3-de","16":"pa_baleni-semen-5-de","17":"pa_baleni-semen-10-de","18":"pa_brand-nuka-samen","21":"first","22":"instock","23":"sale","24":"taxable","25":"shipping-taxable","26":"purchasable","27":"product-type-variable"},"yoast_head":"<!-- This site is optimized with the Yoast SEO plugin v26.6 - https:\/\/yoast.com\/wordpress\/plugins\/seo\/ -->\n<title>Hanfsamen Banshee - Growshop NukaSeeds<\/title>\n<meta name=\"description\" content=\"Die exzellente Banshee Autoflower-Cannabissorte ist \u00fcberwiegend eine Indica mit einem gro\u00dfartigen Geschmack und einer ausgewogenen Rauchwirkung. Dank ihres unwiderstehlichen Aussehens wirst du in Versuchung kommen, die unreifen Knospen zu probieren.\" \/>\n<meta name=\"robots\" content=\"index, follow, max-snippet:-1, max-image-preview:large, max-video-preview:-1\" \/>\n<link rel=\"canonical\" href=\"https:\/\/nukaseeds.cz\/de\/buy-cannabis-seeds\/banshee\/\" \/>\n<meta property=\"og:locale\" content=\"de_DE\" \/>\n<meta property=\"og:type\" content=\"article\" \/>\n<meta property=\"og:title\" content=\"Hanfsamen Banshee - Growshop NukaSeeds\" \/>\n<meta property=\"og:description\" content=\"Die exzellente Banshee Autoflower-Cannabissorte ist \u00fcberwiegend eine Indica mit einem gro\u00dfartigen Geschmack und einer ausgewogenen Rauchwirkung. Dank ihres unwiderstehlichen Aussehens wirst du in Versuchung kommen, die unreifen Knospen zu probieren.\" \/>\n<meta property=\"og:url\" content=\"https:\/\/nukaseeds.cz\/de\/buy-cannabis-seeds\/banshee\/\" \/>\n<meta property=\"og:site_name\" content=\"Nuka Cannabis-Samen\" \/>\n<meta property=\"article:publisher\" content=\"https:\/\/www.facebook.com\/Nukaseeds\/\" \/>\n<meta property=\"og:image\" content=\"http:\/\/nukaseeds.cz\/wp-content\/uploads\/2024\/04\/banshee-growshop-nuka-semena-konopi-225x300.webp\" \/>\n<meta name=\"twitter:card\" content=\"summary_large_image\" \/>\n<meta name=\"twitter:title\" content=\"Hanfsamen Banshee - Growshop NukaSeeds\" \/>\n<meta name=\"twitter:description\" content=\"Die exzellente Banshee Autoflower-Cannabissorte ist \u00fcberwiegend eine Indica mit einem gro\u00dfartigen Geschmack und einer ausgewogenen Rauchwirkung. Dank ihres unwiderstehlichen Aussehens wirst du in Versuchung kommen, die unreifen Knospen zu probieren.\" \/>\n<meta name=\"twitter:image\" content=\"http:\/\/nukaseeds.cz\/wp-content\/uploads\/2024\/04\/banshee-growshop-nuka-semena-konopi-768x1024.webp\" \/>\n<meta name=\"twitter:site\" content=\"@seeds_nuka\" \/>\n<meta name=\"twitter:label1\" content=\"Gesch\u00e4tzte Lesezeit\" \/>\n\t<meta name=\"twitter:data1\" content=\"1\u00a0Minute\" \/>\n<script type=\"application\/ld+json\" class=\"yoast-schema-graph\">{\"@context\":\"https:\/\/schema.org\",\"@graph\":[{\"@type\":\"WebPage\",\"@id\":\"https:\/\/nukaseeds.cz\/de\/buy-cannabis-seeds\/banshee\/\",\"url\":\"https:\/\/nukaseeds.cz\/de\/buy-cannabis-seeds\/banshee\/\",\"name\":\"Hanfsamen Banshee - Growshop NukaSeeds\",\"isPartOf\":{\"@id\":\"https:\/\/nukaseeds.cz\/de\/#website\"},\"primaryImageOfPage\":{\"@id\":\"https:\/\/nukaseeds.cz\/de\/buy-cannabis-seeds\/banshee\/#primaryimage\"},\"image\":{\"@id\":\"https:\/\/nukaseeds.cz\/de\/buy-cannabis-seeds\/banshee\/#primaryimage\"},\"thumbnailUrl\":\"https:\/\/nukaseeds.cz\/wp-content\/uploads\/2024\/04\/banshee-growshop-nuka-semena-konopi.webp\",\"datePublished\":\"2024-04-15T11:19:00+00:00\",\"description\":\"Die exzellente Banshee Autoflower-Cannabissorte ist \u00fcberwiegend eine Indica mit einem gro\u00dfartigen Geschmack und einer ausgewogenen Rauchwirkung. Dank ihres unwiderstehlichen Aussehens wirst du in Versuchung kommen, die unreifen Knospen zu probieren.\",\"breadcrumb\":{\"@id\":\"https:\/\/nukaseeds.cz\/de\/buy-cannabis-seeds\/banshee\/#breadcrumb\"},\"inLanguage\":\"de\",\"potentialAction\":[{\"@type\":\"ReadAction\",\"target\":[\"https:\/\/nukaseeds.cz\/de\/buy-cannabis-seeds\/banshee\/\"]}]},{\"@type\":\"ImageObject\",\"inLanguage\":\"de\",\"@id\":\"https:\/\/nukaseeds.cz\/de\/buy-cannabis-seeds\/banshee\/#primaryimage\",\"url\":\"https:\/\/nukaseeds.cz\/wp-content\/uploads\/2024\/04\/banshee-growshop-nuka-semena-konopi.webp\",\"contentUrl\":\"https:\/\/nukaseeds.cz\/wp-content\/uploads\/2024\/04\/banshee-growshop-nuka-semena-konopi.webp\",\"width\":810,\"height\":1080,\"caption\":\"Sem\u00ednka konop\u00ed Banshee od Nuka Seeds\"},{\"@type\":\"BreadcrumbList\",\"@id\":\"https:\/\/nukaseeds.cz\/de\/buy-cannabis-seeds\/banshee\/#breadcrumb\",\"itemListElement\":[{\"@type\":\"ListItem\",\"position\":1,\"name\":\"Home\",\"item\":\"https:\/\/nukaseeds.cz\/de\/\"},{\"@type\":\"ListItem\",\"position\":2,\"name\":\"Cannabis-Samen kaufen\",\"item\":\"https:\/\/nukaseeds.cz\/de\/shop\/\"},{\"@type\":\"ListItem\",\"position\":3,\"name\":\"Cannabis-Samen\",\"item\":\"https:\/\/nukaseeds.cz\/de\/hanf-samen-kaufen\/hanfsamen-de\/\"},{\"@type\":\"ListItem\",\"position\":4,\"name\":\"Banshee\"}]},{\"@type\":\"WebSite\",\"@id\":\"https:\/\/nukaseeds.cz\/de\/#website\",\"url\":\"https:\/\/nukaseeds.cz\/de\/\",\"name\":\"Nuka Seeds Bank\",\"description\":\"Cannabis-Samen kaufen, Marihuana-Samen kaufen\",\"publisher\":{\"@id\":\"https:\/\/nukaseeds.cz\/de\/#organization\"},\"alternateName\":\"NukaSeeds cannabis seed bank\",\"potentialAction\":[{\"@type\":\"SearchAction\",\"target\":{\"@type\":\"EntryPoint\",\"urlTemplate\":\"https:\/\/nukaseeds.cz\/de\/?s={search_term_string}\"},\"query-input\":{\"@type\":\"PropertyValueSpecification\",\"valueRequired\":true,\"valueName\":\"search_term_string\"}}],\"inLanguage\":\"de\"},{\"@type\":\"Organization\",\"@id\":\"https:\/\/nukaseeds.cz\/de\/#organization\",\"name\":\"Nuka Trade s.r.o.\",\"url\":\"https:\/\/nukaseeds.cz\/de\/\",\"logo\":{\"@type\":\"ImageObject\",\"inLanguage\":\"de\",\"@id\":\"https:\/\/nukaseeds.cz\/de\/#\/schema\/logo\/image\/\",\"url\":\"https:\/\/i0.wp.com\/nukaseeds.cz\/wp-content\/uploads\/2021\/11\/nuka-seeds-logo-vector-neon-8-production.png?fit=2142%2C1457&quality=70&ssl=1\",\"contentUrl\":\"https:\/\/i0.wp.com\/nukaseeds.cz\/wp-content\/uploads\/2021\/11\/nuka-seeds-logo-vector-neon-8-production.png?fit=2142%2C1457&quality=70&ssl=1\",\"width\":2142,\"height\":1457,\"caption\":\"Nuka Trade s.r.o.\"},\"image\":{\"@id\":\"https:\/\/nukaseeds.cz\/de\/#\/schema\/logo\/image\/\"},\"sameAs\":[\"https:\/\/www.facebook.com\/Nukaseeds\/\",\"https:\/\/x.com\/seeds_nuka\",\"https:\/\/www.instagram.com\/nukaseeds\/\",\"https:\/\/www.youtube.com\/@nukaseeds1167\",\"https:\/\/www.tumblr.com\/nukaseeds\",\"https:\/\/www.linkedin.com\/company\/nukaseeds-ltd\/\",\"https:\/\/cz.pinterest.com\/Nukaseeds\/\"]}]}<\/script>\n<!-- \/ Yoast SEO plugin. -->","yoast_head_json":{"title":"Hanfsamen Banshee - Growshop NukaSeeds","description":"Die exzellente Banshee Autoflower-Cannabissorte ist \u00fcberwiegend eine Indica mit einem gro\u00dfartigen Geschmack und einer ausgewogenen Rauchwirkung. Dank ihres unwiderstehlichen Aussehens wirst du in Versuchung kommen, die unreifen Knospen zu probieren.","robots":{"index":"index","follow":"follow","max-snippet":"max-snippet:-1","max-image-preview":"max-image-preview:large","max-video-preview":"max-video-preview:-1"},"canonical":"https:\/\/nukaseeds.cz\/de\/buy-cannabis-seeds\/banshee\/","og_locale":"de_DE","og_type":"article","og_title":"Hanfsamen Banshee - Growshop NukaSeeds","og_description":"Die exzellente Banshee Autoflower-Cannabissorte ist \u00fcberwiegend eine Indica mit einem gro\u00dfartigen Geschmack und einer ausgewogenen Rauchwirkung. Dank ihres unwiderstehlichen Aussehens wirst du in Versuchung kommen, die unreifen Knospen zu probieren.","og_url":"https:\/\/nukaseeds.cz\/de\/buy-cannabis-seeds\/banshee\/","og_site_name":"Nuka Cannabis-Samen","article_publisher":"https:\/\/www.facebook.com\/Nukaseeds\/","og_image":[{"url":"http:\/\/nukaseeds.cz\/wp-content\/uploads\/2024\/04\/banshee-growshop-nuka-semena-konopi-225x300.webp","type":"","width":"","height":""}],"twitter_card":"summary_large_image","twitter_title":"Hanfsamen Banshee - Growshop NukaSeeds","twitter_description":"Die exzellente Banshee Autoflower-Cannabissorte ist \u00fcberwiegend eine Indica mit einem gro\u00dfartigen Geschmack und einer ausgewogenen Rauchwirkung. Dank ihres unwiderstehlichen Aussehens wirst du in Versuchung kommen, die unreifen Knospen zu probieren.","twitter_image":"http:\/\/nukaseeds.cz\/wp-content\/uploads\/2024\/04\/banshee-growshop-nuka-semena-konopi-768x1024.webp","twitter_site":"@seeds_nuka","twitter_misc":{"Gesch\u00e4tzte Lesezeit":"1\u00a0Minute"},"schema":{"@context":"https:\/\/schema.org","@graph":[{"@type":"WebPage","@id":"https:\/\/nukaseeds.cz\/de\/buy-cannabis-seeds\/banshee\/","url":"https:\/\/nukaseeds.cz\/de\/buy-cannabis-seeds\/banshee\/","name":"Hanfsamen Banshee - Growshop NukaSeeds","isPartOf":{"@id":"https:\/\/nukaseeds.cz\/de\/#website"},"primaryImageOfPage":{"@id":"https:\/\/nukaseeds.cz\/de\/buy-cannabis-seeds\/banshee\/#primaryimage"},"image":{"@id":"https:\/\/nukaseeds.cz\/de\/buy-cannabis-seeds\/banshee\/#primaryimage"},"thumbnailUrl":"https:\/\/nukaseeds.cz\/wp-content\/uploads\/2024\/04\/banshee-growshop-nuka-semena-konopi.webp","datePublished":"2024-04-15T11:19:00+00:00","description":"Die exzellente Banshee Autoflower-Cannabissorte ist \u00fcberwiegend eine Indica mit einem gro\u00dfartigen Geschmack und einer ausgewogenen Rauchwirkung. Dank ihres unwiderstehlichen Aussehens wirst du in Versuchung kommen, die unreifen Knospen zu probieren.","breadcrumb":{"@id":"https:\/\/nukaseeds.cz\/de\/buy-cannabis-seeds\/banshee\/#breadcrumb"},"inLanguage":"de","potentialAction":[{"@type":"ReadAction","target":["https:\/\/nukaseeds.cz\/de\/buy-cannabis-seeds\/banshee\/"]}]},{"@type":"ImageObject","inLanguage":"de","@id":"https:\/\/nukaseeds.cz\/de\/buy-cannabis-seeds\/banshee\/#primaryimage","url":"https:\/\/nukaseeds.cz\/wp-content\/uploads\/2024\/04\/banshee-growshop-nuka-semena-konopi.webp","contentUrl":"https:\/\/nukaseeds.cz\/wp-content\/uploads\/2024\/04\/banshee-growshop-nuka-semena-konopi.webp","width":810,"height":1080,"caption":"Sem\u00ednka konop\u00ed Banshee od Nuka Seeds"},{"@type":"BreadcrumbList","@id":"https:\/\/nukaseeds.cz\/de\/buy-cannabis-seeds\/banshee\/#breadcrumb","itemListElement":[{"@type":"ListItem","position":1,"name":"Home","item":"https:\/\/nukaseeds.cz\/de\/"},{"@type":"ListItem","position":2,"name":"Cannabis-Samen kaufen","item":"https:\/\/nukaseeds.cz\/de\/shop\/"},{"@type":"ListItem","position":3,"name":"Cannabis-Samen","item":"https:\/\/nukaseeds.cz\/de\/hanf-samen-kaufen\/hanfsamen-de\/"},{"@type":"ListItem","position":4,"name":"Banshee"}]},{"@type":"WebSite","@id":"https:\/\/nukaseeds.cz\/de\/#website","url":"https:\/\/nukaseeds.cz\/de\/","name":"Nuka Seeds Bank","description":"Cannabis-Samen kaufen, Marihuana-Samen kaufen","publisher":{"@id":"https:\/\/nukaseeds.cz\/de\/#organization"},"alternateName":"NukaSeeds cannabis seed bank","potentialAction":[{"@type":"SearchAction","target":{"@type":"EntryPoint","urlTemplate":"https:\/\/nukaseeds.cz\/de\/?s={search_term_string}"},"query-input":{"@type":"PropertyValueSpecification","valueRequired":true,"valueName":"search_term_string"}}],"inLanguage":"de"},{"@type":"Organization","@id":"https:\/\/nukaseeds.cz\/de\/#organization","name":"Nuka Trade s.r.o.","url":"https:\/\/nukaseeds.cz\/de\/","logo":{"@type":"ImageObject","inLanguage":"de","@id":"https:\/\/nukaseeds.cz\/de\/#\/schema\/logo\/image\/","url":"https:\/\/i0.wp.com\/nukaseeds.cz\/wp-content\/uploads\/2021\/11\/nuka-seeds-logo-vector-neon-8-production.png?fit=2142%2C1457&quality=70&ssl=1","contentUrl":"https:\/\/i0.wp.com\/nukaseeds.cz\/wp-content\/uploads\/2021\/11\/nuka-seeds-logo-vector-neon-8-production.png?fit=2142%2C1457&quality=70&ssl=1","width":2142,"height":1457,"caption":"Nuka Trade s.r.o."},"image":{"@id":"https:\/\/nukaseeds.cz\/de\/#\/schema\/logo\/image\/"},"sameAs":["https:\/\/www.facebook.com\/Nukaseeds\/","https:\/\/x.com\/seeds_nuka","https:\/\/www.instagram.com\/nukaseeds\/","https:\/\/www.youtube.com\/@nukaseeds1167","https:\/\/www.tumblr.com\/nukaseeds","https:\/\/www.linkedin.com\/company\/nukaseeds-ltd\/","https:\/\/cz.pinterest.com\/Nukaseeds\/"]}]}},"_links":{"self":[{"href":"https:\/\/nukaseeds.cz\/de\/wp-json\/wp\/v2\/product\/90591","targetHints":{"allow":["GET"]}}],"collection":[{"href":"https:\/\/nukaseeds.cz\/de\/wp-json\/wp\/v2\/product"}],"about":[{"href":"https:\/\/nukaseeds.cz\/de\/wp-json\/wp\/v2\/types\/product"}],"replies":[{"embeddable":true,"href":"https:\/\/nukaseeds.cz\/de\/wp-json\/wp\/v2\/comments?post=90591"}],"wp:featuredmedia":[{"embeddable":true,"href":"https:\/\/nukaseeds.cz\/de\/wp-json\/wp\/v2\/media\/90592"}],"wp:attachment":[{"href":"https:\/\/nukaseeds.cz\/de\/wp-json\/wp\/v2\/media?parent=90591"}],"wp:term":[{"taxonomy":"product_brand","embeddable":true,"href":"https:\/\/nukaseeds.cz\/de\/wp-json\/wp\/v2\/product_brand?post=90591"},{"taxonomy":"product_cat","embeddable":true,"href":"https:\/\/nukaseeds.cz\/de\/wp-json\/wp\/v2\/product_cat?post=90591"},{"taxonomy":"product_tag","embeddable":true,"href":"https:\/\/nukaseeds.cz\/de\/wp-json\/wp\/v2\/product_tag?post=90591"}],"curies":[{"name":"wp","href":"https:\/\/api.w.org\/{rel}","templated":true}]}}