{"id":90604,"date":"2024-04-15T11:48:12","date_gmt":"2024-04-15T09:48:12","guid":{"rendered":"http:\/\/nukaseeds.cz\/buy-cannabis-seeds\/baba-yaga\/"},"modified":"2024-04-15T11:48:12","modified_gmt":"2024-04-15T09:48:12","slug":"baba-yaga","status":"publish","type":"product","link":"https:\/\/nukaseeds.cz\/de\/buy-cannabis-seeds\/baba-yaga\/","title":{"rendered":"Baba Yaga"},"content":{"rendered":"<p>Die Je\u017eibaba Hanfsamen sind eine autoflowering Sorte, die vor allem auf Ertrag und Potenz ausgerichtet ist.<\/p>\n<p>Dieser Cannabis-Hybrid mit einer kleineren Indica-Dominanz kann aufgrund seiner l\u00e4ngeren Bl\u00fctephase bis zu 150 Gramm pro Pflanze im Freien oder 0,9 pro Watt im Innenbereich produzieren. Der Anbau von Baba Yaga aus Samen ist sehr einfach, drinnen, drau\u00dfen und im Gew\u00e4chshaus. Baba Yaga Cannabispflanzen sind stark und verzweigen sich gut.  <\/p>\n<p>Die Bl\u00fctephase dauert 10 Wochen, so dass sie in den meisten F\u00e4llen Mitte des vierten Monats nach dem Keimen der Samen erntereif ist. Je\u017eibaba-Pflanzen ignorieren den gelegentlichen Stress beim Cannabisanbau und produzieren zuverl\u00e4ssig massive Knospen, also hab keine Angst, neue Cannabisanbautechniken auszuprobieren. <\/p>\n<p>Das Aroma dieser automatischen Hamamelis ist zitrusartig, aber der Geschmack erinnert an einen berauschenden Trank mit einem Hauch von Fr\u00fcchten. Die Wirkung von Baba Yaga Marihuana ist zun\u00e4chst erdend, geht aber nach einer Weile in eine entspannende Phase \u00fcber, die allm\u00e4hlich abklingt und deinen K\u00f6rper magisch erfrischt zur\u00fcckl\u00e4sst. <\/p>\n<p>Daher eignet es sich als Cannabismedizin zur Bew\u00e4ltigung von k\u00f6rperlichem Stress oder nach Verletzungen oder zur Erholung beim Sport.<\/p>\n","protected":false},"excerpt":{"rendered":"<p>Die Je\u017eibaba Hanfsamen sind eine autoflowering Sorte, die vor allem auf Ertrag und Potenz ausgerichtet ist.<\/p>\n","protected":false},"featured_media":90605,"comment_status":"open","ping_status":"closed","template":"","meta":[],"product_brand":[],"product_cat":[7741,7749,7752,7736,7761,7748,7753,7746,7760],"product_tag":[],"class_list":{"0":"post-90604","1":"product","2":"type-product","3":"status-publish","4":"has-post-thumbnail","6":"product_cat-56-65-tage-de","7":"product_cat-anbau-im-freien-de","8":"product_cat-selbstbluehende-hanfsamen-de","9":"product_cat-hanfsamen-de","10":"product_cat-erdung-und-meditation-de","11":"product_cat-indoor-anbau-de","12":"product_cat-nuka-samen-de","13":"product_cat-cannabis-sativa-de","14":"product_cat-schlafstorungen-de","15":"pa_baleni-semen-10-de","16":"pa_baleni-semen-3-de","17":"pa_baleni-semen-5-de","18":"pa_brand-nuka-samen","21":"first","22":"instock","23":"sale","24":"taxable","25":"shipping-taxable","26":"purchasable","27":"product-type-variable"},"yoast_head":"<!-- This site is optimized with the Yoast SEO plugin v26.6 - https:\/\/yoast.com\/wordpress\/plugins\/seo\/ -->\n<title>Hanfsamen Baba Yaga - Growshop NukaSeeds<\/title>\n<meta name=\"description\" content=\"Je\u017eibaba Hanfsamen sind eine autoflowering Sorte, die vor allem auf Ertrag und Potenz ausgerichtet ist. Baba Yaga Cannabispflanzen sind stark und verzweigen sich gut.\" \/>\n<meta name=\"robots\" content=\"index, follow, max-snippet:-1, max-image-preview:large, max-video-preview:-1\" \/>\n<link rel=\"canonical\" href=\"https:\/\/nukaseeds.cz\/de\/buy-cannabis-seeds\/baba-yaga\/\" \/>\n<meta property=\"og:locale\" content=\"de_DE\" \/>\n<meta property=\"og:type\" content=\"article\" \/>\n<meta property=\"og:title\" content=\"Baba Yaga Cannabis-Samen von Nuka Seeds\" \/>\n<meta property=\"og:description\" content=\"Je\u017eibaba Hanfsamen sind eine autoflowering Sorte, die vor allem auf Ertrag und Potenz ausgerichtet ist. Baba Yaga Cannabispflanzen sind stark und verzweigen sich gut.\" \/>\n<meta property=\"og:url\" content=\"https:\/\/nukaseeds.cz\/de\/buy-cannabis-seeds\/baba-yaga\/\" \/>\n<meta property=\"og:site_name\" content=\"Nuka Cannabis-Samen\" \/>\n<meta property=\"article:publisher\" content=\"https:\/\/www.facebook.com\/Nukaseeds\/\" \/>\n<meta property=\"og:image\" content=\"http:\/\/nukaseeds.cz\/wp-content\/uploads\/2024\/04\/baba-yaga-growshop-nuka-semena-konopi-225x300.webp\" \/>\n<meta name=\"twitter:card\" content=\"summary_large_image\" \/>\n<meta name=\"twitter:title\" content=\"Baba Yaga Cannabis-Samen von Nuka Seeds\" \/>\n<meta name=\"twitter:description\" content=\"Je\u017eibaba Hanfsamen sind eine autoflowering Sorte, die vor allem auf Ertrag und Potenz ausgerichtet ist. Baba Yaga Cannabispflanzen sind stark und verzweigen sich gut.\" \/>\n<meta name=\"twitter:image\" content=\"http:\/\/nukaseeds.cz\/wp-content\/uploads\/2024\/04\/baba-yaga-growshop-nuka-semena-konopi-768x1024.webp\" \/>\n<meta name=\"twitter:site\" content=\"@seeds_nuka\" \/>\n<meta name=\"twitter:label1\" content=\"Gesch\u00e4tzte Lesezeit\" \/>\n\t<meta name=\"twitter:data1\" content=\"1\u00a0Minute\" \/>\n<script type=\"application\/ld+json\" class=\"yoast-schema-graph\">{\"@context\":\"https:\/\/schema.org\",\"@graph\":[{\"@type\":\"WebPage\",\"@id\":\"https:\/\/nukaseeds.cz\/de\/buy-cannabis-seeds\/baba-yaga\/\",\"url\":\"https:\/\/nukaseeds.cz\/de\/buy-cannabis-seeds\/baba-yaga\/\",\"name\":\"Hanfsamen Baba Yaga - Growshop NukaSeeds\",\"isPartOf\":{\"@id\":\"https:\/\/nukaseeds.cz\/de\/#website\"},\"primaryImageOfPage\":{\"@id\":\"https:\/\/nukaseeds.cz\/de\/buy-cannabis-seeds\/baba-yaga\/#primaryimage\"},\"image\":{\"@id\":\"https:\/\/nukaseeds.cz\/de\/buy-cannabis-seeds\/baba-yaga\/#primaryimage\"},\"thumbnailUrl\":\"https:\/\/nukaseeds.cz\/wp-content\/uploads\/2024\/04\/baba-yaga-growshop-nuka-semena-konopi.webp\",\"datePublished\":\"2024-04-15T09:48:12+00:00\",\"description\":\"Je\u017eibaba Hanfsamen sind eine autoflowering Sorte, die vor allem auf Ertrag und Potenz ausgerichtet ist. Baba Yaga Cannabispflanzen sind stark und verzweigen sich gut.\",\"breadcrumb\":{\"@id\":\"https:\/\/nukaseeds.cz\/de\/buy-cannabis-seeds\/baba-yaga\/#breadcrumb\"},\"inLanguage\":\"de\",\"potentialAction\":[{\"@type\":\"ReadAction\",\"target\":[\"https:\/\/nukaseeds.cz\/de\/buy-cannabis-seeds\/baba-yaga\/\"]}]},{\"@type\":\"ImageObject\",\"inLanguage\":\"de\",\"@id\":\"https:\/\/nukaseeds.cz\/de\/buy-cannabis-seeds\/baba-yaga\/#primaryimage\",\"url\":\"https:\/\/nukaseeds.cz\/wp-content\/uploads\/2024\/04\/baba-yaga-growshop-nuka-semena-konopi.webp\",\"contentUrl\":\"https:\/\/nukaseeds.cz\/wp-content\/uploads\/2024\/04\/baba-yaga-growshop-nuka-semena-konopi.webp\",\"width\":810,\"height\":1080,\"caption\":\"Sem\u00ednka konop\u00ed Baba Yaga od Nuka Seeds\"},{\"@type\":\"BreadcrumbList\",\"@id\":\"https:\/\/nukaseeds.cz\/de\/buy-cannabis-seeds\/baba-yaga\/#breadcrumb\",\"itemListElement\":[{\"@type\":\"ListItem\",\"position\":1,\"name\":\"Home\",\"item\":\"https:\/\/nukaseeds.cz\/de\/\"},{\"@type\":\"ListItem\",\"position\":2,\"name\":\"Cannabis-Samen kaufen\",\"item\":\"https:\/\/nukaseeds.cz\/de\/shop\/\"},{\"@type\":\"ListItem\",\"position\":3,\"name\":\"Cannabis-Samen\",\"item\":\"https:\/\/nukaseeds.cz\/de\/hanf-samen-kaufen\/hanfsamen-de\/\"},{\"@type\":\"ListItem\",\"position\":4,\"name\":\"Baba Yaga\"}]},{\"@type\":\"WebSite\",\"@id\":\"https:\/\/nukaseeds.cz\/de\/#website\",\"url\":\"https:\/\/nukaseeds.cz\/de\/\",\"name\":\"Nuka Seeds Bank\",\"description\":\"Cannabis-Samen kaufen, Marihuana-Samen kaufen\",\"publisher\":{\"@id\":\"https:\/\/nukaseeds.cz\/de\/#organization\"},\"alternateName\":\"NukaSeeds cannabis seed bank\",\"potentialAction\":[{\"@type\":\"SearchAction\",\"target\":{\"@type\":\"EntryPoint\",\"urlTemplate\":\"https:\/\/nukaseeds.cz\/de\/?s={search_term_string}\"},\"query-input\":{\"@type\":\"PropertyValueSpecification\",\"valueRequired\":true,\"valueName\":\"search_term_string\"}}],\"inLanguage\":\"de\"},{\"@type\":\"Organization\",\"@id\":\"https:\/\/nukaseeds.cz\/de\/#organization\",\"name\":\"Nuka Trade s.r.o.\",\"url\":\"https:\/\/nukaseeds.cz\/de\/\",\"logo\":{\"@type\":\"ImageObject\",\"inLanguage\":\"de\",\"@id\":\"https:\/\/nukaseeds.cz\/de\/#\/schema\/logo\/image\/\",\"url\":\"https:\/\/i0.wp.com\/nukaseeds.cz\/wp-content\/uploads\/2021\/11\/nuka-seeds-logo-vector-neon-8-production.png?fit=2142%2C1457&quality=70&ssl=1\",\"contentUrl\":\"https:\/\/i0.wp.com\/nukaseeds.cz\/wp-content\/uploads\/2021\/11\/nuka-seeds-logo-vector-neon-8-production.png?fit=2142%2C1457&quality=70&ssl=1\",\"width\":2142,\"height\":1457,\"caption\":\"Nuka Trade s.r.o.\"},\"image\":{\"@id\":\"https:\/\/nukaseeds.cz\/de\/#\/schema\/logo\/image\/\"},\"sameAs\":[\"https:\/\/www.facebook.com\/Nukaseeds\/\",\"https:\/\/x.com\/seeds_nuka\",\"https:\/\/www.instagram.com\/nukaseeds\/\",\"https:\/\/www.youtube.com\/@nukaseeds1167\",\"https:\/\/www.tumblr.com\/nukaseeds\",\"https:\/\/www.linkedin.com\/company\/nukaseeds-ltd\/\",\"https:\/\/cz.pinterest.com\/Nukaseeds\/\"]}]}<\/script>\n<!-- \/ Yoast SEO plugin. -->","yoast_head_json":{"title":"Hanfsamen Baba Yaga - Growshop NukaSeeds","description":"Je\u017eibaba Hanfsamen sind eine autoflowering Sorte, die vor allem auf Ertrag und Potenz ausgerichtet ist. Baba Yaga Cannabispflanzen sind stark und verzweigen sich gut.","robots":{"index":"index","follow":"follow","max-snippet":"max-snippet:-1","max-image-preview":"max-image-preview:large","max-video-preview":"max-video-preview:-1"},"canonical":"https:\/\/nukaseeds.cz\/de\/buy-cannabis-seeds\/baba-yaga\/","og_locale":"de_DE","og_type":"article","og_title":"Baba Yaga Cannabis-Samen von Nuka Seeds","og_description":"Je\u017eibaba Hanfsamen sind eine autoflowering Sorte, die vor allem auf Ertrag und Potenz ausgerichtet ist. Baba Yaga Cannabispflanzen sind stark und verzweigen sich gut.","og_url":"https:\/\/nukaseeds.cz\/de\/buy-cannabis-seeds\/baba-yaga\/","og_site_name":"Nuka Cannabis-Samen","article_publisher":"https:\/\/www.facebook.com\/Nukaseeds\/","og_image":[{"url":"http:\/\/nukaseeds.cz\/wp-content\/uploads\/2024\/04\/baba-yaga-growshop-nuka-semena-konopi-225x300.webp","type":"","width":"","height":""}],"twitter_card":"summary_large_image","twitter_title":"Baba Yaga Cannabis-Samen von Nuka Seeds","twitter_description":"Je\u017eibaba Hanfsamen sind eine autoflowering Sorte, die vor allem auf Ertrag und Potenz ausgerichtet ist. Baba Yaga Cannabispflanzen sind stark und verzweigen sich gut.","twitter_image":"http:\/\/nukaseeds.cz\/wp-content\/uploads\/2024\/04\/baba-yaga-growshop-nuka-semena-konopi-768x1024.webp","twitter_site":"@seeds_nuka","twitter_misc":{"Gesch\u00e4tzte Lesezeit":"1\u00a0Minute"},"schema":{"@context":"https:\/\/schema.org","@graph":[{"@type":"WebPage","@id":"https:\/\/nukaseeds.cz\/de\/buy-cannabis-seeds\/baba-yaga\/","url":"https:\/\/nukaseeds.cz\/de\/buy-cannabis-seeds\/baba-yaga\/","name":"Hanfsamen Baba Yaga - Growshop NukaSeeds","isPartOf":{"@id":"https:\/\/nukaseeds.cz\/de\/#website"},"primaryImageOfPage":{"@id":"https:\/\/nukaseeds.cz\/de\/buy-cannabis-seeds\/baba-yaga\/#primaryimage"},"image":{"@id":"https:\/\/nukaseeds.cz\/de\/buy-cannabis-seeds\/baba-yaga\/#primaryimage"},"thumbnailUrl":"https:\/\/nukaseeds.cz\/wp-content\/uploads\/2024\/04\/baba-yaga-growshop-nuka-semena-konopi.webp","datePublished":"2024-04-15T09:48:12+00:00","description":"Je\u017eibaba Hanfsamen sind eine autoflowering Sorte, die vor allem auf Ertrag und Potenz ausgerichtet ist. Baba Yaga Cannabispflanzen sind stark und verzweigen sich gut.","breadcrumb":{"@id":"https:\/\/nukaseeds.cz\/de\/buy-cannabis-seeds\/baba-yaga\/#breadcrumb"},"inLanguage":"de","potentialAction":[{"@type":"ReadAction","target":["https:\/\/nukaseeds.cz\/de\/buy-cannabis-seeds\/baba-yaga\/"]}]},{"@type":"ImageObject","inLanguage":"de","@id":"https:\/\/nukaseeds.cz\/de\/buy-cannabis-seeds\/baba-yaga\/#primaryimage","url":"https:\/\/nukaseeds.cz\/wp-content\/uploads\/2024\/04\/baba-yaga-growshop-nuka-semena-konopi.webp","contentUrl":"https:\/\/nukaseeds.cz\/wp-content\/uploads\/2024\/04\/baba-yaga-growshop-nuka-semena-konopi.webp","width":810,"height":1080,"caption":"Sem\u00ednka konop\u00ed Baba Yaga od Nuka Seeds"},{"@type":"BreadcrumbList","@id":"https:\/\/nukaseeds.cz\/de\/buy-cannabis-seeds\/baba-yaga\/#breadcrumb","itemListElement":[{"@type":"ListItem","position":1,"name":"Home","item":"https:\/\/nukaseeds.cz\/de\/"},{"@type":"ListItem","position":2,"name":"Cannabis-Samen kaufen","item":"https:\/\/nukaseeds.cz\/de\/shop\/"},{"@type":"ListItem","position":3,"name":"Cannabis-Samen","item":"https:\/\/nukaseeds.cz\/de\/hanf-samen-kaufen\/hanfsamen-de\/"},{"@type":"ListItem","position":4,"name":"Baba Yaga"}]},{"@type":"WebSite","@id":"https:\/\/nukaseeds.cz\/de\/#website","url":"https:\/\/nukaseeds.cz\/de\/","name":"Nuka Seeds Bank","description":"Cannabis-Samen kaufen, Marihuana-Samen kaufen","publisher":{"@id":"https:\/\/nukaseeds.cz\/de\/#organization"},"alternateName":"NukaSeeds cannabis seed bank","potentialAction":[{"@type":"SearchAction","target":{"@type":"EntryPoint","urlTemplate":"https:\/\/nukaseeds.cz\/de\/?s={search_term_string}"},"query-input":{"@type":"PropertyValueSpecification","valueRequired":true,"valueName":"search_term_string"}}],"inLanguage":"de"},{"@type":"Organization","@id":"https:\/\/nukaseeds.cz\/de\/#organization","name":"Nuka Trade s.r.o.","url":"https:\/\/nukaseeds.cz\/de\/","logo":{"@type":"ImageObject","inLanguage":"de","@id":"https:\/\/nukaseeds.cz\/de\/#\/schema\/logo\/image\/","url":"https:\/\/i0.wp.com\/nukaseeds.cz\/wp-content\/uploads\/2021\/11\/nuka-seeds-logo-vector-neon-8-production.png?fit=2142%2C1457&quality=70&ssl=1","contentUrl":"https:\/\/i0.wp.com\/nukaseeds.cz\/wp-content\/uploads\/2021\/11\/nuka-seeds-logo-vector-neon-8-production.png?fit=2142%2C1457&quality=70&ssl=1","width":2142,"height":1457,"caption":"Nuka Trade s.r.o."},"image":{"@id":"https:\/\/nukaseeds.cz\/de\/#\/schema\/logo\/image\/"},"sameAs":["https:\/\/www.facebook.com\/Nukaseeds\/","https:\/\/x.com\/seeds_nuka","https:\/\/www.instagram.com\/nukaseeds\/","https:\/\/www.youtube.com\/@nukaseeds1167","https:\/\/www.tumblr.com\/nukaseeds","https:\/\/www.linkedin.com\/company\/nukaseeds-ltd\/","https:\/\/cz.pinterest.com\/Nukaseeds\/"]}]}},"_links":{"self":[{"href":"https:\/\/nukaseeds.cz\/de\/wp-json\/wp\/v2\/product\/90604","targetHints":{"allow":["GET"]}}],"collection":[{"href":"https:\/\/nukaseeds.cz\/de\/wp-json\/wp\/v2\/product"}],"about":[{"href":"https:\/\/nukaseeds.cz\/de\/wp-json\/wp\/v2\/types\/product"}],"replies":[{"embeddable":true,"href":"https:\/\/nukaseeds.cz\/de\/wp-json\/wp\/v2\/comments?post=90604"}],"wp:featuredmedia":[{"embeddable":true,"href":"https:\/\/nukaseeds.cz\/de\/wp-json\/wp\/v2\/media\/90605"}],"wp:attachment":[{"href":"https:\/\/nukaseeds.cz\/de\/wp-json\/wp\/v2\/media?parent=90604"}],"wp:term":[{"taxonomy":"product_brand","embeddable":true,"href":"https:\/\/nukaseeds.cz\/de\/wp-json\/wp\/v2\/product_brand?post=90604"},{"taxonomy":"product_cat","embeddable":true,"href":"https:\/\/nukaseeds.cz\/de\/wp-json\/wp\/v2\/product_cat?post=90604"},{"taxonomy":"product_tag","embeddable":true,"href":"https:\/\/nukaseeds.cz\/de\/wp-json\/wp\/v2\/product_tag?post=90604"}],"curies":[{"name":"wp","href":"https:\/\/api.w.org\/{rel}","templated":true}]}}