{"id":90617,"date":"2024-02-29T22:04:29","date_gmt":"2024-02-29T21:04:29","guid":{"rendered":"http:\/\/nukaseeds.cz\/buy-cannabis-seeds\/kapitaen-hash\/"},"modified":"2026-01-30T13:24:54","modified_gmt":"2026-01-30T12:24:54","slug":"kapitaen-hash","status":"publish","type":"product","link":"https:\/\/nukaseeds.cz\/de\/buy-cannabis-seeds\/kapitaen-hash\/","title":{"rendered":"Kapit\u00e4n Hash"},"content":{"rendered":"<p>Nukaseeds Captain Hash ist eine superstarke Cannabiskreuzung aus den ber\u00fchmten Afghani und Hindu Kush Eltern. Diese Sorte ist eine 100%ige Indica mit \u00fcbernat\u00fcrlicher Ausdauer und Kraft. <\/p>\n<p>Captain Hash ist eine Cannabissorte, die eine H\u00f6he von etwa 180 cm erreicht und Ertr\u00e4ge von bis zu 600 Gramm steinharter Sticks pro Pflanze im Freien oder 1 Gramm pro Watt im Innenbereich liefert. Die Bl\u00fctezeit betr\u00e4gt 7-8 Wochen und die Pflanze zeigt eine erstaunliche Widerstandsf\u00e4higkeit gegen Sch\u00e4dlinge und Pilze, sowohl zu Beginn als auch im Verlauf. Das macht sie besonders geeignet f\u00fcr Marihuana-Anbauanf\u00e4nger, da sie verschiedene Formen von Stress gut vertr\u00e4gt, einschlie\u00dflich aller Methoden des Trainings.  <\/p>\n<p>Captain Hash hat eine starke narkotische Wirkung, die perfekt zur Entspannung nach einem anstrengenden Tag voller Superhelden ist. Das Aroma ist w\u00fcrzig-erdig mit einem Hauch von s\u00fc\u00dfen tropischen Fr\u00fcchten. Captain Hash hat einen typisch erdigen Geschmack, den du nicht vergessen wirst.  <\/p>\n<p>Bestelle Captain Hash Hanfsamen und lass dich in den Himmel des \u00fcbernat\u00fcrlichen Highs entf\u00fchren.<\/p>\n","protected":false},"excerpt":{"rendered":"<p>Nukaseeds Captain Hash ist eine superstarke Cannabiskreuzung aus den ber\u00fchmten Afghani und Hindu Kush Eltern. Diese Sorte ist eine 100%ige Indica mit \u00fcbernat\u00fcrlicher Ausdauer und St\u00e4rke. Bestelle Captain Hash Hanfsamen und lass dich in den Himmel eines \u00fcbernat\u00fcrlichen Highs bef\u00f6rdern.  <\/p>\n","protected":false},"featured_media":90618,"comment_status":"open","ping_status":"closed","template":"","meta":[],"product_brand":[],"product_cat":[7741,7749,7736,7761,7751,7745,7748,7753],"product_tag":[],"class_list":{"0":"post-90617","1":"product","2":"type-product","3":"status-publish","4":"has-post-thumbnail","6":"product_cat-56-65-tage-de","7":"product_cat-anbau-im-freien-de","8":"product_cat-hanfsamen-de","9":"product_cat-erdung-und-meditation-de","10":"product_cat-feminisierte-hanfsamen-de","11":"product_cat-indica-hanf-de","12":"product_cat-indoor-anbau-de","13":"product_cat-nuka-samen-de","14":"pa_baleni-semen-3-de","15":"pa_baleni-semen-5-de","16":"pa_baleni-semen-10-de","17":"pa_brand-nuka-samen","20":"first","21":"instock","22":"sale","23":"taxable","24":"shipping-taxable","25":"purchasable","26":"product-type-variable"},"yoast_head":"<!-- This site is optimized with the Yoast SEO plugin v26.6 - https:\/\/yoast.com\/wordpress\/plugins\/seo\/ -->\n<title>Hanfsamen Captain Hash - Growshop NukaSeeds<\/title>\n<meta name=\"description\" content=\"Bestelle Captain Hash Hanfsamen und lass dich in den Himmel eines \u00fcbernat\u00fcrlichen Highs bef\u00f6rdern. Perfekt zum Entspannen nach einem anstrengenden Tag\" \/>\n<meta name=\"robots\" content=\"index, follow, max-snippet:-1, max-image-preview:large, max-video-preview:-1\" \/>\n<link rel=\"canonical\" href=\"https:\/\/nukaseeds.cz\/de\/buy-cannabis-seeds\/kapitaen-hash\/\" \/>\n<meta property=\"og:locale\" content=\"de_DE\" \/>\n<meta property=\"og:type\" content=\"article\" \/>\n<meta property=\"og:title\" content=\"Hanfsamen Captain Hash - Growshop NukaSeeds\" \/>\n<meta property=\"og:description\" content=\"Bestelle Captain Hash Hanfsamen und lass dich in den Himmel eines \u00fcbernat\u00fcrlichen Highs bef\u00f6rdern. Perfekt zum Entspannen nach einem anstrengenden Tag\" \/>\n<meta property=\"og:url\" content=\"https:\/\/nukaseeds.cz\/de\/buy-cannabis-seeds\/kapitaen-hash\/\" \/>\n<meta property=\"og:site_name\" content=\"Nuka Cannabis-Samen\" \/>\n<meta property=\"article:publisher\" content=\"https:\/\/www.facebook.com\/Nukaseeds\/\" \/>\n<meta property=\"article:modified_time\" content=\"2026-01-30T12:24:54+00:00\" \/>\n<meta property=\"og:image\" content=\"https:\/\/nukaseeds.cz\/wp-content\/uploads\/2024\/03\/growshop-nuka-semena-konopi-captain-hash.webp\" \/>\n\t<meta property=\"og:image:width\" content=\"810\" \/>\n\t<meta property=\"og:image:height\" content=\"1080\" \/>\n\t<meta property=\"og:image:type\" content=\"image\/webp\" \/>\n<meta name=\"twitter:card\" content=\"summary_large_image\" \/>\n<meta name=\"twitter:site\" content=\"@seeds_nuka\" \/>\n<meta name=\"twitter:label1\" content=\"Gesch\u00e4tzte Lesezeit\" \/>\n\t<meta name=\"twitter:data1\" content=\"1\u00a0Minute\" \/>\n<script type=\"application\/ld+json\" class=\"yoast-schema-graph\">{\"@context\":\"https:\/\/schema.org\",\"@graph\":[{\"@type\":\"WebPage\",\"@id\":\"https:\/\/nukaseeds.cz\/de\/buy-cannabis-seeds\/kapitaen-hash\/\",\"url\":\"https:\/\/nukaseeds.cz\/de\/buy-cannabis-seeds\/kapitaen-hash\/\",\"name\":\"Hanfsamen Captain Hash - Growshop NukaSeeds\",\"isPartOf\":{\"@id\":\"https:\/\/nukaseeds.cz\/de\/#website\"},\"primaryImageOfPage\":{\"@id\":\"https:\/\/nukaseeds.cz\/de\/buy-cannabis-seeds\/kapitaen-hash\/#primaryimage\"},\"image\":{\"@id\":\"https:\/\/nukaseeds.cz\/de\/buy-cannabis-seeds\/kapitaen-hash\/#primaryimage\"},\"thumbnailUrl\":\"https:\/\/nukaseeds.cz\/wp-content\/uploads\/2024\/03\/growshop-nuka-semena-konopi-captain-hash.webp\",\"datePublished\":\"2024-02-29T21:04:29+00:00\",\"dateModified\":\"2026-01-30T12:24:54+00:00\",\"description\":\"Bestelle Captain Hash Hanfsamen und lass dich in den Himmel eines \u00fcbernat\u00fcrlichen Highs bef\u00f6rdern. Perfekt zum Entspannen nach einem anstrengenden Tag\",\"breadcrumb\":{\"@id\":\"https:\/\/nukaseeds.cz\/de\/buy-cannabis-seeds\/kapitaen-hash\/#breadcrumb\"},\"inLanguage\":\"de\",\"potentialAction\":[{\"@type\":\"ReadAction\",\"target\":[\"https:\/\/nukaseeds.cz\/de\/buy-cannabis-seeds\/kapitaen-hash\/\"]}]},{\"@type\":\"ImageObject\",\"inLanguage\":\"de\",\"@id\":\"https:\/\/nukaseeds.cz\/de\/buy-cannabis-seeds\/kapitaen-hash\/#primaryimage\",\"url\":\"https:\/\/nukaseeds.cz\/wp-content\/uploads\/2024\/03\/growshop-nuka-semena-konopi-captain-hash.webp\",\"contentUrl\":\"https:\/\/nukaseeds.cz\/wp-content\/uploads\/2024\/03\/growshop-nuka-semena-konopi-captain-hash.webp\",\"width\":810,\"height\":1080,\"caption\":\"Sem\u00ednka konop\u00ed Captain Hash\"},{\"@type\":\"BreadcrumbList\",\"@id\":\"https:\/\/nukaseeds.cz\/de\/buy-cannabis-seeds\/kapitaen-hash\/#breadcrumb\",\"itemListElement\":[{\"@type\":\"ListItem\",\"position\":1,\"name\":\"Home\",\"item\":\"https:\/\/nukaseeds.cz\/de\/growshop-nukaseeds-cz-hanfsamen\/\"},{\"@type\":\"ListItem\",\"position\":2,\"name\":\"Cannabis-Samen kaufen\",\"item\":\"https:\/\/nukaseeds.cz\/de\/shop\/\"},{\"@type\":\"ListItem\",\"position\":3,\"name\":\"Cannabis-Samen\",\"item\":\"https:\/\/nukaseeds.cz\/de\/hanf-samen-kaufen\/hanfsamen-de\/\"},{\"@type\":\"ListItem\",\"position\":4,\"name\":\"Kapit\u00e4n Hash\"}]},{\"@type\":\"WebSite\",\"@id\":\"https:\/\/nukaseeds.cz\/de\/#website\",\"url\":\"https:\/\/nukaseeds.cz\/de\/\",\"name\":\"Nuka Seeds Bank\",\"description\":\"Cannabis-Samen kaufen, Marihuana-Samen kaufen\",\"publisher\":{\"@id\":\"https:\/\/nukaseeds.cz\/de\/#organization\"},\"alternateName\":\"NukaSeeds cannabis seed bank\",\"potentialAction\":[{\"@type\":\"SearchAction\",\"target\":{\"@type\":\"EntryPoint\",\"urlTemplate\":\"https:\/\/nukaseeds.cz\/de\/?s={search_term_string}\"},\"query-input\":{\"@type\":\"PropertyValueSpecification\",\"valueRequired\":true,\"valueName\":\"search_term_string\"}}],\"inLanguage\":\"de\"},{\"@type\":\"Organization\",\"@id\":\"https:\/\/nukaseeds.cz\/de\/#organization\",\"name\":\"Nuka Trade s.r.o.\",\"url\":\"https:\/\/nukaseeds.cz\/de\/\",\"logo\":{\"@type\":\"ImageObject\",\"inLanguage\":\"de\",\"@id\":\"https:\/\/nukaseeds.cz\/de\/#\/schema\/logo\/image\/\",\"url\":\"https:\/\/i0.wp.com\/nukaseeds.cz\/wp-content\/uploads\/2021\/11\/nuka-seeds-logo-vector-neon-8-production.png?fit=2142%2C1457&quality=70&ssl=1\",\"contentUrl\":\"https:\/\/i0.wp.com\/nukaseeds.cz\/wp-content\/uploads\/2021\/11\/nuka-seeds-logo-vector-neon-8-production.png?fit=2142%2C1457&quality=70&ssl=1\",\"width\":2142,\"height\":1457,\"caption\":\"Nuka Trade s.r.o.\"},\"image\":{\"@id\":\"https:\/\/nukaseeds.cz\/de\/#\/schema\/logo\/image\/\"},\"sameAs\":[\"https:\/\/www.facebook.com\/Nukaseeds\/\",\"https:\/\/x.com\/seeds_nuka\",\"https:\/\/www.instagram.com\/nukaseeds\/\",\"https:\/\/www.youtube.com\/@nukaseeds1167\",\"https:\/\/www.tumblr.com\/nukaseeds\",\"https:\/\/www.linkedin.com\/company\/nukaseeds-ltd\/\",\"https:\/\/cz.pinterest.com\/Nukaseeds\/\"]}]}<\/script>\n<!-- \/ Yoast SEO plugin. -->","yoast_head_json":{"title":"Hanfsamen Captain Hash - Growshop NukaSeeds","description":"Bestelle Captain Hash Hanfsamen und lass dich in den Himmel eines \u00fcbernat\u00fcrlichen Highs bef\u00f6rdern. Perfekt zum Entspannen nach einem anstrengenden Tag","robots":{"index":"index","follow":"follow","max-snippet":"max-snippet:-1","max-image-preview":"max-image-preview:large","max-video-preview":"max-video-preview:-1"},"canonical":"https:\/\/nukaseeds.cz\/de\/buy-cannabis-seeds\/kapitaen-hash\/","og_locale":"de_DE","og_type":"article","og_title":"Hanfsamen Captain Hash - Growshop NukaSeeds","og_description":"Bestelle Captain Hash Hanfsamen und lass dich in den Himmel eines \u00fcbernat\u00fcrlichen Highs bef\u00f6rdern. Perfekt zum Entspannen nach einem anstrengenden Tag","og_url":"https:\/\/nukaseeds.cz\/de\/buy-cannabis-seeds\/kapitaen-hash\/","og_site_name":"Nuka Cannabis-Samen","article_publisher":"https:\/\/www.facebook.com\/Nukaseeds\/","article_modified_time":"2026-01-30T12:24:54+00:00","og_image":[{"width":810,"height":1080,"url":"https:\/\/nukaseeds.cz\/wp-content\/uploads\/2024\/03\/growshop-nuka-semena-konopi-captain-hash.webp","type":"image\/webp"}],"twitter_card":"summary_large_image","twitter_site":"@seeds_nuka","twitter_misc":{"Gesch\u00e4tzte Lesezeit":"1\u00a0Minute"},"schema":{"@context":"https:\/\/schema.org","@graph":[{"@type":"WebPage","@id":"https:\/\/nukaseeds.cz\/de\/buy-cannabis-seeds\/kapitaen-hash\/","url":"https:\/\/nukaseeds.cz\/de\/buy-cannabis-seeds\/kapitaen-hash\/","name":"Hanfsamen Captain Hash - Growshop NukaSeeds","isPartOf":{"@id":"https:\/\/nukaseeds.cz\/de\/#website"},"primaryImageOfPage":{"@id":"https:\/\/nukaseeds.cz\/de\/buy-cannabis-seeds\/kapitaen-hash\/#primaryimage"},"image":{"@id":"https:\/\/nukaseeds.cz\/de\/buy-cannabis-seeds\/kapitaen-hash\/#primaryimage"},"thumbnailUrl":"https:\/\/nukaseeds.cz\/wp-content\/uploads\/2024\/03\/growshop-nuka-semena-konopi-captain-hash.webp","datePublished":"2024-02-29T21:04:29+00:00","dateModified":"2026-01-30T12:24:54+00:00","description":"Bestelle Captain Hash Hanfsamen und lass dich in den Himmel eines \u00fcbernat\u00fcrlichen Highs bef\u00f6rdern. Perfekt zum Entspannen nach einem anstrengenden Tag","breadcrumb":{"@id":"https:\/\/nukaseeds.cz\/de\/buy-cannabis-seeds\/kapitaen-hash\/#breadcrumb"},"inLanguage":"de","potentialAction":[{"@type":"ReadAction","target":["https:\/\/nukaseeds.cz\/de\/buy-cannabis-seeds\/kapitaen-hash\/"]}]},{"@type":"ImageObject","inLanguage":"de","@id":"https:\/\/nukaseeds.cz\/de\/buy-cannabis-seeds\/kapitaen-hash\/#primaryimage","url":"https:\/\/nukaseeds.cz\/wp-content\/uploads\/2024\/03\/growshop-nuka-semena-konopi-captain-hash.webp","contentUrl":"https:\/\/nukaseeds.cz\/wp-content\/uploads\/2024\/03\/growshop-nuka-semena-konopi-captain-hash.webp","width":810,"height":1080,"caption":"Sem\u00ednka konop\u00ed Captain Hash"},{"@type":"BreadcrumbList","@id":"https:\/\/nukaseeds.cz\/de\/buy-cannabis-seeds\/kapitaen-hash\/#breadcrumb","itemListElement":[{"@type":"ListItem","position":1,"name":"Home","item":"https:\/\/nukaseeds.cz\/de\/growshop-nukaseeds-cz-hanfsamen\/"},{"@type":"ListItem","position":2,"name":"Cannabis-Samen kaufen","item":"https:\/\/nukaseeds.cz\/de\/shop\/"},{"@type":"ListItem","position":3,"name":"Cannabis-Samen","item":"https:\/\/nukaseeds.cz\/de\/hanf-samen-kaufen\/hanfsamen-de\/"},{"@type":"ListItem","position":4,"name":"Kapit\u00e4n Hash"}]},{"@type":"WebSite","@id":"https:\/\/nukaseeds.cz\/de\/#website","url":"https:\/\/nukaseeds.cz\/de\/","name":"Nuka Seeds Bank","description":"Cannabis-Samen kaufen, Marihuana-Samen kaufen","publisher":{"@id":"https:\/\/nukaseeds.cz\/de\/#organization"},"alternateName":"NukaSeeds cannabis seed bank","potentialAction":[{"@type":"SearchAction","target":{"@type":"EntryPoint","urlTemplate":"https:\/\/nukaseeds.cz\/de\/?s={search_term_string}"},"query-input":{"@type":"PropertyValueSpecification","valueRequired":true,"valueName":"search_term_string"}}],"inLanguage":"de"},{"@type":"Organization","@id":"https:\/\/nukaseeds.cz\/de\/#organization","name":"Nuka Trade s.r.o.","url":"https:\/\/nukaseeds.cz\/de\/","logo":{"@type":"ImageObject","inLanguage":"de","@id":"https:\/\/nukaseeds.cz\/de\/#\/schema\/logo\/image\/","url":"https:\/\/i0.wp.com\/nukaseeds.cz\/wp-content\/uploads\/2021\/11\/nuka-seeds-logo-vector-neon-8-production.png?fit=2142%2C1457&quality=70&ssl=1","contentUrl":"https:\/\/i0.wp.com\/nukaseeds.cz\/wp-content\/uploads\/2021\/11\/nuka-seeds-logo-vector-neon-8-production.png?fit=2142%2C1457&quality=70&ssl=1","width":2142,"height":1457,"caption":"Nuka Trade s.r.o."},"image":{"@id":"https:\/\/nukaseeds.cz\/de\/#\/schema\/logo\/image\/"},"sameAs":["https:\/\/www.facebook.com\/Nukaseeds\/","https:\/\/x.com\/seeds_nuka","https:\/\/www.instagram.com\/nukaseeds\/","https:\/\/www.youtube.com\/@nukaseeds1167","https:\/\/www.tumblr.com\/nukaseeds","https:\/\/www.linkedin.com\/company\/nukaseeds-ltd\/","https:\/\/cz.pinterest.com\/Nukaseeds\/"]}]}},"_links":{"self":[{"href":"https:\/\/nukaseeds.cz\/de\/wp-json\/wp\/v2\/product\/90617","targetHints":{"allow":["GET"]}}],"collection":[{"href":"https:\/\/nukaseeds.cz\/de\/wp-json\/wp\/v2\/product"}],"about":[{"href":"https:\/\/nukaseeds.cz\/de\/wp-json\/wp\/v2\/types\/product"}],"replies":[{"embeddable":true,"href":"https:\/\/nukaseeds.cz\/de\/wp-json\/wp\/v2\/comments?post=90617"}],"wp:featuredmedia":[{"embeddable":true,"href":"https:\/\/nukaseeds.cz\/de\/wp-json\/wp\/v2\/media\/90618"}],"wp:attachment":[{"href":"https:\/\/nukaseeds.cz\/de\/wp-json\/wp\/v2\/media?parent=90617"}],"wp:term":[{"taxonomy":"product_brand","embeddable":true,"href":"https:\/\/nukaseeds.cz\/de\/wp-json\/wp\/v2\/product_brand?post=90617"},{"taxonomy":"product_cat","embeddable":true,"href":"https:\/\/nukaseeds.cz\/de\/wp-json\/wp\/v2\/product_cat?post=90617"},{"taxonomy":"product_tag","embeddable":true,"href":"https:\/\/nukaseeds.cz\/de\/wp-json\/wp\/v2\/product_tag?post=90617"}],"curies":[{"name":"wp","href":"https:\/\/api.w.org\/{rel}","templated":true}]}}