{"id":90630,"date":"2024-04-15T09:48:56","date_gmt":"2024-04-15T07:48:56","guid":{"rendered":"http:\/\/nukaseeds.cz\/buy-cannabis-seeds\/automaton\/"},"modified":"2024-04-15T09:48:56","modified_gmt":"2024-04-15T07:48:56","slug":"automaton","status":"publish","type":"product","link":"https:\/\/nukaseeds.cz\/de\/buy-cannabis-seeds\/automaton\/","title":{"rendered":"Automaton"},"content":{"rendered":"<p>Automaton Hanfsamen sind die perfekte autoflowering Indica-Sorte aus der lila Familie.<\/p>\n<p>Die Automaton Hanfsamen sind so programmiert, dass sie bis zu einer H\u00f6he von 130 cm wachsen und im Freien etwa 150 Gramm oder im Innenbereich 1 Gramm\/Watt produzieren. Es gibt jedoch F\u00e4lle, in denen diese Maschine in der Lage ist, satte 300 Gramm pro Cannabispflanze im Freien zu produzieren. <\/p>\n<p>Diese luxuri\u00f6se Ernte von St\u00f6cken mit lila und bl\u00e4ulichen T\u00f6nen wird innerhalb von 11 bis 12 Wochen nach dem Keimen der Automaton-Samen produziert. Der THC-Gehalt der Zapfen betr\u00e4gt 18% und der CBD-Gehalt ist minimal. Dank der Indica-Gene sind die Automaton-Pflanzen resistent gegen ung\u00fcnstige Wetterschwankungen, insbesondere gegen niedrige Temperaturen.  <\/p>\n<p>Die Marihuana-Sticks von Automaton sind kompakt mit wundersch\u00f6nen violetten Noten, die das Auge erfreuen und einen pr\u00e4zisen, s\u00fc\u00dfen Geschmack versprechen, der dich nostalgisch an deine Jugend erinnert.<\/p>\n<p>Die Wirkung dieser lilafarbenen indischen Cannabissorte kann den Geist perfekt erfrischen und ein L\u00e4cheln auf dein Gesicht zaubern, weshalb sie f\u00fcr jede Tageszeit geeignet ist. Medizinisch wird die Cannabissorte Automaton zum Abbau von Alltagsstress und zur Vorbeugung von Burnout eingesetzt. <\/p>\n","protected":false},"excerpt":{"rendered":"<p>Die Automaton Hanfsamen sind die perfekte autoflowering Indica-Sorte aus der lila Familie. Die Wirkung dieser lilafarbenen Indica-Sorte kann den Geist perfekt erfrischen und ein L\u00e4cheln auf dein Gesicht zaubern, was sie f\u00fcr jede Tageszeit geeignet macht. <\/p>\n","protected":false},"featured_media":90631,"comment_status":"open","ping_status":"closed","template":"","meta":[],"product_brand":[],"product_cat":[7740,7749,7752,7736,7745,7748,7758,7753],"product_tag":[],"class_list":{"0":"post-90630","1":"product","2":"type-product","3":"status-publish","4":"has-post-thumbnail","6":"product_cat-45-55-tage-de","7":"product_cat-anbau-im-freien-de","8":"product_cat-selbstbluehende-hanfsamen-de","9":"product_cat-hanfsamen-de","10":"product_cat-indica-hanf-de","11":"product_cat-indoor-anbau-de","12":"product_cat-hanf-foerdert-die-kreativitaet-de","13":"product_cat-nuka-samen-de","14":"pa_baleni-semen-3-de","15":"pa_baleni-semen-5-de","16":"pa_baleni-semen-10-de","17":"pa_brand-nuka-samen","20":"first","21":"instock","22":"sale","23":"taxable","24":"shipping-taxable","25":"purchasable","26":"product-type-variable"},"yoast_head":"<!-- This site is optimized with the Yoast SEO plugin v26.6 - https:\/\/yoast.com\/wordpress\/plugins\/seo\/ -->\n<title>Automaton Hanfsamen - Growshop NukaSeeds<\/title>\n<meta name=\"description\" content=\"Die Automaton Hanfsamen sind die perfekte autoflowering Indica-Sorte aus der lila Familie. Die Wirkung dieser lila indischen Cannabissorte kann den Geist perfekt erfrischen\" \/>\n<meta name=\"robots\" content=\"index, follow, max-snippet:-1, max-image-preview:large, max-video-preview:-1\" \/>\n<link rel=\"canonical\" href=\"https:\/\/nukaseeds.cz\/de\/buy-cannabis-seeds\/automaton\/\" \/>\n<meta property=\"og:locale\" content=\"de_DE\" \/>\n<meta property=\"og:type\" content=\"article\" \/>\n<meta property=\"og:title\" content=\"Automaton Hanfsamen - Growshop NukaSeeds\" \/>\n<meta property=\"og:description\" content=\"Die Automaton Hanfsamen sind die perfekte autoflowering Indica-Sorte aus der lila Familie. Die Wirkung dieser lila indischen Cannabissorte kann den Geist perfekt erfrischen\" \/>\n<meta property=\"og:url\" content=\"https:\/\/nukaseeds.cz\/de\/buy-cannabis-seeds\/automaton\/\" \/>\n<meta property=\"og:site_name\" content=\"Nuka Cannabis-Samen\" \/>\n<meta property=\"article:publisher\" content=\"https:\/\/www.facebook.com\/Nukaseeds\/\" \/>\n<meta property=\"og:image\" content=\"http:\/\/nukaseeds.cz\/wp-content\/uploads\/2024\/04\/automaton-growshop-nuka-semena-konopi-225x300.webp\" \/>\n<meta name=\"twitter:card\" content=\"summary_large_image\" \/>\n<meta name=\"twitter:title\" content=\"Automaton Hanfsamen - Growshop NukaSeeds\" \/>\n<meta name=\"twitter:description\" content=\"Die Automaton Hanfsamen sind die perfekte autoflowering Indica-Sorte aus der lila Familie. Die Wirkung dieser lila indischen Cannabissorte kann den Geist perfekt erfrischen\" \/>\n<meta name=\"twitter:image\" content=\"http:\/\/nukaseeds.cz\/wp-content\/uploads\/2024\/04\/automaton-growshop-nuka-semena-konopi-768x1024.webp\" \/>\n<meta name=\"twitter:site\" content=\"@seeds_nuka\" \/>\n<meta name=\"twitter:label1\" content=\"Gesch\u00e4tzte Lesezeit\" \/>\n\t<meta name=\"twitter:data1\" content=\"1\u00a0Minute\" \/>\n<script type=\"application\/ld+json\" class=\"yoast-schema-graph\">{\"@context\":\"https:\/\/schema.org\",\"@graph\":[{\"@type\":\"WebPage\",\"@id\":\"https:\/\/nukaseeds.cz\/de\/buy-cannabis-seeds\/automaton\/\",\"url\":\"https:\/\/nukaseeds.cz\/de\/buy-cannabis-seeds\/automaton\/\",\"name\":\"Automaton Hanfsamen - Growshop NukaSeeds\",\"isPartOf\":{\"@id\":\"https:\/\/nukaseeds.cz\/de\/#website\"},\"primaryImageOfPage\":{\"@id\":\"https:\/\/nukaseeds.cz\/de\/buy-cannabis-seeds\/automaton\/#primaryimage\"},\"image\":{\"@id\":\"https:\/\/nukaseeds.cz\/de\/buy-cannabis-seeds\/automaton\/#primaryimage\"},\"thumbnailUrl\":\"https:\/\/nukaseeds.cz\/wp-content\/uploads\/2024\/04\/automaton-growshop-nuka-semena-konopi.webp\",\"datePublished\":\"2024-04-15T07:48:56+00:00\",\"description\":\"Die Automaton Hanfsamen sind die perfekte autoflowering Indica-Sorte aus der lila Familie. Die Wirkung dieser lila indischen Cannabissorte kann den Geist perfekt erfrischen\",\"breadcrumb\":{\"@id\":\"https:\/\/nukaseeds.cz\/de\/buy-cannabis-seeds\/automaton\/#breadcrumb\"},\"inLanguage\":\"de\",\"potentialAction\":[{\"@type\":\"ReadAction\",\"target\":[\"https:\/\/nukaseeds.cz\/de\/buy-cannabis-seeds\/automaton\/\"]}]},{\"@type\":\"ImageObject\",\"inLanguage\":\"de\",\"@id\":\"https:\/\/nukaseeds.cz\/de\/buy-cannabis-seeds\/automaton\/#primaryimage\",\"url\":\"https:\/\/nukaseeds.cz\/wp-content\/uploads\/2024\/04\/automaton-growshop-nuka-semena-konopi.webp\",\"contentUrl\":\"https:\/\/nukaseeds.cz\/wp-content\/uploads\/2024\/04\/automaton-growshop-nuka-semena-konopi.webp\",\"width\":810,\"height\":1080,\"caption\":\"Sem\u00ednka konop\u00ed Automaton od Nuka Seeds\"},{\"@type\":\"BreadcrumbList\",\"@id\":\"https:\/\/nukaseeds.cz\/de\/buy-cannabis-seeds\/automaton\/#breadcrumb\",\"itemListElement\":[{\"@type\":\"ListItem\",\"position\":1,\"name\":\"Home\",\"item\":\"https:\/\/nukaseeds.cz\/de\/growshop-nukaseeds-cz-hanfsamen\/\"},{\"@type\":\"ListItem\",\"position\":2,\"name\":\"Cannabis-Samen kaufen\",\"item\":\"https:\/\/nukaseeds.cz\/de\/shop\/\"},{\"@type\":\"ListItem\",\"position\":3,\"name\":\"Cannabis-Samen\",\"item\":\"https:\/\/nukaseeds.cz\/de\/hanf-samen-kaufen\/hanfsamen-de\/\"},{\"@type\":\"ListItem\",\"position\":4,\"name\":\"Automaton\"}]},{\"@type\":\"WebSite\",\"@id\":\"https:\/\/nukaseeds.cz\/de\/#website\",\"url\":\"https:\/\/nukaseeds.cz\/de\/\",\"name\":\"Nuka Seeds Bank\",\"description\":\"Cannabis-Samen kaufen, Marihuana-Samen kaufen\",\"publisher\":{\"@id\":\"https:\/\/nukaseeds.cz\/de\/#organization\"},\"alternateName\":\"NukaSeeds cannabis seed bank\",\"potentialAction\":[{\"@type\":\"SearchAction\",\"target\":{\"@type\":\"EntryPoint\",\"urlTemplate\":\"https:\/\/nukaseeds.cz\/de\/?s={search_term_string}\"},\"query-input\":{\"@type\":\"PropertyValueSpecification\",\"valueRequired\":true,\"valueName\":\"search_term_string\"}}],\"inLanguage\":\"de\"},{\"@type\":\"Organization\",\"@id\":\"https:\/\/nukaseeds.cz\/de\/#organization\",\"name\":\"Nuka Trade s.r.o.\",\"url\":\"https:\/\/nukaseeds.cz\/de\/\",\"logo\":{\"@type\":\"ImageObject\",\"inLanguage\":\"de\",\"@id\":\"https:\/\/nukaseeds.cz\/de\/#\/schema\/logo\/image\/\",\"url\":\"https:\/\/i0.wp.com\/nukaseeds.cz\/wp-content\/uploads\/2021\/11\/nuka-seeds-logo-vector-neon-8-production.png?fit=2142%2C1457&quality=70&ssl=1\",\"contentUrl\":\"https:\/\/i0.wp.com\/nukaseeds.cz\/wp-content\/uploads\/2021\/11\/nuka-seeds-logo-vector-neon-8-production.png?fit=2142%2C1457&quality=70&ssl=1\",\"width\":2142,\"height\":1457,\"caption\":\"Nuka Trade s.r.o.\"},\"image\":{\"@id\":\"https:\/\/nukaseeds.cz\/de\/#\/schema\/logo\/image\/\"},\"sameAs\":[\"https:\/\/www.facebook.com\/Nukaseeds\/\",\"https:\/\/x.com\/seeds_nuka\",\"https:\/\/www.instagram.com\/nukaseeds\/\",\"https:\/\/www.youtube.com\/@nukaseeds1167\",\"https:\/\/www.tumblr.com\/nukaseeds\",\"https:\/\/www.linkedin.com\/company\/nukaseeds-ltd\/\",\"https:\/\/cz.pinterest.com\/Nukaseeds\/\"]}]}<\/script>\n<!-- \/ Yoast SEO plugin. -->","yoast_head_json":{"title":"Automaton Hanfsamen - Growshop NukaSeeds","description":"Die Automaton Hanfsamen sind die perfekte autoflowering Indica-Sorte aus der lila Familie. Die Wirkung dieser lila indischen Cannabissorte kann den Geist perfekt erfrischen","robots":{"index":"index","follow":"follow","max-snippet":"max-snippet:-1","max-image-preview":"max-image-preview:large","max-video-preview":"max-video-preview:-1"},"canonical":"https:\/\/nukaseeds.cz\/de\/buy-cannabis-seeds\/automaton\/","og_locale":"de_DE","og_type":"article","og_title":"Automaton Hanfsamen - Growshop NukaSeeds","og_description":"Die Automaton Hanfsamen sind die perfekte autoflowering Indica-Sorte aus der lila Familie. Die Wirkung dieser lila indischen Cannabissorte kann den Geist perfekt erfrischen","og_url":"https:\/\/nukaseeds.cz\/de\/buy-cannabis-seeds\/automaton\/","og_site_name":"Nuka Cannabis-Samen","article_publisher":"https:\/\/www.facebook.com\/Nukaseeds\/","og_image":[{"url":"http:\/\/nukaseeds.cz\/wp-content\/uploads\/2024\/04\/automaton-growshop-nuka-semena-konopi-225x300.webp","type":"","width":"","height":""}],"twitter_card":"summary_large_image","twitter_title":"Automaton Hanfsamen - Growshop NukaSeeds","twitter_description":"Die Automaton Hanfsamen sind die perfekte autoflowering Indica-Sorte aus der lila Familie. Die Wirkung dieser lila indischen Cannabissorte kann den Geist perfekt erfrischen","twitter_image":"http:\/\/nukaseeds.cz\/wp-content\/uploads\/2024\/04\/automaton-growshop-nuka-semena-konopi-768x1024.webp","twitter_site":"@seeds_nuka","twitter_misc":{"Gesch\u00e4tzte Lesezeit":"1\u00a0Minute"},"schema":{"@context":"https:\/\/schema.org","@graph":[{"@type":"WebPage","@id":"https:\/\/nukaseeds.cz\/de\/buy-cannabis-seeds\/automaton\/","url":"https:\/\/nukaseeds.cz\/de\/buy-cannabis-seeds\/automaton\/","name":"Automaton Hanfsamen - Growshop NukaSeeds","isPartOf":{"@id":"https:\/\/nukaseeds.cz\/de\/#website"},"primaryImageOfPage":{"@id":"https:\/\/nukaseeds.cz\/de\/buy-cannabis-seeds\/automaton\/#primaryimage"},"image":{"@id":"https:\/\/nukaseeds.cz\/de\/buy-cannabis-seeds\/automaton\/#primaryimage"},"thumbnailUrl":"https:\/\/nukaseeds.cz\/wp-content\/uploads\/2024\/04\/automaton-growshop-nuka-semena-konopi.webp","datePublished":"2024-04-15T07:48:56+00:00","description":"Die Automaton Hanfsamen sind die perfekte autoflowering Indica-Sorte aus der lila Familie. Die Wirkung dieser lila indischen Cannabissorte kann den Geist perfekt erfrischen","breadcrumb":{"@id":"https:\/\/nukaseeds.cz\/de\/buy-cannabis-seeds\/automaton\/#breadcrumb"},"inLanguage":"de","potentialAction":[{"@type":"ReadAction","target":["https:\/\/nukaseeds.cz\/de\/buy-cannabis-seeds\/automaton\/"]}]},{"@type":"ImageObject","inLanguage":"de","@id":"https:\/\/nukaseeds.cz\/de\/buy-cannabis-seeds\/automaton\/#primaryimage","url":"https:\/\/nukaseeds.cz\/wp-content\/uploads\/2024\/04\/automaton-growshop-nuka-semena-konopi.webp","contentUrl":"https:\/\/nukaseeds.cz\/wp-content\/uploads\/2024\/04\/automaton-growshop-nuka-semena-konopi.webp","width":810,"height":1080,"caption":"Sem\u00ednka konop\u00ed Automaton od Nuka Seeds"},{"@type":"BreadcrumbList","@id":"https:\/\/nukaseeds.cz\/de\/buy-cannabis-seeds\/automaton\/#breadcrumb","itemListElement":[{"@type":"ListItem","position":1,"name":"Home","item":"https:\/\/nukaseeds.cz\/de\/growshop-nukaseeds-cz-hanfsamen\/"},{"@type":"ListItem","position":2,"name":"Cannabis-Samen kaufen","item":"https:\/\/nukaseeds.cz\/de\/shop\/"},{"@type":"ListItem","position":3,"name":"Cannabis-Samen","item":"https:\/\/nukaseeds.cz\/de\/hanf-samen-kaufen\/hanfsamen-de\/"},{"@type":"ListItem","position":4,"name":"Automaton"}]},{"@type":"WebSite","@id":"https:\/\/nukaseeds.cz\/de\/#website","url":"https:\/\/nukaseeds.cz\/de\/","name":"Nuka Seeds Bank","description":"Cannabis-Samen kaufen, Marihuana-Samen kaufen","publisher":{"@id":"https:\/\/nukaseeds.cz\/de\/#organization"},"alternateName":"NukaSeeds cannabis seed bank","potentialAction":[{"@type":"SearchAction","target":{"@type":"EntryPoint","urlTemplate":"https:\/\/nukaseeds.cz\/de\/?s={search_term_string}"},"query-input":{"@type":"PropertyValueSpecification","valueRequired":true,"valueName":"search_term_string"}}],"inLanguage":"de"},{"@type":"Organization","@id":"https:\/\/nukaseeds.cz\/de\/#organization","name":"Nuka Trade s.r.o.","url":"https:\/\/nukaseeds.cz\/de\/","logo":{"@type":"ImageObject","inLanguage":"de","@id":"https:\/\/nukaseeds.cz\/de\/#\/schema\/logo\/image\/","url":"https:\/\/i0.wp.com\/nukaseeds.cz\/wp-content\/uploads\/2021\/11\/nuka-seeds-logo-vector-neon-8-production.png?fit=2142%2C1457&quality=70&ssl=1","contentUrl":"https:\/\/i0.wp.com\/nukaseeds.cz\/wp-content\/uploads\/2021\/11\/nuka-seeds-logo-vector-neon-8-production.png?fit=2142%2C1457&quality=70&ssl=1","width":2142,"height":1457,"caption":"Nuka Trade s.r.o."},"image":{"@id":"https:\/\/nukaseeds.cz\/de\/#\/schema\/logo\/image\/"},"sameAs":["https:\/\/www.facebook.com\/Nukaseeds\/","https:\/\/x.com\/seeds_nuka","https:\/\/www.instagram.com\/nukaseeds\/","https:\/\/www.youtube.com\/@nukaseeds1167","https:\/\/www.tumblr.com\/nukaseeds","https:\/\/www.linkedin.com\/company\/nukaseeds-ltd\/","https:\/\/cz.pinterest.com\/Nukaseeds\/"]}]}},"_links":{"self":[{"href":"https:\/\/nukaseeds.cz\/de\/wp-json\/wp\/v2\/product\/90630","targetHints":{"allow":["GET"]}}],"collection":[{"href":"https:\/\/nukaseeds.cz\/de\/wp-json\/wp\/v2\/product"}],"about":[{"href":"https:\/\/nukaseeds.cz\/de\/wp-json\/wp\/v2\/types\/product"}],"replies":[{"embeddable":true,"href":"https:\/\/nukaseeds.cz\/de\/wp-json\/wp\/v2\/comments?post=90630"}],"wp:featuredmedia":[{"embeddable":true,"href":"https:\/\/nukaseeds.cz\/de\/wp-json\/wp\/v2\/media\/90631"}],"wp:attachment":[{"href":"https:\/\/nukaseeds.cz\/de\/wp-json\/wp\/v2\/media?parent=90630"}],"wp:term":[{"taxonomy":"product_brand","embeddable":true,"href":"https:\/\/nukaseeds.cz\/de\/wp-json\/wp\/v2\/product_brand?post=90630"},{"taxonomy":"product_cat","embeddable":true,"href":"https:\/\/nukaseeds.cz\/de\/wp-json\/wp\/v2\/product_cat?post=90630"},{"taxonomy":"product_tag","embeddable":true,"href":"https:\/\/nukaseeds.cz\/de\/wp-json\/wp\/v2\/product_tag?post=90630"}],"curies":[{"name":"wp","href":"https:\/\/api.w.org\/{rel}","templated":true}]}}