{"id":90644,"date":"2025-04-11T15:26:50","date_gmt":"2025-04-11T13:26:50","guid":{"rendered":"http:\/\/nukaseeds.cz\/buy-cannabis-seeds\/phoenix-cbd\/"},"modified":"2025-04-11T15:26:50","modified_gmt":"2025-04-11T13:26:50","slug":"phoenix-cbd","status":"publish","type":"product","link":"https:\/\/nukaseeds.cz\/de\/buy-cannabis-seeds\/phoenix-cbd\/","title":{"rendered":"Phoenix CBD"},"content":{"rendered":"<p>Wir stellen unsere <strong>Phoenix CBD<\/strong> Feminisierten Hanfsamen vor, die sich durch ein au\u00dfergew\u00f6hnliches CBD:THC-Verh\u00e4ltnis von 40:1 auszeichnen. Diese spezielle Version von Hanfsamen bietet einen hohen CBD-Gehalt, der ideal f\u00fcr Cannabis-Enthusiasten ist, die nach einer Sorte mit weniger psychotropen Wirkungen suchen. <\/p>\n<p>Diese feminisierten Hanfsamen gelten als eine der einfachsten Sorten, was sie zu einer guten Wahl f\u00fcr Anf\u00e4nger und erfahrene G\u00e4rtner gleicherma\u00dfen macht. Diese Samen sind resistent gegen Sch\u00e4dlinge und Krankheiten und ersparen dir die Zeit und M\u00fche, die du sonst f\u00fcr ihre Pflege aufwenden m\u00fcsstest. <\/p>\n<p><strong>Der THC-Gehalt betr\u00e4gt bis zu 0,3%<br \/>\nDer CBD-Gehalt liegt bei 14-16%.<\/strong><\/p>\n<p>&#8211; Ertrag: 450 &#8211; 550 gr\/m2<br \/>\n&#8211; Gesamtanbauzeit: 55 &#8211; 60 Tage.<br \/>\n&#8211; H\u00f6he: 90 &#8211; 110 cm.<\/p>\n<p><strong>Wann w\u00e4chst VENKU:<\/strong><br \/>\n&#8211; Ernte: September<br \/>\n&#8211; H\u00f6he: 200 &#8211; 250 cm.<\/p>\n","protected":false},"excerpt":{"rendered":"<p>Phoenix CBD Feminisierte Hanfsamen haben einen hohen CBD-Gehalt: Dank des CBD:THC-Verh\u00e4ltnisses von 40:1 sind diese Samen ideal f\u00fcr alle, die Cannabis mit weniger psychotropen Wirkungen bevorzugen.<\/p>\n","protected":false},"featured_media":90645,"comment_status":"open","ping_status":"closed","template":"","meta":[],"product_brand":[7734],"product_cat":[7741,7749,7736,7738,7751,7745,7748,7759],"product_tag":[],"class_list":{"0":"post-90644","1":"product","2":"type-product","3":"status-publish","4":"has-post-thumbnail","6":"product_brand-nuka-seeds","7":"product_cat-56-65-tage-de","8":"product_cat-anbau-im-freien-de","9":"product_cat-hanfsamen-de","10":"product_cat-cbd-samen-de","11":"product_cat-feminisierte-hanfsamen-de","12":"product_cat-indica-hanf-de","13":"product_cat-indoor-anbau-de","14":"product_cat-medizinisches-cannabis-de","15":"pa_baleni-semen-10-de","16":"pa_baleni-semen-3-de","17":"pa_baleni-semen-5-de","18":"pa_brand-nuka-samen","21":"first","22":"outofstock","23":"sale","24":"taxable","25":"shipping-taxable","26":"purchasable","27":"product-type-variable"},"yoast_head":"<!-- This site is optimized with the Yoast SEO plugin v26.6 - https:\/\/yoast.com\/wordpress\/plugins\/seo\/ -->\n<title>Hanfsamen Phoenix- Growshop NukaSeeds<\/title>\n<meta name=\"description\" content=\"Phoenix Hemp Seeds - Feminized CBD. ist eine medizinische Sorte von Cannabis. Der THC-Gehalt liegt bei bis zu 0,3%.\" \/>\n<meta name=\"robots\" content=\"index, follow, max-snippet:-1, max-image-preview:large, max-video-preview:-1\" \/>\n<link rel=\"canonical\" href=\"https:\/\/nukaseeds.cz\/de\/buy-cannabis-seeds\/phoenix-cbd\/\" \/>\n<meta property=\"og:locale\" content=\"de_DE\" \/>\n<meta property=\"og:type\" content=\"article\" \/>\n<meta property=\"og:title\" content=\"Hanfsamen Phoenix- Growshop NukaSeeds\" \/>\n<meta property=\"og:description\" content=\"Wir stellen unsere Phoenix CBD Feminisierten Hanfsamen vor, die sich durch ein au\u00dfergew\u00f6hnliches CBD:THC-Verh\u00e4ltnis von 40:1 auszeichnen. Diese spezielle Version von Hanfsamen bietet einen hohen CBD-Gehalt, der ideal f\u00fcr Cannabis-Enthusiasten ist, die nach einer Sorte mit weniger psychotropen Wirkungen suchen.\" \/>\n<meta property=\"og:url\" content=\"https:\/\/nukaseeds.cz\/de\/buy-cannabis-seeds\/phoenix-cbd\/\" \/>\n<meta property=\"og:site_name\" content=\"Nuka Cannabis-Samen\" \/>\n<meta property=\"article:publisher\" content=\"https:\/\/www.facebook.com\/Nukaseeds\/\" \/>\n<meta property=\"og:image\" content=\"http:\/\/nukaseeds.cz\/wp-content\/uploads\/2025\/04\/growshop-nuka-semena-konopi-phoenix-225x300.webp\" \/>\n<meta name=\"twitter:card\" content=\"summary_large_image\" \/>\n<meta name=\"twitter:title\" content=\"Phoenix Hemp Seeds - Feminized CBD. ist eine medizinische Sorte von Cannabis. Der THC-Gehalt liegt bei bis zu 0,3%.\" \/>\n<meta name=\"twitter:description\" content=\"Wir stellen unsere Phoenix CBD Feminisierten Hanfsamen vor, die sich durch ein au\u00dfergew\u00f6hnliches CBD:THC-Verh\u00e4ltnis von 40:1 auszeichnen. Diese spezielle Version von Hanfsamen bietet einen hohen CBD-Gehalt, der ideal f\u00fcr Cannabis-Enthusiasten ist, die nach einer Sorte mit weniger psychotropen Wirkungen suchen.\" \/>\n<meta name=\"twitter:image\" content=\"http:\/\/nukaseeds.cz\/wp-content\/uploads\/2025\/04\/growshop-nuka-semena-konopi-phoenix-768x1024.webp\" \/>\n<meta name=\"twitter:site\" content=\"@seeds_nuka\" \/>\n<meta name=\"twitter:label1\" content=\"Gesch\u00e4tzte Lesezeit\" \/>\n\t<meta name=\"twitter:data1\" content=\"1\u00a0Minute\" \/>\n<script type=\"application\/ld+json\" class=\"yoast-schema-graph\">{\"@context\":\"https:\/\/schema.org\",\"@graph\":[{\"@type\":\"WebPage\",\"@id\":\"https:\/\/nukaseeds.cz\/de\/buy-cannabis-seeds\/phoenix-cbd\/\",\"url\":\"https:\/\/nukaseeds.cz\/de\/buy-cannabis-seeds\/phoenix-cbd\/\",\"name\":\"Hanfsamen Phoenix- Growshop NukaSeeds\",\"isPartOf\":{\"@id\":\"https:\/\/nukaseeds.cz\/de\/#website\"},\"primaryImageOfPage\":{\"@id\":\"https:\/\/nukaseeds.cz\/de\/buy-cannabis-seeds\/phoenix-cbd\/#primaryimage\"},\"image\":{\"@id\":\"https:\/\/nukaseeds.cz\/de\/buy-cannabis-seeds\/phoenix-cbd\/#primaryimage\"},\"thumbnailUrl\":\"https:\/\/nukaseeds.cz\/wp-content\/uploads\/2025\/04\/growshop-nuka-semena-konopi-phoenix.webp\",\"datePublished\":\"2025-04-11T13:26:50+00:00\",\"description\":\"Phoenix Hemp Seeds - Feminized CBD. ist eine medizinische Sorte von Cannabis. Der THC-Gehalt liegt bei bis zu 0,3%.\",\"breadcrumb\":{\"@id\":\"https:\/\/nukaseeds.cz\/de\/buy-cannabis-seeds\/phoenix-cbd\/#breadcrumb\"},\"inLanguage\":\"de\",\"potentialAction\":[{\"@type\":\"ReadAction\",\"target\":[\"https:\/\/nukaseeds.cz\/de\/buy-cannabis-seeds\/phoenix-cbd\/\"]}]},{\"@type\":\"ImageObject\",\"inLanguage\":\"de\",\"@id\":\"https:\/\/nukaseeds.cz\/de\/buy-cannabis-seeds\/phoenix-cbd\/#primaryimage\",\"url\":\"https:\/\/nukaseeds.cz\/wp-content\/uploads\/2025\/04\/growshop-nuka-semena-konopi-phoenix.webp\",\"contentUrl\":\"https:\/\/nukaseeds.cz\/wp-content\/uploads\/2025\/04\/growshop-nuka-semena-konopi-phoenix.webp\",\"width\":810,\"height\":1080,\"caption\":\"Konopn\u00e1 semena F\u00e9nix\"},{\"@type\":\"BreadcrumbList\",\"@id\":\"https:\/\/nukaseeds.cz\/de\/buy-cannabis-seeds\/phoenix-cbd\/#breadcrumb\",\"itemListElement\":[{\"@type\":\"ListItem\",\"position\":1,\"name\":\"Home\",\"item\":\"https:\/\/nukaseeds.cz\/de\/growshop-nukaseeds-cz-hanfsamen\/\"},{\"@type\":\"ListItem\",\"position\":2,\"name\":\"Cannabis-Samen kaufen\",\"item\":\"https:\/\/nukaseeds.cz\/de\/shop\/\"},{\"@type\":\"ListItem\",\"position\":3,\"name\":\"Cannabis-Samen\",\"item\":\"https:\/\/nukaseeds.cz\/de\/hanf-samen-kaufen\/hanfsamen-de\/\"},{\"@type\":\"ListItem\",\"position\":4,\"name\":\"Phoenix CBD\"}]},{\"@type\":\"WebSite\",\"@id\":\"https:\/\/nukaseeds.cz\/de\/#website\",\"url\":\"https:\/\/nukaseeds.cz\/de\/\",\"name\":\"Nuka Seeds Bank\",\"description\":\"Cannabis-Samen kaufen, Marihuana-Samen kaufen\",\"publisher\":{\"@id\":\"https:\/\/nukaseeds.cz\/de\/#organization\"},\"alternateName\":\"NukaSeeds cannabis seed bank\",\"potentialAction\":[{\"@type\":\"SearchAction\",\"target\":{\"@type\":\"EntryPoint\",\"urlTemplate\":\"https:\/\/nukaseeds.cz\/de\/?s={search_term_string}\"},\"query-input\":{\"@type\":\"PropertyValueSpecification\",\"valueRequired\":true,\"valueName\":\"search_term_string\"}}],\"inLanguage\":\"de\"},{\"@type\":\"Organization\",\"@id\":\"https:\/\/nukaseeds.cz\/de\/#organization\",\"name\":\"Nuka Trade s.r.o.\",\"url\":\"https:\/\/nukaseeds.cz\/de\/\",\"logo\":{\"@type\":\"ImageObject\",\"inLanguage\":\"de\",\"@id\":\"https:\/\/nukaseeds.cz\/de\/#\/schema\/logo\/image\/\",\"url\":\"https:\/\/i0.wp.com\/nukaseeds.cz\/wp-content\/uploads\/2021\/11\/nuka-seeds-logo-vector-neon-8-production.png?fit=2142%2C1457&quality=70&ssl=1\",\"contentUrl\":\"https:\/\/i0.wp.com\/nukaseeds.cz\/wp-content\/uploads\/2021\/11\/nuka-seeds-logo-vector-neon-8-production.png?fit=2142%2C1457&quality=70&ssl=1\",\"width\":2142,\"height\":1457,\"caption\":\"Nuka Trade s.r.o.\"},\"image\":{\"@id\":\"https:\/\/nukaseeds.cz\/de\/#\/schema\/logo\/image\/\"},\"sameAs\":[\"https:\/\/www.facebook.com\/Nukaseeds\/\",\"https:\/\/x.com\/seeds_nuka\",\"https:\/\/www.instagram.com\/nukaseeds\/\",\"https:\/\/www.youtube.com\/@nukaseeds1167\",\"https:\/\/www.tumblr.com\/nukaseeds\",\"https:\/\/www.linkedin.com\/company\/nukaseeds-ltd\/\",\"https:\/\/cz.pinterest.com\/Nukaseeds\/\"]}]}<\/script>\n<!-- \/ Yoast SEO plugin. -->","yoast_head_json":{"title":"Hanfsamen Phoenix- Growshop NukaSeeds","description":"Phoenix Hemp Seeds - Feminized CBD. ist eine medizinische Sorte von Cannabis. Der THC-Gehalt liegt bei bis zu 0,3%.","robots":{"index":"index","follow":"follow","max-snippet":"max-snippet:-1","max-image-preview":"max-image-preview:large","max-video-preview":"max-video-preview:-1"},"canonical":"https:\/\/nukaseeds.cz\/de\/buy-cannabis-seeds\/phoenix-cbd\/","og_locale":"de_DE","og_type":"article","og_title":"Hanfsamen Phoenix- Growshop NukaSeeds","og_description":"Wir stellen unsere Phoenix CBD Feminisierten Hanfsamen vor, die sich durch ein au\u00dfergew\u00f6hnliches CBD:THC-Verh\u00e4ltnis von 40:1 auszeichnen. Diese spezielle Version von Hanfsamen bietet einen hohen CBD-Gehalt, der ideal f\u00fcr Cannabis-Enthusiasten ist, die nach einer Sorte mit weniger psychotropen Wirkungen suchen.","og_url":"https:\/\/nukaseeds.cz\/de\/buy-cannabis-seeds\/phoenix-cbd\/","og_site_name":"Nuka Cannabis-Samen","article_publisher":"https:\/\/www.facebook.com\/Nukaseeds\/","og_image":[{"url":"http:\/\/nukaseeds.cz\/wp-content\/uploads\/2025\/04\/growshop-nuka-semena-konopi-phoenix-225x300.webp","type":"","width":"","height":""}],"twitter_card":"summary_large_image","twitter_title":"Phoenix Hemp Seeds - Feminized CBD. ist eine medizinische Sorte von Cannabis. Der THC-Gehalt liegt bei bis zu 0,3%.","twitter_description":"Wir stellen unsere Phoenix CBD Feminisierten Hanfsamen vor, die sich durch ein au\u00dfergew\u00f6hnliches CBD:THC-Verh\u00e4ltnis von 40:1 auszeichnen. Diese spezielle Version von Hanfsamen bietet einen hohen CBD-Gehalt, der ideal f\u00fcr Cannabis-Enthusiasten ist, die nach einer Sorte mit weniger psychotropen Wirkungen suchen.","twitter_image":"http:\/\/nukaseeds.cz\/wp-content\/uploads\/2025\/04\/growshop-nuka-semena-konopi-phoenix-768x1024.webp","twitter_site":"@seeds_nuka","twitter_misc":{"Gesch\u00e4tzte Lesezeit":"1\u00a0Minute"},"schema":{"@context":"https:\/\/schema.org","@graph":[{"@type":"WebPage","@id":"https:\/\/nukaseeds.cz\/de\/buy-cannabis-seeds\/phoenix-cbd\/","url":"https:\/\/nukaseeds.cz\/de\/buy-cannabis-seeds\/phoenix-cbd\/","name":"Hanfsamen Phoenix- Growshop NukaSeeds","isPartOf":{"@id":"https:\/\/nukaseeds.cz\/de\/#website"},"primaryImageOfPage":{"@id":"https:\/\/nukaseeds.cz\/de\/buy-cannabis-seeds\/phoenix-cbd\/#primaryimage"},"image":{"@id":"https:\/\/nukaseeds.cz\/de\/buy-cannabis-seeds\/phoenix-cbd\/#primaryimage"},"thumbnailUrl":"https:\/\/nukaseeds.cz\/wp-content\/uploads\/2025\/04\/growshop-nuka-semena-konopi-phoenix.webp","datePublished":"2025-04-11T13:26:50+00:00","description":"Phoenix Hemp Seeds - Feminized CBD. ist eine medizinische Sorte von Cannabis. Der THC-Gehalt liegt bei bis zu 0,3%.","breadcrumb":{"@id":"https:\/\/nukaseeds.cz\/de\/buy-cannabis-seeds\/phoenix-cbd\/#breadcrumb"},"inLanguage":"de","potentialAction":[{"@type":"ReadAction","target":["https:\/\/nukaseeds.cz\/de\/buy-cannabis-seeds\/phoenix-cbd\/"]}]},{"@type":"ImageObject","inLanguage":"de","@id":"https:\/\/nukaseeds.cz\/de\/buy-cannabis-seeds\/phoenix-cbd\/#primaryimage","url":"https:\/\/nukaseeds.cz\/wp-content\/uploads\/2025\/04\/growshop-nuka-semena-konopi-phoenix.webp","contentUrl":"https:\/\/nukaseeds.cz\/wp-content\/uploads\/2025\/04\/growshop-nuka-semena-konopi-phoenix.webp","width":810,"height":1080,"caption":"Konopn\u00e1 semena F\u00e9nix"},{"@type":"BreadcrumbList","@id":"https:\/\/nukaseeds.cz\/de\/buy-cannabis-seeds\/phoenix-cbd\/#breadcrumb","itemListElement":[{"@type":"ListItem","position":1,"name":"Home","item":"https:\/\/nukaseeds.cz\/de\/growshop-nukaseeds-cz-hanfsamen\/"},{"@type":"ListItem","position":2,"name":"Cannabis-Samen kaufen","item":"https:\/\/nukaseeds.cz\/de\/shop\/"},{"@type":"ListItem","position":3,"name":"Cannabis-Samen","item":"https:\/\/nukaseeds.cz\/de\/hanf-samen-kaufen\/hanfsamen-de\/"},{"@type":"ListItem","position":4,"name":"Phoenix CBD"}]},{"@type":"WebSite","@id":"https:\/\/nukaseeds.cz\/de\/#website","url":"https:\/\/nukaseeds.cz\/de\/","name":"Nuka Seeds Bank","description":"Cannabis-Samen kaufen, Marihuana-Samen kaufen","publisher":{"@id":"https:\/\/nukaseeds.cz\/de\/#organization"},"alternateName":"NukaSeeds cannabis seed bank","potentialAction":[{"@type":"SearchAction","target":{"@type":"EntryPoint","urlTemplate":"https:\/\/nukaseeds.cz\/de\/?s={search_term_string}"},"query-input":{"@type":"PropertyValueSpecification","valueRequired":true,"valueName":"search_term_string"}}],"inLanguage":"de"},{"@type":"Organization","@id":"https:\/\/nukaseeds.cz\/de\/#organization","name":"Nuka Trade s.r.o.","url":"https:\/\/nukaseeds.cz\/de\/","logo":{"@type":"ImageObject","inLanguage":"de","@id":"https:\/\/nukaseeds.cz\/de\/#\/schema\/logo\/image\/","url":"https:\/\/i0.wp.com\/nukaseeds.cz\/wp-content\/uploads\/2021\/11\/nuka-seeds-logo-vector-neon-8-production.png?fit=2142%2C1457&quality=70&ssl=1","contentUrl":"https:\/\/i0.wp.com\/nukaseeds.cz\/wp-content\/uploads\/2021\/11\/nuka-seeds-logo-vector-neon-8-production.png?fit=2142%2C1457&quality=70&ssl=1","width":2142,"height":1457,"caption":"Nuka Trade s.r.o."},"image":{"@id":"https:\/\/nukaseeds.cz\/de\/#\/schema\/logo\/image\/"},"sameAs":["https:\/\/www.facebook.com\/Nukaseeds\/","https:\/\/x.com\/seeds_nuka","https:\/\/www.instagram.com\/nukaseeds\/","https:\/\/www.youtube.com\/@nukaseeds1167","https:\/\/www.tumblr.com\/nukaseeds","https:\/\/www.linkedin.com\/company\/nukaseeds-ltd\/","https:\/\/cz.pinterest.com\/Nukaseeds\/"]}]}},"_links":{"self":[{"href":"https:\/\/nukaseeds.cz\/de\/wp-json\/wp\/v2\/product\/90644","targetHints":{"allow":["GET"]}}],"collection":[{"href":"https:\/\/nukaseeds.cz\/de\/wp-json\/wp\/v2\/product"}],"about":[{"href":"https:\/\/nukaseeds.cz\/de\/wp-json\/wp\/v2\/types\/product"}],"replies":[{"embeddable":true,"href":"https:\/\/nukaseeds.cz\/de\/wp-json\/wp\/v2\/comments?post=90644"}],"wp:featuredmedia":[{"embeddable":true,"href":"https:\/\/nukaseeds.cz\/de\/wp-json\/wp\/v2\/media\/90645"}],"wp:attachment":[{"href":"https:\/\/nukaseeds.cz\/de\/wp-json\/wp\/v2\/media?parent=90644"}],"wp:term":[{"taxonomy":"product_brand","embeddable":true,"href":"https:\/\/nukaseeds.cz\/de\/wp-json\/wp\/v2\/product_brand?post=90644"},{"taxonomy":"product_cat","embeddable":true,"href":"https:\/\/nukaseeds.cz\/de\/wp-json\/wp\/v2\/product_cat?post=90644"},{"taxonomy":"product_tag","embeddable":true,"href":"https:\/\/nukaseeds.cz\/de\/wp-json\/wp\/v2\/product_tag?post=90644"}],"curies":[{"name":"wp","href":"https:\/\/api.w.org\/{rel}","templated":true}]}}