{"id":90653,"date":"2024-04-08T16:14:13","date_gmt":"2024-04-08T14:14:13","guid":{"rendered":"http:\/\/nukaseeds.cz\/buy-cannabis-seeds\/gelato\/"},"modified":"2024-04-08T16:14:13","modified_gmt":"2024-04-08T14:14:13","slug":"gelato","status":"publish","type":"product","link":"https:\/\/nukaseeds.cz\/de\/buy-cannabis-seeds\/gelato\/","title":{"rendered":"Gelato"},"content":{"rendered":"<p>Eine f\u00fchrende amerikanische Sorte, die urspr\u00fcnglich aus Kalifornien stammt und f\u00fcr ihre ausgepr\u00e4gten aromatischen Qualit\u00e4ten bekannt ist, bietet ein intensives und einzigartiges Erlebnis. Eine Kombination aus Kraft und Geschmack. <\/p>\n<p>Gelato Hanfsamen sind klassisch photoperiodisch (feminisiert) und werden in 9 Wochen bl\u00fchen.<br \/>\nSie wurde durch die Kreuzung der bekannten Gelato- und Wedding-Cake-Genetik als ausgewogener Hybrid mit einem einzigartigen Terpenprofil und starken euphorischen Wirkungen geschaffen. Das Cannabis erreicht eine H\u00f6he von 2 Metern und kann drinnen, drau\u00dfen oder im Gew\u00e4chshaus angebaut werden.<br \/>\nGelato ist winterhart und stabil und eignet sich auch f\u00fcr weniger erfahrene Anbauer. <\/p>\n<p>Sie hat einen THC-Gehalt von bis zu 23% und liefert bis zu 550 Gramm pro Pflanze im Freien oder 0,95 Gramm pro Watt im Inneren. Die einzigartige Struktur der Zapfen minimiert das Vorhandensein von \u00fcbersch\u00fcssigen Bl\u00e4ttern, wodurch sie leichter zu verarbeiten sind. <\/p>\n<p>S\u00fc\u00dfer und cremiger Geschmack f\u00fcr echte Feinschmecker.<\/p>\n","protected":false},"excerpt":{"rendered":"<p>Die amerikanische Cannabissorte Gelato, die f\u00fcr dich eine s\u00fc\u00dfe \u00dcberraschung sein wird, gilt als eine der beliebtesten Marihuana-Genetiken der Welt und unsere Version ist keine Ausnahme.<\/p>\n","protected":false},"featured_media":90654,"comment_status":"open","ping_status":"closed","template":"","meta":[],"product_brand":[],"product_cat":[7742,7749,7736,7761,7751,7745,7748,7753],"product_tag":[],"class_list":{"0":"post-90653","1":"product","2":"type-product","3":"status-publish","4":"has-post-thumbnail","6":"product_cat-66-jahre-und-alter-de","7":"product_cat-anbau-im-freien-de","8":"product_cat-hanfsamen-de","9":"product_cat-erdung-und-meditation-de","10":"product_cat-feminisierte-hanfsamen-de","11":"product_cat-indica-hanf-de","12":"product_cat-indoor-anbau-de","13":"product_cat-nuka-samen-de","14":"pa_baleni-semen-3-de","15":"pa_baleni-semen-5-de","16":"pa_baleni-semen-10-de","17":"pa_brand-nuka-samen","20":"first","21":"instock","22":"sale","23":"taxable","24":"shipping-taxable","25":"purchasable","26":"product-type-variable"},"yoast_head":"<!-- This site is optimized with the Yoast SEO plugin v26.6 - https:\/\/yoast.com\/wordpress\/plugins\/seo\/ -->\n<title>Hanfsamen Gelato - Growshop NukaSeeds<\/title>\n<meta name=\"description\" content=\"Amerikanische Cannabis-Sorte Gelato, die eine s\u00fc\u00dfe \u00dcberraschung f\u00fcr dich sein wird. Gelato-Samen sind klassisch photoperiodisch (feminisiert) und werden in 9 Wochen bl\u00fchen.\" \/>\n<meta name=\"robots\" content=\"index, follow, max-snippet:-1, max-image-preview:large, max-video-preview:-1\" \/>\n<link rel=\"canonical\" href=\"https:\/\/nukaseeds.cz\/de\/buy-cannabis-seeds\/gelato\/\" \/>\n<meta property=\"og:locale\" content=\"de_DE\" \/>\n<meta property=\"og:type\" content=\"article\" \/>\n<meta property=\"og:title\" content=\"Hanfsamen Gelato - Growshop NukaSeeds\" \/>\n<meta property=\"og:description\" content=\"Amerikanische Cannabis-Sorte Gelato, die eine s\u00fc\u00dfe \u00dcberraschung f\u00fcr dich sein wird. Gelato-Samen sind klassisch photoperiodisch (feminisiert) und werden in 9 Wochen bl\u00fchen.\" \/>\n<meta property=\"og:url\" content=\"https:\/\/nukaseeds.cz\/de\/buy-cannabis-seeds\/gelato\/\" \/>\n<meta property=\"og:site_name\" content=\"Nuka Cannabis-Samen\" \/>\n<meta property=\"article:publisher\" content=\"https:\/\/www.facebook.com\/Nukaseeds\/\" \/>\n<meta property=\"og:image\" content=\"http:\/\/nukaseeds.cz\/wp-content\/uploads\/2024\/04\/growshop-nuka-semena-konopi-gelato-copy-225x300.webp\" \/>\n<meta name=\"twitter:card\" content=\"summary_large_image\" \/>\n<meta name=\"twitter:title\" content=\"Hanfsamen Gelato - Growshop NukaSeeds\" \/>\n<meta name=\"twitter:description\" content=\"Amerikanische Cannabis-Sorte Gelato, die eine s\u00fc\u00dfe \u00dcberraschung f\u00fcr dich sein wird. Gelato-Samen sind klassisch photoperiodisch (feminisiert) und werden in 9 Wochen bl\u00fchen.\" \/>\n<meta name=\"twitter:image\" content=\"http:\/\/nukaseeds.cz\/wp-content\/uploads\/2024\/04\/growshop-nuka-semena-konopi-gelato-copy-768x1024.webp\" \/>\n<meta name=\"twitter:site\" content=\"@seeds_nuka\" \/>\n<meta name=\"twitter:label1\" content=\"Gesch\u00e4tzte Lesezeit\" \/>\n\t<meta name=\"twitter:data1\" content=\"1\u00a0Minute\" \/>\n<script type=\"application\/ld+json\" class=\"yoast-schema-graph\">{\"@context\":\"https:\/\/schema.org\",\"@graph\":[{\"@type\":\"WebPage\",\"@id\":\"https:\/\/nukaseeds.cz\/de\/buy-cannabis-seeds\/gelato\/\",\"url\":\"https:\/\/nukaseeds.cz\/de\/buy-cannabis-seeds\/gelato\/\",\"name\":\"Hanfsamen Gelato - Growshop NukaSeeds\",\"isPartOf\":{\"@id\":\"https:\/\/nukaseeds.cz\/de\/#website\"},\"primaryImageOfPage\":{\"@id\":\"https:\/\/nukaseeds.cz\/de\/buy-cannabis-seeds\/gelato\/#primaryimage\"},\"image\":{\"@id\":\"https:\/\/nukaseeds.cz\/de\/buy-cannabis-seeds\/gelato\/#primaryimage\"},\"thumbnailUrl\":\"https:\/\/nukaseeds.cz\/wp-content\/uploads\/2024\/04\/growshop-nuka-semena-konopi-gelato-copy.webp\",\"datePublished\":\"2024-04-08T14:14:13+00:00\",\"description\":\"Amerikanische Cannabis-Sorte Gelato, die eine s\u00fc\u00dfe \u00dcberraschung f\u00fcr dich sein wird. Gelato-Samen sind klassisch photoperiodisch (feminisiert) und werden in 9 Wochen bl\u00fchen.\",\"breadcrumb\":{\"@id\":\"https:\/\/nukaseeds.cz\/de\/buy-cannabis-seeds\/gelato\/#breadcrumb\"},\"inLanguage\":\"de\",\"potentialAction\":[{\"@type\":\"ReadAction\",\"target\":[\"https:\/\/nukaseeds.cz\/de\/buy-cannabis-seeds\/gelato\/\"]}]},{\"@type\":\"ImageObject\",\"inLanguage\":\"de\",\"@id\":\"https:\/\/nukaseeds.cz\/de\/buy-cannabis-seeds\/gelato\/#primaryimage\",\"url\":\"https:\/\/nukaseeds.cz\/wp-content\/uploads\/2024\/04\/growshop-nuka-semena-konopi-gelato-copy.webp\",\"contentUrl\":\"https:\/\/nukaseeds.cz\/wp-content\/uploads\/2024\/04\/growshop-nuka-semena-konopi-gelato-copy.webp\",\"width\":810,\"height\":1080,\"caption\":\"Sem\u00ednka konop\u00ed Gelato\"},{\"@type\":\"BreadcrumbList\",\"@id\":\"https:\/\/nukaseeds.cz\/de\/buy-cannabis-seeds\/gelato\/#breadcrumb\",\"itemListElement\":[{\"@type\":\"ListItem\",\"position\":1,\"name\":\"Home\",\"item\":\"https:\/\/nukaseeds.cz\/de\/\"},{\"@type\":\"ListItem\",\"position\":2,\"name\":\"Cannabis-Samen kaufen\",\"item\":\"https:\/\/nukaseeds.cz\/de\/shop\/\"},{\"@type\":\"ListItem\",\"position\":3,\"name\":\"Cannabis-Samen\",\"item\":\"https:\/\/nukaseeds.cz\/de\/hanf-samen-kaufen\/hanfsamen-de\/\"},{\"@type\":\"ListItem\",\"position\":4,\"name\":\"Gelato\"}]},{\"@type\":\"WebSite\",\"@id\":\"https:\/\/nukaseeds.cz\/de\/#website\",\"url\":\"https:\/\/nukaseeds.cz\/de\/\",\"name\":\"Nuka Seeds Bank\",\"description\":\"Cannabis-Samen kaufen, Marihuana-Samen kaufen\",\"publisher\":{\"@id\":\"https:\/\/nukaseeds.cz\/de\/#organization\"},\"alternateName\":\"NukaSeeds cannabis seed bank\",\"potentialAction\":[{\"@type\":\"SearchAction\",\"target\":{\"@type\":\"EntryPoint\",\"urlTemplate\":\"https:\/\/nukaseeds.cz\/de\/?s={search_term_string}\"},\"query-input\":{\"@type\":\"PropertyValueSpecification\",\"valueRequired\":true,\"valueName\":\"search_term_string\"}}],\"inLanguage\":\"de\"},{\"@type\":\"Organization\",\"@id\":\"https:\/\/nukaseeds.cz\/de\/#organization\",\"name\":\"Nuka Trade s.r.o.\",\"url\":\"https:\/\/nukaseeds.cz\/de\/\",\"logo\":{\"@type\":\"ImageObject\",\"inLanguage\":\"de\",\"@id\":\"https:\/\/nukaseeds.cz\/de\/#\/schema\/logo\/image\/\",\"url\":\"https:\/\/i0.wp.com\/nukaseeds.cz\/wp-content\/uploads\/2021\/11\/nuka-seeds-logo-vector-neon-8-production.png?fit=2142%2C1457&quality=70&ssl=1\",\"contentUrl\":\"https:\/\/i0.wp.com\/nukaseeds.cz\/wp-content\/uploads\/2021\/11\/nuka-seeds-logo-vector-neon-8-production.png?fit=2142%2C1457&quality=70&ssl=1\",\"width\":2142,\"height\":1457,\"caption\":\"Nuka Trade s.r.o.\"},\"image\":{\"@id\":\"https:\/\/nukaseeds.cz\/de\/#\/schema\/logo\/image\/\"},\"sameAs\":[\"https:\/\/www.facebook.com\/Nukaseeds\/\",\"https:\/\/x.com\/seeds_nuka\",\"https:\/\/www.instagram.com\/nukaseeds\/\",\"https:\/\/www.youtube.com\/@nukaseeds1167\",\"https:\/\/www.tumblr.com\/nukaseeds\",\"https:\/\/www.linkedin.com\/company\/nukaseeds-ltd\/\",\"https:\/\/cz.pinterest.com\/Nukaseeds\/\"]}]}<\/script>\n<!-- \/ Yoast SEO plugin. -->","yoast_head_json":{"title":"Hanfsamen Gelato - Growshop NukaSeeds","description":"Amerikanische Cannabis-Sorte Gelato, die eine s\u00fc\u00dfe \u00dcberraschung f\u00fcr dich sein wird. Gelato-Samen sind klassisch photoperiodisch (feminisiert) und werden in 9 Wochen bl\u00fchen.","robots":{"index":"index","follow":"follow","max-snippet":"max-snippet:-1","max-image-preview":"max-image-preview:large","max-video-preview":"max-video-preview:-1"},"canonical":"https:\/\/nukaseeds.cz\/de\/buy-cannabis-seeds\/gelato\/","og_locale":"de_DE","og_type":"article","og_title":"Hanfsamen Gelato - Growshop NukaSeeds","og_description":"Amerikanische Cannabis-Sorte Gelato, die eine s\u00fc\u00dfe \u00dcberraschung f\u00fcr dich sein wird. Gelato-Samen sind klassisch photoperiodisch (feminisiert) und werden in 9 Wochen bl\u00fchen.","og_url":"https:\/\/nukaseeds.cz\/de\/buy-cannabis-seeds\/gelato\/","og_site_name":"Nuka Cannabis-Samen","article_publisher":"https:\/\/www.facebook.com\/Nukaseeds\/","og_image":[{"url":"http:\/\/nukaseeds.cz\/wp-content\/uploads\/2024\/04\/growshop-nuka-semena-konopi-gelato-copy-225x300.webp","type":"","width":"","height":""}],"twitter_card":"summary_large_image","twitter_title":"Hanfsamen Gelato - Growshop NukaSeeds","twitter_description":"Amerikanische Cannabis-Sorte Gelato, die eine s\u00fc\u00dfe \u00dcberraschung f\u00fcr dich sein wird. Gelato-Samen sind klassisch photoperiodisch (feminisiert) und werden in 9 Wochen bl\u00fchen.","twitter_image":"http:\/\/nukaseeds.cz\/wp-content\/uploads\/2024\/04\/growshop-nuka-semena-konopi-gelato-copy-768x1024.webp","twitter_site":"@seeds_nuka","twitter_misc":{"Gesch\u00e4tzte Lesezeit":"1\u00a0Minute"},"schema":{"@context":"https:\/\/schema.org","@graph":[{"@type":"WebPage","@id":"https:\/\/nukaseeds.cz\/de\/buy-cannabis-seeds\/gelato\/","url":"https:\/\/nukaseeds.cz\/de\/buy-cannabis-seeds\/gelato\/","name":"Hanfsamen Gelato - Growshop NukaSeeds","isPartOf":{"@id":"https:\/\/nukaseeds.cz\/de\/#website"},"primaryImageOfPage":{"@id":"https:\/\/nukaseeds.cz\/de\/buy-cannabis-seeds\/gelato\/#primaryimage"},"image":{"@id":"https:\/\/nukaseeds.cz\/de\/buy-cannabis-seeds\/gelato\/#primaryimage"},"thumbnailUrl":"https:\/\/nukaseeds.cz\/wp-content\/uploads\/2024\/04\/growshop-nuka-semena-konopi-gelato-copy.webp","datePublished":"2024-04-08T14:14:13+00:00","description":"Amerikanische Cannabis-Sorte Gelato, die eine s\u00fc\u00dfe \u00dcberraschung f\u00fcr dich sein wird. Gelato-Samen sind klassisch photoperiodisch (feminisiert) und werden in 9 Wochen bl\u00fchen.","breadcrumb":{"@id":"https:\/\/nukaseeds.cz\/de\/buy-cannabis-seeds\/gelato\/#breadcrumb"},"inLanguage":"de","potentialAction":[{"@type":"ReadAction","target":["https:\/\/nukaseeds.cz\/de\/buy-cannabis-seeds\/gelato\/"]}]},{"@type":"ImageObject","inLanguage":"de","@id":"https:\/\/nukaseeds.cz\/de\/buy-cannabis-seeds\/gelato\/#primaryimage","url":"https:\/\/nukaseeds.cz\/wp-content\/uploads\/2024\/04\/growshop-nuka-semena-konopi-gelato-copy.webp","contentUrl":"https:\/\/nukaseeds.cz\/wp-content\/uploads\/2024\/04\/growshop-nuka-semena-konopi-gelato-copy.webp","width":810,"height":1080,"caption":"Sem\u00ednka konop\u00ed Gelato"},{"@type":"BreadcrumbList","@id":"https:\/\/nukaseeds.cz\/de\/buy-cannabis-seeds\/gelato\/#breadcrumb","itemListElement":[{"@type":"ListItem","position":1,"name":"Home","item":"https:\/\/nukaseeds.cz\/de\/"},{"@type":"ListItem","position":2,"name":"Cannabis-Samen kaufen","item":"https:\/\/nukaseeds.cz\/de\/shop\/"},{"@type":"ListItem","position":3,"name":"Cannabis-Samen","item":"https:\/\/nukaseeds.cz\/de\/hanf-samen-kaufen\/hanfsamen-de\/"},{"@type":"ListItem","position":4,"name":"Gelato"}]},{"@type":"WebSite","@id":"https:\/\/nukaseeds.cz\/de\/#website","url":"https:\/\/nukaseeds.cz\/de\/","name":"Nuka Seeds Bank","description":"Cannabis-Samen kaufen, Marihuana-Samen kaufen","publisher":{"@id":"https:\/\/nukaseeds.cz\/de\/#organization"},"alternateName":"NukaSeeds cannabis seed bank","potentialAction":[{"@type":"SearchAction","target":{"@type":"EntryPoint","urlTemplate":"https:\/\/nukaseeds.cz\/de\/?s={search_term_string}"},"query-input":{"@type":"PropertyValueSpecification","valueRequired":true,"valueName":"search_term_string"}}],"inLanguage":"de"},{"@type":"Organization","@id":"https:\/\/nukaseeds.cz\/de\/#organization","name":"Nuka Trade s.r.o.","url":"https:\/\/nukaseeds.cz\/de\/","logo":{"@type":"ImageObject","inLanguage":"de","@id":"https:\/\/nukaseeds.cz\/de\/#\/schema\/logo\/image\/","url":"https:\/\/i0.wp.com\/nukaseeds.cz\/wp-content\/uploads\/2021\/11\/nuka-seeds-logo-vector-neon-8-production.png?fit=2142%2C1457&quality=70&ssl=1","contentUrl":"https:\/\/i0.wp.com\/nukaseeds.cz\/wp-content\/uploads\/2021\/11\/nuka-seeds-logo-vector-neon-8-production.png?fit=2142%2C1457&quality=70&ssl=1","width":2142,"height":1457,"caption":"Nuka Trade s.r.o."},"image":{"@id":"https:\/\/nukaseeds.cz\/de\/#\/schema\/logo\/image\/"},"sameAs":["https:\/\/www.facebook.com\/Nukaseeds\/","https:\/\/x.com\/seeds_nuka","https:\/\/www.instagram.com\/nukaseeds\/","https:\/\/www.youtube.com\/@nukaseeds1167","https:\/\/www.tumblr.com\/nukaseeds","https:\/\/www.linkedin.com\/company\/nukaseeds-ltd\/","https:\/\/cz.pinterest.com\/Nukaseeds\/"]}]}},"_links":{"self":[{"href":"https:\/\/nukaseeds.cz\/de\/wp-json\/wp\/v2\/product\/90653","targetHints":{"allow":["GET"]}}],"collection":[{"href":"https:\/\/nukaseeds.cz\/de\/wp-json\/wp\/v2\/product"}],"about":[{"href":"https:\/\/nukaseeds.cz\/de\/wp-json\/wp\/v2\/types\/product"}],"replies":[{"embeddable":true,"href":"https:\/\/nukaseeds.cz\/de\/wp-json\/wp\/v2\/comments?post=90653"}],"wp:featuredmedia":[{"embeddable":true,"href":"https:\/\/nukaseeds.cz\/de\/wp-json\/wp\/v2\/media\/90654"}],"wp:attachment":[{"href":"https:\/\/nukaseeds.cz\/de\/wp-json\/wp\/v2\/media?parent=90653"}],"wp:term":[{"taxonomy":"product_brand","embeddable":true,"href":"https:\/\/nukaseeds.cz\/de\/wp-json\/wp\/v2\/product_brand?post=90653"},{"taxonomy":"product_cat","embeddable":true,"href":"https:\/\/nukaseeds.cz\/de\/wp-json\/wp\/v2\/product_cat?post=90653"},{"taxonomy":"product_tag","embeddable":true,"href":"https:\/\/nukaseeds.cz\/de\/wp-json\/wp\/v2\/product_tag?post=90653"}],"curies":[{"name":"wp","href":"https:\/\/api.w.org\/{rel}","templated":true}]}}