{"id":181,"date":"2019-12-08T11:03:29","date_gmt":"2019-12-08T11:03:29","guid":{"rendered":"http:\/\/nukaseeds.cz\/?page_id=181"},"modified":"2025-08-19T00:16:09","modified_gmt":"2025-08-18T22:16:09","slug":"contact","status":"publish","type":"page","link":"https:\/\/nukaseeds.cz\/en\/contact\/","title":{"rendered":"Contact"},"content":{"rendered":"<div id=\"cs-content\" class=\"cs-content\"><div class=\"x-section e181-e1 m51-0 m51-1 m51-2\"><div class=\"x-row e181-e2 m51-7 m51-8 m51-9 m51-a m51-b m51-h m51-i\"><div class=\"x-row-inner\"><div class=\"x-col e181-e3 m51-m\"><div class=\"x-text x-text-headline e181-e4 m51-p m51-q m51-r m51-s h-custom-headline accent\"><div class=\"x-text-content\"><div class=\"x-text-content-text\"><h1 class=\"x-text-content-text-primary\">Contact us<\/h1>\n<\/div><\/div><\/div><\/div><\/div><\/div><\/div><div class=\"x-section e181-e5 m51-1 m51-2 m51-3 m51-4\"><div class=\"x-bg\" aria-hidden=\"true\"><div class=\"x-bg-layer-lower-image\"><\/div><\/div><div class=\"x-row e181-e6 m51-7 m51-b m51-c m51-d m51-e m51-h m51-j\"><div class=\"x-row-inner\"><div class=\"x-col e181-e7 m51-m m51-n m51-6 mobile-wider\"><div id=\"quform-1e2889\" class=\"quform quform-3 quform-theme-light quform-position-center quform-prevent-fouc quform-support-page-caching\"><form id=\"quform-form-1e2889\" class=\"quform-form quform-form-3\" action=\"\/en\/wp-json\/wp\/v2\/pages\/181#quform-1e2889\" method=\"post\" enctype=\"multipart\/form-data\" novalidate=\"novalidate\" data-options=\"{&quot;id&quot;:3,&quot;uniqueId&quot;:&quot;1e2889&quot;,&quot;theme&quot;:&quot;light&quot;,&quot;ajax&quot;:true,&quot;logic&quot;:{&quot;logic&quot;:[],&quot;dependents&quot;:[],&quot;elementIds&quot;:[],&quot;dependentElementIds&quot;:[],&quot;animate&quot;:true},&quot;currentPageId&quot;:1,&quot;errorsIcon&quot;:&quot;fa fa-warning&quot;,&quot;updateFancybox&quot;:true,&quot;hasPages&quot;:false,&quot;pages&quot;:[1],&quot;pageProgressType&quot;:&quot;&quot;,&quot;tooltipsEnabled&quot;:false,&quot;tooltipClasses&quot;:&quot;qtip-light qtip-shadow qtip-rounded&quot;,&quot;tooltipMy&quot;:&quot;center&quot;,&quot;tooltipAt&quot;:&quot;right center&quot;,&quot;isRtl&quot;:false,&quot;scrollOffset&quot;:-50,&quot;scrollSpeed&quot;:800}\"><button class=\"quform-default-submit\" name=\"quform_submit\" type=\"submit\" value=\"submit\" aria-hidden=\"true\" tabindex=\"-1\"><\/button><div class=\"quform-form-inner quform-form-inner-3\"><input type=\"hidden\" name=\"quform_form_id\" value=\"3\" \/><input type=\"hidden\" name=\"quform_form_uid\" value=\"1e2889\" \/><input type=\"hidden\" name=\"quform_count\" value=\"1\" \/><input type=\"hidden\" name=\"form_url\" value=\"https:\/\/nukaseeds.cz\/en\/wp-json\/wp\/v2\/pages\/181\" \/><input type=\"hidden\" name=\"referring_url\" value=\"\" \/><input type=\"hidden\" name=\"post_id\" value=\"\" \/><input type=\"hidden\" name=\"post_title\" value=\"\" \/><input type=\"hidden\" name=\"quform_current_page_id\" value=\"1\" \/><input type=\"hidden\" name=\"quform_loaded\" value=\"1776760652|09157becace0ca2df638e1adbfcc2e53\" \/><div class=\"quform-elements quform-elements-3 quform-cf quform-responsive-elements-phone-landscape\"><div class=\"quform-element quform-element-page quform-page-1 quform-page-3_1 quform-cf quform-group-style-bordered quform-first-page quform-last-page quform-current-page\"><div class=\"quform-child-elements\"><div class=\"quform-element quform-element-row quform-element-row-3_13 quform-3-columns quform-element-row-size-float quform-responsive-columns-phone-portrait\"><div class=\"quform-element quform-element-column quform-element-3_15\"><\/div><div class=\"quform-element quform-element-column quform-element-3_31\"><div class=\"quform-element quform-element-name quform-element-3_3 quform-cf quform-element-optional\"><div class=\"quform-spacer\"><div class=\"quform-inner quform-inner-name quform-inner-3_3\"><div class=\"quform-input quform-input-name quform-input-3_3 quform-cf\"><div class=\"quform-element-row quform-1-columns quform-element-row-size-fixed quform-responsive-columns-phone-portrait\"><div class=\"quform-element-column\"><div class=\"quform-element quform-element-text quform-element-3_3_4 quform-cf quform-element-optional\"><div class=\"quform-spacer\"><div class=\"quform-inner quform-inner-text quform-inner-3_3_4\"><div class=\"quform-input quform-input-text quform-input-3_3_4 quform-cf\"><input type=\"text\" id=\"quform_3_3_4_1e2889\" name=\"quform_3_3[4]\" class=\"quform-field quform-field-text quform-field-3_3_4\" placeholder=\"Name or Nickname\" \/><\/div><\/div><\/div><\/div><\/div><\/div><\/div><\/div><\/div><\/div><div class=\"quform-element quform-element-email quform-element-3_6 quform-cf quform-labels-inside quform-element-required\"><div class=\"quform-spacer\"><div class=\"quform-inner quform-inner-email quform-inner-3_6\"><div class=\"quform-input quform-input-email quform-input-3_6 quform-cf\"><input type=\"email\" id=\"quform_3_6_1e2889\" name=\"quform_3_6\" class=\"quform-field quform-field-email quform-field-3_6\" placeholder=\"Email\" \/><\/div><\/div><\/div><\/div><\/div><div class=\"quform-element quform-element-column quform-element-3_32\"><\/div><\/div><div class=\"quform-element quform-element-textarea quform-element-3_607620 quform-sr-only quform-cf\" style=\"clip: rect(1px, 1px, 1px, 1px); clip-path: inset(50%); position: absolute !important; height: 1px; width: 1px; overflow: hidden;\"><div class=\"quform-spacer\"><div class=\"quform-label quform-label-3_607620\"><label class=\"quform-label-text\" for=\"quform_3_607620_1e2889\">Phone Number<\/label><\/div><div class=\"quform-inner quform-inner-3_607620\"><textarea id=\"quform_3_607620_1e2889\" name=\"quform_3_607620\" class=\"quform-field quform-field-textarea quform-field-3_607620\" tabindex=\"-1\" autocomplete=\"new-password\"><\/textarea><\/div><\/div><\/div><div class=\"quform-element quform-element-group quform-element-3_30 quform-cf quform-group-style-plain\"><div class=\"quform-spacer\"><div class=\"quform-child-elements\"><div class=\"quform-element quform-element-textarea quform-element-3_7 quform-cf quform-labels-inside quform-element-required\"><div class=\"quform-spacer\"><div class=\"quform-inner quform-inner-textarea quform-inner-3_7\"><div class=\"quform-input quform-input-textarea quform-input-3_7 quform-cf quform-has-field-icon-right\"><textarea id=\"quform_3_7_1e2889\" name=\"quform_3_7\" class=\"quform-field quform-field-textarea quform-field-3_7\" placeholder=\"Your message\"><\/textarea><span class=\"quform-field-icon quform-field-icon-right\"><i class=\"fa fa-arrow-left\"><\/i><\/span><\/div><\/div><\/div><\/div><\/div><\/div><\/div><div class=\"quform-element quform-element-group quform-element-3_34 quform-cf quform-group-style-plain\"><div class=\"quform-spacer\"><div class=\"quform-child-elements\"><div class=\"quform-element quform-element-row quform-element-row-3_35 quform-3-columns quform-element-row-size-fixed quform-responsive-columns-phone-landscape\"><div class=\"quform-element quform-element-column quform-element-3_36\"><\/div><div class=\"quform-element quform-element-column quform-element-3_37\"><div class=\"quform-element quform-element-recaptcha quform-element-3_48 quform-cf quform-element-required quform-recaptcha-no-size\"><div class=\"quform-spacer\"><div class=\"quform-inner quform-inner-recaptcha quform-inner-3_48\"><div class=\"quform-input quform-input-recaptcha quform-input-3_48 quform-cf\"><div class=\"quform-recaptcha\" data-config=\"{&quot;sitekey&quot;:&quot;6Ldun2EaAAAAANFq-4FlZo7I_1eWl96rrKcFA39r&quot;,&quot;_version&quot;:&quot;v3&quot;,&quot;size&quot;:&quot;invisible&quot;,&quot;type&quot;:&quot;image&quot;,&quot;theme&quot;:&quot;light&quot;,&quot;badge&quot;:&quot;bottomright&quot;}\"><\/div><noscript>Please enable JavaScript to submit this form.<\/noscript><\/div><\/div><\/div><\/div><div class=\"quform-element quform-element-submit quform-element-3_2 quform-cf quform-button-style-hollow-rounded quform-button-size-fat quform-button-width-large\"><div class=\"quform-button-submit quform-button-submit-default quform-button-submit-3_2\" data-animation=\"one\"><button name=\"quform_submit\" type=\"submit\" class=\"quform-submit\" value=\"submit\"><span class=\"quform-button-text quform-button-submit-text\">SEND<\/span><\/button><\/div><\/div><\/div><div class=\"quform-element quform-element-column quform-element-3_38\"><\/div><\/div><\/div><\/div><\/div><\/div><\/div><\/div><\/div><\/form><\/div><\/div><\/div><\/div><\/div><div class=\"x-section e181-e9 m51-1 m51-4 m51-5\"><div class=\"x-bg\" aria-hidden=\"true\"><div class=\"x-bg-layer-lower-image\" data-x-element-bg-layer=\"{&quot;parallaxSize&quot;:&quot;150%&quot;,&quot;parallaxDir&quot;:&quot;h&quot;,&quot;parallaxRev&quot;:false}\"><\/div><\/div><div class=\"x-row x-container max width e181-e10 m51-7 m51-9 m51-a m51-b m51-e m51-f m51-h m51-k\"><div class=\"x-row-inner\"><div class=\"x-col e181-e11 m51-m m51-o\"><div class=\"x-text x-text-headline e181-e12 m51-r m51-s m51-t resp-h\"><div class=\"x-text-content\"><div class=\"x-text-content-text\"><h2 class=\"x-text-content-text-primary\"><span style=\"color: #ffffff;\">Become our<\/span> <span class=\"w-700\">Partner<\/span><\/h2>\n<\/div><\/div><\/div><div class=\"x-text x-content e181-e13 m51-x m51-y\"><p>Do you run a growshop, seedshop, eshop? Do you sell marijuana seeds?<\/p>\n<p>become our <strong><span style=\"color: #fbb04d;\">wholesale partners<\/span><\/strong> now and get awesome prices<br \/>\nboombastic vision and marketing support<\/p>\n<p>Affiliate-Influencer program<\/p>\n<p>Do you want to get great commissions for referring Nuka seeds?<\/p>\n<p>Affiliate program up to <strong><span style=\"color:#fbb04d;\">50% commissions<\/span><\/strong><\/p><\/div><div class=\"x-counter e181-e14 m51-10 obtazeni\" data-x-element-counter=\"{&quot;to&quot;:&quot;10000&quot;,&quot;speed&quot;:&quot;1500ms&quot;,&quot;commaSeparatedDecimal&quot;:false}\"><div class=\"x-counter-number-wrap\"><span class=\"x-counter-number\">0<\/span><span class=\"x-counter-number-suffix\">+<\/span><\/div><div class=\"x-counter-after\">SEEDS PLANTED<\/div><\/div><\/div><\/div><\/div><\/div><div class=\"x-section e181-e15 m51-0 m51-1 m51-2\"><div class=\"x-row e181-e16 m51-7 m51-a m51-d m51-e m51-f m51-g m51-l\"><div class=\"x-row-inner\"><div class=\"x-col e181-e17 m51-m\"><div class=\"x-text x-text-headline e181-e18 m51-p m51-r m51-u m51-v\"><div class=\"x-text-content\"><div class=\"x-text-content-text\"><h2 class=\"x-text-content-text-primary\"><span>Why us?<\/span><\/h2>\n<\/div><\/div><\/div><div class=\"x-text x-content e181-e19 m51-y m51-z\"><div>\n<p><span style=\"color: #800000;\"><strong>PAYMENT METHODS<\/strong><\/span> \u2013 With us you can choose from almost all available payment methods. By credit card, bank transfer, paypal or Bitcoin.<\/p>\n\n<\/div>\n<div>\n<p><a href=\"\/cannabis-seeds\/\"><span style=\"color: #800000;\"><strong>EVERYONE CHOOSES<\/strong><\/span><\/a> - Our models are divided into three groups: feminized, autoflowering and CBD medical. Some are suitable for indoor, others for outdoor or greenhouses. However, all varieties are very potent and stable.<\/p>\n\n<\/div>\n<div>\n<p><span style=\"color: #800000;\"><strong>COLLECTING AND PASSION<\/strong><\/span> - When buying Nuka Seeds, you buy not only cannabis seeds of above-average quality, but a variety of souvenirs and practical collectibles. These well-crafted gifts will remind you of your favorite strain and passion for growing cannabis.<\/p>\n\n<\/div>\n<div>\n<p><span style=\"color: #800000;\"><strong>SPEED OF DELIVERY<\/strong><\/span> - We will send your order on the day of ordering or the following working day in case of late orders. We select reliable carriers, so the package will reach you quickly, without undue delay.<\/p>\n\n<\/div>\n<div>\n<p><a href=\"\/info\/shipping\/\"><span style=\"color: #800000;\"><strong>FREE SHIPPING<\/strong><\/span><\/a> - Anywhere within the European Union we send all seed orders over 100euro completely free of postage and packing.<\/p>\n\n<\/div>\n<div>\n<p><span style=\"color: #800000;\"><strong>ECOLOGY AND ENVIRONMENT<\/strong><\/span> - Even that we are offering very exclusive feeling, Nuka package is made with minimal carbon footprint. We are also not using more paper and energy than we must. We use only recycled paper for an invoices and all sort of things.<\/p>\n\n<\/div>\n<div>\n<p><span style=\"color: #800000;\"><strong>SUPPORT AND COMMUNICATION<\/strong><\/span> - Our operators will be happy to answer all questions and specify any discrepancy, do not hesitate to contact us, we look forward to seeing you.<\/p>\n\n<\/div>\n<div><a href=\"\/news\/\"><span style=\"color: #800000;\"><strong>NEWS AND ARTICLES<\/strong><\/span><\/a> - Na str\u00e1nk\u00e1ch Nuka Seeds se do\u010dtete nov\u00e9 informace o d\u011bn\u00ed ve sv\u011bt\u011b konop\u00ed spole\u010dn\u011b se spoustou rad, n\u00e1vod\u016f a l\u00e9\u010debn\u00e9m vyu\u017eit\u00ed t\u00e9to kouzeln\u00e9 rostliny.<\/div><\/div><\/div><div class=\"x-col e181-e20 m51-m\"><div class=\"x-text x-text-headline e181-e21 m51-p m51-r m51-u m51-w\"><div class=\"x-text-content\"><div class=\"x-text-content-text\"><h2 class=\"x-text-content-text-primary\"><span>Company<\/span><\/h2>\n<\/div><\/div><\/div><div class=\"x-text x-content e181-e22 m51-y m51-z\"><p data-test=\"note-name\" style=\"text-align: right;\"><span style=\"color: #800000;\"><strong>BILLING INFORMATION<\/strong><\/span><\/p>\n<p data-test=\"note-name\" style=\"text-align: right;\"><strong>Nuka Trade s.r.o.<\/strong><br \/>\n<strong>Zl\u00edn - Louky<\/strong><br \/>\n<span>POSTCODE: <\/span><strong>76302<\/strong><br \/>\n<span>ID: <strong>14380846<\/strong><br \/>\nVAT: <strong>CZ14380846<\/strong><\/span><\/p>\n<p style=\"text-align: right;\">Tel :<em><a href=\"tel:+420577477093\"><strong>+420 577 477 093<\/strong><\/a><\/em> Office<\/p>\n<p style=\"text-align: right;\">Tel :<em><a href=\"tel:+420577477096\"><strong>+420 577 477 096<\/strong><\/a><\/em> Warehouse<\/p>\n\n<p style=\"text-align: right;\">Account number Wire transfer: <strong><span style=\"color: #cc6600;\">2302163728\/2010<\/span><\/strong><br \/>\nIBAN: <strong><span style=\"color: #cc6600;\">CZ1420100000002302163728<\/span><\/strong><br \/>\nBIC\/SWIFT: <strong>FIOBCZPPXXX<\/strong><\/p><\/div><\/div><\/div><\/div><\/div><\/div>","protected":false},"excerpt":{"rendered":"<p>Contact us Phone NumberPlease enable JavaScript to submit this form.SENDBecome our Partner Do you run a growshop, seedshop, eshop? Do you sell marijuana seeds? become our wholesale partners now and get awesome prices boombastic vision and marketing support Affiliate-Influencer program Do you want to get great commissions for referring Nuka seeds? Affiliate program up to 50% commissions0+SEEDS PLANTEDWhy us? PAYMENT &#8230; <\/p>\n<div><a href=\"https:\/\/nukaseeds.cz\/en\/contact\/\" class=\"more-link\">Read More<\/a><\/div>\n","protected":false},"author":1,"featured_media":524,"parent":0,"menu_order":0,"comment_status":"closed","ping_status":"closed","template":"template-blank-2.php","meta":{"footnotes":""},"class_list":["post-181","page","type-page","status-publish","has-post-thumbnail","hentry"],"yoast_head":"<!-- This site is optimized with the Yoast SEO plugin v26.6 - https:\/\/yoast.com\/wordpress\/plugins\/seo\/ -->\n<title>Contact - Nuka Seeds Bank<\/title>\n<meta name=\"robots\" content=\"index, follow, max-snippet:-1, max-image-preview:large, max-video-preview:-1\" \/>\n<link rel=\"canonical\" href=\"https:\/\/nukaseeds.cz\/en\/contact\/\" \/>\n<meta property=\"og:locale\" content=\"en_US\" \/>\n<meta property=\"og:type\" content=\"article\" \/>\n<meta property=\"og:title\" content=\"Contact - Nuka Seeds Bank\" \/>\n<meta property=\"og:description\" content=\"Contact us Phone NumberPlease enable JavaScript to submit this form.SENDBecome our Partner Do you run a growshop, seedshop, eshop? Do you sell marijuana seeds? become our wholesale partners now and get awesome prices boombastic vision and marketing support Affiliate-Influencer program Do you want to get great commissions for referring Nuka seeds? Affiliate program up to 50% commissions0+SEEDS PLANTEDWhy us? PAYMENT ... Read More\" \/>\n<meta property=\"og:url\" content=\"https:\/\/nukaseeds.cz\/en\/contact\/\" \/>\n<meta property=\"og:site_name\" content=\"Nuka Seeds Bank\" \/>\n<meta property=\"article:publisher\" content=\"https:\/\/www.facebook.com\/Nukaseeds\/\" \/>\n<meta property=\"article:modified_time\" content=\"2025-08-18T22:16:09+00:00\" \/>\n<meta property=\"og:image\" content=\"https:\/\/nukaseeds.cz\/wp-content\/uploads\/2021\/02\/nuka-seeds-contact-call-2-1.png\" \/>\n\t<meta property=\"og:image:width\" content=\"300\" \/>\n\t<meta property=\"og:image:height\" content=\"384\" \/>\n\t<meta property=\"og:image:type\" content=\"image\/png\" \/>\n<meta name=\"twitter:card\" content=\"summary_large_image\" \/>\n<meta name=\"twitter:site\" content=\"@seeds_nuka\" \/>\n<meta name=\"twitter:label1\" content=\"Est. reading time\" \/>\n\t<meta name=\"twitter:data1\" content=\"2 minutes\" \/>\n<script type=\"application\/ld+json\" class=\"yoast-schema-graph\">{\"@context\":\"https:\/\/schema.org\",\"@graph\":[{\"@type\":\"WebPage\",\"@id\":\"https:\/\/nukaseeds.cz\/en\/contact\/\",\"url\":\"https:\/\/nukaseeds.cz\/en\/contact\/\",\"name\":\"Contact - Nuka Seeds Bank\",\"isPartOf\":{\"@id\":\"https:\/\/nukaseeds.cz\/en\/#website\"},\"primaryImageOfPage\":{\"@id\":\"https:\/\/nukaseeds.cz\/en\/contact\/#primaryimage\"},\"image\":{\"@id\":\"https:\/\/nukaseeds.cz\/en\/contact\/#primaryimage\"},\"thumbnailUrl\":\"https:\/\/nukaseeds.cz\/wp-content\/uploads\/2021\/02\/nuka-seeds-contact-call-2-1.png\",\"datePublished\":\"2019-12-08T11:03:29+00:00\",\"dateModified\":\"2025-08-18T22:16:09+00:00\",\"breadcrumb\":{\"@id\":\"https:\/\/nukaseeds.cz\/en\/contact\/#breadcrumb\"},\"inLanguage\":\"en-US\",\"potentialAction\":[{\"@type\":\"ReadAction\",\"target\":[\"https:\/\/nukaseeds.cz\/en\/contact\/\"]}]},{\"@type\":\"ImageObject\",\"inLanguage\":\"en-US\",\"@id\":\"https:\/\/nukaseeds.cz\/en\/contact\/#primaryimage\",\"url\":\"https:\/\/nukaseeds.cz\/wp-content\/uploads\/2021\/02\/nuka-seeds-contact-call-2-1.png\",\"contentUrl\":\"https:\/\/nukaseeds.cz\/wp-content\/uploads\/2021\/02\/nuka-seeds-contact-call-2-1.png\",\"width\":300,\"height\":384,\"caption\":\"I want to hear from you (startrooper)\"},{\"@type\":\"BreadcrumbList\",\"@id\":\"https:\/\/nukaseeds.cz\/en\/contact\/#breadcrumb\",\"itemListElement\":[{\"@type\":\"ListItem\",\"position\":1,\"name\":\"Home\",\"item\":\"https:\/\/nukaseeds.cz\/en\/growshop-nukaseeds-cz-cannabis-seeds\/\"},{\"@type\":\"ListItem\",\"position\":2,\"name\":\"Contact\"}]},{\"@type\":\"WebSite\",\"@id\":\"https:\/\/nukaseeds.cz\/en\/#website\",\"url\":\"https:\/\/nukaseeds.cz\/en\/\",\"name\":\"Nuka Seeds Bank\",\"description\":\"Buy Cannabis Seeds, Buy Marijuana Seeds\",\"publisher\":{\"@id\":\"https:\/\/nukaseeds.cz\/en\/#organization\"},\"alternateName\":\"NukaSeeds cannabis seed bank\",\"potentialAction\":[{\"@type\":\"SearchAction\",\"target\":{\"@type\":\"EntryPoint\",\"urlTemplate\":\"https:\/\/nukaseeds.cz\/en\/?s={search_term_string}\"},\"query-input\":{\"@type\":\"PropertyValueSpecification\",\"valueRequired\":true,\"valueName\":\"search_term_string\"}}],\"inLanguage\":\"en-US\"},{\"@type\":\"Organization\",\"@id\":\"https:\/\/nukaseeds.cz\/en\/#organization\",\"name\":\"Nuka Trade s.r.o.\",\"url\":\"https:\/\/nukaseeds.cz\/en\/\",\"logo\":{\"@type\":\"ImageObject\",\"inLanguage\":\"en-US\",\"@id\":\"https:\/\/nukaseeds.cz\/en\/#\/schema\/logo\/image\/\",\"url\":\"https:\/\/i0.wp.com\/nukaseeds.cz\/wp-content\/uploads\/2021\/11\/nuka-seeds-logo-vector-neon-8-production.png?fit=2142%2C1457&quality=70&ssl=1\",\"contentUrl\":\"https:\/\/i0.wp.com\/nukaseeds.cz\/wp-content\/uploads\/2021\/11\/nuka-seeds-logo-vector-neon-8-production.png?fit=2142%2C1457&quality=70&ssl=1\",\"width\":2142,\"height\":1457,\"caption\":\"Nuka Trade s.r.o.\"},\"image\":{\"@id\":\"https:\/\/nukaseeds.cz\/en\/#\/schema\/logo\/image\/\"},\"sameAs\":[\"https:\/\/www.facebook.com\/Nukaseeds\/\",\"https:\/\/x.com\/seeds_nuka\",\"https:\/\/www.instagram.com\/nukaseeds\/\",\"https:\/\/www.youtube.com\/@nukaseeds1167\",\"https:\/\/www.tumblr.com\/nukaseeds\",\"https:\/\/www.linkedin.com\/company\/nukaseeds-ltd\/\",\"https:\/\/cz.pinterest.com\/Nukaseeds\/\"]}]}<\/script>\n<!-- \/ Yoast SEO plugin. -->","yoast_head_json":{"title":"Contact - Nuka Seeds Bank","robots":{"index":"index","follow":"follow","max-snippet":"max-snippet:-1","max-image-preview":"max-image-preview:large","max-video-preview":"max-video-preview:-1"},"canonical":"https:\/\/nukaseeds.cz\/en\/contact\/","og_locale":"en_US","og_type":"article","og_title":"Contact - Nuka Seeds Bank","og_description":"Contact us Phone NumberPlease enable JavaScript to submit this form.SENDBecome our Partner Do you run a growshop, seedshop, eshop? Do you sell marijuana seeds? become our wholesale partners now and get awesome prices boombastic vision and marketing support Affiliate-Influencer program Do you want to get great commissions for referring Nuka seeds? Affiliate program up to 50% commissions0+SEEDS PLANTEDWhy us? PAYMENT ... Read More","og_url":"https:\/\/nukaseeds.cz\/en\/contact\/","og_site_name":"Nuka Seeds Bank","article_publisher":"https:\/\/www.facebook.com\/Nukaseeds\/","article_modified_time":"2025-08-18T22:16:09+00:00","og_image":[{"width":300,"height":384,"url":"https:\/\/nukaseeds.cz\/wp-content\/uploads\/2021\/02\/nuka-seeds-contact-call-2-1.png","type":"image\/png"}],"twitter_card":"summary_large_image","twitter_site":"@seeds_nuka","twitter_misc":{"Est. reading time":"2 minutes"},"schema":{"@context":"https:\/\/schema.org","@graph":[{"@type":"WebPage","@id":"https:\/\/nukaseeds.cz\/en\/contact\/","url":"https:\/\/nukaseeds.cz\/en\/contact\/","name":"Contact - Nuka Seeds Bank","isPartOf":{"@id":"https:\/\/nukaseeds.cz\/en\/#website"},"primaryImageOfPage":{"@id":"https:\/\/nukaseeds.cz\/en\/contact\/#primaryimage"},"image":{"@id":"https:\/\/nukaseeds.cz\/en\/contact\/#primaryimage"},"thumbnailUrl":"https:\/\/nukaseeds.cz\/wp-content\/uploads\/2021\/02\/nuka-seeds-contact-call-2-1.png","datePublished":"2019-12-08T11:03:29+00:00","dateModified":"2025-08-18T22:16:09+00:00","breadcrumb":{"@id":"https:\/\/nukaseeds.cz\/en\/contact\/#breadcrumb"},"inLanguage":"en-US","potentialAction":[{"@type":"ReadAction","target":["https:\/\/nukaseeds.cz\/en\/contact\/"]}]},{"@type":"ImageObject","inLanguage":"en-US","@id":"https:\/\/nukaseeds.cz\/en\/contact\/#primaryimage","url":"https:\/\/nukaseeds.cz\/wp-content\/uploads\/2021\/02\/nuka-seeds-contact-call-2-1.png","contentUrl":"https:\/\/nukaseeds.cz\/wp-content\/uploads\/2021\/02\/nuka-seeds-contact-call-2-1.png","width":300,"height":384,"caption":"I want to hear from you (startrooper)"},{"@type":"BreadcrumbList","@id":"https:\/\/nukaseeds.cz\/en\/contact\/#breadcrumb","itemListElement":[{"@type":"ListItem","position":1,"name":"Home","item":"https:\/\/nukaseeds.cz\/en\/growshop-nukaseeds-cz-cannabis-seeds\/"},{"@type":"ListItem","position":2,"name":"Contact"}]},{"@type":"WebSite","@id":"https:\/\/nukaseeds.cz\/en\/#website","url":"https:\/\/nukaseeds.cz\/en\/","name":"Nuka Seeds Bank","description":"Buy Cannabis Seeds, Buy Marijuana Seeds","publisher":{"@id":"https:\/\/nukaseeds.cz\/en\/#organization"},"alternateName":"NukaSeeds cannabis seed bank","potentialAction":[{"@type":"SearchAction","target":{"@type":"EntryPoint","urlTemplate":"https:\/\/nukaseeds.cz\/en\/?s={search_term_string}"},"query-input":{"@type":"PropertyValueSpecification","valueRequired":true,"valueName":"search_term_string"}}],"inLanguage":"en-US"},{"@type":"Organization","@id":"https:\/\/nukaseeds.cz\/en\/#organization","name":"Nuka Trade s.r.o.","url":"https:\/\/nukaseeds.cz\/en\/","logo":{"@type":"ImageObject","inLanguage":"en-US","@id":"https:\/\/nukaseeds.cz\/en\/#\/schema\/logo\/image\/","url":"https:\/\/i0.wp.com\/nukaseeds.cz\/wp-content\/uploads\/2021\/11\/nuka-seeds-logo-vector-neon-8-production.png?fit=2142%2C1457&quality=70&ssl=1","contentUrl":"https:\/\/i0.wp.com\/nukaseeds.cz\/wp-content\/uploads\/2021\/11\/nuka-seeds-logo-vector-neon-8-production.png?fit=2142%2C1457&quality=70&ssl=1","width":2142,"height":1457,"caption":"Nuka Trade s.r.o."},"image":{"@id":"https:\/\/nukaseeds.cz\/en\/#\/schema\/logo\/image\/"},"sameAs":["https:\/\/www.facebook.com\/Nukaseeds\/","https:\/\/x.com\/seeds_nuka","https:\/\/www.instagram.com\/nukaseeds\/","https:\/\/www.youtube.com\/@nukaseeds1167","https:\/\/www.tumblr.com\/nukaseeds","https:\/\/www.linkedin.com\/company\/nukaseeds-ltd\/","https:\/\/cz.pinterest.com\/Nukaseeds\/"]}]}},"_links":{"self":[{"href":"https:\/\/nukaseeds.cz\/en\/wp-json\/wp\/v2\/pages\/181","targetHints":{"allow":["GET"]}}],"collection":[{"href":"https:\/\/nukaseeds.cz\/en\/wp-json\/wp\/v2\/pages"}],"about":[{"href":"https:\/\/nukaseeds.cz\/en\/wp-json\/wp\/v2\/types\/page"}],"author":[{"embeddable":true,"href":"https:\/\/nukaseeds.cz\/en\/wp-json\/wp\/v2\/users\/1"}],"replies":[{"embeddable":true,"href":"https:\/\/nukaseeds.cz\/en\/wp-json\/wp\/v2\/comments?post=181"}],"version-history":[{"count":1,"href":"https:\/\/nukaseeds.cz\/en\/wp-json\/wp\/v2\/pages\/181\/revisions"}],"predecessor-version":[{"id":90237,"href":"https:\/\/nukaseeds.cz\/en\/wp-json\/wp\/v2\/pages\/181\/revisions\/90237"}],"wp:featuredmedia":[{"embeddable":true,"href":"https:\/\/nukaseeds.cz\/en\/wp-json\/wp\/v2\/media\/524"}],"wp:attachment":[{"href":"https:\/\/nukaseeds.cz\/en\/wp-json\/wp\/v2\/media?parent=181"}],"curies":[{"name":"wp","href":"https:\/\/api.w.org\/{rel}","templated":true}]}}