{"id":19287,"date":"2021-03-24T08:01:49","date_gmt":"2021-03-24T07:01:49","guid":{"rendered":"http:\/\/nukaseeds.cz\/info\/preprava\/"},"modified":"2025-08-19T00:17:04","modified_gmt":"2025-08-18T22:17:04","slug":"preprava","status":"publish","type":"page","link":"https:\/\/nukaseeds.cz\/en\/info\/preprava\/","title":{"rendered":"P\u0159eprava"},"content":{"rendered":"<div id=\"cs-content\" class=\"cs-content\"><div class=\"x-section e19287-e1 mevr-0 mevr-1 mevr-2\"><div class=\"x-row e19287-e2 mevr-9 mevr-a mevr-b mevr-e\"><div class=\"x-row-inner\"><div class=\"x-col e19287-e3 mevr-j mevr-k mevr-l\">\n\t\t\t<!-- START nuka seeds shipping REVOLUTION SLIDER 6.7.40 --><p class=\"rs-p-wp-fix\"><\/p>\n\t\t\t<rs-module-wrap id=\"rev_slider_49_1_wrapper\" data-source=\"gallery\" style=\"visibility:hidden;background:rgba(255,255,255,0);padding:0;margin:0px auto;margin-top:0;margin-bottom:0;max-width:1440px;\">\n\t\t\t\t<rs-module id=\"rev_slider_49_1\" style=\"\" data-version=\"6.7.40\">\n\t\t\t\t\t<rs-slides style=\"overflow: hidden; position: absolute;\">\n\t\t\t\t\t\t<rs-slide style=\"position: absolute;\" data-key=\"rs-59\" data-title=\"Slide\" data-anim=\"adpr:false;ms:10;\" data-in=\"o:1;\" data-out=\"a:false;\">\n\t\t\t\t\t\t\t<img decoding=\"async\" src=\"\/\/nukaseeds.cz\/wp-content\/plugins\/revslider\/sr6\/assets\/assets\/dummy.png\" alt=\"\" title=\"cannabis-shiping-nukaseeds-2-big\" width=\"1536\" height=\"1024\" class=\"rev-slidebg tp-rs-img rs-lazyload\" data-lazyload=\"\/\/nukaseeds.cz\/wp-content\/uploads\/2023\/01\/cannabis-shiping-nukaseeds-2-big.webp\" data-bg=\"p:center top;\" data-parallax=\"off\" data-no-retina>\n<!--\n\t\t\t\t\t\t\t--><rs-layer\n\t\t\t\t\t\t\t\tid=\"slider-49-slide-59-layer-2\" \n\t\t\t\t\t\t\t\tclass=\"blurslider-gradient rs-pxl-14\"\n\t\t\t\t\t\t\t\tdata-type=\"text\"\n\t\t\t\t\t\t\t\tdata-rsp_ch=\"on\"\n\t\t\t\t\t\t\t\tdata-xy=\"x:c;xo:250px,250px,1px,1px;y:m;yo:-226px,-226px,-189px,-149px;\"\n\t\t\t\t\t\t\t\tdata-text=\"s:110,110,150,80;l:120,120,120,60;a:center;\"\n\t\t\t\t\t\t\t\tdata-tst=\"w:2px,1px,1px,1px;c:#000000;\"\n\t\t\t\t\t\t\t\tdata-actions='o:click;a:togglevideo;layer:slider-49-slide-59-layer-7;'\n\t\t\t\t\t\t\t\tdata-padding=\"t:20;r:10;l:10;\"\n\t\t\t\t\t\t\t\tdata-frame_0=\"y:50px;sX:0.3;sY:0.3;blu:20px;\"\n\t\t\t\t\t\t\t\tdata-frame_1=\"e:power4.out;st:50;sp:3000;sR:50;blu:0.05;\"\n\t\t\t\t\t\t\t\tdata-frame_999=\"o:0;st:w;sR:5950;\"\n\t\t\t\t\t\t\t\tstyle=\"z-index:9;font-family:'Bangers';\"\n\t\t\t\t\t\t\t>FREE<br\/>SHIPPING \n\t\t\t\t\t\t\t<\/rs-layer><!--\n\n\t\t\t\t\t\t\t--><rs-layer\n\t\t\t\t\t\t\t\tid=\"slider-49-slide-59-layer-3\" \n\t\t\t\t\t\t\t\tclass=\"rev-btn\"\n\t\t\t\t\t\t\t\tdata-type=\"button\"\n\t\t\t\t\t\t\t\tdata-color=\"rgba(255,255,255,1)\"\n\t\t\t\t\t\t\t\tdata-xy=\"x:c;y:b;yo:100px,100px,100px,150px;\"\n\t\t\t\t\t\t\t\tdata-text=\"s:15;l:60;fw:700;a:inherit;\"\n\t\t\t\t\t\t\t\tdata-rsp_bd=\"off\"\n\t\t\t\t\t\t\t\tdata-padding=\"r:30;l:30;\"\n\t\t\t\t\t\t\t\tdata-border=\"bos:solid;boc:rgba(0,0,0,1);bow:0px,0px,0,0;\"\n\t\t\t\t\t\t\t\tdata-frame_0=\"y:50px;gra:0%;blu:20px;\"\n\t\t\t\t\t\t\t\tdata-frame_1=\"e:power4.out;st:500;sp:1000;sR:500;blu:0.05;\"\n\t\t\t\t\t\t\t\tdata-frame_999=\"o:0;st:w;sR:7500;\"\n\t\t\t\t\t\t\t\tdata-frame_hover=\"bgc:linear-gradient(90deg, rgba(243,130,60,1) 0%, rgba(255,85,124,1) 100%);boc:#000;bor:0px,0px,0px,0px;bos:solid;oX:50;oY:50;sp:200;e:none;\"\n\t\t\t\t\t\t\t\tstyle=\"z-index:17;background:linear-gradient(90deg, rgba(255,85,124,1) 0%, rgba(243,130,60,1) 100%);font-family:'Poppins';cursor:pointer;-webkit-box-shadow:0px 10px 20px 0px rgba(0,0,0,0.35);-moz-box-shadow:0px 10px 20px 0px rgba(0,0,0,0.35);box-shadow:0px 10px 20px 0px rgba(0,0,0,0.35);\"\n\t\t\t\t\t\t\t>CHECK FOR DETAILS \n\t\t\t\t\t\t\t<\/rs-layer><!--\n\n\t\t\t\t\t\t\t--><rs-layer\n\t\t\t\t\t\t\t\tid=\"slider-49-slide-59-layer-7\" \n\t\t\t\t\t\t\t\tclass=\"rs-fsv rs-layer-video intrinsic-ignore\"\n\t\t\t\t\t\t\t\tdata-type=\"video\"\n\t\t\t\t\t\t\t\tdata-rsp_ch=\"on\"\n\t\t\t\t\t\t\t\tdata-xy=\"x:0;y:0;\"\n\t\t\t\t\t\t\t\tdata-text=\"w:normal;s:20,14,10,6;l:0,17,12,7;\"\n\t\t\t\t\t\t\t\tdata-dim=\"w:100%;h:100%;\"\n\t\t\t\t\t\t\t\tdata-basealign=\"slide\"\n\t\t\t\t\t\t\t\tdata-video=\"twa:false;ap:false;v:100;vd:100;scop:t;fc:true;do:5;l:false;ptimer:true;nse:f;\"\n\t\t\t\t\t\t\t\tdata-poster=\"\/\/nukaseeds.cz\/wp-content\/uploads\/2023\/01\/transparent-cover.webp\"\n\t\t\t\t\t\t\t\tdata-ytid=\"AGcQj2zqa3o\"\n\t\t\t\t\t\t\t\tdata-vatr=\"version=3&amp;enablejsapi=1&amp;html5=1&amp;volume=100&amp;hd=1&amp;wmode=opaque&amp;showinfo=0&amp;rel=0&amp;origin=https:\/\/nukaseeds.cz;\"\n\t\t\t\t\t\t\t\tdata-frame_1=\"e:none;\"\n\t\t\t\t\t\t\t\tdata-frame_999=\"o:0;st:w;\"\n\t\t\t\t\t\t\t\tstyle=\"z-index:8;\"\n\t\t\t\t\t\t\t>\n\t\t\t\t\t\t\t<\/rs-layer><!--\n\n\t\t\t\t\t\t\t--><rs-layer\n\t\t\t\t\t\t\t\tid=\"slider-49-slide-59-layer-8\" \n\t\t\t\t\t\t\t\tdata-type=\"text\"\n\t\t\t\t\t\t\t\tdata-color=\"#fbb04d\"\n\t\t\t\t\t\t\t\tdata-tsh=\"c:#000000;h:1px;v:1px;\"\n\t\t\t\t\t\t\t\tdata-rsp_ch=\"on\"\n\t\t\t\t\t\t\t\tdata-xy=\"x:c;y:b;yo:50px,30px,30px,30px;\"\n\t\t\t\t\t\t\t\tdata-text=\"w:nowrap,normal,normal,normal;s:20,20,18,16;l:20;fw:600;a:center;\"\n\t\t\t\t\t\t\t\tdata-dim=\"w:auto,640px,480px,360px;\"\n\t\t\t\t\t\t\t\tdata-padding=\"r:10;l:20;\"\n\t\t\t\t\t\t\t\tdata-frame_0=\"y:50px;rX:90deg;blu:10px;\"\n\t\t\t\t\t\t\t\tdata-frame_1=\"e:power4.out;st:600;sp:1000;sR:600;blu:0.05;\"\n\t\t\t\t\t\t\t\tdata-frame_999=\"o:0;st:w;sR:7400;\"\n\t\t\t\t\t\t\t\tstyle=\"z-index:18;font-family:'Poppins';text-transform:uppercase;\"\n\t\t\t\t\t\t\t>Countries <span style=\"background-color:#fff\">outside of EU<\/span> FREE SHIPPING for orders <span style=\"background-color:#fff\">over 450\u20ac<\/span> \n\t\t\t\t\t\t\t<\/rs-layer><!--\n-->\t\t\t\t\t<\/rs-slide>\n\t\t\t\t\t<\/rs-slides>\n\t\t\t\t<\/rs-module>\n\t\t\t\t<script>\n\t\t\t\t\tsetREVStartSize({c: 'rev_slider_49_1',rl:[1240,1024,778,480],el:[868,768,960,720],gw:[1440,1024,778,480],gh:[868,768,960,720],type:'hero',justify:'',layout:'fullwidth',mh:\"0\"});if (window.RS_MODULES!==undefined && window.RS_MODULES.modules!==undefined && window.RS_MODULES.modules[\"revslider491\"]!==undefined) {window.RS_MODULES.modules[\"revslider491\"].once = false;window.revapi49 = undefined;if (window.RS_MODULES.checkMinimal!==undefined) window.RS_MODULES.checkMinimal()}\n\t\t\t\t<\/script>\n\t\t\t<\/rs-module-wrap>\n\t\t\t<!-- END REVOLUTION SLIDER -->\n<\/div><\/div><\/div><\/div><section class=\"x-section e19287-e5 mevr-1 mevr-3\"><div class=\"x-row x-container max width e19287-e6 mevr-9 mevr-a mevr-c mevr-f mevr-g\"><div class=\"x-row-inner\"><div class=\"x-col e19287-e7 mevr-j mevr-k mevr-l mevr-m\"><div class=\"x-text x-text-headline e19287-e8 mevr-q mevr-r mevr-s mevr-t mevr-u mevr-5\"><div class=\"x-text-content\"><div class=\"x-text-content-text\"><h1 class=\"x-text-content-text-primary\"><span style=\"color: #b20000;-webkit-text-stroke: 0.7px white !important;\">N\u00e1klady na dopravu a podm\u00ednky pro dopravu zdarma<\/span><\/h1>\n<\/div><\/div><\/div><\/div><\/div><\/div><div class=\"x-row x-container max width e19287-e9 mevr-9 mevr-d mevr-h\"><div class=\"x-row-inner\"><div class=\"x-col e19287-e10 mevr-j mevr-l mevr-m mevr-n mevr-6 mevr-7\" data-x-effect=\"{&quot;durationBase&quot;:&quot;300ms&quot;}\"><div class=\"x-text x-text-headline e19287-e11 mevr-r mevr-u mevr-v mevr-w mevr-x\"><div class=\"x-text-content\"><div class=\"x-text-content-text\"><p class=\"x-text-content-text-primary\"><span style=\"color: #800000; -webkit-text-stroke: 0.5px white!important; \">DOPRAVA ZDARMA<\/span> pro objedn\u00e1vky nad 100 \u20ac v r\u00e1mci EU<\/p>\n<\/div><\/div><\/div><div class=\"x-text x-content e19287-e12 mevr-10 mevr-11\"><span style=\"color: #ffffff;\"><strong>Zem\u011b mimo EU<\/strong> <span style=\"color: #b20000;\">doprava zdarma<\/span> pro objedn\u00e1vky nad 450 \u20ac<\/span><\/div><\/div><div class=\"x-col e19287-e13 mevr-k mevr-l mevr-m mevr-o\"><span class=\"x-image e19287-e14 mevr-13 mevr-14 mevr-6\"><img decoding=\"async\" src=\"https:\/\/nukaseeds.cz\/wp-content\/uploads\/2022\/05\/nukaseeds-street-postman.webp\" width=\"700\" height=\"460\" alt=\"Nukaseeds Postman courier\" loading=\"lazy\"><\/span><\/div><\/div><\/div><div class=\"x-row x-container max width e19287-e15 mevr-9 mevr-a mevr-c mevr-f mevr-i\"><div class=\"x-row-inner\"><div class=\"x-col e19287-e16 mevr-j mevr-k mevr-l mevr-m mevr-p\"><div class=\"x-text x-text-headline e19287-e17 mevr-r mevr-s mevr-t mevr-u mevr-w mevr-y\"><div class=\"x-text-content\"><div class=\"x-text-content-text\"><h2 class=\"x-text-content-text-primary\">Dod\u00e1n\u00ed do 4 dn\u016f<\/h2>\n<\/div><\/div><\/div><div class=\"x-text x-text-headline e19287-e18 mevr-r mevr-t mevr-w mevr-x mevr-z\"><div class=\"x-text-content\"><div class=\"x-text-content-text\"><p class=\"x-text-content-text-primary\"><a href=\"http:\/\/nukaseeds.cz\/semena-konopi\/\">vyber si a kup konopn\u00e1 sem\u00ednka<\/a><\/p>\n<\/div><\/div><\/div><\/div><\/div><\/div><\/section><div class=\"x-section e19287-e19 mevr-0 mevr-1 mevr-4\"><div class=\"x-grid x-container max width e19287-e20 mevr-16\"><div class=\"x-cell e19287-e21 mevr-17 mevr-18\"><div class=\"x-text x-content e19287-e22 mevr-10 mevr-12\"><h4>Rychle a zb\u011bsile<\/h4>\n<p style=\"text-align: center;\"><span style=\"color: #008000;\"><strong>DOD\u00c1N\u00cd DO <span style=\"color: #ff0000;\">4 DN\u016e<\/span> V R\u00c1MCI EU, MIMO TROCHU D\u00c9LE<\/strong><\/span><\/p><\/div><span class=\"x-image e19287-e23 mevr-13 mevr-15 mevr-8 x-effect-exit\" data-x-effect=\"{&quot;scroll&quot;:true,&quot;offsetTop&quot;:&quot;10%&quot;,&quot;offsetBottom&quot;:&quot;10%&quot;,&quot;behaviorScroll&quot;:&quot;fire-once&quot;}\"><img decoding=\"async\" src=\"https:\/\/nukaseeds.cz\/wp-content\/uploads\/2023\/05\/cannabis-nuka-girl-price-is-good.webp\" width=\"722\" height=\"801\" alt=\"nuka seeds cannabis woman seeds price good\" loading=\"lazy\"><\/span><\/div><div class=\"x-cell e19287-e24 mevr-18 mevr-19\"><div class=\"x-text x-content e19287-e25 mevr-10 mevr-12\"><h4>Pro z\u00e1silky v r\u00e1mci EU<\/h4>\n<p><strong>DOPRAVA ZDARMA<\/strong> pro objedn\u00e1vky nad <span style=\"color: #800000;\"><strong>\u20ac100<\/strong><\/span>. P\u0159i objedn\u00e1vk\u00e1ch za ni\u017e\u0161\u00ed \u010d\u00e1stku \u00fa\u010dtujeme poplatek za dopravu ve v\u00fd\u0161i <strong><span style=\"color: #800000;\">\u20ac5<\/span><\/strong><\/p><\/div><\/div><div class=\"x-cell e19287-e26 mevr-18 mevr-19\"><div class=\"x-text x-content e19287-e27 mevr-10 mevr-12\"><h4>Pro z\u00e1silky mimo EU<\/h4>\n<p><strong>DOPRAVA ZDARMA<\/strong> pro objedn\u00e1vky nad <strong><span style=\"color: #800000;\">\u20ac450<\/span><\/strong>. P\u0159i objedn\u00e1vce za ni\u017e\u0161\u00ed \u010d\u00e1stku \u00fa\u010dtujeme poplatek za dopravu ve v\u00fd\u0161i <strong><span style=\"color: #800000;\">\u20ac15<\/span><\/strong><\/p><\/div><\/div><\/div><\/div><\/div>","protected":false},"excerpt":{"rendered":"<p>FREESHIPPING CHECK FOR DETAILS Countries outside of EU FREE SHIPPING for orders over 450\u20ac N\u00e1klady na dopravu a podm\u00ednky pro dopravu zdarma DOPRAVA ZDARMA pro objedn\u00e1vky nad 100 \u20ac v r\u00e1mci EU Zem\u011b mimo EU doprava zdarma pro objedn\u00e1vky nad 450 \u20acDod\u00e1n\u00ed do 4 dn\u016f vyber si a kup konopn\u00e1 sem\u00ednka Rychle a zb\u011bsile DOD\u00c1N\u00cd DO 4 DN\u016e V R\u00c1MCI &#8230; <\/p>\n<div><a href=\"https:\/\/nukaseeds.cz\/en\/info\/preprava\/\" class=\"more-link\">Read More<\/a><\/div>\n","protected":false},"author":1,"featured_media":7328,"parent":15821,"menu_order":0,"comment_status":"closed","ping_status":"closed","template":"template-blank-1.php","meta":{"footnotes":""},"class_list":["post-19287","page","type-page","status-publish","has-post-thumbnail","hentry"],"yoast_head":"<!-- This site is optimized with the Yoast SEO plugin v26.6 - https:\/\/yoast.com\/wordpress\/plugins\/seo\/ -->\n<title>P\u0159eprava - Nuka Seeds Bank<\/title>\n<meta name=\"robots\" content=\"index, follow, max-snippet:-1, max-image-preview:large, max-video-preview:-1\" \/>\n<link rel=\"canonical\" href=\"https:\/\/nukaseeds.cz\/en\/info\/preprava\/\" \/>\n<meta property=\"og:locale\" content=\"en_US\" \/>\n<meta property=\"og:type\" content=\"article\" \/>\n<meta property=\"og:title\" content=\"P\u0159eprava - Nuka Seeds Bank\" \/>\n<meta property=\"og:description\" content=\"FREESHIPPING CHECK FOR DETAILS Countries outside of EU FREE SHIPPING for orders over 450\u20ac N\u00e1klady na dopravu a podm\u00ednky pro dopravu zdarma DOPRAVA ZDARMA pro objedn\u00e1vky nad 100 \u20ac v r\u00e1mci EU Zem\u011b mimo EU doprava zdarma pro objedn\u00e1vky nad 450 \u20acDod\u00e1n\u00ed do 4 dn\u016f vyber si a kup konopn\u00e1 sem\u00ednka Rychle a zb\u011bsile DOD\u00c1N\u00cd DO 4 DN\u016e V R\u00c1MCI ... Read More\" \/>\n<meta property=\"og:url\" content=\"https:\/\/nukaseeds.cz\/en\/info\/preprava\/\" \/>\n<meta property=\"og:site_name\" content=\"Nuka Seeds Bank\" \/>\n<meta property=\"article:publisher\" content=\"https:\/\/www.facebook.com\/Nukaseeds\/\" \/>\n<meta property=\"article:modified_time\" content=\"2025-08-18T22:17:04+00:00\" \/>\n<meta property=\"og:image\" content=\"https:\/\/nukaseeds.cz\/wp-content\/uploads\/2021\/04\/nuka-seeds-container-1050x610-1.png\" \/>\n\t<meta property=\"og:image:width\" content=\"1050\" \/>\n\t<meta property=\"og:image:height\" content=\"610\" \/>\n\t<meta property=\"og:image:type\" content=\"image\/png\" \/>\n<meta name=\"twitter:card\" content=\"summary_large_image\" \/>\n<meta name=\"twitter:site\" content=\"@seeds_nuka\" \/>\n<meta name=\"twitter:label1\" content=\"Est. reading time\" \/>\n\t<meta name=\"twitter:data1\" content=\"1 minute\" \/>\n<script type=\"application\/ld+json\" class=\"yoast-schema-graph\">{\"@context\":\"https:\/\/schema.org\",\"@graph\":[{\"@type\":\"WebPage\",\"@id\":\"https:\/\/nukaseeds.cz\/en\/info\/preprava\/\",\"url\":\"https:\/\/nukaseeds.cz\/en\/info\/preprava\/\",\"name\":\"P\u0159eprava - Nuka Seeds Bank\",\"isPartOf\":{\"@id\":\"https:\/\/nukaseeds.cz\/en\/#website\"},\"primaryImageOfPage\":{\"@id\":\"https:\/\/nukaseeds.cz\/en\/info\/preprava\/#primaryimage\"},\"image\":{\"@id\":\"https:\/\/nukaseeds.cz\/en\/info\/preprava\/#primaryimage\"},\"thumbnailUrl\":\"https:\/\/nukaseeds.cz\/wp-content\/uploads\/2021\/04\/nuka-seeds-container-1050x610-1.png\",\"datePublished\":\"2021-03-24T07:01:49+00:00\",\"dateModified\":\"2025-08-18T22:17:04+00:00\",\"breadcrumb\":{\"@id\":\"https:\/\/nukaseeds.cz\/en\/info\/preprava\/#breadcrumb\"},\"inLanguage\":\"en-US\",\"potentialAction\":[{\"@type\":\"ReadAction\",\"target\":[\"https:\/\/nukaseeds.cz\/en\/info\/preprava\/\"]}]},{\"@type\":\"ImageObject\",\"inLanguage\":\"en-US\",\"@id\":\"https:\/\/nukaseeds.cz\/en\/info\/preprava\/#primaryimage\",\"url\":\"https:\/\/nukaseeds.cz\/wp-content\/uploads\/2021\/04\/nuka-seeds-container-1050x610-1.png\",\"contentUrl\":\"https:\/\/nukaseeds.cz\/wp-content\/uploads\/2021\/04\/nuka-seeds-container-1050x610-1.png\",\"width\":1050,\"height\":610,\"caption\":\"Nuka-seeds-container\"},{\"@type\":\"BreadcrumbList\",\"@id\":\"https:\/\/nukaseeds.cz\/en\/info\/preprava\/#breadcrumb\",\"itemListElement\":[{\"@type\":\"ListItem\",\"position\":1,\"name\":\"Home\",\"item\":\"https:\/\/nukaseeds.cz\/en\/growshop-nukaseeds-cz-cannabis-seeds\/\"},{\"@type\":\"ListItem\",\"position\":2,\"name\":\"Info\",\"item\":\"https:\/\/nukaseeds.cz\/en\/info\/\"},{\"@type\":\"ListItem\",\"position\":3,\"name\":\"P\u0159eprava\"}]},{\"@type\":\"WebSite\",\"@id\":\"https:\/\/nukaseeds.cz\/en\/#website\",\"url\":\"https:\/\/nukaseeds.cz\/en\/\",\"name\":\"Nuka Seeds Bank\",\"description\":\"Buy Cannabis Seeds, Buy Marijuana Seeds\",\"publisher\":{\"@id\":\"https:\/\/nukaseeds.cz\/en\/#organization\"},\"alternateName\":\"NukaSeeds cannabis seed bank\",\"potentialAction\":[{\"@type\":\"SearchAction\",\"target\":{\"@type\":\"EntryPoint\",\"urlTemplate\":\"https:\/\/nukaseeds.cz\/en\/?s={search_term_string}\"},\"query-input\":{\"@type\":\"PropertyValueSpecification\",\"valueRequired\":true,\"valueName\":\"search_term_string\"}}],\"inLanguage\":\"en-US\"},{\"@type\":\"Organization\",\"@id\":\"https:\/\/nukaseeds.cz\/en\/#organization\",\"name\":\"Nuka Trade s.r.o.\",\"url\":\"https:\/\/nukaseeds.cz\/en\/\",\"logo\":{\"@type\":\"ImageObject\",\"inLanguage\":\"en-US\",\"@id\":\"https:\/\/nukaseeds.cz\/en\/#\/schema\/logo\/image\/\",\"url\":\"https:\/\/i0.wp.com\/nukaseeds.cz\/wp-content\/uploads\/2021\/11\/nuka-seeds-logo-vector-neon-8-production.png?fit=2142%2C1457&quality=70&ssl=1\",\"contentUrl\":\"https:\/\/i0.wp.com\/nukaseeds.cz\/wp-content\/uploads\/2021\/11\/nuka-seeds-logo-vector-neon-8-production.png?fit=2142%2C1457&quality=70&ssl=1\",\"width\":2142,\"height\":1457,\"caption\":\"Nuka Trade s.r.o.\"},\"image\":{\"@id\":\"https:\/\/nukaseeds.cz\/en\/#\/schema\/logo\/image\/\"},\"sameAs\":[\"https:\/\/www.facebook.com\/Nukaseeds\/\",\"https:\/\/x.com\/seeds_nuka\",\"https:\/\/www.instagram.com\/nukaseeds\/\",\"https:\/\/www.youtube.com\/@nukaseeds1167\",\"https:\/\/www.tumblr.com\/nukaseeds\",\"https:\/\/www.linkedin.com\/company\/nukaseeds-ltd\/\",\"https:\/\/cz.pinterest.com\/Nukaseeds\/\"]}]}<\/script>\n<!-- \/ Yoast SEO plugin. -->","yoast_head_json":{"title":"P\u0159eprava - Nuka Seeds Bank","robots":{"index":"index","follow":"follow","max-snippet":"max-snippet:-1","max-image-preview":"max-image-preview:large","max-video-preview":"max-video-preview:-1"},"canonical":"https:\/\/nukaseeds.cz\/en\/info\/preprava\/","og_locale":"en_US","og_type":"article","og_title":"P\u0159eprava - Nuka Seeds Bank","og_description":"FREESHIPPING CHECK FOR DETAILS Countries outside of EU FREE SHIPPING for orders over 450\u20ac N\u00e1klady na dopravu a podm\u00ednky pro dopravu zdarma DOPRAVA ZDARMA pro objedn\u00e1vky nad 100 \u20ac v r\u00e1mci EU Zem\u011b mimo EU doprava zdarma pro objedn\u00e1vky nad 450 \u20acDod\u00e1n\u00ed do 4 dn\u016f vyber si a kup konopn\u00e1 sem\u00ednka Rychle a zb\u011bsile DOD\u00c1N\u00cd DO 4 DN\u016e V R\u00c1MCI ... Read More","og_url":"https:\/\/nukaseeds.cz\/en\/info\/preprava\/","og_site_name":"Nuka Seeds Bank","article_publisher":"https:\/\/www.facebook.com\/Nukaseeds\/","article_modified_time":"2025-08-18T22:17:04+00:00","og_image":[{"width":1050,"height":610,"url":"https:\/\/nukaseeds.cz\/wp-content\/uploads\/2021\/04\/nuka-seeds-container-1050x610-1.png","type":"image\/png"}],"twitter_card":"summary_large_image","twitter_site":"@seeds_nuka","twitter_misc":{"Est. reading time":"1 minute"},"schema":{"@context":"https:\/\/schema.org","@graph":[{"@type":"WebPage","@id":"https:\/\/nukaseeds.cz\/en\/info\/preprava\/","url":"https:\/\/nukaseeds.cz\/en\/info\/preprava\/","name":"P\u0159eprava - Nuka Seeds Bank","isPartOf":{"@id":"https:\/\/nukaseeds.cz\/en\/#website"},"primaryImageOfPage":{"@id":"https:\/\/nukaseeds.cz\/en\/info\/preprava\/#primaryimage"},"image":{"@id":"https:\/\/nukaseeds.cz\/en\/info\/preprava\/#primaryimage"},"thumbnailUrl":"https:\/\/nukaseeds.cz\/wp-content\/uploads\/2021\/04\/nuka-seeds-container-1050x610-1.png","datePublished":"2021-03-24T07:01:49+00:00","dateModified":"2025-08-18T22:17:04+00:00","breadcrumb":{"@id":"https:\/\/nukaseeds.cz\/en\/info\/preprava\/#breadcrumb"},"inLanguage":"en-US","potentialAction":[{"@type":"ReadAction","target":["https:\/\/nukaseeds.cz\/en\/info\/preprava\/"]}]},{"@type":"ImageObject","inLanguage":"en-US","@id":"https:\/\/nukaseeds.cz\/en\/info\/preprava\/#primaryimage","url":"https:\/\/nukaseeds.cz\/wp-content\/uploads\/2021\/04\/nuka-seeds-container-1050x610-1.png","contentUrl":"https:\/\/nukaseeds.cz\/wp-content\/uploads\/2021\/04\/nuka-seeds-container-1050x610-1.png","width":1050,"height":610,"caption":"Nuka-seeds-container"},{"@type":"BreadcrumbList","@id":"https:\/\/nukaseeds.cz\/en\/info\/preprava\/#breadcrumb","itemListElement":[{"@type":"ListItem","position":1,"name":"Home","item":"https:\/\/nukaseeds.cz\/en\/growshop-nukaseeds-cz-cannabis-seeds\/"},{"@type":"ListItem","position":2,"name":"Info","item":"https:\/\/nukaseeds.cz\/en\/info\/"},{"@type":"ListItem","position":3,"name":"P\u0159eprava"}]},{"@type":"WebSite","@id":"https:\/\/nukaseeds.cz\/en\/#website","url":"https:\/\/nukaseeds.cz\/en\/","name":"Nuka Seeds Bank","description":"Buy Cannabis Seeds, Buy Marijuana Seeds","publisher":{"@id":"https:\/\/nukaseeds.cz\/en\/#organization"},"alternateName":"NukaSeeds cannabis seed bank","potentialAction":[{"@type":"SearchAction","target":{"@type":"EntryPoint","urlTemplate":"https:\/\/nukaseeds.cz\/en\/?s={search_term_string}"},"query-input":{"@type":"PropertyValueSpecification","valueRequired":true,"valueName":"search_term_string"}}],"inLanguage":"en-US"},{"@type":"Organization","@id":"https:\/\/nukaseeds.cz\/en\/#organization","name":"Nuka Trade s.r.o.","url":"https:\/\/nukaseeds.cz\/en\/","logo":{"@type":"ImageObject","inLanguage":"en-US","@id":"https:\/\/nukaseeds.cz\/en\/#\/schema\/logo\/image\/","url":"https:\/\/i0.wp.com\/nukaseeds.cz\/wp-content\/uploads\/2021\/11\/nuka-seeds-logo-vector-neon-8-production.png?fit=2142%2C1457&quality=70&ssl=1","contentUrl":"https:\/\/i0.wp.com\/nukaseeds.cz\/wp-content\/uploads\/2021\/11\/nuka-seeds-logo-vector-neon-8-production.png?fit=2142%2C1457&quality=70&ssl=1","width":2142,"height":1457,"caption":"Nuka Trade s.r.o."},"image":{"@id":"https:\/\/nukaseeds.cz\/en\/#\/schema\/logo\/image\/"},"sameAs":["https:\/\/www.facebook.com\/Nukaseeds\/","https:\/\/x.com\/seeds_nuka","https:\/\/www.instagram.com\/nukaseeds\/","https:\/\/www.youtube.com\/@nukaseeds1167","https:\/\/www.tumblr.com\/nukaseeds","https:\/\/www.linkedin.com\/company\/nukaseeds-ltd\/","https:\/\/cz.pinterest.com\/Nukaseeds\/"]}]}},"_links":{"self":[{"href":"https:\/\/nukaseeds.cz\/en\/wp-json\/wp\/v2\/pages\/19287","targetHints":{"allow":["GET"]}}],"collection":[{"href":"https:\/\/nukaseeds.cz\/en\/wp-json\/wp\/v2\/pages"}],"about":[{"href":"https:\/\/nukaseeds.cz\/en\/wp-json\/wp\/v2\/types\/page"}],"author":[{"embeddable":true,"href":"https:\/\/nukaseeds.cz\/en\/wp-json\/wp\/v2\/users\/1"}],"replies":[{"embeddable":true,"href":"https:\/\/nukaseeds.cz\/en\/wp-json\/wp\/v2\/comments?post=19287"}],"version-history":[{"count":1,"href":"https:\/\/nukaseeds.cz\/en\/wp-json\/wp\/v2\/pages\/19287\/revisions"}],"predecessor-version":[{"id":90303,"href":"https:\/\/nukaseeds.cz\/en\/wp-json\/wp\/v2\/pages\/19287\/revisions\/90303"}],"up":[{"embeddable":true,"href":"https:\/\/nukaseeds.cz\/en\/wp-json\/wp\/v2\/pages\/15821"}],"wp:featuredmedia":[{"embeddable":true,"href":"https:\/\/nukaseeds.cz\/en\/wp-json\/wp\/v2\/media\/7328"}],"wp:attachment":[{"href":"https:\/\/nukaseeds.cz\/en\/wp-json\/wp\/v2\/media?parent=19287"}],"curies":[{"name":"wp","href":"https:\/\/api.w.org\/{rel}","templated":true}]}}