{"id":89437,"date":"2025-02-18T23:02:37","date_gmt":"2025-02-18T22:02:37","guid":{"rendered":"http:\/\/nukaseeds.cz\/?page_id=89437"},"modified":"2025-02-19T00:22:46","modified_gmt":"2025-02-18T23:22:46","slug":"odber-novinek","status":"publish","type":"page","link":"https:\/\/nukaseeds.cz\/en\/odber-novinek\/","title":{"rendered":"Odb\u011br novinek"},"content":{"rendered":"\n\n\n<h3 class=\"wp-block-heading\">P\u0159ihl\u00e1\u0161en\u00ed k odb\u011bru newsletter\u016f<\/h3>\n\n\n<div class=\"mailster-block-form-type-content wp-block-mailster-form-outside-wrapper wp-block-mailster-form-outside-wrapper-27d62787 wp-block-mailster-form-outside-wrapper-89436\"><style class=\"mailster-form-style-27d62787\">div.wp-block-mailster-form-outside-wrapper.wp-block-mailster-form-outside-wrapper-27d62787.wp-block-mailster-form-outside-wrapper-89436 .mailster-wrapper{margin-bottom:1em}<\/style>\n<form method=\"post\" novalidate class=\"wp-block-mailster-form-wrapper mailster-block-form\"><div class=\"mailster-block-form-inner\">\n<div class=\"wp-block-mailster-messages mailster-block-form-info mailster-wrapper\" aria-hidden=\"true\"><div class=\"mailster-block-form-info-success\" style=\"width:100%;color:#ffffff;background:#6fbf4d\"><div>Pros\u00edm potvr\u010fte p\u0159\u00edjem newsletter\u016f!<\/div><div class=\"mailster-block-form-info-extra\"><\/div><\/div><div class=\"mailster-block-form-info-error\" style=\"width:100%;color:#ffffff;background:#bf4d4d\"><div>N\u011bkter\u00e1 pole chyb\u00ed nebo jsou nespr\u00e1vn\u00e1!<\/div><div class=\"mailster-block-form-info-extra\"><\/div><\/div><\/div>\n\n\n\n<div class=\"wp-block-mailster-field-firstname mailster-wrapper mailster-wrapper-type-text\" style=\"width:49%\"><label for=\"mailster-id-2c4fa9\" class=\"mailster-label\">Jm\u00e9no<\/label><input name=\"firstname\" id=\"mailster-id-2c4fa9\" type=\"text\" aria-required=\"false\" aria-label=\"Jm\u00e9no\" spellcheck=\"false\" value=\"\" class=\"input\" autocomplete=\"given-name\" placeholder=\" \"\/><\/div>\n\n\n\n<div class=\"wp-block-mailster-field-lastname mailster-wrapper mailster-wrapper-type-text\" style=\"width:49%\"><label for=\"mailster-id-64ce15\" class=\"mailster-label\">P\u0159\u00edjmen\u00ed<\/label><input name=\"lastname\" id=\"mailster-id-64ce15\" type=\"text\" aria-required=\"false\" aria-label=\"P\u0159\u00edjmen\u00ed\" spellcheck=\"false\" value=\"\" class=\"input\" autocomplete=\"family-name\" placeholder=\" \"\/><\/div>\n\n\n\n<div class=\"wp-block-mailster-field-email mailster-wrapper mailster-wrapper-required mailster-wrapper-type-email mailster-wrapper-asterisk\"><label for=\"mailster-id-4a142f\" class=\"mailster-label\">Email<\/label><input name=\"email\" id=\"mailster-id-4a142f\" type=\"email\" aria-required=\"true\" aria-label=\"Email\" spellcheck=\"false\" required value=\"\" class=\"input\" autocomplete=\"email\" placeholder=\" \"\/><\/div>\n\n\n\n<div class=\"wp-block-mailster-field-submit mailster-wrapper mailster-wrapper-type-submit mailster-wrapper-align-center wp-block-button\"><input name=\"submit\" id=\"mailster-id-02e1d6\" type=\"submit\" value=\"P\u0159ihlaste se k odb\u011bru!\" class=\"wp-block-button__link submit-button\"\/><\/div>\n<\/div><script class=\"mailster-block-form-data\" type=\"application\/json\">{\"id\":89436,\"identifier\":\"27d62787\",\"cooldown\":0,\"isPreview\":false,\"type\":\"submission\",\"prefill\":false}<\/script><input name=\"_timestamp\" type=\"hidden\" value=\"1776391226\" \/>\n<button class=\"mailster-block-form-close\" aria-label=\"close\" tabindex=\"0\"><svg viewbox=\"0 0 100 100\"><path d=\"M100 10.71 89.29 0 50 39.29 10.71 0 0 10.71 39.29 50 0 89.29 10.71 100 50 60.71 89.29 100 100 89.29 60.71 50z\"\/><\/svg><\/button><\/form>\n<\/div>\n\n\n\n\n\n\n\n","protected":false},"excerpt":{"rendered":"","protected":false},"author":8,"featured_media":0,"parent":0,"menu_order":0,"comment_status":"closed","ping_status":"closed","template":"","meta":{"footnotes":""},"class_list":["post-89437","page","type-page","status-publish","hentry","no-post-thumbnail"],"yoast_head":"<!-- This site is optimized with the Yoast SEO plugin v26.6 - https:\/\/yoast.com\/wordpress\/plugins\/seo\/ -->\n<title>Odb\u011br novinek - Nuka Seeds Bank<\/title>\n<meta name=\"robots\" content=\"index, follow, max-snippet:-1, max-image-preview:large, max-video-preview:-1\" \/>\n<link rel=\"canonical\" href=\"https:\/\/nukaseeds.cz\/en\/odber-novinek\/\" \/>\n<meta property=\"og:locale\" content=\"en_US\" \/>\n<meta property=\"og:type\" content=\"article\" \/>\n<meta property=\"og:title\" content=\"Odb\u011br novinek - Nuka Seeds Bank\" \/>\n<meta property=\"og:url\" content=\"https:\/\/nukaseeds.cz\/en\/odber-novinek\/\" \/>\n<meta property=\"og:site_name\" content=\"Nuka Seeds Bank\" \/>\n<meta property=\"article:publisher\" content=\"https:\/\/www.facebook.com\/Nukaseeds\/\" \/>\n<meta property=\"article:modified_time\" content=\"2025-02-18T23:22:46+00:00\" \/>\n<meta property=\"og:image\" content=\"https:\/\/nukaseeds.cz\/wp-content\/uploads\/2021\/11\/nuka-seeds-logo-vector-neon-8-production.png\" \/>\n\t<meta property=\"og:image:width\" content=\"2142\" \/>\n\t<meta property=\"og:image:height\" content=\"1457\" \/>\n\t<meta property=\"og:image:type\" content=\"image\/png\" \/>\n<meta name=\"twitter:card\" content=\"summary_large_image\" \/>\n<meta name=\"twitter:site\" content=\"@seeds_nuka\" \/>\n<script type=\"application\/ld+json\" class=\"yoast-schema-graph\">{\"@context\":\"https:\/\/schema.org\",\"@graph\":[{\"@type\":\"WebPage\",\"@id\":\"https:\/\/nukaseeds.cz\/en\/odber-novinek\/\",\"url\":\"https:\/\/nukaseeds.cz\/en\/odber-novinek\/\",\"name\":\"Odb\u011br novinek - Nuka Seeds Bank\",\"isPartOf\":{\"@id\":\"https:\/\/nukaseeds.cz\/en\/#website\"},\"datePublished\":\"2025-02-18T22:02:37+00:00\",\"dateModified\":\"2025-02-18T23:22:46+00:00\",\"breadcrumb\":{\"@id\":\"https:\/\/nukaseeds.cz\/en\/odber-novinek\/#breadcrumb\"},\"inLanguage\":\"en-US\",\"potentialAction\":[{\"@type\":\"ReadAction\",\"target\":[\"https:\/\/nukaseeds.cz\/en\/odber-novinek\/\"]}]},{\"@type\":\"BreadcrumbList\",\"@id\":\"https:\/\/nukaseeds.cz\/en\/odber-novinek\/#breadcrumb\",\"itemListElement\":[{\"@type\":\"ListItem\",\"position\":1,\"name\":\"Home\",\"item\":\"https:\/\/nukaseeds.cz\/en\/growshop-nukaseeds-cz-cannabis-seeds\/\"},{\"@type\":\"ListItem\",\"position\":2,\"name\":\"Odb\u011br novinek\"}]},{\"@type\":\"WebSite\",\"@id\":\"https:\/\/nukaseeds.cz\/en\/#website\",\"url\":\"https:\/\/nukaseeds.cz\/en\/\",\"name\":\"Nuka Seeds Bank\",\"description\":\"Buy Cannabis Seeds, Buy Marijuana Seeds\",\"publisher\":{\"@id\":\"https:\/\/nukaseeds.cz\/en\/#organization\"},\"alternateName\":\"NukaSeeds cannabis seed bank\",\"potentialAction\":[{\"@type\":\"SearchAction\",\"target\":{\"@type\":\"EntryPoint\",\"urlTemplate\":\"https:\/\/nukaseeds.cz\/en\/?s={search_term_string}\"},\"query-input\":{\"@type\":\"PropertyValueSpecification\",\"valueRequired\":true,\"valueName\":\"search_term_string\"}}],\"inLanguage\":\"en-US\"},{\"@type\":\"Organization\",\"@id\":\"https:\/\/nukaseeds.cz\/en\/#organization\",\"name\":\"Nuka Trade s.r.o.\",\"url\":\"https:\/\/nukaseeds.cz\/en\/\",\"logo\":{\"@type\":\"ImageObject\",\"inLanguage\":\"en-US\",\"@id\":\"https:\/\/nukaseeds.cz\/en\/#\/schema\/logo\/image\/\",\"url\":\"https:\/\/i0.wp.com\/nukaseeds.cz\/wp-content\/uploads\/2021\/11\/nuka-seeds-logo-vector-neon-8-production.png?fit=2142%2C1457&quality=70&ssl=1\",\"contentUrl\":\"https:\/\/i0.wp.com\/nukaseeds.cz\/wp-content\/uploads\/2021\/11\/nuka-seeds-logo-vector-neon-8-production.png?fit=2142%2C1457&quality=70&ssl=1\",\"width\":2142,\"height\":1457,\"caption\":\"Nuka Trade s.r.o.\"},\"image\":{\"@id\":\"https:\/\/nukaseeds.cz\/en\/#\/schema\/logo\/image\/\"},\"sameAs\":[\"https:\/\/www.facebook.com\/Nukaseeds\/\",\"https:\/\/x.com\/seeds_nuka\",\"https:\/\/www.instagram.com\/nukaseeds\/\",\"https:\/\/www.youtube.com\/@nukaseeds1167\",\"https:\/\/www.tumblr.com\/nukaseeds\",\"https:\/\/www.linkedin.com\/company\/nukaseeds-ltd\/\",\"https:\/\/cz.pinterest.com\/Nukaseeds\/\"]}]}<\/script>\n<!-- \/ Yoast SEO plugin. -->","yoast_head_json":{"title":"Odb\u011br novinek - Nuka Seeds Bank","robots":{"index":"index","follow":"follow","max-snippet":"max-snippet:-1","max-image-preview":"max-image-preview:large","max-video-preview":"max-video-preview:-1"},"canonical":"https:\/\/nukaseeds.cz\/en\/odber-novinek\/","og_locale":"en_US","og_type":"article","og_title":"Odb\u011br novinek - Nuka Seeds Bank","og_url":"https:\/\/nukaseeds.cz\/en\/odber-novinek\/","og_site_name":"Nuka Seeds Bank","article_publisher":"https:\/\/www.facebook.com\/Nukaseeds\/","article_modified_time":"2025-02-18T23:22:46+00:00","og_image":[{"width":2142,"height":1457,"url":"https:\/\/nukaseeds.cz\/wp-content\/uploads\/2021\/11\/nuka-seeds-logo-vector-neon-8-production.png","type":"image\/png"}],"twitter_card":"summary_large_image","twitter_site":"@seeds_nuka","schema":{"@context":"https:\/\/schema.org","@graph":[{"@type":"WebPage","@id":"https:\/\/nukaseeds.cz\/en\/odber-novinek\/","url":"https:\/\/nukaseeds.cz\/en\/odber-novinek\/","name":"Odb\u011br novinek - Nuka Seeds Bank","isPartOf":{"@id":"https:\/\/nukaseeds.cz\/en\/#website"},"datePublished":"2025-02-18T22:02:37+00:00","dateModified":"2025-02-18T23:22:46+00:00","breadcrumb":{"@id":"https:\/\/nukaseeds.cz\/en\/odber-novinek\/#breadcrumb"},"inLanguage":"en-US","potentialAction":[{"@type":"ReadAction","target":["https:\/\/nukaseeds.cz\/en\/odber-novinek\/"]}]},{"@type":"BreadcrumbList","@id":"https:\/\/nukaseeds.cz\/en\/odber-novinek\/#breadcrumb","itemListElement":[{"@type":"ListItem","position":1,"name":"Home","item":"https:\/\/nukaseeds.cz\/en\/growshop-nukaseeds-cz-cannabis-seeds\/"},{"@type":"ListItem","position":2,"name":"Odb\u011br novinek"}]},{"@type":"WebSite","@id":"https:\/\/nukaseeds.cz\/en\/#website","url":"https:\/\/nukaseeds.cz\/en\/","name":"Nuka Seeds Bank","description":"Buy Cannabis Seeds, Buy Marijuana Seeds","publisher":{"@id":"https:\/\/nukaseeds.cz\/en\/#organization"},"alternateName":"NukaSeeds cannabis seed bank","potentialAction":[{"@type":"SearchAction","target":{"@type":"EntryPoint","urlTemplate":"https:\/\/nukaseeds.cz\/en\/?s={search_term_string}"},"query-input":{"@type":"PropertyValueSpecification","valueRequired":true,"valueName":"search_term_string"}}],"inLanguage":"en-US"},{"@type":"Organization","@id":"https:\/\/nukaseeds.cz\/en\/#organization","name":"Nuka Trade s.r.o.","url":"https:\/\/nukaseeds.cz\/en\/","logo":{"@type":"ImageObject","inLanguage":"en-US","@id":"https:\/\/nukaseeds.cz\/en\/#\/schema\/logo\/image\/","url":"https:\/\/i0.wp.com\/nukaseeds.cz\/wp-content\/uploads\/2021\/11\/nuka-seeds-logo-vector-neon-8-production.png?fit=2142%2C1457&quality=70&ssl=1","contentUrl":"https:\/\/i0.wp.com\/nukaseeds.cz\/wp-content\/uploads\/2021\/11\/nuka-seeds-logo-vector-neon-8-production.png?fit=2142%2C1457&quality=70&ssl=1","width":2142,"height":1457,"caption":"Nuka Trade s.r.o."},"image":{"@id":"https:\/\/nukaseeds.cz\/en\/#\/schema\/logo\/image\/"},"sameAs":["https:\/\/www.facebook.com\/Nukaseeds\/","https:\/\/x.com\/seeds_nuka","https:\/\/www.instagram.com\/nukaseeds\/","https:\/\/www.youtube.com\/@nukaseeds1167","https:\/\/www.tumblr.com\/nukaseeds","https:\/\/www.linkedin.com\/company\/nukaseeds-ltd\/","https:\/\/cz.pinterest.com\/Nukaseeds\/"]}]}},"_links":{"self":[{"href":"https:\/\/nukaseeds.cz\/en\/wp-json\/wp\/v2\/pages\/89437","targetHints":{"allow":["GET"]}}],"collection":[{"href":"https:\/\/nukaseeds.cz\/en\/wp-json\/wp\/v2\/pages"}],"about":[{"href":"https:\/\/nukaseeds.cz\/en\/wp-json\/wp\/v2\/types\/page"}],"author":[{"embeddable":true,"href":"https:\/\/nukaseeds.cz\/en\/wp-json\/wp\/v2\/users\/8"}],"replies":[{"embeddable":true,"href":"https:\/\/nukaseeds.cz\/en\/wp-json\/wp\/v2\/comments?post=89437"}],"version-history":[{"count":0,"href":"https:\/\/nukaseeds.cz\/en\/wp-json\/wp\/v2\/pages\/89437\/revisions"}],"wp:attachment":[{"href":"https:\/\/nukaseeds.cz\/en\/wp-json\/wp\/v2\/media?parent=89437"}],"curies":[{"name":"wp","href":"https:\/\/api.w.org\/{rel}","templated":true}]}}